{"id":13,"date":"2024-04-03T23:08:31","date_gmt":"2024-04-03T20:08:31","guid":{"rendered":"https:\/\/sisu.ut.ee\/oppemeetodid1\/lisamaterjalid-allikad\/"},"modified":"2024-04-03T23:08:33","modified_gmt":"2024-04-03T20:08:33","slug":"lisamaterjalid-allikad","status":"publish","type":"page","link":"https:\/\/sisu.ut.ee\/oppemeetodid1\/lisamaterjalid-allikad\/","title":{"rendered":"Lisamaterjalid, allikad"},"content":{"rendered":"<ul>\n<li><span style=\"line-height: 1.6em\">Avastustee veebikeskkond<\/span><a style=\"line-height: 1.6em\" href=\"http:\/\/www.avastustee.ee\" target=\"_blank\" rel=\"noopener\"><\/a><span style=\"line-height: 1.6em\">\u00a0\u2013\u00a0<\/span><a style=\"line-height: 1.6em\" href=\"http:\/\/www.avastustee.ee\" target=\"_blank\" rel=\"noopener\">http:\/\/www.avastustee.ee<\/a><\/li>\n<li><span style=\"line-height: 1.6em\">Jaani, Juta. 2010. V\u00e4\u00e4rtuste kujundamine avastus\u00f5ppe kaudu. Schihalejev, O. (koost). \u00d5ppemeetodid v\u00e4\u00e4rtuskasvatuse teenistuses \u2013 miks ja kuidas? Tartu \u00dclikooli eetikakeskus: AS Pakett.<\/span><\/li>\n<li><span style=\"line-height: 1.6em\">Tankler, Meeli. 2005. Avastus\u00f5ppe plussid ja miinused teoorias ja praktikas. T\u00dc haridusteaduskond, magistrit\u00f6\u00f6<\/span><\/li>\n<\/ul>\n","protected":false},"excerpt":{"rendered":"<p>Avastustee veebikeskkond\u00a0\u2013\u00a0http:\/\/www.avastustee.ee Jaani, Juta. 2010. V\u00e4\u00e4rtuste kujundamine avastus\u00f5ppe kaudu. Schihalejev, O. (koost). \u00d5ppemeetodid v\u00e4\u00e4rtuskasvatuse teenistuses \u2013 miks ja kuidas? Tartu \u00dclikooli eetikakeskus: AS Pakett. Tankler, Meeli. 2005. Avastus\u00f5ppe plussid ja miinused teoorias ja praktikas. T\u00dc haridusteaduskond, magistrit\u00f6\u00f6<\/p>\n","protected":false},"author":11,"featured_media":0,"parent":0,"menu_order":0,"comment_status":"closed","ping_status":"closed","template":"","meta":{"_acf_changed":false,"inline_featured_image":false,"footnotes":""},"class_list":["post-13","page","type-page","status-publish","hentry"],"acf":[],"_links":{"self":[{"href":"https:\/\/sisu.ut.ee\/oppemeetodid1\/wp-json\/wp\/v2\/pages\/13","targetHints":{"allow":["GET"]}}],"collection":[{"href":"https:\/\/sisu.ut.ee\/oppemeetodid1\/wp-json\/wp\/v2\/pages"}],"about":[{"href":"https:\/\/sisu.ut.ee\/oppemeetodid1\/wp-json\/wp\/v2\/types\/page"}],"author":[{"embeddable":true,"href":"https:\/\/sisu.ut.ee\/oppemeetodid1\/wp-json\/wp\/v2\/users\/11"}],"replies":[{"embeddable":true,"href":"https:\/\/sisu.ut.ee\/oppemeetodid1\/wp-json\/wp\/v2\/comments?post=13"}],"version-history":[{"count":1,"href":"https:\/\/sisu.ut.ee\/oppemeetodid1\/wp-json\/wp\/v2\/pages\/13\/revisions"}],"predecessor-version":[{"id":45,"href":"https:\/\/sisu.ut.ee\/oppemeetodid1\/wp-json\/wp\/v2\/pages\/13\/revisions\/45"}],"wp:attachment":[{"href":"https:\/\/sisu.ut.ee\/oppemeetodid1\/wp-json\/wp\/v2\/media?parent=13"}],"curies":[{"name":"wp","href":"https:\/\/api.w.org\/{rel}","templated":true}]}}