{"id":10,"date":"2024-04-03T23:08:31","date_gmt":"2024-04-03T20:08:31","guid":{"rendered":"https:\/\/sisu.ut.ee\/oppemeetodid1\/suhtlemine-oppijate-koostoo\/"},"modified":"2024-04-03T23:08:33","modified_gmt":"2024-04-03T20:08:33","slug":"suhtlemine-oppijate-koostoo","status":"publish","type":"page","link":"https:\/\/sisu.ut.ee\/oppemeetodid1\/suhtlemine-oppijate-koostoo\/","title":{"rendered":"Suhtlemine: \u00f5ppijate koost\u00f6\u00f6"},"content":{"rendered":"<p><span>\u00a0Sotsiaalne v\u00f5rgustik, kus kaks v\u00f5i rohkem last saavad arutada \u00f5pitavat teemat, on n\u00e4ide avastuslikku \u00f5piprotsessi soodustavast keskkonnast. \u00d5pilased t\u00f5lgendavad uusi teadmisi oma olemasolevatest teadmistest l\u00e4htudes, dialoogi kaudu teistega koost\u00f6\u00f6d tehes, luues ja taasluues jagatud teadmist. <\/span><\/p>\n<p><span>Eesm\u00e4rk on, et \u00f5pilastel kerkivad just neile huvi pakkuvad k\u00fcsimused ja nad lahendavad probleeme, mis n\u00f5uavad k\u00f5rgema tasandi m\u00f5tlemisoskusi. Meeli Tankler annab edasi \u00f5petaja kogemuse \u00f5pilaste omavahelise suhtlemise t\u00e4htsusest: \u201eAvastus\u00f5pe loob v\u00f5imaluse r\u00fchmat\u00f6\u00f6ks, aktiveerib lapsi. Avastus\u00f5ppe k\u00e4igus olen n\u00e4inud, kuidas lapsed t\u00f5epoolest omandavad r\u00fchmat\u00f6\u00f6 tegemise harjumuse ja tulevad sellega lausa suurep\u00e4raselt toime. T\u00f6\u00f6tatakse paaride kaupa, aga rollid kogu aeg vahetuvad. See, kes on \u00fcks kord katse l\u00e4biviija, on teine kord abiline; kordam\u00f6\u00f6da antakse ka tulemustest aru ja nii harjuvad k\u00f5ik aktiivsed olema, ka vaiksemad lapsed. Nad saavad kogemuse ja julgustuse. \u00d5pilased tahavad t\u00f6\u00f6d teha.\u201c\u00a0<\/span><\/p>\n<p><span>Seda illustreerib j\u00e4rgnev videol\u00f5ik.<\/span><span style=\"line-height: 1.6em\">\u00a0<\/span><\/p>\n<p style=\"text-align: center\"><span><div class=\"ratio ratio-16x9 mb-3\"><div class=\"video-placeholder-wrapper video-placeholder-wrapper--16x9\">\n\t\t\t    <div class=\"video-placeholder d-flex justify-content-center align-items-center\">\n\t\t\t        <div class=\"overlay text-white p-2 w-100 text-center d-block justify-content-center align-items-center\">\n\t\t\t            <div>Kolmandate osapoolte sisu n\u00e4gemiseks palun n\u00f5ustu k\u00fcpsistega.<\/div>\n\t\t\t            <button class=\"btn btn-secondary btn-sm mt-1 consent-change\">Muuda n\u00f5usolekut<\/button>\n\t\t\t        <\/div>\n\t\t\t    <\/div>\n\t\t\t<\/div>\n<\/div><\/span><\/p>\n<p style=\"text-align: center\"><a href=\"https:\/\/www.uttv.ee\/naita?id=18374\" target=\"_blank\" rel=\"noopener\">https:\/\/www.uttv.ee\/naita?id=18374<\/a><\/p>\n","protected":false},"excerpt":{"rendered":"<p>\u00a0Sotsiaalne v\u00f5rgustik, kus kaks v\u00f5i rohkem last saavad arutada \u00f5pitavat teemat, on n\u00e4ide avastuslikku \u00f5piprotsessi soodustavast keskkonnast. \u00d5pilased t\u00f5lgendavad uusi teadmisi oma olemasolevatest teadmistest l\u00e4htudes, dialoogi kaudu teistega koost\u00f6\u00f6d tehes, luues ja taasluues jagatud teadmist. Eesm\u00e4rk on, et \u00f5pilastel kerkivad &#8230;<\/p>\n","protected":false},"author":11,"featured_media":0,"parent":0,"menu_order":0,"comment_status":"closed","ping_status":"closed","template":"","meta":{"_acf_changed":false,"inline_featured_image":false,"footnotes":""},"class_list":["post-10","page","type-page","status-publish","hentry"],"acf":[],"_links":{"self":[{"href":"https:\/\/sisu.ut.ee\/oppemeetodid1\/wp-json\/wp\/v2\/pages\/10","targetHints":{"allow":["GET"]}}],"collection":[{"href":"https:\/\/sisu.ut.ee\/oppemeetodid1\/wp-json\/wp\/v2\/pages"}],"about":[{"href":"https:\/\/sisu.ut.ee\/oppemeetodid1\/wp-json\/wp\/v2\/types\/page"}],"author":[{"embeddable":true,"href":"https:\/\/sisu.ut.ee\/oppemeetodid1\/wp-json\/wp\/v2\/users\/11"}],"replies":[{"embeddable":true,"href":"https:\/\/sisu.ut.ee\/oppemeetodid1\/wp-json\/wp\/v2\/comments?post=10"}],"version-history":[{"count":1,"href":"https:\/\/sisu.ut.ee\/oppemeetodid1\/wp-json\/wp\/v2\/pages\/10\/revisions"}],"predecessor-version":[{"id":42,"href":"https:\/\/sisu.ut.ee\/oppemeetodid1\/wp-json\/wp\/v2\/pages\/10\/revisions\/42"}],"wp:attachment":[{"href":"https:\/\/sisu.ut.ee\/oppemeetodid1\/wp-json\/wp\/v2\/media?parent=10"}],"curies":[{"name":"wp","href":"https:\/\/api.w.org\/{rel}","templated":true}]}}