{"id":385,"date":"2026-04-16T08:26:52","date_gmt":"2026-04-16T05:26:52","guid":{"rendered":"https:\/\/sisu.ut.ee\/oppekavaarendus\/?page_id=385"},"modified":"2026-05-07T10:55:11","modified_gmt":"2026-05-07T07:55:11","slug":"koolitused-ja-seminarid","status":"publish","type":"page","link":"https:\/\/sisu.ut.ee\/oppekavaarendus\/koolitused-ja-seminarid\/","title":{"rendered":"Koolitused ja n\u00f5ustamine"},"content":{"rendered":"<p>Tartu \u00fclikool pakub programmijuhtidele mitmeid koolitusi ja v\u00f5imalusi kogemuste vahetamiseks. N\u00e4iteks toimuvad iga kuu kolmandal esmasp\u00e4eval programmijuhtide m\u00f5ttehommikud (materjalid Moodle\u2019is e-kursusel \u201c<a href=\"https:\/\/moodle.ut.ee\/course\/view.php?id=5459\" target=\"_blank\" rel=\"noreferrer noopener\"><strong>\u00d5ppekavade programmip\u00f5hine haldamine<\/strong><\/a>\u201d ). Lisaks pakub \u00f5ppimis- ja \u00f5petamiskeskus \u00f5ppekavaarenduse alast n\u00f5ustamist nii programmijuhtidele kui ka \u00f5ppekava arendusmeeskondadele. Algajad programmijuhid saavad tuge koolituselt \u201c<a href=\"https:\/\/www.is.ut.ee\/pls\/ois\/!tere.tulemast?leht=OK.AR.ID&amp;id_ay_toimumine=76952&amp;systeemi_seaded=10,1,12,1&amp;sessioon=0\" target=\"_blank\" rel=\"noreferrer noopener\"><strong>Alustava programmijuhi arenguprogramm<\/strong><\/a>\u201c.\u00a0<\/p>\n\n\n\n<p>\u00d5ppimis- ja \u00f5petamiskeskus on v\u00e4lja t\u00f6\u00f6tanud \u00f5ppekavaarendusprotsessi toetamiseks neli t\u00f6\u00f6tuba. T\u00f6\u00f6tubasid on v\u00f5imalik tellida oma \u00fcksusesse t\u00e4ites tellimisvormi. P\u00e4rast tellimuse esitamist v\u00f5tame teiega ise \u00fchendust. Hetkel viime t\u00f6\u00f6tubasid l\u00e4bi ainult Tartu \u00dclikooli sees.<\/p>\n\n\n<div class=\"accordion-block mb-3\">\n\t\t<div class=\"accordion \" id=\"accordion-accordion-69ff6011cb843\">\n\t\t\t\t\t\t\t<div class=\"accordion-item accordion-item--white\">\n\t\t\t\t\t<h2 class=\"accordion-header\" id=\"accordion-69ff6011cb843-heading-1\">\n\t\t\t\t\t\t<button class=\"accordion-button collapsed\" type=\"button\" data-bs-toggle=\"collapse\" data-bs-target=\"#accordion-69ff6011cb843-collapse-1\" aria-expanded=\"true\" aria-controls=\"accordion-69ff6011cb843-collapse-1\">\n\t\t\t\t\t\t\t\u00d5ppekava fookus ja \u00f5petamisfilosoofia\n\t\t\t\t\t\t<\/button>\n\t\t\t\t\t<\/h2>\n\t\t\t\t\t<div id=\"accordion-69ff6011cb843-collapse-1\" class=\"accordion-collapse collapse \" aria-labelledby=\"accordion-69ff6011cb843-heading-1\">\n\t\t\t\t\t\t<div class=\"accordion-body\">\n\t\t\t\t\t\t\t<p><strong>Sihtgrupp:<\/strong>\u00a0\u00f5ppekava arenduse t\u00f6\u00f6r\u00fchm; programmijuht koos \u00f5ppekava arendusmeeskonna 3-4 liikmega<\/p>\n<p><strong>T\u00f6\u00f6toa eesm\u00e4rk<\/strong>\u00a0on aidata \u00f5ppekava arendusmeeskonnal s\u00f5nastada \u00f5ppekava fookus ning p\u00f5him\u00f5tted, millest l\u00e4htume \u00f5petamisel.<\/p>\n<p><strong>Sisu:<\/strong><\/p>\n<ul>\n<li>L\u00f5petajate v\u00f5imalike tegevusvaldkondade kaardistamine p\u00e4rast \u00f5pingute l\u00f5ppu.<\/li>\n<li>\u00d5ppekava v\u00f5tmeoskuste tuvastamine ja s\u00f5nastamine.<\/li>\n<li>\u00d5ppekava fookuse (tuuma) m\u00e4\u00e4ratlemine.<\/li>\n<li>\u00d5petamisfilosoofia ja -p\u00f5him\u00f5tete m\u00f5testamine ning nende seostamine \u00f5ppekava fookusega.<\/li>\n<\/ul>\n<p><strong>\u00d5piv\u00e4ljundid<\/strong><\/p>\n<p>T\u00f6\u00f6toas osalenu:<\/p>\n<ol>\n<li>kaardistab meeskonnana \u00f5ppijate v\u00f5imalikud tegevusvaldkonnad p\u00e4rast l\u00f5petamist ning s\u00f5nastab neist tulenevad v\u00f5tmeoskused;<\/li>\n<li>valib oma \u00f5ppekava arendamisprotsessi sobiva \u00f5ppekava filosoofia m\u00f5testamise t\u00f6\u00f6viisi ning seostab seda \u00f5ppekava fookuse ja arendatavate oskustega.<\/li>\n<\/ol>\n<p><strong>Kestvus:<\/strong> 4 akadeemilist tundi<\/p>\n\n\t\t\t\t\t\t<\/div>\n\t\t\t\t\t<\/div>\n\t\t\t\t<\/div>\n\t\t\t\t\t<\/div>\n\t<\/div>\n\n\n<div class=\"accordion-block mb-3\">\n\t\t<div class=\"accordion \" id=\"accordion-accordion-69ff6011cbca6\">\n\t\t\t\t\t\t\t<div class=\"accordion-item accordion-item--white\">\n\t\t\t\t\t<h2 class=\"accordion-header\" id=\"accordion-69ff6011cbca6-heading-1\">\n\t\t\t\t\t\t<button class=\"accordion-button collapsed\" type=\"button\" data-bs-toggle=\"collapse\" data-bs-target=\"#accordion-69ff6011cbca6-collapse-1\" aria-expanded=\"true\" aria-controls=\"accordion-69ff6011cbca6-collapse-1\">\n\t\t\t\t\t\t\tSidus \u00f5ppekava: kuidas luua tervik?\n\t\t\t\t\t\t<\/button>\n\t\t\t\t\t<\/h2>\n\t\t\t\t\t<div id=\"accordion-69ff6011cbca6-collapse-1\" class=\"accordion-collapse collapse \" aria-labelledby=\"accordion-69ff6011cbca6-heading-1\">\n\t\t\t\t\t\t<div class=\"accordion-body\">\n\t\t\t\t\t\t\t<p><strong>Sihtgrupp:\u00a0<\/strong>programmijuht koos \u00f5ppekava meeskonna 2-3 liikmega; \u00f5ppekava arenduse t\u00f6\u00f6r\u00fchm<\/p>\n<p><strong>T\u00f6\u00f6toa eesm\u00e4rk<\/strong>\u00a0on toetada \u00f5ppekava arendusmeeskondi \u00f5ppekava terviklikkuse m\u00f5testamisel ja teadlikul kujundamisel.<\/p>\n<p><strong>Sisu:<\/strong><\/p>\n<ul>\n<li>\u00d5ppekava vertikaalne ja horisontaalne sidusus.<\/li>\n<li>\u00d5ppeainete integratsioon ja spiraalne \u00f5ppekava.<\/li>\n<li>\u00d5ppija \u00f5piteekonna kavandamine.<\/li>\n<\/ul>\n<p><strong>\u00d5piv\u00e4ljundid<\/strong><\/p>\n<p>T\u00f6\u00f6toas osalenu:<\/p>\n<ol>\n<li>anal\u00fc\u00fcsib oma \u00f5ppekava vertikaalset ja horisontaalset sidusust, eristades ainetesiseseid ja -vahelisi seoseid;<\/li>\n<li>kavandab \u00f5ppijate \u00f5piteekonda \u00f5ppekava kontekstis.<\/li>\n<\/ol>\n<p><strong>\u00d5ppekava meeskonnale t\u00f6\u00f6toa l\u00e4bi viimise eelduseks<\/strong> on \u00f5ppekava fookuse (tuuma) ja \u00f5petamisp\u00f5him\u00f5tete s\u00f5nastus.<\/p>\n<p><strong>Kestvus:<\/strong> 4 akadeemilist tundi<\/p>\n\n\t\t\t\t\t\t<\/div>\n\t\t\t\t\t<\/div>\n\t\t\t\t<\/div>\n\t\t\t\t\t<\/div>\n\t<\/div>\n\n\n<div class=\"accordion-block mb-3\">\n\t\t<div class=\"accordion \" id=\"accordion-accordion-69ff6011cbed7\">\n\t\t\t\t\t\t\t<div class=\"accordion-item accordion-item--white\">\n\t\t\t\t\t<h2 class=\"accordion-header\" id=\"accordion-69ff6011cbed7-heading-1\">\n\t\t\t\t\t\t<button class=\"accordion-button collapsed\" type=\"button\" data-bs-toggle=\"collapse\" data-bs-target=\"#accordion-69ff6011cbed7-collapse-1\" aria-expanded=\"true\" aria-controls=\"accordion-69ff6011cbed7-collapse-1\">\n\t\t\t\t\t\t\t\u00d5ppekava s\u00fcsteemsete probleemide t\u00f5endusp\u00f5hine anal\u00fc\u00fcs\n\t\t\t\t\t\t<\/button>\n\t\t\t\t\t<\/h2>\n\t\t\t\t\t<div id=\"accordion-69ff6011cbed7-collapse-1\" class=\"accordion-collapse collapse \" aria-labelledby=\"accordion-69ff6011cbed7-heading-1\">\n\t\t\t\t\t\t<div class=\"accordion-body\">\n\t\t\t\t\t\t\t<p><strong>Sihtgrupp:\u00a0<\/strong>programmijuht koos \u00f5ppekava meeskonna 2-3 liikmega; \u00f5ppekava arenduse t\u00f6\u00f6r\u00fchm<\/p>\n<p><strong>T\u00f6\u00f6toa eesm\u00e4rk<\/strong>\u00a0on arendada \u00f5ppekavade arendustiimide p\u00e4devust tuvastada \u00f5ppekava s\u00fcsteemseid probleeme ning anal\u00fc\u00fcsida nende v\u00f5imalikke p\u00f5hjuseid.<\/p>\n<p><strong>Sisu:<\/strong><\/p>\n<ul>\n<li>Probleem ja s\u00fcsteemne probleem \u2013 olemus ja erinevused<\/li>\n<li>Tartu \u00dclikoolis olemasolevad andmed (formaalsed ja mitteformaalsed)<\/li>\n<li>\u00dche s\u00fcsteemse probleemi n\u00e4ite anal\u00fc\u00fcs P\u00f5hjus-tagaj\u00e4rg seoste anal\u00fc\u00fcsimise t\u00f6\u00f6riistad<\/li>\n<\/ul>\n<p><strong>\u00d5piv\u00e4ljundid<\/strong><\/p>\n<p>T\u00f6\u00f6toas osalenu:<\/p>\n<ol>\n<li>\n<div>tuvastab \u00f5ppekava s\u00fcsteemsed probleemid;<\/div>\n<\/li>\n<li>\n<div>valib sobivad allikad ja n\u00e4itajad probleemi kirjeldamiseks (nt katkestamise info, \u00f5ppeainete v\u00e4\u00e4rtuslikkuse hinnangud, \u00fcldp\u00e4devuste hinnangud, paralleelselt toimuvate ainete arv, hindamiskoormuse jaotus jne);<\/div>\n<\/li>\n<li>\n<div>anal\u00fc\u00fcsib \u00fche s\u00fcsteemse probleemi n\u00e4itel selle p\u00f5hjuseid, kavandab j\u00e4rgmised sammud (nt t\u00e4iendav andmete kogumine; \u00f5ppekava arendamine vms).<\/div>\n<\/li>\n<\/ol>\n<div><strong>Kestvus:<\/strong> 4 akadeemilist tundi<\/div>\n\n\t\t\t\t\t\t<\/div>\n\t\t\t\t\t<\/div>\n\t\t\t\t<\/div>\n\t\t\t\t\t<\/div>\n\t<\/div>\n\n\n<div class=\"accordion-block mb-3\">\n\t\t<div class=\"accordion \" id=\"accordion-accordion-69ff6011cc29b\">\n\t\t\t\t\t\t\t<div class=\"accordion-item accordion-item--white\">\n\t\t\t\t\t<h2 class=\"accordion-header\" id=\"accordion-69ff6011cc29b-heading-1\">\n\t\t\t\t\t\t<button class=\"accordion-button collapsed\" type=\"button\" data-bs-toggle=\"collapse\" data-bs-target=\"#accordion-69ff6011cc29b-collapse-1\" aria-expanded=\"true\" aria-controls=\"accordion-69ff6011cc29b-collapse-1\">\n\t\t\t\t\t\t\t\u00d5ppekava tervikuks, \u00f5ppeained suuremaks: miks ja kuidas?\n\t\t\t\t\t\t<\/button>\n\t\t\t\t\t<\/h2>\n\t\t\t\t\t<div id=\"accordion-69ff6011cc29b-collapse-1\" class=\"accordion-collapse collapse \" aria-labelledby=\"accordion-69ff6011cc29b-heading-1\">\n\t\t\t\t\t\t<div class=\"accordion-body\">\n\t\t\t\t\t\t\t<p><strong>Sihtgrupp:<\/strong> programmijuhid; \u00f5ppekavade arenduse t\u00f6\u00f6r\u00fchmad<\/p>\n<p><strong>T\u00f6\u00f6toa eesm\u00e4rk<\/strong> on toetada \u00f5ppekava meeskonda (sh \u00f5ppej\u00f5ude ja programmijuhte) arendamaks \u00f5ppimist toetavaid \u00f5ppeaineid.<\/p>\n<p><strong>Sisu:<\/strong><\/p>\n<ul>\n<li>Mis toetab \u00f5ppimist?<\/li>\n<li>\u00d5ppimist toetava \u00f5ppekava tunnused (\u00f5ppeine maht EAP; paralleelselt toimuvate ainete \u00f5petamine ja hindamine; hindamise koormus; iseseisva \u00f5ppimise v\u00f5imaldamine)<\/li>\n<li>Erinevate \u00f5ppeainete \u00f5ppesisu ja \u00f5pitegevuste integreerimine (\u00f5ppeainete \u00fchendamine; \u00f5ppe- ja hindamis\u00fclesanded; \u00f5ppej\u00f5udude koost\u00f6\u00f6)<\/li>\n<\/ul>\n<p><strong>\u00d5piv\u00e4ljundid<\/strong><\/p>\n<p>T\u00f6\u00f6toas osalenu:<\/p>\n<ol>\n<li>toob v\u00e4lja \u00f5ppimist toetava \u00f5ppekava tunnused;<\/li>\n<li>selgitab mahukamate \u00f5ppeainete loomise vajadust ja eeltingimusi;<\/li>\n<li>arutleb v\u00f5imaluste \u00fcle, kuidas luua mahukamaid \u00f5ppeaineid.<\/li>\n<\/ol>\n<p><strong>\u00d5ppekava meeskonnale t\u00f6\u00f6toa l\u00e4bi viimise eelduseks on:<\/strong> \u00f5ppekava tuum, fookus, selgroog on teada. T\u00f6\u00f6toas anname osalejatele aega \u00f5ppekava struktuuri \u00fcle m\u00f5tlemiseks \u00f5ppeainete l\u00f5ikes.<\/p>\n<p><strong>Tegevused:<\/strong> rahvusvahelise kogemuse ja n\u00e4idete anal\u00fc\u00fcs, diskussioon, oma \u00f5ppekava kaardistamine \u00f5ppeainete suuremahulisemaks arendamise kontekstis.<\/p>\n<p><strong>Kestvus:<\/strong> 4 akadeemilist tundi<\/p>\n\n\t\t\t\t\t\t<\/div>\n\t\t\t\t\t<\/div>\n\t\t\t\t<\/div>\n\t\t\t\t\t<\/div>\n\t<\/div>\n\n\n<div class=\"accordion-block mb-3\">\n\t\t<div class=\"accordion \" id=\"accordion-accordion-69ff6011cc58c\">\n\t\t\t\t\t\t\t<div class=\"accordion-item accordion-item--white\">\n\t\t\t\t\t<h2 class=\"accordion-header\" id=\"accordion-69ff6011cc58c-heading-1\">\n\t\t\t\t\t\t<button class=\"accordion-button collapsed\" type=\"button\" data-bs-toggle=\"collapse\" data-bs-target=\"#accordion-69ff6011cc58c-collapse-1\" aria-expanded=\"true\" aria-controls=\"accordion-69ff6011cc58c-collapse-1\">\n\t\t\t\t\t\t\tSissejuhatav \u00f5pituba: kestlikkuse l\u00f5imimine \u00f5ppekavadesse\n\t\t\t\t\t\t<\/button>\n\t\t\t\t\t<\/h2>\n\t\t\t\t\t<div id=\"accordion-69ff6011cc58c-collapse-1\" class=\"accordion-collapse collapse \" aria-labelledby=\"accordion-69ff6011cc58c-heading-1\">\n\t\t\t\t\t\t<div class=\"accordion-body\">\n\t\t\t\t\t\t\t<p><strong>Sihtgrupp:<\/strong> programmijuhid, \u00f5ppej\u00f5ud, \u00f5ppet\u00f6\u00f6d l\u00e4biviivad teadust\u00f6\u00f6tajad<\/p>\n<p><strong>T\u00f6\u00f6toa eesm\u00e4rk<\/strong> on aidata programmijuhil ja \u00f5ppej\u00f5ul saada esmane sissevaade kestlikkuse teemasse, selle k\u00e4sitlemisse ja infoallikatesse ning leida infomaterjale ning n\u00e4iteid erinevatest v\u00f5imalustest kestlikkuse l\u00f5imimiseks \u00f5ppekavadesse ning \u00f5ppeainetesse.<\/p>\n<p><strong>\u00d5piv\u00e4ljundid<\/strong><\/p>\n<p>T\u00f6\u00f6toas osalenu:<\/p>\n<ol>\n<li>teab, mis on kestliku arenguga seotud m\u00f5tteviis ja p\u00e4devused,<\/li>\n<li>oskab seostada kestliku arengu teemasid oma \u00f5ppekava ja selle t\u00f6\u00f6turuv\u00e4ljundiga,<\/li>\n<li>on tutvunud heade n\u00e4idetega, kuidas kestliku arengu m\u00f5tteviisi ja p\u00e4devusi eri ainetesse integreerida,<\/li>\n<li>teab, milliste ainete raames kestlikku m\u00f5tteviisi ja p\u00e4devusi \u00fclikoolis \u00f5petatakse ning millised neist v\u00f5iks sobida tema \u00f5ppekavasse.<\/li>\n<\/ol>\n<p>Koolitust aitab korraldada Tartu \u00dclikooli Kestliku arengu keskus.<\/p>\n<p><strong>Kestvus:<\/strong> 4 akadeemilist tundi<\/p>\n<p><a href=\"https:\/\/ois2.ut.ee\/#\/internal-trainings\/e04c1bd7-add9-dbd5-a8d0-a8160c8f4723\/details\" target=\"_blank\" rel=\"noopener\">Info ja registreerumine \u00d5ISis<\/a><\/p>\n\n\t\t\t\t\t\t<\/div>\n\t\t\t\t\t<\/div>\n\t\t\t\t<\/div>\n\t\t\t\t\t<\/div>\n\t<\/div>\n\n\n\n<div class=\"wp-block-buttons is-layout-flex wp-block-buttons-is-layout-flex\">\n<div class=\"wp-block-button\"><a class=\"wp-block-button__link wp-element-button\" href=\"https:\/\/survey.ut.ee\/index.php\/313976?lang=et\" target=\"_blank\" rel=\"noreferrer noopener\">Tellin \u00fcksusele t\u00f6\u00f6toa<\/a><\/div>\n<\/div>\n","protected":false},"excerpt":{"rendered":"<p>Tartu \u00fclikool pakub programmijuhtidele mitmeid koolitusi ja v\u00f5imalusi kogemuste vahetamiseks. N\u00e4iteks toimuvad iga kuu kolmandal esmasp\u00e4eval programmijuhtide m\u00f5ttehommikud (materjalid Moodle\u2019is e-kursusel \u201c\u00d5ppekavade programmip\u00f5hine haldamine\u201d ). Lisaks pakub \u00f5ppimis- ja \u00f5petamiskeskus \u00f5ppekavaarenduse alast n\u00f5ustamist nii programmijuhtidele kui ka \u00f5ppekava arendusmeeskondadele. Algajad &#8230;<\/p>\n","protected":false},"author":9,"featured_media":0,"parent":0,"menu_order":0,"comment_status":"closed","ping_status":"closed","template":"","meta":{"_acf_changed":false,"inline_featured_image":false,"footnotes":""},"class_list":["post-385","page","type-page","status-publish","hentry"],"acf":[],"_links":{"self":[{"href":"https:\/\/sisu.ut.ee\/oppekavaarendus\/wp-json\/wp\/v2\/pages\/385","targetHints":{"allow":["GET"]}}],"collection":[{"href":"https:\/\/sisu.ut.ee\/oppekavaarendus\/wp-json\/wp\/v2\/pages"}],"about":[{"href":"https:\/\/sisu.ut.ee\/oppekavaarendus\/wp-json\/wp\/v2\/types\/page"}],"author":[{"embeddable":true,"href":"https:\/\/sisu.ut.ee\/oppekavaarendus\/wp-json\/wp\/v2\/users\/9"}],"replies":[{"embeddable":true,"href":"https:\/\/sisu.ut.ee\/oppekavaarendus\/wp-json\/wp\/v2\/comments?post=385"}],"version-history":[{"count":17,"href":"https:\/\/sisu.ut.ee\/oppekavaarendus\/wp-json\/wp\/v2\/pages\/385\/revisions"}],"predecessor-version":[{"id":578,"href":"https:\/\/sisu.ut.ee\/oppekavaarendus\/wp-json\/wp\/v2\/pages\/385\/revisions\/578"}],"wp:attachment":[{"href":"https:\/\/sisu.ut.ee\/oppekavaarendus\/wp-json\/wp\/v2\/media?parent=385"}],"curies":[{"name":"wp","href":"https:\/\/api.w.org\/{rel}","templated":true}]}}