{"id":295,"date":"2026-04-09T13:39:09","date_gmt":"2026-04-09T10:39:09","guid":{"rendered":"https:\/\/sisu.ut.ee\/oppekavaarendus\/?page_id=295"},"modified":"2026-05-07T10:53:47","modified_gmt":"2026-05-07T07:53:47","slug":"oppeosakond","status":"publish","type":"page","link":"https:\/\/sisu.ut.ee\/oppekavaarendus\/oppeosakond\/","title":{"rendered":"\u00d5ppeosakond\u00a0"},"content":{"rendered":"<p>Kui sul on j\u00e4rgmiste teemade kohta k\u00fcsimusi, siis p\u00f6\u00f6rdu \u00f5ppekvaliteedi peaspetsialisti <a href=\"https:\/\/ut.ee\/et\/tootaja\/ene-voolaid\" target=\"_blank\" rel=\"noreferrer noopener\"><strong>Ene Voolaidi<\/strong><\/a> poole.<\/p>\n\n\n\n<ul class=\"wp-block-list\">\n<li><strong>\u00d5ppekava vormistamine ja n\u00f5uetele vastavus<\/strong>\u00a0<br>\u00d5ppeosakond n\u00f5ustab \u00f5ppekava vormistamise k\u00fcsimustes ning aitab tagada, et muudatused oleksid koosk\u00f5las k\u00f5rgharidusstandardi, \u00fclikooli \u00f5igusaktide ja protseduuridega.<\/li>\n<\/ul>\n\n\n\n<ul class=\"wp-block-list\">\n<li><strong>Otsustusprotsessid ja t\u00e4htajad\u00a0<\/strong><br>\u00d5ppeosakonna poole tasub p\u00f6\u00f6rduda k\u00fcsimustes, mis puudutavad \u00f5ppekava versioonide kinnitamist valdkonna n\u00f5ukogus, muudatuste ajakava ning dokumentide esitamise protseduure.\u00a0<\/li>\n<\/ul>\n\n\n\n<ul class=\"wp-block-list\">\n<li><strong>Sisehindamine ja aruandlus<\/strong>\u00a0<br>\u00d5ppeosakond toetab sisehindamisega seotud k\u00fcsimustes, aitab aruannete koostamisel ning tagab, et arendusprotsess oleks korrektselt dokumenteeritud ja menetletud.\u00a0\u00a0<\/li>\n<\/ul>\n\n\n\n<ul class=\"wp-block-list\">\n<li><strong>EHIS ja HTM-iga seotud toimingud<\/strong>\u00a0<br>\u00d5ppeosakond n\u00f5ustab \u00f5ppekavade esitamisel Haridus- ja Teadusministeeriumile ning muudatuste vormistamisel ja kandmisel\u00a0EHISesse.\u00a0<\/li>\n<\/ul>\n","protected":false},"excerpt":{"rendered":"<p>Kui sul on j\u00e4rgmiste teemade kohta k\u00fcsimusi, siis p\u00f6\u00f6rdu \u00f5ppekvaliteedi peaspetsialisti Ene Voolaidi poole.<\/p>\n","protected":false},"author":9,"featured_media":0,"parent":0,"menu_order":0,"comment_status":"closed","ping_status":"closed","template":"","meta":{"_acf_changed":false,"inline_featured_image":false,"footnotes":""},"class_list":["post-295","page","type-page","status-publish","hentry"],"acf":[],"_links":{"self":[{"href":"https:\/\/sisu.ut.ee\/oppekavaarendus\/wp-json\/wp\/v2\/pages\/295","targetHints":{"allow":["GET"]}}],"collection":[{"href":"https:\/\/sisu.ut.ee\/oppekavaarendus\/wp-json\/wp\/v2\/pages"}],"about":[{"href":"https:\/\/sisu.ut.ee\/oppekavaarendus\/wp-json\/wp\/v2\/types\/page"}],"author":[{"embeddable":true,"href":"https:\/\/sisu.ut.ee\/oppekavaarendus\/wp-json\/wp\/v2\/users\/9"}],"replies":[{"embeddable":true,"href":"https:\/\/sisu.ut.ee\/oppekavaarendus\/wp-json\/wp\/v2\/comments?post=295"}],"version-history":[{"count":5,"href":"https:\/\/sisu.ut.ee\/oppekavaarendus\/wp-json\/wp\/v2\/pages\/295\/revisions"}],"predecessor-version":[{"id":575,"href":"https:\/\/sisu.ut.ee\/oppekavaarendus\/wp-json\/wp\/v2\/pages\/295\/revisions\/575"}],"wp:attachment":[{"href":"https:\/\/sisu.ut.ee\/oppekavaarendus\/wp-json\/wp\/v2\/media?parent=295"}],"curies":[{"name":"wp","href":"https:\/\/api.w.org\/{rel}","templated":true}]}}