{"id":290,"date":"2026-04-09T13:36:35","date_gmt":"2026-04-09T10:36:35","guid":{"rendered":"https:\/\/sisu.ut.ee\/oppekavaarendus\/?page_id=290"},"modified":"2026-05-07T10:54:14","modified_gmt":"2026-05-07T07:54:14","slug":"oppekonsultandid-ja-oppedisainerid","status":"publish","type":"page","link":"https:\/\/sisu.ut.ee\/oppekavaarendus\/oppekonsultandid-ja-oppedisainerid\/","title":{"rendered":"Konsultandid ja \u00f5ppedisainerid"},"content":{"rendered":"<p><strong><a href=\"https:\/\/ut.ee\/et\/opetamine\" target=\"_blank\" rel=\"noreferrer noopener\">\u00d5ppimis- ja \u00f5petamiskeskuses<\/a> <\/strong>t\u00f6\u00f6tavad \u00f5ppedisainerid ja \u00f5petamisoskuste konsultandid, kes on abiks \u00f5ppekavaarendusprotsessi erinevate etappide juures. Nende kontaktid leiad <a href=\"https:\/\/ut.ee\/et\/kontakt\/oppimis-ja-opetamiskeskus\" target=\"_blank\" rel=\"noreferrer noopener\"><strong>siit kontaktide lehelt<\/strong><\/a>.<\/p>\n\n\n\n<h2 class=\"wp-block-heading\">\u00d5petamisoskuste konsultandid<\/h2>\n\n\n\n<ul class=\"wp-block-list\">\n<li><strong>\u00d5ppekava arenduse kavandamine<\/strong>\u00a0<br>\u00d5petamisoskuste konsultandid toetavad programmijuhte ja arendusmeeskondi \u00f5ppekava arenduse kavandamisel ning arendusseminaride ettevalmistamisel ja l\u00e4biviimisel. Nad aitavad s\u00f5nastada arenduseesm\u00e4rke, valida sobivaid t\u00f6\u00f6vorme ning kujundada selge ja toimiva arendusraami.\u00a0\u00a0<\/li>\n<\/ul>\n\n\n\n<p><\/p>\n\n\n\n<ul class=\"wp-block-list\">\n<li><strong>Andmete t\u00f5lgendamine ja arendusotsused<\/strong>\u00a0<br>Konsultandid aitavad t\u00f5lgendada statistikat, sisehindamise aruandeid ja \u00fcli\u00f5pilaste tagasisidet ning siduda need sisuliste arendusotsustega. Nende toel saab olemasoleva \u00f5ppekava anal\u00fc\u00fcsist kujundada p\u00f5hjendatud arendussuunad.\u00a0<\/li>\n<\/ul>\n\n\n\n<p><\/p>\n\n\n\n<ul class=\"wp-block-list\">\n<li><strong>\u00d5ppekava eesm\u00e4rk, tuum ja sidusus<\/strong>\u00a0<br>\u00d5petamisoskuste konsultandid toetavad \u00f5ppekava eesm\u00e4rgi ja \u201etuuma\u201c s\u00f5nastamist, l\u00f5petaja profiili kujundamist ning konstruktiivse sidususe loomist \u00f5piv\u00e4ljundite, \u00f5petamisviiside ja hindamise vahel. Vajadusel aitavad nad kavandada ja\u00a0modereerida\u00a0meeskondlikke arutelusid.\u00a0<\/li>\n<\/ul>\n\n\n\n<h2 class=\"wp-block-heading\"><strong>\u00d5ppedisainerid<\/strong>\u00a0<\/h2>\n\n\n\n<ul class=\"wp-block-list\">\n<li><strong>\u00d5petamis- ja hindamisviiside arendamine<\/strong>\u00a0\u00a0<br>\u00d5ppedisainerid aitavad koost\u00f6\u00f6s valdkondlike \u00f5petamisoskuste konsultantidega kujundada \u00f5ppimiskeskseid ja v\u00e4ljundip\u00f5hiseid \u00f5ppeaineid, toetades \u00f5ppej\u00f5ude \u00f5petamis- ja hindamismeetodite valikul ning aine \u00fclesehituse l\u00e4bim\u00f5tlemisel.\u00a0<\/li>\n<\/ul>\n\n\n\n<p><\/p>\n\n\n\n<ul class=\"wp-block-list\">\n<li><strong>E-kursused ja digivahendid\u00a0<\/strong>\u00a0<br>\u00d5ppedisainerid toetavad e-kursuste loomist ja arendamist ning aitavad valida ja rakendada sobivaid digivahendeid ja -keskkondi, mis on koosk\u00f5las \u00f5ppeaine eesm\u00e4rkidega ning \u00f5piv\u00e4ljunditega.\u00a0<\/li>\n<\/ul>\n\n\n\n<p><\/p>\n\n\n\n<ul class=\"wp-block-list\">\n<li><strong>Digip\u00e4devus ja tehisaru \u00f5ppes<\/strong>\u00a0\u00a0<br>\u00d5ppedisainerid n\u00f5ustavad digioskuste ja tehisaru eesm\u00e4rgip\u00e4rasel l\u00f5imimisel \u00f5ppet\u00f6\u00f6sse, aidates leida erialale sobivaid ja pedagoogiliselt p\u00f5hjendatud lahendusi.\u00a0<\/li>\n<\/ul>\n","protected":false},"excerpt":{"rendered":"<p>\u00d5ppimis- ja \u00f5petamiskeskuses t\u00f6\u00f6tavad \u00f5ppedisainerid ja \u00f5petamisoskuste konsultandid, kes on abiks \u00f5ppekavaarendusprotsessi erinevate etappide juures. Nende kontaktid leiad siit kontaktide lehelt. \u00d5petamisoskuste konsultandid \u00d5ppedisainerid\u00a0<\/p>\n","protected":false},"author":9,"featured_media":0,"parent":0,"menu_order":0,"comment_status":"closed","ping_status":"closed","template":"","meta":{"_acf_changed":false,"inline_featured_image":false,"footnotes":""},"class_list":["post-290","page","type-page","status-publish","hentry"],"acf":[],"_links":{"self":[{"href":"https:\/\/sisu.ut.ee\/oppekavaarendus\/wp-json\/wp\/v2\/pages\/290","targetHints":{"allow":["GET"]}}],"collection":[{"href":"https:\/\/sisu.ut.ee\/oppekavaarendus\/wp-json\/wp\/v2\/pages"}],"about":[{"href":"https:\/\/sisu.ut.ee\/oppekavaarendus\/wp-json\/wp\/v2\/types\/page"}],"author":[{"embeddable":true,"href":"https:\/\/sisu.ut.ee\/oppekavaarendus\/wp-json\/wp\/v2\/users\/9"}],"replies":[{"embeddable":true,"href":"https:\/\/sisu.ut.ee\/oppekavaarendus\/wp-json\/wp\/v2\/comments?post=290"}],"version-history":[{"count":12,"href":"https:\/\/sisu.ut.ee\/oppekavaarendus\/wp-json\/wp\/v2\/pages\/290\/revisions"}],"predecessor-version":[{"id":576,"href":"https:\/\/sisu.ut.ee\/oppekavaarendus\/wp-json\/wp\/v2\/pages\/290\/revisions\/576"}],"wp:attachment":[{"href":"https:\/\/sisu.ut.ee\/oppekavaarendus\/wp-json\/wp\/v2\/media?parent=290"}],"curies":[{"name":"wp","href":"https:\/\/api.w.org\/{rel}","templated":true}]}}