{"id":286,"date":"2026-04-09T13:31:43","date_gmt":"2026-04-09T10:31:43","guid":{"rendered":"https:\/\/sisu.ut.ee\/oppekavaarendus\/?page_id=286"},"modified":"2026-05-07T10:54:37","modified_gmt":"2026-05-07T07:54:37","slug":"hea-opetamise-saadikud","status":"publish","type":"page","link":"https:\/\/sisu.ut.ee\/oppekavaarendus\/hea-opetamise-saadikud\/","title":{"rendered":"Hea \u00f5petamise saadikud"},"content":{"rendered":"<p>Hea \u00f5petamise saadikud on instituutides ja valdkondades tegutsevad kolleegid, kes toetavad \u00f5ppej\u00f5ude \u00f5petamise arendamisel ning aitavad levitada \u00f5ppimiskeskseid ja teadusp\u00f5hiseid \u00f5petamispraktikaid. Nende poole tasub p\u00f6\u00f6rduda siis, kui soovid arutada oma aine \u00f5petamismeetodeid, hindamisviise v\u00f5i \u00f5ppijate aktiivsemat kaasamist, samuti siis, kui vajad n\u00f5u, kuidas siduda aine paremini \u00f5ppekava eesm\u00e4rgi ja \u00f5piv\u00e4ljunditega. Hea \u00f5petamise saadikud aitavad kaasa \u00f5pikogukondade kujunemisele ning toetavad arutelusid, mis hoiavad fookust \u00f5ppekava terviklikkusel ja \u00f5ppija arengul. Hea \u00f5petamise\u00a0saadikute kontaktid leiad\u00a0<a href=\"https:\/\/ut.ee\/et\/hea-opetamise-saadikud\" target=\"_blank\" rel=\"noreferrer noopener\"><strong>hea \u00f5petamise saadikute lehelt<\/strong>.<\/a>\u00a0<\/p>\n\n\n\n<p><\/p>\n","protected":false},"excerpt":{"rendered":"<p>Hea \u00f5petamise saadikud on instituutides ja valdkondades tegutsevad kolleegid, kes toetavad \u00f5ppej\u00f5ude \u00f5petamise arendamisel ning aitavad levitada \u00f5ppimiskeskseid ja teadusp\u00f5hiseid \u00f5petamispraktikaid. Nende poole tasub p\u00f6\u00f6rduda siis, kui soovid arutada oma aine \u00f5petamismeetodeid, hindamisviise v\u00f5i \u00f5ppijate aktiivsemat kaasamist, samuti siis, kui &#8230;<\/p>\n","protected":false},"author":9,"featured_media":0,"parent":0,"menu_order":0,"comment_status":"closed","ping_status":"closed","template":"","meta":{"_acf_changed":false,"inline_featured_image":false,"footnotes":""},"class_list":["post-286","page","type-page","status-publish","hentry"],"acf":[],"_links":{"self":[{"href":"https:\/\/sisu.ut.ee\/oppekavaarendus\/wp-json\/wp\/v2\/pages\/286","targetHints":{"allow":["GET"]}}],"collection":[{"href":"https:\/\/sisu.ut.ee\/oppekavaarendus\/wp-json\/wp\/v2\/pages"}],"about":[{"href":"https:\/\/sisu.ut.ee\/oppekavaarendus\/wp-json\/wp\/v2\/types\/page"}],"author":[{"embeddable":true,"href":"https:\/\/sisu.ut.ee\/oppekavaarendus\/wp-json\/wp\/v2\/users\/9"}],"replies":[{"embeddable":true,"href":"https:\/\/sisu.ut.ee\/oppekavaarendus\/wp-json\/wp\/v2\/comments?post=286"}],"version-history":[{"count":5,"href":"https:\/\/sisu.ut.ee\/oppekavaarendus\/wp-json\/wp\/v2\/pages\/286\/revisions"}],"predecessor-version":[{"id":577,"href":"https:\/\/sisu.ut.ee\/oppekavaarendus\/wp-json\/wp\/v2\/pages\/286\/revisions\/577"}],"wp:attachment":[{"href":"https:\/\/sisu.ut.ee\/oppekavaarendus\/wp-json\/wp\/v2\/media?parent=286"}],"curies":[{"name":"wp","href":"https:\/\/api.w.org\/{rel}","templated":true}]}}