{"id":2,"date":"2026-02-03T12:57:24","date_gmt":"2026-02-03T12:57:24","guid":{"rendered":"https:\/\/sisu.ut.ee\/oppekavaarendus\/?page_id=2"},"modified":"2026-05-08T09:43:59","modified_gmt":"2026-05-08T06:43:59","slug":"sample-page","status":"publish","type":"page","link":"https:\/\/sisu.ut.ee\/oppekavaarendus\/","title":{"rendered":"Avaleht"},"content":{"rendered":"<p>See veebileht on loodud selleks, et toetada Tartu \u00dclikooli \u00f5ppekavade s\u00fcsteemset ja sisukat arendamist. Siit leiab koondatult \u00f5ppekavaarenduse p\u00f5him\u00f5tted, <strong><a href=\"https:\/\/sisu.ut.ee\/oppekavaarendus\/protsess\/\">protsessi kirjelduse<\/a><\/strong>, <strong><a href=\"https:\/\/sisu.ut.ee\/oppekavaarendus\/materjalid\/\">praktilised t\u00f6\u00f6riistad ja materjalid<\/a><\/strong> ning info \u00fclikoolis pakutava toe kohta. Leht on eelk\u00f5ige m\u00f5eldud <strong>programmijuhtidele<\/strong>, kes juhivad \u00f5ppekavaarendust ja teevad koost\u00f6\u00f6d \u00f5ppej\u00f5udude, \u00fcli\u00f5pilaste ja teiste osapooltega. Samas leiavad siit vajalikku infot ka <strong>\u00f5ppej\u00f5ud<\/strong> ja <strong>\u00fcli\u00f5pilased<\/strong> ning <strong>akadeemiliste \u00fcksuste juhid<\/strong>. Veebileht pakub selget raamistikku ja praktilist tuge, et teha \u00f5ppekavaarenduses teadlikke ja p\u00f5hjendatud otsuseid ning viia kavandatud muudatused ka p\u00e4riselt ellu.<\/p>\n<p>Aastatel 2025\u20132028 anal\u00fc\u00fcsib ja arendab \u00fclikool \u00f5ppekavu eesm\u00e4rgiga j\u00f5uda sidusate ja koosk\u00f5las \u00f5ppekavade ning s\u00fcsteemse \u00f5ppimiskeskse \u00f5petamiseni, mis toetab \u00f5ppijat \u00f5piv\u00e4ljundite omandamisel kogu \u00f5piteekonna v\u00e4ltel. Selle tegevuse peamiseks v\u00e4liseks ajendiks on <a href=\"https:\/\/www.riigiteataja.ee\/akt\/112072019017?leiaKehtiv\"><strong>uuenenud k\u00f5rgharidusstandard,<\/strong><\/a> millega tuleb \u00f5ppekavad vastavusse viia. Ka m\u00f5jutavad \u00f5ppe sisu ja korraldust muutused \u00fchiskonnas, n\u00e4iteks tehisaru kiire areng ja t\u00f6\u00f6turu muutuvad ootused.<\/p>\n<h3>Tegevuskava ja vastutuse jaotus \u00fclikoolis<\/h3>\n<ul>\n<li>K\u00f5igi \u00f5ppekavade \u00f5piv\u00e4ljundid peavad olema k\u00f5rgharidusstandardiga koosk\u00f5las hiljemalt 2028\/29. \u00f5ppeaasta alguseks. \u00d5piv\u00e4ljundite uuendamise protsess loob v\u00f5imaluse ajakohastada nii \u00f5ppekava \u00f5piv\u00e4ljundid kui p\u00f5hjalikult muuta kogu \u00f5pet.<\/li>\n<li>K\u00f5ik I ja II astme \u00f5ppekavad on teinud 2026. aasta algul anal\u00fc\u00fcsi ja otsustanud (programmijuht koost\u00f6\u00f6s programmin\u00f5ukogu ja akadeemilise \u00fcksuse juhtidega), kui suuri muudatusi \u00f5ppekava vajab: kas piisab \u00f5piv\u00e4ljundite \u00fclevaatamisest ja s\u00f5nastuse muutmisest v\u00f5i on vajalik \u00f5ppekava sidususe p\u00f5hjalik anal\u00fc\u00fcs ning selle tagamiseks muudatused.<\/li>\n<li>Programmijuhti toetab akadeemilise \u00fcksuse \u00f5ppejuht v\u00f5i instituudi juht, kes aitab anda hinnangu, kavandada protsessi, p\u00fcstitada vahe-eesm\u00e4rke, kaasata vajadusel v\u00e4list tuge ja ekspertiisi. \u00d5ppejuht v\u00f5i instituudi juht koordineerib koost\u00f6\u00f6d \u00f5ppekavade vahel.<\/li>\n<li>Valdkondades kinnitati 2026. aasta m\u00e4rtsis plaan, millised \u00f5ppekavad p\u00f5hjalikumaid muudatusi vajavad.<\/li>\n<li>Uuendatud \u00f5ppekavad kinnitab valdkonna n\u00f5ukogu. \u00d5ppekava<strong style=\"text-align: var(--bs-body-text-align);\"> \u00f5piv\u00e4ljundite muutmine<\/strong><span style=\"font-size: revert; text-align: var(--bs-body-text-align);\"> t\u00e4hendab tavaolukorras uue \u00f5ppekava avamist. V\u00e4hesel m\u00e4\u00e4ral v\u00e4ljundite t\u00e4iendamise saab otsustada \u00fclikooli senat, kes on andnud \u00f5piv\u00e4ljundite k\u00f5rgharidusstandardiga vastavusse viimise perioodil (kuni 2028\/2029. \u00f5ppeaasta alguseni) \u00f5ppekavade \u00f5piv\u00e4ljundite muutmise \u00f5iguse valdkonna n\u00f5ukogudele (<\/span><strong><a style=\"text-align: var(--bs-body-text-align);\" href=\"https:\/\/dok.ut.ee\/index.php?page=pub_get_ttxt_dokv_file&amp;pid=15032704&amp;lang=est&amp;u=20171108111458&amp;desktop=57835&amp;r_url=%2Fwd%2F%3Fpage%3Dpub_list_dynobj%26pid%3D%26tid%3D69329%26u%3D20171108111458\" target=\"_blank\" rel=\"noopener\">\u00f5ppekava statuut<\/a><\/strong><span style=\"font-size: revert; text-align: var(--bs-body-text-align);\">, punktid 72.10 ja 87). Et \u00f5ppekava uus versioon hakkaks kehtima s\u00fcgisel \u00f5pet alustavatele \u00fcli\u00f5pilastele, peavad \u00f5ppekava muudatused olema kinnitatud <\/span><strong style=\"text-align: var(--bs-body-text-align);\">15. aprilliks<\/strong><span style=\"font-size: revert; text-align: var(--bs-body-text-align);\"> (\u00f5ppekava statuut, punkt 77).<\/span><\/li>\n<\/ul>\n<h3>V\u00e4iksemate ja suuremate muudatustega \u00f5ppekavade muutmisprotsess<\/h3>\n<p><strong>V\u00e4iksemad muutused valinud \u00f5ppekava<\/strong> s\u00f5nastab uued \u00f5piv\u00e4ljundid ja koostab v\u00f5rdlustabeli haridus- ja teadusministeeriumile esitamiseks. Need \u00f5ppekavad uuendatakse 2026\/27. v\u00f5i 2027\/28. \u00f5ppeaastaks. See t\u00e4hendab, et \u00f5ppekavade uued versioonid tuleb kinnitada valdkonna n\u00f5ukogudes <strong>hiljemalt m\u00e4rtsis 2026 v\u00f5i 2027<\/strong>. Seej\u00e4rel esitab \u00f5ppeosakond uuendatud \u00f5ppekavad HTM-ile, taotledes \u00f5ppekava andmete muutmist riiklikus registris.<\/p>\n<p>Kui eesm\u00e4rgiks on, et \u00f5ppekava uus versioon hakkab kehtima 2026\/2027. \u00f5ppeaastal, v\u00f5iks ajajoon olla n\u00e4iteks selline.<\/p>\n<p><img loading=\"lazy\" decoding=\"async\" class=\"aligncenter size-full wp-image-349\" src=\"https:\/\/sisu.ut.ee\/wp-content\/uploads\/sites\/977\/Screenshot-2026-04-10-at-15.19.34.png\" alt=\"\" width=\"2460\" height=\"386\" srcset=\"https:\/\/sisu.ut.ee\/wp-content\/uploads\/sites\/977\/Screenshot-2026-04-10-at-15.19.34.png 2460w, https:\/\/sisu.ut.ee\/wp-content\/uploads\/sites\/977\/Screenshot-2026-04-10-at-15.19.34-300x47.png 300w, https:\/\/sisu.ut.ee\/wp-content\/uploads\/sites\/977\/Screenshot-2026-04-10-at-15.19.34-1024x161.png 1024w, https:\/\/sisu.ut.ee\/wp-content\/uploads\/sites\/977\/Screenshot-2026-04-10-at-15.19.34-768x121.png 768w, https:\/\/sisu.ut.ee\/wp-content\/uploads\/sites\/977\/Screenshot-2026-04-10-at-15.19.34-1920x301.png 1920w\" sizes=\"auto, (max-width: 2460px) 100vw, 2460px\"><\/p>\n<p><strong>Suuremate muudatustega<\/strong> ehk p\u00f5hjalikuma uuendamise valinud \u00f5ppekavad teevad l\u00e4bi <strong>sisulise ja metoodilise uuendamise. <\/strong>Protsessi toetatakse keskselt: \u00f5ppeosakonna ning \u00f5ppimis- ja \u00f5petamiskeskuse tugi eesm\u00e4rgi selgitamise, koolituste, t\u00f6\u00f6tubade, individuaalse n\u00f5ustamise ja juhendite kaudu. Seminaridel jagatakse ka v\u00e4lis\u00fclikoolide kogemusi. Need \u00f5ppekavad muudetakse 2027\/28. v\u00f5i 2028\/29. \u00f5ppeaastaks. See t\u00e4hendab, et \u00f5ppekavade uued versioonid tuleb kinnitada valdkonna n\u00f5ukogudes <strong>hiljemalt m\u00e4rtsis 2027 v\u00f5i 2028<\/strong>. Seej\u00e4rel esitab \u00f5ppeosakond uuendatud \u00f5ppekavad HTM-ile, taotledes \u00f5ppekava andmete muutmist riiklikus registris.<\/p>\n<p>2027\/2028. aasta versiooni jaoks v\u00f5iks aega arvestada n\u00e4iteks nii:<\/p>\n<p><img loading=\"lazy\" decoding=\"async\" class=\"aligncenter size-full wp-image-351\" src=\"https:\/\/sisu.ut.ee\/wp-content\/uploads\/sites\/977\/Screenshot-2026-04-10-at-15.19.43.png\" alt=\"\" width=\"2460\" height=\"386\" srcset=\"https:\/\/sisu.ut.ee\/wp-content\/uploads\/sites\/977\/Screenshot-2026-04-10-at-15.19.43.png 2460w, https:\/\/sisu.ut.ee\/wp-content\/uploads\/sites\/977\/Screenshot-2026-04-10-at-15.19.43-300x47.png 300w, https:\/\/sisu.ut.ee\/wp-content\/uploads\/sites\/977\/Screenshot-2026-04-10-at-15.19.43-1024x161.png 1024w, https:\/\/sisu.ut.ee\/wp-content\/uploads\/sites\/977\/Screenshot-2026-04-10-at-15.19.43-768x121.png 768w, https:\/\/sisu.ut.ee\/wp-content\/uploads\/sites\/977\/Screenshot-2026-04-10-at-15.19.43-1920x301.png 1920w\" sizes=\"auto, (max-width: 2460px) 100vw, 2460px\"><\/p>\n<p>Kuigi periood 2026\u20132028 toob \u00f5ppekavaarenduse eriti fookusesse ja annab v\u00f5imaluse l\u00e4heneda \u00f5ppekavade uuendamisele terviklikult, <strong>on \u00f5ppekavaarendus pidev protsess<\/strong>, mis j\u00e4tkub ka p\u00e4rast seda perioodi. Seekord t\u00f5ukume k\u00fcll seaduse muudatusest, aga arendust\u00f6\u00f6s tasub eelk\u00f5ige silmas pidada \u00fchiskonna ja eriala ning \u00f5ppija arenguvajadusi ning luua \u00f5ppijatele nende p\u00e4devusi parimal moel toetav \u00f5pitee.<\/p>\n\n<div class=\"accordion-block mb-3\">\n\t\t<div class=\"accordion \" id=\"accordion-accordion-69ff5078bf6de\">\n\t\t\t\t\t\t\t<div class=\"accordion-item accordion-item--white\">\n\t\t\t\t\t<h2 class=\"accordion-header\" id=\"accordion-69ff5078bf6de-heading-1\">\n\t\t\t\t\t\t<button class=\"accordion-button collapsed\" type=\"button\" data-bs-toggle=\"collapse\" data-bs-target=\"#accordion-69ff5078bf6de-collapse-1\" aria-expanded=\"true\" aria-controls=\"accordion-69ff5078bf6de-collapse-1\">\n\t\t\t\t\t\t\tMis on T\u00dc vaates hea \u00f5ppekava ja millest see l\u00e4htub?\n\t\t\t\t\t\t<\/button>\n\t\t\t\t\t<\/h2>\n\t\t\t\t\t<div id=\"accordion-69ff5078bf6de-collapse-1\" class=\"accordion-collapse collapse \" aria-labelledby=\"accordion-69ff5078bf6de-heading-1\">\n\t\t\t\t\t\t<div class=\"accordion-body\">\n\t\t\t\t\t\t\t<p>Hea \u00f5ppekava l\u00e4htub kuuest alusprintsiibist. Printsiibid baseeruvad <a href=\"https:\/\/ut.ee\/et\/sisu\/oppimise-hea-tava\" target=\"_blank\" rel=\"noopener\">\u00f5ppimise<\/a> ja <a href=\"https:\/\/ut.ee\/et\/sisu\/opetamise-hea-tava\" target=\"_blank\" rel=\"noopener\">\u00f5petamise<\/a> heal taval, <a href=\"https:\/\/ut.ee\/et\/sisu\/vaartused-ja-vastutus\" target=\"_blank\" rel=\"noopener\">teadus\u00fclikooli alusv\u00e4\u00e4rtustel<\/a> ning arusaamal, et \u00fchiskond ja <a href=\"https:\/\/uuringud.oska.kutsekoda.ee\/uuringud\/too-ja-oskused-2035\" target=\"_blank\" rel=\"noopener\">t\u00f6\u00f6turg<\/a> on pidevas muutumises.<\/p>\n<p>Need alusprintsiibid \u00fctlevad, milline on \u00f5ppe(kava)arendus Tartu \u00fclikoolis:<\/p>\n<h3><strong>Terviklik<\/strong><\/h3>\n<h4>M\u00e4rks\u00f5nad: eesm\u00e4rgistatud, struktureeritud, rakendatav<\/h4>\n<p>\u00d5ppekava on \u00fcles ehitatud sidusa ja eesm\u00e4rgistatud tervikuna, milles \u00f5piv\u00e4ljundid, \u00f5petamine ja hindamine on omavahel seotud ning toetavad \u00f5ppija arengut j\u00e4rjepidevalt ja loogiliselt. \u00d5pitee, sh ainete maht, j\u00e4rgnevus ja nendevahelised seosed on l\u00e4bi m\u00f5eldud ja tasakaalus. \u00d5piteekonna kujundamisel on arvestatud \u00f5ppija koormuse jaotust, et v\u00f5imaldada s\u00fcvenemist. \u00d5ppekava pakub sisukaid valikuid, v\u00f5imalust teadmisi rakendada ja \u00f5pir\u00e4ndes osaleda.<\/p>\n<h3><strong>\u00d5ppimiskeskne<\/strong><\/h3>\n<h4>M\u00e4rks\u00f5nad: inspireeriv, kaasav, s\u00fcvenemist toetav<\/h4>\n<p>\u00d5pe l\u00e4htub \u00f5ppijast ja tema \u00f5ppimisest, toetades aktiivset osalemist, s\u00fcgavat arusaamist ja enesearengut. \u00d5petamis- ja hindamismeetodid suunavad teadmiste seostamisele, rakendamisele ja anal\u00fc\u00fcsile, pakuvad sisukat tagasisidet ja kujundavad elukestva \u00f5ppija hoiakut. \u00d5ppija m\u00f5istab, miks on \u00f5ppekavas just need \u00f5ppeained ning kuidas \u00f5pitu aitab tulevikus paremini hakkama saada. Vajadusel kohandatakse \u00f5pet, et pakkuda tuge raskustes v\u00f5i erivajadustega \u00f5ppijatele.<\/p>\n<h3><strong>Teadusp\u00f5hine<\/strong><\/h3>\n<h4>M\u00e4rks\u00f5nad: kaasaegne \u00f5ppesisu, kriitiline m\u00f5tlemine, s\u00fcsteemne arendus<\/h4>\n<p>\u00d5pe p\u00f5hineb nii erialastel kui ka \u00f5petamisega seotud n\u00fc\u00fcdisaegsetel teadustulemustel. \u00d5ppeprotsess arendab kriitilist m\u00f5tlemist, seoste loomise oskust ja allikakriitilisust. \u00d5ppekava ja \u00f5petamise arendamine p\u00f5hineb s\u00fcsteemsel tagasisidel ja anal\u00fc\u00fcsil.<\/p>\n<h3><strong>Koost\u00f6ine<\/strong><\/h3>\n<h4>M\u00e4rks\u00f5nad: jagatud eesm\u00e4rgid, \u00f5ppekogukonnad, vilistlased ja t\u00f6\u00f6andjad<\/h4>\n<p>\u00d5pe p\u00f5hineb koost\u00f6\u00f6l ja jagatud vastutusel \u00f5ppijate, \u00f5ppej\u00f5udude ja partnerite vahel, kujundades tugevaid \u00f5pikogukondi ja \u00fchist arusaama \u00f5ppekava eesm\u00e4rgist. \u00d5ppemeetodid ja -\u00fclesanded suunavad \u00fcli\u00f5pilasi koost\u00f6\u00f6le ja -\u00f5ppimisele ning tekitavad v\u00f5imalusi rakendada teadmisi kogukonna h\u00fcvanguks (<em>challenge-based learning<\/em>). \u00d5ppej\u00f5ud kavandavad \u00f5pet tervikuna, sidudes oma aineid teistega ning leppides kokku p\u00f5him\u00f5tetes, mis toetavad \u00f5ppija arengut. \u00d5ppesse kaasatakse vilistlasi ja t\u00f6\u00f6andjaid nt mentorite, k\u00fclalis\u00f5ppej\u00f5udude v\u00f5i juhendajatena. Koost\u00f6ine \u00f5pe kujundab tugeva vilistlaskogukonna.<\/p>\n<h3><strong>Tulevikku vaatav<\/strong><\/h3>\n<h4>M\u00e4rks\u00f5nad: muutuv maailm, tehnoloogia areng, tulevikuoskused<\/h4>\n<p>\u00d5ppes kujundatakse tulevikuoskusi, sealhulgas digip\u00e4devusi, loovust ja kestlikku m\u00f5tteviisi. Tulevikuoskuste arendamine on seotud erialateadmiste ja -oskustega. Tehnoloogia ja tehisaru kasutamine on l\u00f5imitud \u00f5ppesse, nii et arenevad erialane p\u00e4devus ja kriitiline m\u00f5tlemine ning omandatakse oskus tehisaru eesm\u00e4rgip\u00e4raselt ja eetiliselt rakendada. \u00d5pe valmistab ette t\u00f6\u00f6eluks ja \u00fchiskonda panustamiseks ning aitab \u00f5ppijal m\u00f5testada oma rolli ja v\u00f5imalusi maailma muutmiseks ning ebakindlates oludes kohanemiseks.<\/p>\n<h3><strong>Rahvusvaheline<\/strong><\/h3>\n<h4>M\u00e4rks\u00f5nad: \u00f5pi- ja t\u00f6\u00f6r\u00e4nne, mitmekesine \u00f5pikeskkond, strateegiline partnerlus<\/h4>\n<p>Tugev \u00f5ppe- ja teaduskoost\u00f6\u00f6 partner\u00fclikoolidega aitab pakkuda \u00fcli\u00f5pilastele ja \u00f5ppej\u00f5ududele mitmekesist ning kvaliteetset \u00f5pi- ja t\u00f6\u00f6keskkonda. \u00d5ppekava arendamisel tehakse koost\u00f6\u00f6d v\u00e4lis\u00fclikoolidega ning arvestatakse rahvusvahelisi kogemusi ja standardeid. Teadlikult kujundatakse rahvusvahelist \u00f5pikeskkonda kodu\u00fclikoolis, nt aineid \u00f5petavad v\u00e4lis\u00f5ppej\u00f5ud, \u00f5pitakse koos k\u00fclalis\u00fcli\u00f5pilastega. \u00d5ppekavas luuakse lihtsad ja selged v\u00f5imalused \u00f5pir\u00e4ndeks partner\u00fclikoolides. Lisaks pakutakse l\u00fchiajalise v\u00f5i p\u00f5imitud \u00f5pir\u00e4nde v\u00f5imalusi ja virtuaalmobiilsust.\u00a0 Tehakse tihedat koost\u00f6\u00f6d strateegiliste partneritega \u00fchis- v\u00f5i osaliselt \u00fchiste \u00f5ppekavade loomiseks.<\/p>\n\n\t\t\t\t\t\t<\/div>\n\t\t\t\t\t<\/div>\n\t\t\t\t<\/div>\n\t\t\t\t\t<\/div>\n\t<\/div>\n\n\n<section class=\"page-cards-block page-section page-section--wide\">\n    <h2 class=\"visually-hidden\">Lehed<\/h2>\n    <div class=\"container-fluid g-0\">\n      <div class=\"row g-0\">\n                  <div class=\"col-md-4\">\n            <div class=\"page-card d-flex justify-content-center align-items-end w-100 position-relative\" style=\"background-image: url(https:\/\/sisu.ut.ee\/wp-content\/uploads\/sites\/977\/IMG_6358-1024x768.jpg);\">\n  <div class=\"page-card__content text-center w-100 p-2 p-lg-4\">\n          <h3 class=\"h4 text-white mb-2\">Protsess<\/h3>\n        <a href=\"https:\/\/sisu.ut.ee\/oppekavaarendus\/protsess\/\" class=\"btn btn-outline-light btn-icon\" target=\"_self\">Loe l\u00e4hemalt<\/a>\n  <\/div>\n<\/div>\n          <\/div>\n                  <div class=\"col-md-4\">\n            <div class=\"page-card d-flex justify-content-center align-items-end w-100 position-relative\" style=\"background-image: url(https:\/\/sisu.ut.ee\/wp-content\/uploads\/sites\/977\/IMG_5998-1024x768.jpeg);\">\n  <div class=\"page-card__content text-center w-100 p-2 p-lg-4\">\n          <h3 class=\"h4 text-white mb-2\">Materjalid<\/h3>\n        <a href=\"https:\/\/sisu.ut.ee\/oppekavaarendus\/materjalid\/\" class=\"btn btn-outline-light btn-icon\" target=\"_self\">Loe l\u00e4hemalt<\/a>\n  <\/div>\n<\/div>\n          <\/div>\n                  <div class=\"col-md-4\">\n            <div class=\"page-card d-flex justify-content-center align-items-end w-100 position-relative\" style=\"background-image: url(https:\/\/sisu.ut.ee\/wp-content\/uploads\/sites\/977\/oppeosakond-2-1024x681.jpg);\">\n  <div class=\"page-card__content text-center w-100 p-2 p-lg-4\">\n          <h3 class=\"h4 text-white mb-2\">KKK<\/h3>\n        <a href=\"https:\/\/sisu.ut.ee\/oppekavaarendus\/kkk\/\" class=\"btn btn-outline-light btn-icon\" target=\"_self\">Loe l\u00e4hemalt<\/a>\n  <\/div>\n<\/div>\n          <\/div>\n              <\/div>\n    <\/div>\n  <\/section>\n","protected":false},"excerpt":{"rendered":"<p>See veebileht on loodud selleks, et toetada Tartu \u00dclikooli \u00f5ppekavade s\u00fcsteemset ja sisukat arendamist. Siit leiab koondatult \u00f5ppekavaarenduse p\u00f5him\u00f5tted, protsessi kirjelduse, praktilised t\u00f6\u00f6riistad ja materjalid ning info \u00fclikoolis pakutava toe kohta. Leht on eelk\u00f5ige m\u00f5eldud programmijuhtidele, kes juhivad \u00f5ppekavaarendust ja &#8230;<\/p>\n","protected":false},"author":9,"featured_media":0,"parent":0,"menu_order":0,"comment_status":"closed","ping_status":"open","template":"","meta":{"_acf_changed":false,"inline_featured_image":false,"footnotes":""},"class_list":["post-2","page","type-page","status-publish","hentry"],"acf":[],"_links":{"self":[{"href":"https:\/\/sisu.ut.ee\/oppekavaarendus\/wp-json\/wp\/v2\/pages\/2","targetHints":{"allow":["GET"]}}],"collection":[{"href":"https:\/\/sisu.ut.ee\/oppekavaarendus\/wp-json\/wp\/v2\/pages"}],"about":[{"href":"https:\/\/sisu.ut.ee\/oppekavaarendus\/wp-json\/wp\/v2\/types\/page"}],"author":[{"embeddable":true,"href":"https:\/\/sisu.ut.ee\/oppekavaarendus\/wp-json\/wp\/v2\/users\/9"}],"replies":[{"embeddable":true,"href":"https:\/\/sisu.ut.ee\/oppekavaarendus\/wp-json\/wp\/v2\/comments?post=2"}],"version-history":[{"count":30,"href":"https:\/\/sisu.ut.ee\/oppekavaarendus\/wp-json\/wp\/v2\/pages\/2\/revisions"}],"predecessor-version":[{"id":553,"href":"https:\/\/sisu.ut.ee\/oppekavaarendus\/wp-json\/wp\/v2\/pages\/2\/revisions\/553"}],"wp:attachment":[{"href":"https:\/\/sisu.ut.ee\/oppekavaarendus\/wp-json\/wp\/v2\/media?parent=2"}],"curies":[{"name":"wp","href":"https:\/\/api.w.org\/{rel}","templated":true}]}}