{"id":122,"date":"2026-02-05T14:24:21","date_gmt":"2026-02-05T12:24:21","guid":{"rendered":"https:\/\/sisu.ut.ee\/oppekavaarendus\/?page_id=122"},"modified":"2026-04-17T11:51:02","modified_gmt":"2026-04-17T08:51:02","slug":"tehisarusaadikud","status":"publish","type":"page","link":"https:\/\/sisu.ut.ee\/oppekavaarendus\/tehisarusaadikud\/","title":{"rendered":"Tehisarusaadikud"},"content":{"rendered":"<p>Tehisarusaadikud on instituutides ja kolled\u017eites tegutsevad eriala inimesed, kes toetavad \u00f5ppekavaarendust tehisaru ajastul. Nende roll on n\u00f5ustada programmijuhte ja \u00f5ppej\u00f5ude erialaste tehisarup\u00e4devuste m\u00e4\u00e4ratlemisel, aidata l\u00f5imida tehisaru kasutamist ainetesse ning toetada programmijuhte l\u00f5put\u00f6\u00f6de protsessi ja hindamiskriteeriumite ajakohastamises, et need v\u00f5imaldaksid hinnata \u00f5ppija tegelikke teadmisi ja oskusi.<\/p>\n<p>Tehisarusaadiku poole tasub p\u00f6\u00f6rduda siis, kui soovid arutada, milliseid tehisaruga seotud p\u00e4devusi peaks sinu \u00f5ppekava l\u00f5petaja omandama; kuidas aidata \u00f5ppekava \u00f5ppej\u00f5ududel s\u00f5nastada ainete tehisaru kasutamise p\u00f5him\u00f5tteid ja kuidas kujundada \u00f5pi\u00fclesandeid nii, et tehisaru toetaks s\u00fcgavat \u00f5ppimist; v\u00f5i aru pidada, kuidas muuta l\u00f5put\u00f6\u00f6 juhend ja hindamismaatriks tehisarukindlamaks. Samuti aitavad saadikud algatada arutelusid ja \u00f5piringe ning kujundada \u00f5ppekava tasandil terviklikku teekaarti tehisarup\u00e4devuse arendamiseks.<\/p>\n<h3>Tehisarusaadikute tegevus<\/h3>\n<p>Tehisarusaadikute t\u00f6\u00f6 eesm\u00e4rk on toetada sellist \u00f5ppekavaarendust, mille tulemusel arendavad \u00f5ppeained s\u00fcsteemselt \u00f5ppijate tehisarup\u00e4devust, keskendudes eelk\u00f5ige erialaselt kasutatavatele t\u00f6\u00f6riistadele ja praktikatele. Samal ajal suunatakse \u00f5ppej\u00f5ude kasutama tehisaru viisil, mis toetab \u00f5ppimist ja aitab kujundada \u00f5ppijate iseseisvaid oskusi. Oluline on, et \u00f5ppijad k\u00e4sitleksid tehisaru \u00f5ppimist toetava vahendina, mitte \u00fclesannete nende eest sooritajana. Lisaks toetavad tehisarusaadikud l\u00f5put\u00f6\u00f6de protsessi ja hindamiskriteeriumide ajakohastamist, et need oleksid tehisarukindlamad ning v\u00f5imaldaksid hinnata \u00f5ppija tegelikke teadmisi ja oskusi.<\/p>\n<p>Tehisarusaadikute tegevus l\u00e4htub eelk\u00f5ige iga instituudi ja \u00f5ppekava konkreetsetest vajadustest. Roll ei ole k\u00f5ikjal \u00fchesugune, vaid kujuneb koost\u00f6\u00f6s programmijuhtide ja \u00f5ppejuhtidega, arvestades erialade erip\u00e4rasid, olemasolevaid praktikaid ja arendusprioriteete. \u00dcldjuhul toetab \u00fcks saadik 2\u20134 \u00f5ppekava, s\u00f5ltuvalt nende mahust ja keerukusest.<\/p>\n<p>Saadikud panustavad \u00f5ppekavaarendusse mitmel viisil. Nad n\u00f5ustavad programmijuhte erialaste tehisaruoskuste ja sobivate t\u00f6\u00f6riistade m\u00e4\u00e4ratlemisel ning toetavad nende l\u00f5imimist kursustesse ja \u00f5pi\u00fclesannetesse. Samuti aitavad nad k\u00e4ivitada \u00f5ppej\u00f5udude \u00f5piringe ja arutelusid, kus s\u00f5nastatakse kursuste tehisaru kasutamise p\u00f5him\u00f5tteid ja jagatakse omavahel h\u00e4id praktikaid.<\/p>\n<p>Oluline osa rollist on l\u00f5put\u00f6\u00f6de kirjutamisprotsessi ja hindamiskriteeriumite ajakohastamise toetamine ning \u00f5ppijate vajaduste kaardistamine koost\u00f6\u00f6s programmijuhtidega. Eesm\u00e4rgiks on koostada igale \u00f5ppekavale tehisarup\u00e4devuse arendamise teekaart, mis aitab siduda \u00fcksikud muudatused terviklikuks arenguks.<\/p>\n<h3>Tehisarusaadikute t\u00f6\u00f6 tulemuse hindamine<\/h3>\n<p>Tehisarusaadikute t\u00f6\u00f6 tulemuslikkust hinnatakse \u00f5ppekava arendust\u00f6\u00f6 k\u00e4igus saavutatud muutuste p\u00f5hjal. Arenduse tulemused vaatab \u00fcle valdkonna \u00f5ppekomisjon, kes hindab, mil m\u00e4\u00e4ral on \u00f5ppekava s\u00fcsteemselt kohandatud tehisaru ajastu vajadustele vastavaks.<\/p>\n<p>T\u00f6\u00f6 tulemusena on \u00f5ppekaval m\u00e4\u00e4ratletud peamised erialased tehisarup\u00e4devused ja -t\u00f6\u00f6riistad, mida l\u00f5petaja valdab, ning koostatud selge teekaart nende oskuste j\u00e4rjepidevaks arendamiseks. Tehisarup\u00e4devused kajastuvad nii ainete \u00f5piv\u00e4ljundites kui ka konkreetsetes \u00f5pi\u00fclesannetes ning k\u00f5ikidel \u00f5ppeainetel on s\u00f5nastatud tehisaru kasutamise p\u00f5him\u00f5tted. Samuti on ajakohastatud l\u00f5put\u00f6\u00f6de juhend ja hindamiskriteeriumid, et need v\u00f5imaldaksid hinnata \u00f5ppija tegelikke teadmisi ja oskusi ka tehisaru laialdase kasutuse tingimustes. Oluline pikaajaline hindamiskriteerium on see, et \u00f5ppej\u00f5ud osalevad j\u00e4rjepidevalt tehisarup\u00e4devusi arendavatel koolitustel ning \u00f5ppekava tagasiside \u2013 mida programmijuht saab hinnata ka hilisemas vaates \u2013 kinnitab, et \u00f5ppijate tehisarup\u00e4devused on tegelikult arenenud.<\/p>\n<h3>\u00dclikoolipoolne tugi tehisarusaadikutele<\/h3>\n<p>\u00dclikoolipoolse toena on loodud tehisarusaadikute v\u00f5rgustik, mille eesm\u00e4rk on toetada tehisarusaadikuid \u00f5ppekavade arendamisel, pakkudes neile \u00f5piringe, metoodilist tuge ja koolitusv\u00f5imalusi, et \u00fclikooli l\u00f5petajad omandaksid teadliku, eesm\u00e4rgip\u00e4rase ja erialaselt p\u00f5hjendatud tehisaru kasutamise oskuse. V\u00f5rgustikku koordineerib Tartu \u00dclikooli \u00f5ppimis- ja \u00f5petamiskeskus, koordinaatorina Heiko P\u00e4\u00e4bo.<\/p>\n<h3>Saadikute nimekiri<\/h3>\n<p><strong>Humanitaarteaduste ja kunstide valdkond<\/strong><\/p>\n<ul>\n<li>Ajaloo ja arheoloogia instituut: Hanna-Riin Karu <a href=\"mailto:hanna-riin.karu@ut.ee\">hanna-riin.karu@ut.ee<\/a>, Marge Konsa <a href=\"mailto:marge.konsa@ut.ee\">marge.konsa@ut.ee<\/a><\/li>\n<li>Eesti ja \u00fcldkeeleteaduse instituut: Helen Hint <a href=\"mailto:helen.hint@ut.ee\">helen.hint@ut.ee<\/a><\/li>\n<li>Filosoofia ja semiootika instituut: Vivian Puusepp <a href=\"mailto:vivian.puusepp@ut.ee\">vivian.puusepp@ut.ee<\/a>, Auli Viidalepp <a href=\"mailto:auli.viidalepp@ut.ee\">auli.viidalepp@ut.ee<\/a><\/li>\n<li>Kultuuriteaduste instituut: Pihla Maria Siim <a href=\"mailto:pihla.siim@ut.ee\">pihla.siim@ut.ee<\/a><\/li>\n<li>Maailma keelte ja kultuuride instituut: Anneli Sigus <a href=\"mailto:anneli.sigus@ut.ee\">anneli.sigus@ut.ee<\/a>, Liina Tammek\u00e4nd <a href=\"mailto:liina.tammekand@ut.ee\">liina.tammekand@ut.ee<\/a><\/li>\n<li>Usuteaduskond: Atko Remmel <a href=\"mailto:atko.remmel@ut.ee\">atko.remmel@ut.ee<\/a><\/li>\n<li>Viljandi kultuuriakadeemia: Taavet Jansen <a href=\"mailto:taavet.jansen@ut.ee\">taavet.jansen@ut.ee<\/a>, Eilika M\u00e4tas <a href=\"mailto:eilika.matas@ut.ee\">eilika.matas@ut.ee<\/a>, Themuri Sulamanidze <a href=\"mailto:themuri.sulamanidze@ut.ee\">themuri.sulamanidze@ut.ee<\/a>, Kristiina Urb <a href=\"mailto:kristiina.urb@ut.ee\">kristiina.urb@ut.ee<\/a><\/li>\n<\/ul>\n<p><strong>Meditsiiniteaduste valdkond<\/strong><\/p>\n<ul>\n<li>Bio- ja siirdemeditsiini instituut: Uku Haljasorg <a href=\"mailto:uku.haljasorg@ut.ee\">uku.haljasorg@ut.ee<\/a>, Lumme Kadaja-\u00c4nilane <a href=\"mailto:lumme.kadaja-anilane@ut.ee\">lumme.kadaja-anilane@ut.ee<\/a>, Anti Kalda <a href=\"mailto:anti.kalda@ut.ee\">anti.kalda@ut.ee<\/a>, Aili Tagoma <a href=\"mailto:aili.tagoma@ut.ee\">aili.tagoma@ut.ee<\/a>, Janek Urvik <a href=\"mailto:janek.urvik@ut.ee\">janek.urvik@ut.ee<\/a><\/li>\n<li>Farmaatsia instituut: Liis Preem <a href=\"mailto:liis.preem@ut.ee\">liis.preem@ut.ee<\/a><\/li>\n<li>Hambaarstiteaduse instituut: Triin Marandi <a href=\"mailto:Triin.Marandi@ut.ee\">Triin.Marandi@ut.ee<\/a><\/li>\n<li>Kliinilise meditsiini instituut: Oliver Taul <a href=\"mailto:oliver.taul@ut.ee\">oliver.taul@ut.ee<\/a><\/li>\n<li>Peremeditsiini ja rahvatervishoiu instituut: Kalle Kipper <a href=\"mailto:kalle.kipper@ut.ee\">kalle.kipper@ut.ee<\/a><\/li>\n<li>Sporditeaduste ja f\u00fcsioteraapia instituut: Henri Tilga <a href=\"mailto:henri.tilga@ut.ee\">henri.tilga@ut.ee<\/a><\/li>\n<li>Tehisarusaadikute tugi MV dekanaat: Neeme Ilves <a href=\"mailto:neeme.ilves@ut.ee\">neeme.ilves@ut.ee<\/a><\/li>\n<\/ul>\n<p><strong>Loodus- ja t\u00e4ppisteaduste valdkond<\/strong><\/p>\n<ul>\n<li>Arvutiteaduse instituut: Heili Orav <a href=\"mailto:heili.orav@ut.ee\">heili.orav@ut.ee<\/a>, Alo Peets <a href=\"mailto:alo.peets@ut.ee\">alo.peets@ut.ee<\/a>, Sulev Reisberg <a href=\"mailto:Sulev.Reisberg@ut.ee\">Sulev.Reisberg@ut.ee<\/a>, Ardi Tampuu <a href=\"mailto:ardi.tampuu@ut.ee\">ardi.tampuu@ut.ee<\/a><\/li>\n<li>F\u00fc\u00fcsika instituut: Toomas Plank <a href=\"mailto:toomas.plank@ut.ee\">toomas.plank@ut.ee<\/a><\/li>\n<li>Keemia instituut: Karmen Lust <a href=\"mailto:Karmen.Lust@ut.ee\">Karmen.Lust@ut.ee<\/a>, Pilleriin Peets <a href=\"mailto:pilleriin.peets@ut.ee\">pilleriin.peets@ut.ee<\/a><\/li>\n<li>Matemaatika ja statistika instituut: Anastassia Kolde <a href=\"mailto:anastassia.kolde@ut.ee\">anastassia.kolde@ut.ee<\/a>, Tiina Kraav <a href=\"mailto:tiina.kraav@ut.ee\">tiina.kraav@ut.ee<\/a><\/li>\n<li>Molekulaar- ja rakubioloogia instituut: Age Brauer <a href=\"mailto:age.brauer@ut.ee\">age.brauer@ut.ee<\/a><\/li>\n<li>\u00d6koloogia ja maateaduste instituut: Mikk Espenberg <a href=\"mailto:mikk.espenberg@ut.ee\">mikk.espenberg@ut.ee<\/a>, Triinu Jairus <a href=\"mailto:triinu.jairus@ut.ee\">triinu.jairus@ut.ee<\/a>, Jaanis Lodjak <a href=\"mailto:jaanis.lodjak@ut.ee\">jaanis.lodjak@ut.ee<\/a>, Janari Teessar <a href=\"mailto:janari.teessar@ut.ee\">janari.teessar@ut.ee<\/a><\/li>\n<\/ul>\n<p><strong>Sotsiaalteaduste valdkond<\/strong><\/p>\n<ul>\n<li>Haridusteaduste instituut: Maia Lust <a href=\"mailto:maia.lust@ut.ee\">maia.lust@ut.ee<\/a><\/li>\n<li>Johan Skytte poliitikauuringute instituut: Heiko P\u00e4\u00e4bo <a href=\"mailto:Heiko.Paabo@ut.ee\">Heiko.Paabo@ut.ee<\/a><\/li>\n<li>Majandusteaduskond: Raul Omel <a href=\"mailto:raul.omel@ut.ee\">raul.omel@ut.ee<\/a>, Triinu Pihus <a href=\"mailto:triinu.pihus@ut.ee\">triinu.pihus@ut.ee<\/a><\/li>\n<li>Ps\u00fchholoogia instituut: Toivo Aavik <a href=\"mailto:toivo.aavik@ut.ee\">toivo.aavik@ut.ee<\/a>, Iiris Tuvi <a href=\"mailto:iiris.tuvi@ut.ee\">iiris.tuvi@ut.ee<\/a><\/li>\n<li>\u00d5igusteaduskond: Age V\u00e4rv <a href=\"mailto:age.varv@ut.ee\">age.varv@ut.ee<\/a><\/li>\n<li>\u00dchiskonnateaduste instituut: Hanna Kerstina Kartau <a href=\"mailto:hanna.kerstina.kartau@ut.ee\">hanna.kerstina.kartau@ut.ee<\/a>, Maris M\u00e4nniste <a href=\"mailto:maris.manniste@ut.ee\">maris.manniste@ut.ee<\/a>, Marko Uibu <a href=\"mailto:marko.uibu@ut.ee\">marko.uibu@ut.ee<\/a><\/li>\n<li>Narva kolled\u017e: Maria \u017duravljova <a href=\"mailto:Maria.Zuravljova@ut.ee\">Maria.Zuravljova@ut.ee<\/a>, Erika Lorents <a href=\"mailto:erika.lorents@ut.ee\">erika.lorents@ut.ee<\/a>, Katrin Helendi <a href=\"mailto:katrin.helendi@ut.ee\">katrin.helendi@ut.ee<\/a><\/li>\n<li>P\u00e4rnu kolled\u017e: G\u00f6zell Haug <a href=\"mailto:gozell.haug@ut.ee\">gozell.haug@ut.ee<\/a>, Sandra Peegel <a href=\"mailto:sandra.peegel@ut.ee\">sandra.peegel@ut.ee<\/a>, Kaisa Raadik <a href=\"mailto:kaisa.raadik@ut.ee\">kaisa.raadik@ut.ee<\/a>, Tiina Tamm <a href=\"mailto:Tiina.Tamm@ut.ee\">Tiina.Tamm@ut.ee<\/a>, Urve Tammann <a href=\"mailto:urve.tammann@ut.ee\">urve.tammann@ut.ee<\/a>, Riina Tomast <a href=\"mailto:riina.tomast@ut.ee\">riina.tomast@ut.ee<\/a><\/li>\n<\/ul>\n\n\n<p><\/p>\n","protected":false},"excerpt":{"rendered":"<p>Tehisarusaadikud on instituutides ja kolled\u017eites tegutsevad eriala inimesed, kes toetavad \u00f5ppekavaarendust tehisaru ajastul. Nende roll on n\u00f5ustada programmijuhte ja \u00f5ppej\u00f5ude erialaste tehisarup\u00e4devuste m\u00e4\u00e4ratlemisel, aidata l\u00f5imida tehisaru kasutamist ainetesse ning toetada programmijuhte l\u00f5put\u00f6\u00f6de protsessi ja hindamiskriteeriumite ajakohastamises, et need v\u00f5imaldaksid hinnata &#8230;<\/p>\n","protected":false},"author":9,"featured_media":0,"parent":0,"menu_order":0,"comment_status":"closed","ping_status":"closed","template":"","meta":{"_acf_changed":false,"inline_featured_image":false,"footnotes":""},"class_list":["post-122","page","type-page","status-publish","hentry"],"acf":[],"_links":{"self":[{"href":"https:\/\/sisu.ut.ee\/oppekavaarendus\/wp-json\/wp\/v2\/pages\/122","targetHints":{"allow":["GET"]}}],"collection":[{"href":"https:\/\/sisu.ut.ee\/oppekavaarendus\/wp-json\/wp\/v2\/pages"}],"about":[{"href":"https:\/\/sisu.ut.ee\/oppekavaarendus\/wp-json\/wp\/v2\/types\/page"}],"author":[{"embeddable":true,"href":"https:\/\/sisu.ut.ee\/oppekavaarendus\/wp-json\/wp\/v2\/users\/9"}],"replies":[{"embeddable":true,"href":"https:\/\/sisu.ut.ee\/oppekavaarendus\/wp-json\/wp\/v2\/comments?post=122"}],"version-history":[{"count":13,"href":"https:\/\/sisu.ut.ee\/oppekavaarendus\/wp-json\/wp\/v2\/pages\/122\/revisions"}],"predecessor-version":[{"id":485,"href":"https:\/\/sisu.ut.ee\/oppekavaarendus\/wp-json\/wp\/v2\/pages\/122\/revisions\/485"}],"wp:attachment":[{"href":"https:\/\/sisu.ut.ee\/oppekavaarendus\/wp-json\/wp\/v2\/media?parent=122"}],"curies":[{"name":"wp","href":"https:\/\/api.w.org\/{rel}","templated":true}]}}