{"id":12,"date":"2026-02-05T09:49:08","date_gmt":"2026-02-05T07:49:08","guid":{"rendered":"https:\/\/sisu.ut.ee\/oppekavaarendus\/?page_id=12"},"modified":"2026-05-07T10:52:59","modified_gmt":"2026-05-07T07:52:59","slug":"materjalid","status":"publish","type":"page","link":"https:\/\/sisu.ut.ee\/oppekavaarendus\/materjalid\/","title":{"rendered":"Materjalid"},"content":{"rendered":"<h3>Kasulikud materjalid, juhendid jms<\/h3>\n<ul>\n<li><a href=\"https:\/\/www.riigiteataja.ee\/akt\/112072019017?leiaKehtiv\" target=\"_blank\" rel=\"noopener\">K\u00f5rgharidusstandard<\/a><\/li>\n<\/ul>\n<h3>T\u00dc dokumendid ja head tavad, mis on on \u00f5ppekavaarenduse aluseks<\/h3>\n<ul>\n<li><a href=\"https:\/\/ut.ee\/et\/sisu\/oppekava-ulesehitus\" target=\"_blank\" rel=\"noopener\">\u00d5ppekava \u00fclesehitus<\/a><\/li>\n<li><a href=\"https:\/\/sisu.ut.ee\/wp-content\/uploads\/sites\/977\/kehtib_alates_19_12_2025_Oppekava_statuut.pdf\" target=\"_blank\" rel=\"noopener\">\u00d5ppekava statuut<\/a><\/li>\n<li><a href=\"https:\/\/sisu.ut.ee\/ope\/oppekorraldus-eeskiri\/\" target=\"_blank\" rel=\"noopener\">\u00d5KE<\/a><\/li>\n<li><a href=\"https:\/\/ut.ee\/et\/arengukava\" target=\"_blank\" rel=\"noopener\">T\u00dc arengukava 2026-2035<\/a><\/li>\n<li><a href=\"https:\/\/ut.ee\/et\/sisu\/opetamise-hea-tava\" target=\"_blank\" rel=\"noopener\">\u00d5petamise hea tava<\/a><\/li>\n<li><a href=\"https:\/\/ut.ee\/et\/sisu\/oppimise-hea-tava\" target=\"_blank\" rel=\"noopener\">\u00d5ppimise hea tava<\/a><\/li>\n<li><a href=\"https:\/\/ut.ee\/et\/sisu\/vaartused-ja-vastutus\" target=\"_blank\" rel=\"noopener\">Teadus\u00fclikooli alusv\u00e4\u00e4rtused<\/a><\/li>\n<\/ul>\n<h3>\u00d5ppekavaarenduse juhend- ja abimaterjalid<\/h3>\n<ul>\n<li>\u00a0<a href=\"https:\/\/share.articulate.com\/yQmDE1teBM7aSq0NyFhLi#\/\" target=\"_blank\" rel=\"noopener\">\u00d5ppekavaarenduse eestvedamine k\u00f5rgkoolis (HAKA)<\/a><\/li>\n<li>\u00a0<a href=\"https:\/\/haka.ee\/chat-gpt-oppekava-loomise-abivahend\/\" target=\"_blank\" rel=\"noopener\">\u00d5ppekava loomise assistendid (tasuline v\u00f5i tasuta ChatGPT, t\u00e4iend\u00f5ppeprogrammide jaoks) (HAKA)<\/a><\/li>\n<li>\u00a0<a href=\"https:\/\/uuringud.oska.kutsekoda.ee\" target=\"_blank\" rel=\"noopener\">OSKA uuringud<\/a><\/li>\n<li><a href=\"https:\/\/praktika.ut.ee\/tulevikuoskused\/\" target=\"_blank\" rel=\"noopener\">Tulevikuoskused<\/a><\/li>\n<li><a href=\"https:\/\/sisu.ut.ee\/wp-content\/uploads\/sites\/977\/Opivaljundite_eneseanaluus_vordlus_KHS-iga-3.xls\" target=\"_blank\" rel=\"noopener\">Tabel \u00f5piv\u00e4ljundite v\u00f5rdlemiseks k\u00f5rgharidusstandardiga<\/a><\/li>\n<li>\u00a0<a href=\"https:\/\/docs.google.com\/spreadsheets\/d\/1k-W0P2VnOv2jSIxoC-DcXxzwEFjIhQzIWRATMlAohEM\/edit?gid=0#gid=0\" target=\"_blank\" rel=\"noopener\">\u00d5ppekavaarenduse tegevuste tabel<\/a><\/li>\n<li>\u00a0<a href=\"https:\/\/m365.cloud.microsoft\/chat\/?titleId=T_56aad453-1739-ae9c-502c-c9ff94bf8d7e&amp;source=embedded-builder\" target=\"_blank\" rel=\"noopener\">\u00d5ppekava \u00f5piv\u00e4ljundite anal\u00fc\u00fcsimise assistent (T\u00dc Copilot Chat)<\/a><\/li>\n<\/ul>\n<h3>\u00d5ppekavaarenduse teemalised uuringud ja k\u00e4siraamatud<\/h3>\n<ul>\n<li><a href=\"https:\/\/www.researchgate.net\/publication\/379123227_Course_Design\" target=\"_blank\" rel=\"noopener\">Lanares, Jacques &amp; Laperrouza, Marc &amp; Sylvestre, Emmanuel. (2024). Course Design.<\/a><\/li>\n<li><a href=\"https:\/\/www.researchgate.net\/publication\/282655161_Curriculum_Design_in_Higher_Education_Theory_to_Practice\" target=\"_blank\" rel=\"noopener\">O\u2019Neill, Geraldine. (2015). Curriculum Design in Higher Education: Theory to Practice.<\/a><\/li>\n<\/ul>\n\n\n<p><\/p>\n","protected":false},"excerpt":{"rendered":"<p>Kasulikud materjalid, juhendid jms K\u00f5rgharidusstandard T\u00dc dokumendid ja head tavad, mis on on \u00f5ppekavaarenduse aluseks \u00d5ppekava \u00fclesehitus \u00d5ppekava statuut \u00d5KE T\u00dc arengukava 2026-2035 \u00d5petamise hea tava \u00d5ppimise hea tava Teadus\u00fclikooli alusv\u00e4\u00e4rtused \u00d5ppekavaarenduse juhend- ja abimaterjalid \u00a0\u00d5ppekavaarenduse eestvedamine k\u00f5rgkoolis (HAKA) \u00a0\u00d5ppekava &#8230;<\/p>\n","protected":false},"author":9,"featured_media":0,"parent":0,"menu_order":0,"comment_status":"closed","ping_status":"closed","template":"","meta":{"_acf_changed":false,"inline_featured_image":false,"footnotes":""},"class_list":["post-12","page","type-page","status-publish","hentry"],"acf":[],"_links":{"self":[{"href":"https:\/\/sisu.ut.ee\/oppekavaarendus\/wp-json\/wp\/v2\/pages\/12","targetHints":{"allow":["GET"]}}],"collection":[{"href":"https:\/\/sisu.ut.ee\/oppekavaarendus\/wp-json\/wp\/v2\/pages"}],"about":[{"href":"https:\/\/sisu.ut.ee\/oppekavaarendus\/wp-json\/wp\/v2\/types\/page"}],"author":[{"embeddable":true,"href":"https:\/\/sisu.ut.ee\/oppekavaarendus\/wp-json\/wp\/v2\/users\/9"}],"replies":[{"embeddable":true,"href":"https:\/\/sisu.ut.ee\/oppekavaarendus\/wp-json\/wp\/v2\/comments?post=12"}],"version-history":[{"count":15,"href":"https:\/\/sisu.ut.ee\/oppekavaarendus\/wp-json\/wp\/v2\/pages\/12\/revisions"}],"predecessor-version":[{"id":574,"href":"https:\/\/sisu.ut.ee\/oppekavaarendus\/wp-json\/wp\/v2\/pages\/12\/revisions\/574"}],"wp:attachment":[{"href":"https:\/\/sisu.ut.ee\/oppekavaarendus\/wp-json\/wp\/v2\/media?parent=12"}],"curies":[{"name":"wp","href":"https:\/\/api.w.org\/{rel}","templated":true}]}}