{"id":7,"date":"2024-04-04T05:28:23","date_gmt":"2024-04-04T02:28:23","guid":{"rendered":"https:\/\/sisu.ut.ee\/oppeaine-tagasiside\/home-0\/"},"modified":"2025-03-13T14:43:27","modified_gmt":"2025-03-13T12:43:27","slug":"home-0","status":"publish","type":"page","link":"https:\/\/sisu.ut.ee\/oppeaine-tagasiside\/","title":{"rendered":"Avaleht"},"content":{"rendered":"<p style=\"text-align: left;\"><strong>Koostajad: K. Uiboleht, A. Schults, M. Karm, A. Valk<\/strong><\/p>\n<p>Alates 2019. aasta kevadsemestrist Tartu \u00dclikoolis kasututav \u00f5ppeaine tagasiside k\u00fcsimustik on m\u00f5eldud eelk\u00f5ige \u00f5ppej\u00f5ule oma \u00f5ppeaine arendamiseks. K\u00fcsimustik v\u00f5imaldab saada tagasisidet \u00fcli\u00f5pilase \u00f5pikogemuse kohta \u00f5ppeaines tervikuna. Kui \u00f5ppeainet \u00f5petab mitu \u00f5ppej\u00f5udu, siis on oluline roll vastutaval \u00f5ppej\u00f5ul, kes saab infot kasutada \u00f5ppeaine kui terviku arendamiseks.<\/p>\n<p>K\u00fcsimustiku \u00fclesehituse, v\u00e4idete ja k\u00fcsimuste aluseks on k\u00f5rgharidusvaldkonna \u00f5petamise ja \u00f5ppimise uuringud. Vastused v\u00f5imaldavad m\u00f5ista, kuiv\u00f5rd aines loodud \u00f5pikeskkond toetas \u00f5ppimist ja milliseks kujunes \u00f5ppija panus. Viimane on h\u00e4davajalik, et \u00f5ppimine saaks toimuda.<\/p>\n<p>\u00d5ppeaine tagasiside k\u00fcsimustik on \u00fcks \u00f5ppeaine arendamiseks info kogumise v\u00f5imalustest. \u00d5ppej\u00f5ud saab kasutada erinevaid meetodeid \u00f5petamise kohta info kogumiseks [3] [5]. N\u00e4iteks v\u00f5ib k\u00fcsida \u00fcli\u00f5pilaste tagasisidet \u00f5ppeprotsessi kestel, et muutuste vajaduse ilmnemisel kiiresti reageerida.<\/p>\n<p>Siinse juhendi eesm\u00e4rk on toetada \u00f5ppej\u00f5udu \u00f5ppeaine tagasiside k\u00fcsimustikuga kogutud info t\u00f5lgendamisel ning sellest l\u00e4htuvalt \u00f5ppeaine arendamisel. Juhendi koostamise aluseks on \u00f5ppeaine tagasiside k\u00fcsimustiku testimise k\u00e4igus saadud info, inspiratsiooniks oli Rootsi Kuningliku Tehnikainstituudi vastav juhend [4].<\/p>\n<p>Uue \u00f5ppeaine tagasiside k\u00fcsimustikuga 2019. aasta kevad- ja s\u00fcgissemestril kogutud andmeid anal\u00fc\u00fcsiti p\u00f5hjalikumalt ning tulemused on avaldatud artiklis, millega saab tutvuda nii <a href=\"https:\/\/siseveeb.ut.ee\/sites\/default\/files\/siseveebi_failid\/dokumendid\/%C3%95ppet%C3%B6%C3%B6\/%C3%95ppeainete%20hindamine\/oppeaine_tagasisidekusitluse_esmased_tulemused_ja_analuus_artikkel_eesti_keeles.pdf\">eesti keeles<\/a> kui <a href=\"https:\/\/siseveeb.ut.ee\/sites\/default\/files\/siseveebi_failid\/dokumendid\/%C3%95ppet%C3%B6%C3%B6\/%C3%95ppeainete%20hindamine\/article_course_feedback_eng_april_2020.pdf\">inglise keeles<\/a>.<\/p>\n","protected":false},"excerpt":{"rendered":"<p>Koostajad: K. Uiboleht, A. Schults, M. Karm, A. Valk Alates 2019. aasta kevadsemestrist Tartu \u00dclikoolis kasututav \u00f5ppeaine tagasiside k\u00fcsimustik on m\u00f5eldud eelk\u00f5ige \u00f5ppej\u00f5ule oma \u00f5ppeaine arendamiseks. K\u00fcsimustik v\u00f5imaldab saada tagasisidet \u00fcli\u00f5pilase \u00f5pikogemuse kohta \u00f5ppeaines tervikuna. Kui \u00f5ppeainet \u00f5petab mitu \u00f5ppej\u00f5udu, &#8230;<\/p>\n","protected":false},"author":8,"featured_media":0,"parent":0,"menu_order":0,"comment_status":"closed","ping_status":"closed","template":"","meta":{"_acf_changed":false,"inline_featured_image":false,"footnotes":""},"class_list":["post-7","page","type-page","status-publish","hentry"],"acf":[],"_links":{"self":[{"href":"https:\/\/sisu.ut.ee\/oppeaine-tagasiside\/wp-json\/wp\/v2\/pages\/7","targetHints":{"allow":["GET"]}}],"collection":[{"href":"https:\/\/sisu.ut.ee\/oppeaine-tagasiside\/wp-json\/wp\/v2\/pages"}],"about":[{"href":"https:\/\/sisu.ut.ee\/oppeaine-tagasiside\/wp-json\/wp\/v2\/types\/page"}],"author":[{"embeddable":true,"href":"https:\/\/sisu.ut.ee\/oppeaine-tagasiside\/wp-json\/wp\/v2\/users\/8"}],"replies":[{"embeddable":true,"href":"https:\/\/sisu.ut.ee\/oppeaine-tagasiside\/wp-json\/wp\/v2\/comments?post=7"}],"version-history":[{"count":6,"href":"https:\/\/sisu.ut.ee\/oppeaine-tagasiside\/wp-json\/wp\/v2\/pages\/7\/revisions"}],"predecessor-version":[{"id":107,"href":"https:\/\/sisu.ut.ee\/oppeaine-tagasiside\/wp-json\/wp\/v2\/pages\/7\/revisions\/107"}],"wp:attachment":[{"href":"https:\/\/sisu.ut.ee\/oppeaine-tagasiside\/wp-json\/wp\/v2\/media?parent=7"}],"curies":[{"name":"wp","href":"https:\/\/api.w.org\/{rel}","templated":true}]}}