{"id":11,"date":"2024-04-04T05:28:24","date_gmt":"2024-04-04T02:28:24","guid":{"rendered":"https:\/\/sisu.ut.ee\/oppeaine-tagasiside\/tagasisidekusimustik\/"},"modified":"2025-03-19T11:22:27","modified_gmt":"2025-03-19T09:22:27","slug":"tagasisidekusimustik","status":"publish","type":"page","link":"https:\/\/sisu.ut.ee\/oppeaine-tagasiside\/tagasisidekusimustik\/","title":{"rendered":"\u00d5ppeainete tagasiside k\u00fcsimustiku v\u00e4ited, selgitused ja skaalad"},"content":{"rendered":"<p>27.05.2019<\/p>\n\n\n\n<figure class=\"wp-block-table\"><table class=\"table table-hover\"><tbody><tr><td colspan=\"2\">\n<h3>1. osa. \u00d5petamine<\/h3>\n<p>\u00d5pikeskkonna loob ja kujundab suuresti \u00f5ppej\u00f5ud, st s\u00f5nastab eesm\u00e4rgid ja \u00f5piv\u00e4ljundid, valib \u00f5petamise ja hindamise meetodid, kujundab \u00f5ppija t\u00f6\u00f6koormust [11]. \u00d5ppej\u00f5ud saab \u00f5pikeskkonna kujundamisel arvestada \u00f5ppimist toetavate teguritega [21] [30] [16] [9] [29] [25] [14] [13] [24], nt pakkuda piisavalt proovile panevaid \u00fclesandeid, v\u00f5imaldada koost\u00f6\u00f6d, anda tagasisidet, mis aitab \u00fcli\u00f5pilasel m\u00f5ista, mida ja kuidas edasi \u00f5ppida.<\/p>\n<\/td><\/tr><tr><td><strong>V\u00c4ITED<\/strong><\/td><td><strong>SKAALA<\/strong><\/td><\/tr><tr><td><p>\u00d5ppeaine \u00fclesehitus toetas minu \u00f5ppimist. <a href=\"#\" data-bs-toggle=\"modal\" data-bs-target=\"#popup-modal\" data-title=\"(selgitus)\" data-content=\"\u00dcli\u00f5pilased seostasid selle v\u00e4itega teemade, \u00fclesannete loogilist j\u00e4rjekorda, erinevate tegevuste (loeng, seminar, \u00fclesanded) omavahelist koosk\u00f5la, iseseisva ja r\u00fchmat\u00f6\u00f6 \u00fclesannete selgust, t\u00f6\u00f6koormuse \u00fchtlast jaotust. K\u00f5rgemad hinnangud v\u00f5ivad seostuda erinevate tegevuste koosk\u00f5laga. Madalad hinnangud v\u00f5ivad viidata v\u00e4hestele v\u00f5imalustele j\u00e4rjepidevalt ainega tegelda; kontakt\u00f5ppe v\u00e4hesusele v\u00f5i \u00fcli\u00f5pilase jaoks valele ajastusele; probleemidele teemade j\u00e4rjestuse v\u00f5i \u00f5ppematerjalide asjakohasuse m\u00f5istmisel; \u00fclesannete ebaselgusele ning eba\u00fchtlasele t\u00f6\u00f6koormusele \u00f5ppeaines.\">(selgitus)<\/a><\/p>\n<p>\u00d5pitegevused veebikeskkonnas toetasid minu \u00f5ppimist aines. <a href=\"#\" data-bs-toggle=\"modal\" data-bs-target=\"#popup-modal\" data-title=\"(selgitus)\" data-content=\"K\u00fcsimus lisati ankeeti 2021. aasta s\u00fcgisel.\">(selgitus)<\/a><\/p>\n<p>\u00d5petamine oli selles \u00f5ppeaines mitmekesine (kasutati erisuguseid meetodeid ja \u00fclesandeid). <a href=\"#\" data-bs-toggle=\"modal\" data-bs-target=\"#popup-modal\" data-title=\"(selgitus)\" data-content=\"\u00dcli\u00f5pilased seostasid seda v\u00e4idet \u00fclesannete ja kontakt\u00f5ppe vaheldusrikkusega. K\u00f5rgemad hinnangud v\u00f5ivad seostuda m\u00f5istmisega, et nii sisult kui t\u00fc\u00fcbilt erinevate \u00fclesannete v\u00f5i meetodite kasutamine tegi \u00f5ppimise huvitavaks. Madalad hinnangud v\u00f5ivad viidata kontakt\u00f5ppe \u00fchetaolisele formaadile.\">(selgitus)<\/a><\/p>\n<p>\u00d5ppeaines arutlesime \u00f5pitava \u00fcle. <a href=\"#\" data-bs-toggle=\"modal\" data-bs-target=\"#popup-modal\" data-title=\"(selgitus)\" data-content=\"\u00dcli\u00f5pilased seostasid selle v\u00e4itega arutelusid nii loengutes, seminarides kui ka r\u00fchmat\u00f6\u00f6des. K\u00f5rgemad hinnangud v\u00f5ivad seostuda piisavate v\u00f5imalustega arutada \u00f5pitava \u00fcle. Madalad hinnangud v\u00f5ivad viidata aruteluv\u00f5imaluste v\u00e4hesusele v\u00f5i arutelude sisutusele. Suure \u00f5pper\u00fchma puhul v\u00f5ivad madalad hinnangud viidata asjaolule, et v\u00f5imalusi arutamiseks k\u00fcll loodi, kuid \u00f5ppija ei kasutatud neid.\">(selgitus)<\/a><\/p>\n<p>See \u00f5ppeaine pani mind intellektuaalses m\u00f5ttes proovile. <a href=\"#\" data-bs-toggle=\"modal\" data-bs-target=\"#popup-modal\" data-title=\"(selgitus)\" data-content=\"\u00dcli\u00f5pilased seostasid selle v\u00e4itega tegevuste uudsust, proovile panekut ning vajadust pingutada. K\u00f5rgemad hinnangud v\u00f5ivad seostuda \u00f5ppijapoolse pingutuse ja s\u00fcvenemisega. Madalamad hinnangud v\u00f5ivad viidata kas aine lihtsusele v\u00f5i mittem\u00f5istmisele, miks seda ainet oli vaja \u00f5ppida.\">(selgitus)<\/a><\/p>\n<p>Tagasiside aitas mul m\u00f5ista, milles pean oma teadmisi ja\/v\u00f5i oskusi edasi arendama. <a href=\"#\" data-bs-toggle=\"modal\" data-bs-target=\"#popup-modal\" data-title=\"(selgitus)\" data-content=\"\u00dcli\u00f5pilased seostasid selle v\u00e4itega tagasiside p\u00f5hjalikkust, \u00fcheselt m\u00f5istetavust ning seda, kuiv\u00f5rd tagasiside v\u00f5imaldas m\u00e4\u00e4ratleda arendamist vajavaid teadmisi ja oskusi. K\u00f5rgemad hinnangud v\u00f5ivad seostuda \u00fcli\u00f5pilaste m\u00f5istmisega, mis suunas nad peaks edasi arenema, mida \u00f5ppima, milles seisnesid vajakaj\u00e4\u00e4mised. Madalamad hinnanguid v\u00f5ivad viidata saadud hinde t\u00e4henduse mittem\u00f5istmisele v\u00f5i saadud tagasiside valele ajastusele (st \u00fcli\u00f5pilane ei saanud tagasisidet oma t\u00f6\u00f6 arendamisel v\u00f5i \u00f5ppimisel kasutada).\">(selgitus)<\/a><\/p>\n<p>\u00d5ppeaines hinnati seda, mida \u00f5petati. <a href=\"#\" data-bs-toggle=\"modal\" data-bs-target=\"#popup-modal\" data-title=\"(selgitus)\" data-content=\"\u00dcli\u00f5pilased seostasid selle v\u00e4itega koosk\u00f5la \u00f5petamise ja hindamise vahel. K\u00f5rgemad hinnanguid v\u00f5ivad seostuda ka m\u00f5istmisega, et&amp;nbsp; hindamise kohta oli piisavalt infot. Madalad hinnangud v\u00f5ivad viidata ebak\u00f5lale \u00f5ppeprotsessis \u00f5pitu ja eksamit\u00f6\u00f6 vahel (nt eksamil k\u00fcsiti k\u00fcsimusi, millega \u00f5ppeprotsessi k\u00e4igus ei tegeldud v\u00f5i k\u00fcsiti teistsugusel viisil) v\u00f5i sellega, et ei m\u00f5istetud, kuidas hinne kujunes.\">(selgitus)<\/a><\/p>\n<\/td><td>N\u00f5usolekuskaala (n\u00f5ustun; pigem n\u00f5ustun; pigem ei n\u00f5ustu; ei n\u00f5ustu). Kui Te ei saa v\u00e4idet selle \u00f5ppeaine kontekstis hinnata (nt tagasisidet ei antud), valige variant \u201eEi kehti\u201c.<\/td><\/tr><tr><td>Palun hinnake, kuiv\u00f5rd vastas \u00f5ppeaines tehtud t\u00f6\u00f6 maht selle eest saadud ainepunktidele (arvestades, et 1 EAP on 26 tundi t\u00f6\u00f6d).<a href=\"#\" data-bs-toggle=\"modal\" data-bs-target=\"#popup-modal\" data-title=\"(selgitus)\" data-content=\"\u00dcli\u00f5pilased seostasid sellele v\u00e4itele vastamisel \u00f5ppeaines tehtud t\u00f6\u00f6 ja saadud EAPde vastavust teiste \u00f5pitud ainete t\u00f6\u00f6mahuga. K\u00f5rgemad hinnangud v\u00f5ivad seostuda \u00fche EAP kohta tehtud liiga suure t\u00f6\u00f6 mahuga v\u00f5rreldes varasemalt l\u00e4bitud ainetega. Madalamad hinnangud v\u00f5ivad viidata, et \u00fcli\u00f5pilased tajusid ainet v\u00e4hem t\u00f6\u00f6d n\u00f5udvana. \">(selgitus)<\/a><\/td><td>T\u00f6\u00f6 maht oli liiga v\u00e4ike\/t\u00f6\u00f6 maht oli paras\/t\u00f6\u00f6 maht oli liiga suur\/ei kehti.<\/td><\/tr><tr><td><strong>AVATUD K\u00dcSIMUSED<\/strong><\/td><td>\u00a0<\/td><\/tr><tr><td>Mis aitas Teil selles \u00f5ppeaines \u00f5ppida? Mida teeksite selle \u00f5ppeaine \u00f5petamisel teisiti?<\/td><td>\u00a0<\/td><\/tr><\/tbody><\/table><\/figure>\n\n\n\n<figure class=\"wp-block-table\"><table class=\"table table-hover\"><tbody><tr><td colspan=\"2\">\n<h3>2. osa. \u00d5ppimine<\/h3>\n<p>\u00dcli\u00f5pilase \u00f5ppimist kirjeldatakse \u00f5ppija haaratuse (engagement) kaudu, mis m\u00e4\u00e4rab \u00f5ppimise tulemuse ja kvaliteedi [15]. Seega on v\u00e4ga oluline, et \u00fcli\u00f5pilane oleks nii emotsionaalselt, kognitiivselt kui k\u00e4itumuslikult \u00f5ppimisega seotud. \u00dcli\u00f5pilane on \u00f5ppimisse k\u00e4itumuslikult haaratud, kui ta osaleb kontakt\u00f5ppes (loengutes, seminarides ja praktikumides), pingutab ning panustab \u00f5ppimisele aega. Olulise k\u00e4itumusliku haaratuse aspektina r\u00f5hutatakse kontakt\u00f5ppeks valmistumist, mis v\u00f5imaldab tulemuslikumalt kontakt\u00f5ppes \u00f5ppida. Kognitiivne haaratus viitab kaasa m\u00f5tlemisele ning selliste \u00f5pistrateegiate kasutamisele, mis aitavad \u00f5pitavat s\u00fcgavuti m\u00f5ista. Emotsionaalne haaratus viitab \u00fcli\u00f5pilase \u00f5pihuvile ja kuuluvustundele.<\/p>\n<p><strong>Selle osa v\u00e4idetele antud hinnangute t\u00f5lgendamisel tuleb silmas pidada, et \u00fcli\u00f5pilase haaratus ei s\u00f5ltu ainult temast, vaid seda m\u00f5jutab ka \u00f5ppej\u00f5u kujundatud \u00f5pikeskkond<\/strong> [15] [17].\u00a0Siiski ei pruugi madalad hinnangud alati olla \u00f5ppej\u00f5u tegevusega seotud: r\u00fchmas v\u00f5is olla \u00fcli\u00f5pilasi, kelle isikust tulenevad tegurid v\u00f5i isiklikud huvid v\u00f5ivad \u00f5ppej\u00f5u tegevuse \u00fcle kaaluda.<\/p>\n<\/td><\/tr><tr><td><strong>V\u00c4ITED<\/strong><\/td><td><strong>SKAALA<\/strong><\/td><\/tr><tr><td>\n<p>V\u00f5tsin selle aine \u00f5ppimiseks aega. <a href=\"#\" data-bs-toggle=\"modal\" data-bs-target=\"#popup-modal\" data-title=\"(selgitus)\" data-content='&lt;span lang=\"ET\"&gt;\u00dcli\u00f5pilased seostasid selle v\u00e4itega \u00f5ppimiseks aja v\u00f5tmist, pingutamist ja prioriteetide seadmist. &lt;\/span&gt;&lt;span lang=\"ET\" style=\"border: none;\"&gt;K\u00f5rgemad hinnangud v\u00f5ivad seostuda aine olulisusega \u00f5ppija jaoks. Madalamad hinnangud v\u00f5ivad viidata minimaalsele pingutusele aine \u00f5ppimisel.'>(selgitus)<\/a><\/p>\n<p>Valmistasin end kontakt\u00f5ppeks (loenguteks, seminarideks, praktikumideks) ette. <a href=\"#\" data-bs-toggle=\"modal\" data-bs-target=\"#popup-modal\" data-title=\"(selgitus)\" data-content='&lt;span lang=\"ET\"&gt;\u00dcli\u00f5pilased seostasid selle v\u00e4itega \u00f5ppej\u00f5u soovitatud, kohustuslikku v\u00f5i vabatahtlikku kontakt\u00f5ppeks ettevalmistust. &lt;\/span&gt;&lt;span lang=\"ET\" style=\"border: none;\"&gt;K\u00f5rgemad hinnangud v\u00f5ivad seostuda vajalike \u00fclesannete tegemisega enne kontakt\u00f5pet v\u00f5i \u00f5ppej\u00f5u soovitatud materjalide l\u00e4bit\u00f6\u00f6tamisega. Madalad hinnangud v\u00f5ivad viidata \u00fcli\u00f5pilaste m\u00f5istmisele, et kontakt\u00f5ppeks ei olnud vaja ette valmistada (nt vastavat \u00fclesannet ei antud v\u00f5i \u00f5ppematerjali ei jagatud\/soovitatud), pealiskaudsele ettevalmistusele v\u00f5i sellele, et valmistumine tundus \u00f5ppijatele tarbetu (nt \u00fcli\u00f5pilased olid k\u00fcll esimestel kordadel valmistunud, kui kontakt\u00f5ppe l\u00e4biviimisel sellega ei arvestatud ning saadud kogemuse t\u00f5ttu j\u00e4rgmiseks korraks; \u00f5ppej\u00f5u soovitatud ettevalmistust ei tehtud).'>(selgitus)<\/a><\/p>\n<p>T\u00f6\u00f6tasin seminarides, praktikumides ja\/v\u00f5i kollokviumides kaasa. <a href=\"#\" data-bs-toggle=\"modal\" data-bs-target=\"#popup-modal\" data-title=\"(selgitus)\" data-content=\"\u00dcli\u00f5pilased seostasid selle v\u00e4itega seminarides ja praktikumides m\u00e4rkmete tegemist, kaasam\u00f5tlemist, k\u00fcsimuste esitamist. K\u00f5rgemad hinnangud v\u00f5ivad seostuda teadmiste-oskuste arenguga seminarides\/praktikumides, mis sai v\u00f5imalikuks t\u00e4nu ettevalmistusele (nt \u00f5ppijat oli suunatud ette valmistama), \u00f5ppija jaoks sisukate ja praktiliste \u00fclesannetega. Madalad hinnangud v\u00f5ivad viidata \u00f5ppija v\u00e4hesele ettevalmistusele seminariks\/praktikumiks (ei v\u00f5imaldanud sisukalt kaasa t\u00f6\u00f6tada); v\u00e4hestele v\u00f5imalustele ja ajale arutleda tehtavate \u00fclesannete\/tegevuste \u00fcle (m\u00f5testada, reflekteerida); \u00fclesannete v\u00e4hesele juhendamisele; \u00f5ppija v\u00e4hesele kaasam\u00f5tlemisele \u00fclesannete tegemisel.\">(selgitus)<\/a><\/p>\n<p>T\u00f6\u00f6tasin loengutes kaasa. <a href=\"#\" data-bs-toggle=\"modal\" data-bs-target=\"#popup-modal\" data-title=\"(selgitus)\" data-content='&lt;span lang=\"ET\"&gt;\u00dcli\u00f5pilased seostasid selle v\u00e4itega loengutes kaasat\u00f6\u00f6tamise v\u00f5imalusi, loengute \u00fclesehitust, tempot ja huvitavust. &lt;\/span&gt;&lt;span lang=\"ET\" style=\"border: none;\"&gt;K\u00f5rgemad hinnangud v\u00f5ivad seostuda loengutes &amp;nbsp;kaasat\u00f6\u00f6tamist v\u00f5imaldavate \u00f5ppemeetodite kasutamise, \u00f5ppej\u00f5u hea selgitusoskuse v\u00f5i m\u00f5istmisega, kus ja kuidas \u00f5ppija loengus k\u00e4sitletavat materjali v\u00f5ib vajada ja kasutada. Madalad hinnangud v\u00f5ivad viidata v\u00f5imalusele, et ei m\u00f5isteta loengus k\u00e4sitletava teema vajalikkust; tajutakse probleeme loengu \u00fclesehituses, tempos, m\u00f5istetavuses; liigsele uue info mahule v\u00f5i v\u00e4hestele v\u00f5imalustele \u00f5pitava \u00fcle arutleda.'>(selgitus)<\/a><\/p>\n<p>Selle \u00f5ppeaine \u00f5ppimine suurendas mu huvi valdkonna vastu. <a href=\"#\" data-bs-toggle=\"modal\" data-bs-target=\"#popup-modal\" data-title=\"(selgitus)\" data-content='&lt;span lang=\"ET\"&gt;\u00dcli\u00f5pilased seostasid selle v\u00e4itega huvi suurenemist ja \u00f5pingute j\u00e4tkamist kas praktika n\u00e4ol v\u00f5i aine teemade t\u00e4iendavat iseseisvat lugemist-uurimist. &lt;\/span&gt;&lt;span lang=\"ET\" style=\"border: none;\"&gt;K\u00f5rgemad hinnangud v\u00f5ivad seostuda praktiliste, arusaamist v\u00f5imaldavatele \u00fclesannete, isikliku huvi suurenemise v\u00f5i kavatsusega tulevikus end siduda \u00f5pitava valdkonnaga (nt \u00f5ppida edasi uutes ainetes, minna praktikale, teha l\u00f5put\u00f6\u00f6d). Madalamad hinnangud v\u00f5ivad viidata \u00f5ppeaine vajalikkuse mittem\u00f5istmisele v\u00f5i probleemidele \u00f5petamises (aine \u00fclesehituse ebaselgus, sisu liigne keerukus, materjali ja sisu kordused, ebam\u00e4\u00e4rased \u00fclesanded).'>(selgitus)<\/a><\/p>\n<\/td><td>N\u00f5usolekuskaala (n\u00f5ustun; pigem n\u00f5ustun; pigem ei n\u00f5ustu; ei n\u00f5ustu). Kui Te ei saa v\u00e4idet selle \u00f5ppeaine kontekstis hinnata, valige variant \u201eEi kehti\u201c.<\/td><\/tr><tr><td><strong>AVATUD K\u00dcSIMUSED<\/strong><\/td><td>\u00a0<\/td><\/tr><tr><td>T\u00e4iendavad arvamused ja kommentaarid \u00f5ppeaine kohta.\u00d5ppimissoovitused tulevastele \u00f5ppijatele.<\/td><td>\u00a0<\/td><\/tr><\/tbody><\/table><\/figure>\n\n\n\n<figure class=\"wp-block-table\"><table class=\"table table-hover\"><tbody><tr><td colspan=\"2\">\n<h3>3. osa. \u00d5ppimise tulemus<\/h3>\n<p>\u00d5ppimise tulemusena k\u00e4sitletakse selles k\u00fcsimustikus \u00f5ppeaine tajutud v\u00e4\u00e4rtuslikkust \u00f5ppija jaoks [1].\u00a0Andmete anal\u00fc\u00fcs on n\u00e4idanud, et k\u00f5rgeid v\u00e4\u00e4rtuslikkuse hinnanguid v\u00f5ivad \u00fcli\u00f5pilased anda ka siis, kui nad on \u00f5petamise ja \u00f5ppimise v\u00e4iteid hinnanud madalalt. T\u00f5lgendamisel on soovitav silmas pidada, et selle v\u00e4ite hinnanguid m\u00f5jutavad ka \u00f5ppija eelteadmised, varasemad \u00f5pikogemused, huvi ja ootused \u00f5ppeainele.<\/p>\n<\/td><\/tr><tr><td><strong>V\u00c4IDE<\/strong><\/td><td><strong>SKAALA<\/strong><\/td><\/tr><tr><td>Kokkuv\u00f5ttes oli \u00f5ppeaine minu jaoks v\u00e4\u00e4rtuslik. <a href=\"#\" data-bs-toggle=\"modal\" data-bs-target=\"#popup-modal\" data-title=\"(selgitus)\" data-content=\"\u00dcli\u00f5pilased seostasid selle v\u00e4itega isiklikku arengut, uute teadmiste-oskuste omandamist. K\u00f5rgemad hinnangud v\u00f5ivad seostuda \u00f5ppijate teadmiste ja oskuste tajutud arenguga; m\u00f5istmisega, et aine on oluline; huvi suurenemisega \u00f5pitava vastu; hea ja asjakohase \u00f5petamisega. Madalamad hinnangud v\u00f5ivad viidata loodetust v\u00e4hemale teadmiste ja oskuste arengule, aine vajalikkuse&amp;nbsp; mittem\u00f5istmisele, probleemidele \u00f5petamises v\u00f5i aine \u00fclesehituses.\">(selgitus)<\/a><\/td><td>N\u00f5usolekuskaala (n\u00f5ustun; pigem n\u00f5ustun; pigem ei n\u00f5ustu; ei n\u00f5ustu). Kui Te ei saa v\u00e4idet selle \u00f5ppeaine kontekstis hinnata, valige variant \u201eEi kehti\u201c.<\/td><\/tr><tr><td><strong>AVATUD K\u00dcSIMUSED<\/strong><\/td><td>\u00a0<\/td><\/tr><tr><td>Palun p\u00f5hjendage antud hinnangut.<\/td><td>\u00a0<\/td><\/tr><\/tbody><\/table><\/figure>\n","protected":false},"excerpt":{"rendered":"<p>27.05.2019 1. osa. \u00d5petamine \u00d5pikeskkonna loob ja kujundab suuresti \u00f5ppej\u00f5ud, st s\u00f5nastab eesm\u00e4rgid ja \u00f5piv\u00e4ljundid, valib \u00f5petamise ja hindamise meetodid, kujundab \u00f5ppija t\u00f6\u00f6koormust [11]. \u00d5ppej\u00f5ud saab \u00f5pikeskkonna kujundamisel arvestada \u00f5ppimist toetavate teguritega [21] [30] [16] [9] [29] [25] [14] [13] &#8230;<\/p>\n","protected":false},"author":8,"featured_media":0,"parent":0,"menu_order":0,"comment_status":"closed","ping_status":"closed","template":"","meta":{"_acf_changed":false,"inline_featured_image":false,"footnotes":""},"class_list":["post-11","page","type-page","status-publish","hentry"],"acf":[],"_links":{"self":[{"href":"https:\/\/sisu.ut.ee\/oppeaine-tagasiside\/wp-json\/wp\/v2\/pages\/11","targetHints":{"allow":["GET"]}}],"collection":[{"href":"https:\/\/sisu.ut.ee\/oppeaine-tagasiside\/wp-json\/wp\/v2\/pages"}],"about":[{"href":"https:\/\/sisu.ut.ee\/oppeaine-tagasiside\/wp-json\/wp\/v2\/types\/page"}],"author":[{"embeddable":true,"href":"https:\/\/sisu.ut.ee\/oppeaine-tagasiside\/wp-json\/wp\/v2\/users\/8"}],"replies":[{"embeddable":true,"href":"https:\/\/sisu.ut.ee\/oppeaine-tagasiside\/wp-json\/wp\/v2\/comments?post=11"}],"version-history":[{"count":21,"href":"https:\/\/sisu.ut.ee\/oppeaine-tagasiside\/wp-json\/wp\/v2\/pages\/11\/revisions"}],"predecessor-version":[{"id":125,"href":"https:\/\/sisu.ut.ee\/oppeaine-tagasiside\/wp-json\/wp\/v2\/pages\/11\/revisions\/125"}],"wp:attachment":[{"href":"https:\/\/sisu.ut.ee\/oppeaine-tagasiside\/wp-json\/wp\/v2\/media?parent=11"}],"curies":[{"name":"wp","href":"https:\/\/api.w.org\/{rel}","templated":true}]}}