{"id":4,"date":"2024-04-04T03:19:36","date_gmt":"2024-04-04T00:19:36","guid":{"rendered":"https:\/\/sisu.ut.ee\/opistsenaariumid\/reisiope-peipsi-veerel\/"},"modified":"2024-04-04T03:22:00","modified_gmt":"2024-04-04T00:22:00","slug":"reisiope-peipsi-veerel","status":"publish","type":"page","link":"https:\/\/sisu.ut.ee\/opistsenaariumid\/reisiope-peipsi-veerel\/","title":{"rendered":"Reisi\u00f5pe Peipsi veerel"},"content":{"rendered":"<p style=\"text-align: right\">Selle \u00f5pistsenaariumi autorid on Andrus Org ja Olga Schihalejev.<\/p>\n<p>Peipsi-\u00e4\u00e4rne piirkond on nii paljude v\u00f5imalustega, et sinna saab korraldada reisi\u00f5pet erinevaid sihte silmas pidades:<\/p>\n<p><\/p><div class=\"accordion mb-3\">\n        <div class=\"accordion-item accordion-item--white\">\n        <h2 class=\"accordion-header\" id=\"accordion-69ee55fe354a7-heading\">\n            <button class=\"accordion-button collapsed\" type=\"button\" data-bs-toggle=\"collapse\" data-bs-target=\"#accordion-69ee55fe354a7-collapse\" aria-expanded=\"true\" aria-controls=\"accordion-69ee55fe354a7-collapse\">Kultuuriloolise reisi v\u00f5imalikud sihtkohad<\/button>\n        <\/h2>\n        <div id=\"accordion-69ee55fe354a7-collapse\" class=\"accordion-collapse collapse\" aria-labelledby=\"accordion-69ee55fe354a7-heading\">\n            <div class=\"accordion-body\">Tutvutakse sellest kandist p\u00e4rit oluliste inimestega seotud kohtadega:\u00a0\n<ul>\n<li>k\u00fclastades Eduard Tubinale p\u00fchendatud\u00a0<a href=\"http:\/\/www.alatskiviloss.ee\/est\/tubina-muuseum\/\" target=\"_blank\" rel=\"noopener\">muuseumituba<\/a> Alatskivi lossis\u00a0<\/li>\n<li><a href=\"http:\/\/muusa.ee\/\" target=\"_blank\" rel=\"noopener\">Juhan Liivi muuseum<\/a>it ja <a href=\"https:\/\/register.muinas.ee\/public.php?menuID=monument&amp;action=view&amp;id=4224\" target=\"_blank\" rel=\"noopener\">hauaplatsi<\/a> Alatskivil\u00a0<\/li>\n<li><a href=\"http:\/\/visitpeipsi.com\/objects\/39\/\" target=\"_blank\" rel=\"noopener\">Anna Haava m\u00e4lestustuba<\/a>\u00a0<\/li>\n<li>Mari Vallisoo s\u00fcnnipaika Kodaveres<\/li>\n<li>teel Tartusse ka Miina H\u00e4rma <a href=\"http:\/\/korve.edu.ee\/miina-harma\/klassmuuseum\" target=\"_blank\" rel=\"noopener\">klassmuuseumit<\/a> K\u00f5rvek\u00fclas.<\/li><\/ul><\/div>\n        <\/div>\n        <\/div>\n    <\/div>\n\n<p><\/p><div class=\"accordion mb-3\">\n        <div class=\"accordion-item accordion-item--white\">\n        <h2 class=\"accordion-header\" id=\"accordion-69ee55fe354ae-heading\">\n            <button class=\"accordion-button collapsed\" type=\"button\" data-bs-toggle=\"collapse\" data-bs-target=\"#accordion-69ee55fe354ae-collapse\" aria-expanded=\"true\" aria-controls=\"accordion-69ee55fe354ae-collapse\">P\u00fchapaigad ja arhitektuur<\/button>\n        <\/h2>\n        <div id=\"accordion-69ee55fe354ae-collapse\" class=\"accordion-collapse collapse\" aria-labelledby=\"accordion-69ee55fe354ae-heading\">\n            <div class=\"accordion-body\">\n<p>Eestimaa usueluga ja ka eripalgelise arhitektuuriga seotud kohti on selles kandis ohtralt:<\/p>\n<ul>\n<li>Vasknarvas asuv oman\u00e4oline P\u00fchtitsa (Kurem\u00e4e) \u00f5igeusu kloostri erakla ja <a href=\"http:\/\/teelistekirikud.ekn.ee\/2017\/kirik.php?id=789&amp;mk=Tartumaa\" target=\"_blank\" rel=\"noopener\">Eelija kirik<\/a>\u00a0<\/li>\n<li>hilisklassitsistlik \u00f5igeusu <a href=\"http:\/\/teelistekirikud.ekn.ee\/2017\/kirik.php?id=789&amp;mk=Tartumaa\" target=\"_blank\" rel=\"noopener\">Nina Jumalaema Kaitsmise kirik<\/a>\u00a0<\/li>\n<li>j\u00e4rve veerel on mitmeid luterlikke kirikuid (nt varaklassitsislik <a href=\"http:\/\/teelistekirikud.ekn.ee\/2017\/kirik.php?id=687&amp;mk=J%C3%B5gevamaa\" target=\"_blank\" rel=\"noopener\">Kodavere P\u00fcha Mihkli<\/a> kirik,\u00a0histroristlikus stiilis <a href=\"http:\/\/teelistekirikud.ekn.ee\/2017\/kirik.php?id=678&amp;mk=Tartumaa\" target=\"_blank\" rel=\"noopener\">Alatskivi kirik<\/a>, haritorniga <a href=\"http:\/\/www.teelistekirikud.ekn.ee\/2017\/kirik.php?id=639&amp;mk=Tartumaa\" target=\"_blank\" rel=\"noopener\">Vara Brigitta kirik)<\/a>\u00a0<\/li>\n<li>r\u00e4\u00e4kimata \u00fcheksast vanausuliste palvelast eri paigus Peipsi kaldal (vaata teisigi kirikuid\u00a0<a href=\"http:\/\/www.teelistekirikud.ekn.ee\/2017\/index.php?menyy=Esileht\" target=\"_blank\" rel=\"noopener\">Teeliste kiriku kodulehelt<\/a>)<\/li>\n<li>Lisaks leidub siin ka mitmeid looduslikke p\u00fchapaiku: <a href=\"http:\/\/andmekogu.hiis.ee\/kohad\/Tartumaa-2690\/Kodavere-2692\/Ranna%20Tuhandeaastane%20tamm-440\" target=\"_blank\" rel=\"noopener\">Ranna tuhandeaastane tamm<\/a>, <a href=\"\/\/register.keskkonnainfo.ee\/envreg\/main?reg_kood=KLO4000853&amp;mount=view%20Puhverdatud\" target=\"_blank\" rel=\"noopener\">Vara ohvritamm<\/a>, <a href=\"http:\/\/andmekogu.hiis.ee\/kohad\/Tartumaa-2690\/Kodavere-2692\/Alatskivi%20Punane%20allikas-792\" target=\"_blank\" rel=\"noopener\">Punane allikas<\/a> Alatskivil.<\/li><\/ul><\/div>\n        <\/div>\n        <\/div>\n    <\/div>\n\n<p><\/p><div class=\"accordion mb-3\">\n        <div class=\"accordion-item accordion-item--white\">\n        <h2 class=\"accordion-header\" id=\"accordion-69ee55fe354b3-heading\">\n            <button class=\"accordion-button collapsed\" type=\"button\" data-bs-toggle=\"collapse\" data-bs-target=\"#accordion-69ee55fe354b3-collapse\" aria-expanded=\"true\" aria-controls=\"accordion-69ee55fe354b3-collapse\">Erilised looduslikud paigad<\/button>\n        <\/h2>\n        <div id=\"accordion-69ee55fe354b3-collapse\" class=\"accordion-collapse collapse\" aria-labelledby=\"accordion-69ee55fe354b3-heading\">\n            <div class=\"accordion-body\"> <br>Juba mainitud Ranna Tamme v\u00f5i Eesti j\u00e4medaima k\u00fcnnapuu k\u00f5rval L\u00fcmatis tasub kindlasti uudistada Kallaste liivakivi paljandit ning k\u00fclastada Emaj\u00f5e Suursoo looduskeskust, sealsel <a href=\"http:\/\/loodusegakoos.ee\/kuhuminna\/kaitsealad\/peipsiveere-looduskaitseala\/1199\" target=\"_blank\" rel=\"noopener\">\u00f5pperajal <\/a>saab uurida lammimetsa, tarnam\u00e4ttalist madalsood, sookaasikut. Peipsi rannikul saab k\u00e4ia <a href=\"https:\/\/loodusegakoos.ee\/kuhuminna\/puhkealad\/peipsi-pohjaranniku-puhkeala\/1404\" target=\"_blank\" rel=\"noopener\">Kauksi oja matkarajal<\/a>.<\/div>\n        <\/div>\n        <\/div>\n    <\/div>\n<p>J\u00e4rgnevalt on pakutud kaks v\u00f5imalust \u00fchep\u00e4evase reisi\u00f5ppe korraldamiseks, kus on l\u00f5imitud erinevad ained.<\/p>\n<h3 style=\"line-height: 1.2;margin-top: 0pt;margin-bottom: 0pt\">1. \u00f5pistsenaarium: \u00dchep\u00e4evane \u00f5ppereis Alatskivil, Kallastel ja Kolkjal<\/h3>\n<p><\/p><div class=\"accordion mb-3\">\n        <div class=\"accordion-item accordion-item--white\">\n        <h2 class=\"accordion-header\" id=\"accordion-69ee55fe354b5-heading\">\n            <button class=\"accordion-button collapsed\" type=\"button\" data-bs-toggle=\"collapse\" data-bs-target=\"#accordion-69ee55fe354b5-collapse\" aria-expanded=\"true\" aria-controls=\"accordion-69ee55fe354b5-collapse\">\u00d5pitulemused<\/button>\n        <\/h2>\n        <div id=\"accordion-69ee55fe354b5-collapse\" class=\"accordion-collapse collapse\" aria-labelledby=\"accordion-69ee55fe354b5-heading\">\n            <div class=\"accordion-body\">\n<p>\u00d5pilane<\/p>\n<ul>\n<li>valmistub reisi\u00f5ppeks ja osaleb selles, n\u00e4idates algatus- ja vastutusv\u00f5imet ning tegevuste tulemuslikkust;<\/li>\n<li>tunneb ja v\u00e4\u00e4rtustab Peipsi-\u00e4\u00e4rset kultuuri- ja looduskeskkonda, teostab ennast aktiivsete \u00f5pitegevuste kaudu vahetus kultuuri- ja looduskeskkonnas;<\/li>\n<li>arvestab olukordi m\u00f5istes suhtluspartneritega, teeb koost\u00f6\u00f6d teiste \u00f5ppijate ja \u00f5petajatega;<\/li>\n<li>t\u00e4idab reisieelselt v\u00f5i -j\u00e4rgselt \u00fche ainetevahelise v\u00f5i -\u00fclese uurimis- ja\/v\u00f5i \u00fche loov\u00ad\u00fclesande.<\/li><\/ul><\/div>\n        <\/div>\n        <\/div>\n    <\/div>\n\n<p>\u00d5PPESISU ja -TEGEVUSED<\/p>\n<p><\/p><div class=\"accordion mb-3\">\n        <div class=\"accordion-item accordion-item--white\">\n        <h2 class=\"accordion-header\" id=\"accordion-69ee55fe354b9-heading\">\n            <button class=\"accordion-button collapsed\" type=\"button\" data-bs-toggle=\"collapse\" data-bs-target=\"#accordion-69ee55fe354b9-collapse\" aria-expanded=\"true\" aria-controls=\"accordion-69ee55fe354b9-collapse\">Alatskivi loss ja lossipark<\/button>\n        <\/h2>\n        <div id=\"accordion-69ee55fe354b9-collapse\" class=\"accordion-collapse collapse\" aria-labelledby=\"accordion-69ee55fe354b9-heading\">\n            <div class=\"accordion-body\">\n<p>1) <strong>Alatskivi loss<\/strong> (<a href=\"https:\/\/www.puhkaeestis.ee\/et\/alatskivi-loss\">https:\/\/www.puhkaeestis.ee\/et\/alatskivi-loss<\/a>). Lossis saab tutvuda \u00fche m\u00f5isapere, von Nolckenite elu ja ajalooga l\u00e4bi kolme korruse kulgeva ekspositsiooni. Lisaks klassikalisele lossik\u00fclastusele pakutakse <strong>erinevaid k\u00e4sit\u00f6\u00f6 \u00f5pitubasid <\/strong>(tekstiil, vilt, savi, stukk) ning v\u00f5imalust<strong> riietuda m\u00f5isah\u00e4rraste v\u00f5i -teenijate kost\u00fc\u00fcmides,<\/strong> milles saab uudsiatada lossi<strong>.\u00a0<\/strong>Lossi teisel korrusel asub helilooja <strong>Eduard Tubina<\/strong>, 20. sajandi helilooja, s\u00fcmfoonia suurmeistri muuseum. Lossi restoranist on v\u00f5imalik tellida ka toitlustamist.<\/p>\n<p>2) <strong>Alatskivi lossipark<\/strong> (<a href=\"https:\/\/www.puhkaeestis.ee\/et\/alatskivi-park\" target=\"_blank\" rel=\"noopener\">https:\/\/www.puhkaeestis.ee\/et\/alatskivi-park<\/a>). Tegu on Tartumaa suurima pargiga (130 ha), mille rajas 18. sajandi l\u00f5pus m\u00f5isnik von Stackelberg. Parki l\u00e4bib t\u00e4histatud matkarada. Puistu koosneb kohalikest liikidest, valdavalt p\u00e4rnadest, vahtratest ja tammedest. Mitte kaugel lossist asub vanas m\u00f5isaaegses hoones Alatskivi Looduskeskus (<a href=\"http:\/\/www.alatskiviloss.ee\/est\/tegevused\/looduskeskus\/\" target=\"_blank\" rel=\"noopener\">http:\/\/www.alatskiviloss.ee\/est\/tegevused\/looduskeskus\/<\/a>), mille giidiprogramme saab ette tellida.<\/p><\/div>\n        <\/div>\n        <\/div>\n    <\/div>\n<p><\/p><div class=\"accordion mb-3\">\n        <div class=\"accordion-item accordion-item--white\">\n        <h2 class=\"accordion-header\" id=\"accordion-69ee55fe354be-heading\">\n            <button class=\"accordion-button collapsed\" type=\"button\" data-bs-toggle=\"collapse\" data-bs-target=\"#accordion-69ee55fe354be-collapse\" aria-expanded=\"true\" aria-controls=\"accordion-69ee55fe354be-collapse\">Peipsimaa K\u00fclastuskeskus, vanausulised ja Kolkja k\u00fcla<\/button>\n        <\/h2>\n        <div id=\"accordion-69ee55fe354be-collapse\" class=\"accordion-collapse collapse\" aria-labelledby=\"accordion-69ee55fe354be-heading\">\n            <div class=\"accordion-body\">\n<p>(<a href=\"http:\/\/www.peipsimaa.ee\/et\">http:\/\/www.peipsimaa.ee\/et<\/a>)<\/p>\n<p>1)<strong> Samovaritee tseremoonia<\/strong>. Peipsimaa ridak\u00fclades on l\u00e4bi aegade samovariga teed keedetud. Samovar pidi \u00fcleval olema terve p\u00e4ev, et ootamatule k\u00fclalisele iga kell teed v\u00f5iks pakkuda. Teetseremoonia ajal leiab vastuse k\u00fcsimustele: mis seos on kirsal ja samovaril, kuidas samovariga ilma ennustada, kuidas kohalikud teed joovad? Kokkuleppehinna sees:<\/p>\n<ul>\n<li>traditsiooniline taimetee, peipsi suhkur, traditsiooniline sibulapirukas;<\/li>\n<li>mesilasvahast k\u00fc\u00fcnla tegemise \u00f5pituba v\u00f5i m\u00f5ni muu \u00f5pituba;<\/li>\n<li>teetseremoonia l\u00e4biviija-jutuvestja.<\/li>\n<\/ul>\n<p>2)<strong> (T\u00f5uke)rattas\u00f5it v\u00f5i kepik\u00f5nd m\u00f6\u00f6da Kolkja k\u00fcla<\/strong>, kus v\u00f5ib n\u00e4ha Peipsi rannikut, kalasadamat, supluskohta, sibulakasvatust, vanausuliste palvelat, kauplust, ridak\u00fcla arhitektuuri ja muud. (u 45 min)<\/p>\n<p>3) <a href=\"http:\/\/www.hot.ee\/kolkjamuuseum\/\"><strong>Kolkja Vanausuliste muuseum<\/strong><\/a><strong>i k\u00fclastus. <\/strong>Muuseumis on v\u00f5imalik tutvuda k\u00fclarahva 19. ja 20. sajandi igap\u00e4evaeluga. Eksponeeritud on kohalike inimeste toodud esemed, nt ikoonid, r\u00f5ivad, t\u00f6\u00f6riistad.<strong> <\/strong>Vanausuliste elust-olust r\u00e4\u00e4gib muuseumi giid (u 45 min).<\/p>\n<p>4) Keha kinnitamine kosutava einega<strong> Kolkja Kala- ja Sibularestoranis<\/strong>. Erilises Kolkja kala- ja sibularestoranis pakutakse toite, mis on valmistatud Peipsi kalast ning kohalikest juurviljadest vene vanausuliste p\u00f5lvest p\u00f5lve p\u00e4randatud retseptide j\u00e4rgi.<\/p><\/div>\n        <\/div>\n        <\/div>\n    <\/div>\n<p><\/p><div class=\"accordion mb-3\">\n        <div class=\"accordion-item accordion-item--white\">\n        <h2 class=\"accordion-header\" id=\"accordion-69ee55fe354c1-heading\">\n            <button class=\"accordion-button collapsed\" type=\"button\" data-bs-toggle=\"collapse\" data-bs-target=\"#accordion-69ee55fe354c1-collapse\" aria-expanded=\"true\" aria-controls=\"accordion-69ee55fe354c1-collapse\">Kallaste pank<\/button>\n        <\/h2>\n        <div id=\"accordion-69ee55fe354c1-collapse\" class=\"accordion-collapse collapse\" aria-labelledby=\"accordion-69ee55fe354c1-heading\">\n            <div class=\"accordion-body\">\n<p>3. <strong>Kallaste pank <\/strong>(<a href=\"https:\/\/www.puhkaeestis.ee\/et\/kallaste-pank-3\">https:\/\/www.puhkaeestis.ee\/et\/kallaste-pank-3<\/a>)<strong>. <\/strong>Kallaste linnas asub Eesti k\u00f5ige pikem Devoni liivakivi paljand \u2013 2001. aasta m\u00f5\u00f5tmiste tulemusel umbes 930 meetri pikkune. Paljandi maksimaalseks k\u00f5rguseks on 8 meetrit.\u00a0Alustades linna l\u00f5unaservast ja liikudes kuni keskv\u00e4ljakuni on n\u00e4ha 11 paljandit.<\/p><\/div>\n        <\/div>\n        <\/div>\n    <\/div>\n<p><\/p><div class=\"accordion mb-3\">\n        <div class=\"accordion-item accordion-item--white\">\n        <h2 class=\"accordion-header\" id=\"accordion-69ee55fe354c4-heading\">\n            <button class=\"accordion-button collapsed\" type=\"button\" data-bs-toggle=\"collapse\" data-bs-target=\"#accordion-69ee55fe354c4-collapse\" aria-expanded=\"true\" aria-controls=\"accordion-69ee55fe354c4-collapse\">Juhan Liivi hauaplats ja muuseum<\/button>\n        <\/h2>\n        <div id=\"accordion-69ee55fe354c4-collapse\" class=\"accordion-collapse collapse\" aria-labelledby=\"accordion-69ee55fe354c4-heading\">\n            <div class=\"accordion-body\">\n<p>1)<strong> Liivi hauaplats Alatskivi surnuaial. <\/strong>Juhan Liiv on maetud Alatskivi surnuaiale.<\/p>\n<p>2)<strong> Liivi muuseum<\/strong> (<a href=\"http:\/\/muusa.ee\/\">http:\/\/muusa.ee\/<\/a>)<strong>. <\/strong>Liivi Muuseumis saab vaadata kirjanike Juhan ja Jakob Liivi kodutalu, p\u00fcsin\u00e4itust \u201eOleksin ma luuletaja\u201d, samuti Kodavere kihelkonna ajalugu ja etnilisi r\u00fchmi tutvustavat p\u00fcsin\u00e4itust \u201eKodavere \u2013 h\u00e4\u00e4 m\u00fcrakas kihelkonda.\u201d<strong> <\/strong>V\u00f5imalik on tellida haridusprogramme, nt \u201e<strong>Juhan Liiv 21. sajandil\u201c<\/strong> (1,5 tundi) . Selles \u00f5ppetunnis vaadeldakse arvukaid teoseid ja t\u00f5lgendusi, mis on Juhan Liivi kohta ilmunud uuel sajandil \u2013 muusikat, teatrilavastusi, ilukirjandust. Vaadatakse katkendeid lavastustest, kuulatakse eri \u017eanrite muusikateoseid. Tutvutakse p\u00f5gusalt ka Liivi kohaga maailma-kirjanduses.<\/p><\/div>\n        <\/div>\n        <\/div>\n    <\/div>\n<p>\u00d5pitulemuste saavutamist aitavad kontrollida t\u00f6\u00f6lehtede \u00fclesanded (<a href=\"https:\/\/docs.google.com\/document\/d\/1CtIcYXiWYeZwIQCMs2Gr8_MwSeqS5N1297HDxhhh9U4\/edit?usp=sharing\" target=\"_blank\" rel=\"noopener\">link<\/a>). T\u00f6\u00f6lehtedelt v\u00f5ib valida sobivaid \u00fclesandeid, kohandades neid \u00f5pitud materjalile ja arvestades \u00f5pilaste huvisid ja v\u00f5imeid.<\/p>\n<h3 style=\"line-height: 1.2;margin-top: 0pt;margin-bottom: 0pt\">2. \u00f5pistsenaarium:\u00a0\u00dchep\u00e4evane kultuurilooline \u00f5ppereis<\/h3>\n<p>\u00dchep\u00e4evane reisi\u00f5pe, mis v\u00f5imaldab tutvuda Peipsi-\u00e4\u00e4rse kultuurip\u00e4randi ja loodusega.<\/p>\n<p><\/p><div class=\"accordion mb-3\">\n        <div class=\"accordion-item accordion-item--white\">\n        <h2 class=\"accordion-header\" id=\"accordion-69ee55fe354c7-heading\">\n            <button class=\"accordion-button collapsed\" type=\"button\" data-bs-toggle=\"collapse\" data-bs-target=\"#accordion-69ee55fe354c7-collapse\" aria-expanded=\"true\" aria-controls=\"accordion-69ee55fe354c7-collapse\">\u00d5pitulemused<\/button>\n        <\/h2>\n        <div id=\"accordion-69ee55fe354c7-collapse\" class=\"accordion-collapse collapse\" aria-labelledby=\"accordion-69ee55fe354c7-heading\">\n            <div class=\"accordion-body\">\n<p>\u00d5pilane<\/p>\n<ul>\n<li class=\"ng-binding ng-scope\">S\u00f5nastab k\u00fcsimusi, mis aitab tal n\u00e4htut paremini m\u00f5ista<\/li>\n<li class=\"ng-binding ng-scope\">Valib sihip\u00e4raselt \u00fclesande sooritamiseks vajaminevaid tegevusi, arendab planeerimisoskuseid<\/li>\n<li class=\"ng-binding ng-scope\">Hangib informatsiooni erinevatest allikatest ja anal\u00fc\u00fcsib seda kriitiliselt<\/li>\n<li class=\"ng-binding ng-scope\">Arvestab olukordi m\u00f5istes suhtluspartnereid, teeb koost\u00f6\u00f6d teiste \u00f5ppijate ja \u00f5petajatega<\/li>\n<li class=\"ng-binding ng-scope\">Esitab haaravalt oma m\u00f5tteid ja teadmisi<\/li>\n<li class=\"ng-binding ng-scope\">Tagasisidestab kaaslase t\u00f6\u00f6d, anal\u00fc\u00fcsib ennast \u00f5ppijana<\/li>\n<\/ul>\n<ul>\n<li class=\"ng-binding ng-scope\">Tunneb ja v\u00e4\u00e4rtustab Peipsi-\u00e4\u00e4rset kultuuri- ja looduskeskkonda<\/li>\n<li class=\"ng-binding ng-scope\">V\u00f5rdleb vanausuliste eluolu enda omaga<\/li>\n<li>M\u00f5istab m\u00f5ningaid vanausuliste uskumuste erip\u00e4rasid ja tunneb nende seletamise viise<\/li>\n<li>Nimetab kuulsamaid kultuuritegelasi, kes on p\u00e4rit Peipsiveerelt ja anal\u00fc\u00fcsib nende loomingu seost paikkonna kultuuriga<\/li><\/ul><\/div>\n        <\/div>\n        <\/div>\n    <\/div>\n\n<p>\u00d5PPESISU ja -TEGEVUSED<\/p>\n<p>\u00d5pistsenaarium koosneb kolmest suuremast osast: tegevused enne reisi, reisi ajal ja peale reisi.<\/p>\n<p><\/p><div class=\"accordion mb-3\">\n        <div class=\"accordion-item accordion-item--white\">\n        <h2 class=\"accordion-header\" id=\"accordion-69ee55fe354c9-heading\">\n            <button class=\"accordion-button collapsed\" type=\"button\" data-bs-toggle=\"collapse\" data-bs-target=\"#accordion-69ee55fe354c9-collapse\" aria-expanded=\"true\" aria-controls=\"accordion-69ee55fe354c9-collapse\">Reisieelsed \u00fclesanded<\/button>\n        <\/h2>\n        <div id=\"accordion-69ee55fe354c9-collapse\" class=\"accordion-collapse collapse\" aria-labelledby=\"accordion-69ee55fe354c9-heading\">\n            <div class=\"accordion-body\">\n<p>1a) Enne reisi tutvustatakse klassijahatajatunnis reisi sihtkohti ning jagatakse \u00fclesanded, mida iga\u00fcks enne reisi ja reisi jooksul tegema peab.<\/p>\n<p>1b) Iga \u00f5pilane saab tutvuda kaardilt (purposegames keskkonnas) Peipsi\u00e4\u00e4rsete asulatega \u2013 mitte ainult nendega, kus k\u00e4iakse.<\/p>\n<p>1c) Reisi eel valmistavad \u00f5pilased paarist\u00f6\u00f6na ette \u00fche v\u00e4ite, mis on seotud m\u00f5ne reisi sihtkoha looduse v\u00f5i kultuurin\u00e4htusega ning seda v\u00e4idet laiendava selgituse. <\/p><\/div>\n        <\/div>\n        <\/div>\n    <\/div>\n<p><\/p><div class=\"accordion mb-3\">\n        <div class=\"accordion-item accordion-item--white\">\n        <h2 class=\"accordion-header\" id=\"accordion-69ee55fe354cc-heading\">\n            <button class=\"accordion-button collapsed\" type=\"button\" data-bs-toggle=\"collapse\" data-bs-target=\"#accordion-69ee55fe354cc-collapse\" aria-expanded=\"true\" aria-controls=\"accordion-69ee55fe354cc-collapse\">\u00d5ppereis<\/button>\n        <\/h2>\n        <div id=\"accordion-69ee55fe354cc-collapse\" class=\"accordion-collapse collapse\" aria-labelledby=\"accordion-69ee55fe354cc-heading\">\n            <div class=\"accordion-body\">\n<p>Bussis\u00f5idu ajal saab iga paar esitada oma v\u00e4ite. Kaas\u00f5pilased hindavad, kas tegu on t\u00f5ese v\u00f5i v\u00e4\u00e4ra v\u00e4itega. Seej\u00e4rel antakse lisainfot.<\/p>\n<p>K\u00fclastatakse erinevaid sihtkohti:<\/p>\n<ul>\n<li>Kolkja vanausuliste muuseumit,<\/li>\n<li>Peipsimaa k\u00fclastuskeskust,<\/li>\n<li>Kallaste panka ja vanausuliste palvelat ning surnuaeda,<\/li>\n<li>Juhan Liivi muuseumit,<\/li>\n<li>Vara Ohvritamme.<\/li>\n<\/ul>\n<p>Kogu reisi jooksul peavad \u00f5pilased blogi vastavalt \u00fclesandele, mille nad enne reisi said. Peatumiskohtadel, muuseumitundides ja maastikum\u00e4ngudes lisaks osalemisele pildistatakse objekte l\u00e4htuvalt saadud \u00fclesandest ning esitatakse asjakohaseid k\u00fcsimusi. S\u00f5idu ajal \u00fchest sihtkohast teise t\u00e4idab iga\u00fcks (v\u00f5i ka paaris) oma blogip\u00e4eviku esimest visandit. Peale viimast sihtpunkti arutatakse senitehtut \u00fche kaaslasega, kes annab tehtule tagasisidet. <\/p><\/div>\n        <\/div>\n        <\/div>\n    <\/div>\n<p><\/p><div class=\"accordion mb-3\">\n        <div class=\"accordion-item accordion-item--white\">\n        <h2 class=\"accordion-header\" id=\"accordion-69ee55fe354d0-heading\">\n            <button class=\"accordion-button collapsed\" type=\"button\" data-bs-toggle=\"collapse\" data-bs-target=\"#accordion-69ee55fe354d0-collapse\" aria-expanded=\"true\" aria-controls=\"accordion-69ee55fe354d0-collapse\">Reisij\u00e4rgsed \u00fclesanded<\/button>\n        <\/h2>\n        <div id=\"accordion-69ee55fe354d0-collapse\" class=\"accordion-collapse collapse\" aria-labelledby=\"accordion-69ee55fe354d0-heading\">\n            <div class=\"accordion-body\">\n<p>Peale reisi\u00f5pet viimistletakse oma blogi ning reisi\u00f5pe kulmineerub \u00fchise tagasivaatega kogetule ning oma eredamate reisimuljete jagamisega blogides.<\/p><\/div>\n        <\/div>\n        <\/div>\n    <\/div>\u00a0\n\n<p><\/p><div class=\"accordion mb-3\">\n        <div class=\"accordion-item accordion-item--white\">\n        <h2 class=\"accordion-header\" id=\"accordion-69ee55fe354d2-heading\">\n            <button class=\"accordion-button collapsed\" type=\"button\" data-bs-toggle=\"collapse\" data-bs-target=\"#accordion-69ee55fe354d2-collapse\" aria-expanded=\"true\" aria-controls=\"accordion-69ee55fe354d2-collapse\">T\u00e4psemad juhendid \u00f5petajatele ja \u00f5pilastele LePlanneris<\/button>\n        <\/h2>\n        <div id=\"accordion-69ee55fe354d2-collapse\" class=\"accordion-collapse collapse\" aria-labelledby=\"accordion-69ee55fe354d2-heading\">\n            <div class=\"accordion-body\">\u00a0\n<p>L\u00e4hemalt uurimiseks kl\u00f5psa pildil!<a href=\"https:\/\/leplanner.net\/#\/scenario-text\/59da19d580bcb1ef0a17da36\" target=\"_blank\" rel=\"noopener\"><img loading=\"lazy\" decoding=\"async\" src=\"\/wp-content\/uploads\/sites\/210\/leplanner1.jpg\" width=\"951\" height=\"461\"><\/a><\/p><\/div>\n        <\/div>\n        <\/div>\n    <\/div>\n","protected":false},"excerpt":{"rendered":"<p>Selle \u00f5pistsenaariumi autorid on Andrus Org ja Olga Schihalejev. Peipsi-\u00e4\u00e4rne piirkond on nii paljude v\u00f5imalustega, et sinna saab korraldada reisi\u00f5pet erinevaid sihte silmas pidades: Kultuuriloolise reisi v\u00f5imalikud sihtkohad Tutvutakse sellest kandist p\u00e4rit oluliste inimestega seotud kohtadega:\u00a0 k\u00fclastades Eduard Tubinale p\u00fchendatud\u00a0muuseumituba &#8230;<\/p>\n","protected":false},"author":31,"featured_media":0,"parent":0,"menu_order":0,"comment_status":"closed","ping_status":"closed","template":"","meta":{"_acf_changed":false,"inline_featured_image":false,"footnotes":""},"class_list":["post-4","page","type-page","status-publish","hentry"],"acf":[],"_links":{"self":[{"href":"https:\/\/sisu.ut.ee\/opistsenaariumid\/wp-json\/wp\/v2\/pages\/4","targetHints":{"allow":["GET"]}}],"collection":[{"href":"https:\/\/sisu.ut.ee\/opistsenaariumid\/wp-json\/wp\/v2\/pages"}],"about":[{"href":"https:\/\/sisu.ut.ee\/opistsenaariumid\/wp-json\/wp\/v2\/types\/page"}],"author":[{"embeddable":true,"href":"https:\/\/sisu.ut.ee\/opistsenaariumid\/wp-json\/wp\/v2\/users\/31"}],"replies":[{"embeddable":true,"href":"https:\/\/sisu.ut.ee\/opistsenaariumid\/wp-json\/wp\/v2\/comments?post=4"}],"version-history":[{"count":1,"href":"https:\/\/sisu.ut.ee\/opistsenaariumid\/wp-json\/wp\/v2\/pages\/4\/revisions"}],"predecessor-version":[{"id":317,"href":"https:\/\/sisu.ut.ee\/opistsenaariumid\/wp-json\/wp\/v2\/pages\/4\/revisions\/317"}],"wp:attachment":[{"href":"https:\/\/sisu.ut.ee\/opistsenaariumid\/wp-json\/wp\/v2\/media?parent=4"}],"curies":[{"name":"wp","href":"https:\/\/api.w.org\/{rel}","templated":true}]}}