{"id":27,"date":"2024-04-04T03:19:37","date_gmt":"2024-04-04T00:19:37","guid":{"rendered":"https:\/\/sisu.ut.ee\/opistsenaariumid\/koostoo\/"},"modified":"2024-04-04T03:22:00","modified_gmt":"2024-04-04T00:22:00","slug":"koostoo","status":"publish","type":"page","link":"https:\/\/sisu.ut.ee\/opistsenaariumid\/koostoo\/","title":{"rendered":"Koost\u00f6\u00f6"},"content":{"rendered":"<p style=\"text-align: right\">Selle \u00f5pistsenaariumi autor on Mari-Liis Nummert.<\/p>\n<p>Antud \u00f5pistsenaarium on m\u00f5eldud kasutamiseks II ja III kooliastme \u00f5pilastega. \u00d5ppet\u00f6\u00f6 k\u00e4igus selgitatakse \u00fchiselt v\u00e4lja, mis on klassi juhtv\u00e4\u00e4rtused ning s\u00f5nastatakse hea koost\u00f6\u00f6 klassikokkulepped.\u00a0<\/p>\n<p>\u00d5ppetegevused:<\/p>\n<p><\/p><div class=\"accordion mb-3\">\n        <div class=\"accordion-item accordion-item--white\">\n        <h2 class=\"accordion-header\" id=\"accordion-69ee5602c63f3-heading\">\n            <button class=\"accordion-button collapsed\" type=\"button\" data-bs-toggle=\"collapse\" data-bs-target=\"#accordion-69ee5602c63f3-collapse\" aria-expanded=\"true\" aria-controls=\"accordion-69ee5602c63f3-collapse\">H\u00e4\u00e4lestus<\/button>\n        <\/h2>\n        <div id=\"accordion-69ee5602c63f3-collapse\" class=\"accordion-collapse collapse\" aria-labelledby=\"accordion-69ee5602c63f3-heading\">\n            <div class=\"accordion-body\"> <span style=\"text-decoration: underline\" data-mce-mark=\"1\">Klassiarutelu<\/span>\n<p>Mis v\u00e4\u00e4rtused ja kokkulepped peaksid olema esiplaanil selleks, et saaksime veelgi paremini koos olla ja t\u00f6\u00f6tada?<\/p><\/div>\n        <\/div>\n        <\/div>\n    <\/div>\n<p><\/p><div class=\"accordion mb-3\">\n        <div class=\"accordion-item accordion-item--white\">\n        <h2 class=\"accordion-header\" id=\"accordion-69ee5602c63fb-heading\">\n            <button class=\"accordion-button collapsed\" type=\"button\" data-bs-toggle=\"collapse\" data-bs-target=\"#accordion-69ee5602c63fb-collapse\" aria-expanded=\"true\" aria-controls=\"accordion-69ee5602c63fb-collapse\">Teemak\u00e4sitlus<\/button>\n        <\/h2>\n        <div id=\"accordion-69ee5602c63fb-collapse\" class=\"accordion-collapse collapse\" aria-labelledby=\"accordion-69ee5602c63fb-heading\">\n            <div class=\"accordion-body\"> <span style=\"text-decoration: underline\" data-mce-mark=\"1\">M\u00e4ng \u201cV\u00e4\u00e4rtuste p\u00fcramiid\u201d<\/span>\n<p>Harjutuse k\u00e4igus loovad \u00f5pilased koost\u00f6iselt oma klassikokkulepped. Lisaks sellele saavad \u00f5pilased selgitada ja sisustada riikliku \u00f5ppekava \u00fcldinimlikke ja \u00fchiskondlikke v\u00e4\u00e4rtusi, harjutada enesev\u00e4ljendamise, teiste kuulamise ja v\u00e4\u00e4rtusrefleksiooni oskust.<\/p>\n<p>I ring: Esialgse p\u00fcramiidi ladumine<\/p>\n<ul>\n<li>Iga \u00f5pilane valib laualt \u00fche kaardi (<span style=\"text-decoration: underline\" data-mce-mark=\"1\"><a href=\"https:\/\/docs.google.com\/document\/d\/1EqswxjmeNwU4FAzzp3aWDKI2FudiUoRutRoKdH5KIro\/edit?usp=sharing\" target=\"_blank\" rel=\"noopener\">vt lisa 1<\/a><\/span>)<\/li>\n<li>Lepitakse kokku, et v\u00e4\u00e4rtuste selgitamine k\u00e4ib p\u00e4rip\u00e4eva \u2013 klassi roll on kuulata \u00f5pilast, kes parasjagu v\u00e4\u00e4rtusele seletust annab<\/li>\n<li>\u00d5pilane selgitab v\u00e4\u00e4rtuste sisu tema enda jaoks ja otsustab, kas see v\u00e4\u00e4rtus peaks p\u00fcramiidi kuuluma v\u00f5i sealt v\u00e4lja j\u00e4\u00e4ma<\/li>\n<li>Esimene ring l\u00f5ppeb kui k\u00f5ik laual olevad kaardid on \u00f5pilaste poolt selgitatud, p\u00fcramiidi asetatud v\u00f5i sealt v\u00e4lja j\u00e4etud (<a href=\"#\" data-bs-toggle=\"modal\" data-bs-target=\"#popup-modal\" data-title=\" n\u00e4ide 1\" data-content='&lt;img src=\"https:\/\/lh6.googleusercontent.com\/FUa_H7Yx2NwiHxiBk2ZYHuoUuJdkxArAZ5u7A4m8B-DBVTAgHfSisjb656_sK7xEn6yZxWFDmyYGgom_TI8HbfttO0sLFwp-tydSJUgut9tgPoXgwl4xqi5HIbDmMl5iX75FpD8k\" width=\"401\" height=\"292\"&gt;'> n\u00e4ide 1<\/a>)<\/li>\n<\/ul>\n<p>II ring: P\u00fcramiidi korrastamine<\/p>\n<ul>\n<li>Klass vaatab \u00fchiselt tekkinud p\u00fcramiidi \u2013 millised v\u00e4\u00e4rtused v\u00f5iksid p\u00fcramiidis olla k\u00f5rgemal v\u00f5i madalamal? Kas m\u00f5ni oluline v\u00e4\u00e4rtus on j\u00e4\u00e4nud p\u00fcramiidist v\u00e4lja ja vajaks sinna asetamist?<\/li>\n<li>Vaba arutelu klassis, kus \u00fchisel kokkuleppel v\u00f5ib teha muutusi p\u00fcramiidi sees v\u00f5i asetada sinna p\u00fcramiidist v\u00e4lja j\u00e4\u00e4nud kaarte. Juhul, kui muudetakse kaartide asukohta, peaks p\u00f5hjendama, miks nii tahetakse teha<\/li>\n<li>P\u00fcramiid on korrastatud kui k\u00f5ik klassi liikmed on rahul ja n\u00f5us v\u00e4\u00e4rtuse kaartide asetusega p\u00fcramiidis (<a href=\"#\" data-bs-toggle=\"modal\" data-bs-target=\"#popup-modal\" data-title=\" n\u00e4ide 2\" data-content='&lt;img src=\"https:\/\/lh3.googleusercontent.com\/0nCK8V-4aKX0FfPx6DstO8o6py0zJ16wnoiIIbU8vs7xElckekY8uUn9vGOENZhRdaNGUPJktbq3WqNLYfVDfxSWOZ_jwmEuB4fRCBBW3EABQtY9vG6TvC3GLBEophmu6IYMr0pi\" width=\"319\" height=\"409\"&gt;'> n\u00e4ide 2<\/a>)<\/li><\/ul><\/div>\n        <\/div>\n        <\/div>\n    <\/div>\n\n<p><\/p><div class=\"accordion mb-3\">\n        <div class=\"accordion-item accordion-item--white\">\n        <h2 class=\"accordion-header\" id=\"accordion-69ee5602c6400-heading\">\n            <button class=\"accordion-button collapsed\" type=\"button\" data-bs-toggle=\"collapse\" data-bs-target=\"#accordion-69ee5602c6400-collapse\" aria-expanded=\"true\" aria-controls=\"accordion-69ee5602c6400-collapse\">Refleksioon<\/button>\n        <\/h2>\n        <div id=\"accordion-69ee5602c6400-collapse\" class=\"accordion-collapse collapse\" aria-labelledby=\"accordion-69ee5602c6400-heading\">\n            <div class=\"accordion-body\"> <span style=\"text-decoration: underline\" data-mce-mark=\"1\">Hea koost\u00f6\u00f6 kokkulepete s\u00f5nastamine<\/span>\n<ul>\n<li>Klass v\u00f5tab 3 p\u00fcramiidi tipus olevat v\u00e4\u00e4rtust<\/li>\n<li>Arutatakse, millised on need 2-3 k\u00e4itumist, mis n\u00e4itavad nende juhtv\u00e4\u00e4rtuste j\u00e4rgi k\u00e4itumist klassis\u00a0<a href=\"#\" data-bs-toggle=\"modal\" data-bs-target=\"#popup-modal\" data-title=\"(vt n\u00e4iteid)\" data-content=\"\u201cHoolivus on see kui klassikaaslased ja \u00f5petaja tervitavad mind hommikul\u201d \u201cVastutus on see kui j\u00f5uame k\u00f5ik tundi \u00f5igeaegselt\u201d\">(vt n\u00e4iteid)<\/a><\/li>\n<li>\u00dcheskoos pannakse Hea koost\u00f6\u00f6 kokkulepete postrile kirja klassi juhtv\u00e4\u00e4rtused ning kokkulepped, mis nende j\u00e4rgi \u201celamist\u201d ehk k\u00e4itumist n\u00e4itavad <\/li><\/ul><\/div>\n        <\/div>\n        <\/div>\n    <\/div>\u00a0\n\n<p>Antud \u00f5pistsenaarium ja selle juurde kuuluvad lisad on leitavad Google Docs dokumendina\u00a0<span style=\"text-decoration: underline\" data-mce-mark=\"1\"><a href=\"https:\/\/docs.google.com\/document\/d\/1bWtut5sKamyybY7mppXepKwM_atnFEuy3OGtst48Z8w\/edit?usp=sharing\" target=\"_blank\" rel=\"noopener\">siit<\/a><\/span>.<\/p>\n","protected":false},"excerpt":{"rendered":"<p>Selle \u00f5pistsenaariumi autor on Mari-Liis Nummert. Antud \u00f5pistsenaarium on m\u00f5eldud kasutamiseks II ja III kooliastme \u00f5pilastega. \u00d5ppet\u00f6\u00f6 k\u00e4igus selgitatakse \u00fchiselt v\u00e4lja, mis on klassi juhtv\u00e4\u00e4rtused ning s\u00f5nastatakse hea koost\u00f6\u00f6 klassikokkulepped.\u00a0 \u00d5ppetegevused: H\u00e4\u00e4lestus Klassiarutelu Mis v\u00e4\u00e4rtused ja kokkulepped peaksid olema esiplaanil &#8230;<\/p>\n","protected":false},"author":31,"featured_media":0,"parent":0,"menu_order":0,"comment_status":"closed","ping_status":"closed","template":"","meta":{"_acf_changed":false,"inline_featured_image":false,"footnotes":""},"class_list":["post-27","page","type-page","status-publish","hentry"],"acf":[],"_links":{"self":[{"href":"https:\/\/sisu.ut.ee\/opistsenaariumid\/wp-json\/wp\/v2\/pages\/27","targetHints":{"allow":["GET"]}}],"collection":[{"href":"https:\/\/sisu.ut.ee\/opistsenaariumid\/wp-json\/wp\/v2\/pages"}],"about":[{"href":"https:\/\/sisu.ut.ee\/opistsenaariumid\/wp-json\/wp\/v2\/types\/page"}],"author":[{"embeddable":true,"href":"https:\/\/sisu.ut.ee\/opistsenaariumid\/wp-json\/wp\/v2\/users\/31"}],"replies":[{"embeddable":true,"href":"https:\/\/sisu.ut.ee\/opistsenaariumid\/wp-json\/wp\/v2\/comments?post=27"}],"version-history":[{"count":1,"href":"https:\/\/sisu.ut.ee\/opistsenaariumid\/wp-json\/wp\/v2\/pages\/27\/revisions"}],"predecessor-version":[{"id":294,"href":"https:\/\/sisu.ut.ee\/opistsenaariumid\/wp-json\/wp\/v2\/pages\/27\/revisions\/294"}],"wp:attachment":[{"href":"https:\/\/sisu.ut.ee\/opistsenaariumid\/wp-json\/wp\/v2\/media?parent=27"}],"curies":[{"name":"wp","href":"https:\/\/api.w.org\/{rel}","templated":true}]}}