{"id":26,"date":"2024-04-04T03:19:37","date_gmt":"2024-04-04T00:19:37","guid":{"rendered":"https:\/\/sisu.ut.ee\/opistsenaariumid\/vastutus\/"},"modified":"2024-04-04T03:22:00","modified_gmt":"2024-04-04T00:22:00","slug":"vastutus","status":"publish","type":"page","link":"https:\/\/sisu.ut.ee\/opistsenaariumid\/vastutus\/","title":{"rendered":"Vastutus"},"content":{"rendered":"<p style=\"text-align: right\">Selle \u00f5pistsenaariumi autor on Mari-Liis Nummert.<\/p>\n<p>Antud \u00f5pistsenaarium on m\u00f5eldud kasutamiseks II ja III kooliastme \u00f5pilastega. \u00d5ppet\u00f6\u00f6 k\u00e4igus m\u00f5tiskleb \u00f5pilane, mille eest tema \u00f5pilasena vastutab ning v\u00f5rdleb neid \u00f5petaja ootuste ja lapse \u00f5iguste konventsiooniga.<\/p>\n<p>\u00d5ppetegevused:<\/p>\n<p><\/p><div class=\"accordion mb-3\">\n        <div class=\"accordion-item accordion-item--white\">\n        <h2 class=\"accordion-header\" id=\"accordion-69ee561247cdb-heading\">\n            <button class=\"accordion-button collapsed\" type=\"button\" data-bs-toggle=\"collapse\" data-bs-target=\"#accordion-69ee561247cdb-collapse\" aria-expanded=\"true\" aria-controls=\"accordion-69ee561247cdb-collapse\">H\u00e4\u00e4lestus<\/button>\n        <\/h2>\n        <div id=\"accordion-69ee561247cdb-collapse\" class=\"accordion-collapse collapse\" aria-labelledby=\"accordion-69ee561247cdb-heading\">\n            <div class=\"accordion-body\"> <span style=\"text-decoration: underline\">Vabakirjutamine <\/span>\n<ul>\n<li>Iga \u00f5pilane saab tabeli (<span style=\"text-decoration: underline\"><a href=\"https:\/\/docs.google.com\/document\/d\/1wB1x0lSFErLBBx4rOJt4tTbxuQ6ctHBWbTLGNEMIaYs\/edit?usp=sharing\" target=\"_blank\" rel=\"noopener\">vt lisa 1<\/a><\/span>)<\/li>\n<li>Iseseisvalt t\u00e4idetakse tabeli esimene veerg (asjad, mille eest mina vastutan)<\/li>\n<li>Iga \u00f5pilane jagab ja p\u00f5hjendab \u00fcle klassi v\u00e4hemalt 1 asja, mille ta kirja pani <\/li><\/ul><\/div>\n        <\/div>\n        <\/div>\n    <\/div>\n\n<p><\/p><div class=\"accordion mb-3\">\n        <div class=\"accordion-item accordion-item--white\">\n        <h2 class=\"accordion-header\" id=\"accordion-69ee561247ce1-heading\">\n            <button class=\"accordion-button collapsed\" type=\"button\" data-bs-toggle=\"collapse\" data-bs-target=\"#accordion-69ee561247ce1-collapse\" aria-expanded=\"true\" aria-controls=\"accordion-69ee561247ce1-collapse\">Teemak\u00e4sitlus<\/button>\n        <\/h2>\n        <div id=\"accordion-69ee561247ce1-collapse\" class=\"accordion-collapse collapse\" aria-labelledby=\"accordion-69ee561247ce1-heading\">\n            <div class=\"accordion-body\"> <span style=\"text-decoration: underline\">\u00d5petaja perspektiiv <\/span>\n<ul>\n<li>\u00d5petaja paneb tahvlile v\u00f5i Powerpointi kirja asjad, mille eest tema arvab, et \u00f5pilane vastutab<\/li>\n<li>\u00d5petaja p\u00f5hjendab ja selgitab oma arvamust<\/li>\n<li>T\u00e4idetakse tabeli teine veerg, vajadusel esitatakse \u00f5petajale t\u00e4iendavaid k\u00fcsimusi<\/li>\n<\/ul>\n<p><span style=\"text-decoration: underline\">Lapse \u00f5igused ja kohustused <\/span><\/p>\n<ul>\n<li>\u00d5pilased tutvuvad lapse \u00f5iguste ja kohustustega ning t\u00e4idavad tabeli kolmanda veeru <br><span style=\"text-decoration: underline\"><a href=\"https:\/\/www.lastekaitseliit.ee\/lapse6igused\/lapse-oigused\/lapse-oigused-kohustused\/\" target=\"_blank\" rel=\"noopener\">https:\/\/www.lastekaitseliit.ee\/lapse6igused\/lapse-oigused\/lapse-oigused-kohustused\/<\/a>\u00a0<\/span><\/li>\n<\/ul>\n<p><span style=\"text-decoration: underline\">Klassiarutelu <\/span><\/p>\n<ul>\n<li>Mis on \u00fchist v\u00f5i erinevat neis kolmes tabelis?<\/li>\n<li>Miks need v\u00e4lja toodud vastutusvaldkonnad on \u00f5pilase jaoks k\u00f5ige olulisemad?<\/li>\n<li>Kas ja kuidas muutub see, mille eest me vastutame elukaare jooksul? <\/li><\/ul><\/div>\n        <\/div>\n        <\/div>\n    <\/div>\n\n<p><\/p><div class=\"accordion mb-3\">\n        <div class=\"accordion-item accordion-item--white\">\n        <h2 class=\"accordion-header\" id=\"accordion-69ee561247ce5-heading\">\n            <button class=\"accordion-button collapsed\" type=\"button\" data-bs-toggle=\"collapse\" data-bs-target=\"#accordion-69ee561247ce5-collapse\" aria-expanded=\"true\" aria-controls=\"accordion-69ee561247ce5-collapse\">Refleksioon<\/button>\n        <\/h2>\n        <div id=\"accordion-69ee561247ce5-collapse\" class=\"accordion-collapse collapse\" aria-labelledby=\"accordion-69ee561247ce5-heading\">\n            <div class=\"accordion-body\"> <span style=\"text-decoration: underline\">Minu vastutus <\/span>\n<p>\u00d5pilane valib tabelist 1 olulise kohustuse ning kirjeldab, kuidas ta selle eest paremini vastutada saab. <a href=\"#\" data-bs-toggle=\"modal\" data-bs-target=\"#popup-modal\" data-title=\"(vt n\u00e4iteid)\" data-content=\"\u201cMina valisin puhta elukeskkonna tagamise. Selle jaoks v\u00f5iksin pr\u00fcgi sorteerida koolis ja kodus.\u201d ;&lt;br \/&gt;\u201cMina valisin koolis k\u00e4imise kohustuse. Seda saan paremini t\u00e4ita kui j\u00f5uan tundidesse \u00f5igeaegselt.\u201d ;&lt;br \/&gt;jne\">(vt n\u00e4iteid)<\/a><\/p><\/div>\n        <\/div>\n        <\/div>\n    <\/div>\u00a0\n<p>Antud \u00f5pistsenaarium ja selle juurde kuuluvad lisad on leitavad Google Docs dokumendina\u00a0<span style=\"text-decoration: underline\"><a href=\"https:\/\/docs.google.com\/document\/d\/1R01QYxx6371sdYj3p3qprQy9ASAGGX5ivJPA3crEggM\/edit?usp=sharing\" target=\"_blank\" rel=\"noopener\">siit<\/a><\/span>.<\/p>\n","protected":false},"excerpt":{"rendered":"<p>Selle \u00f5pistsenaariumi autor on Mari-Liis Nummert. Antud \u00f5pistsenaarium on m\u00f5eldud kasutamiseks II ja III kooliastme \u00f5pilastega. \u00d5ppet\u00f6\u00f6 k\u00e4igus m\u00f5tiskleb \u00f5pilane, mille eest tema \u00f5pilasena vastutab ning v\u00f5rdleb neid \u00f5petaja ootuste ja lapse \u00f5iguste konventsiooniga. \u00d5ppetegevused: H\u00e4\u00e4lestus Vabakirjutamine Iga \u00f5pilane saab &#8230;<\/p>\n","protected":false},"author":31,"featured_media":0,"parent":0,"menu_order":0,"comment_status":"closed","ping_status":"closed","template":"","meta":{"_acf_changed":false,"inline_featured_image":false,"footnotes":""},"class_list":["post-26","page","type-page","status-publish","hentry"],"acf":[],"_links":{"self":[{"href":"https:\/\/sisu.ut.ee\/opistsenaariumid\/wp-json\/wp\/v2\/pages\/26","targetHints":{"allow":["GET"]}}],"collection":[{"href":"https:\/\/sisu.ut.ee\/opistsenaariumid\/wp-json\/wp\/v2\/pages"}],"about":[{"href":"https:\/\/sisu.ut.ee\/opistsenaariumid\/wp-json\/wp\/v2\/types\/page"}],"author":[{"embeddable":true,"href":"https:\/\/sisu.ut.ee\/opistsenaariumid\/wp-json\/wp\/v2\/users\/31"}],"replies":[{"embeddable":true,"href":"https:\/\/sisu.ut.ee\/opistsenaariumid\/wp-json\/wp\/v2\/comments?post=26"}],"version-history":[{"count":1,"href":"https:\/\/sisu.ut.ee\/opistsenaariumid\/wp-json\/wp\/v2\/pages\/26\/revisions"}],"predecessor-version":[{"id":295,"href":"https:\/\/sisu.ut.ee\/opistsenaariumid\/wp-json\/wp\/v2\/pages\/26\/revisions\/295"}],"wp:attachment":[{"href":"https:\/\/sisu.ut.ee\/opistsenaariumid\/wp-json\/wp\/v2\/media?parent=26"}],"curies":[{"name":"wp","href":"https:\/\/api.w.org\/{rel}","templated":true}]}}