{"id":25,"date":"2024-04-04T03:19:37","date_gmt":"2024-04-04T00:19:37","guid":{"rendered":"https:\/\/sisu.ut.ee\/opistsenaariumid\/avaleht\/"},"modified":"2024-04-04T03:22:00","modified_gmt":"2024-04-04T00:22:00","slug":"avaleht","status":"publish","type":"page","link":"https:\/\/sisu.ut.ee\/opistsenaariumid\/","title":{"rendered":"Avaleht"},"content":{"rendered":"<p><span style=\"font-family: verdana,geneva;font-size: small\">Selle veebilehe looja on Tartu \u00dclikooli humanitaar- ja sotsiaalainete arendusr\u00fchm. Koost\u00f6\u00f6s toredate\u00a0 \u00f5petajatega on valminud m\u00f5ned n\u00fc\u00fcdisaegsest \u00f5pik\u00e4situsest l\u00e4htuvad ja riikliku \u00f5ppekava eesm\u00e4rkide saavutamist toetavad raam- ja \u00f5pistsenaariumid. Pakume need v\u00e4lja, et neid koolides katsetada, nende \u00fcle arutada ja neid edasi arendada.<\/span><\/p>\n<p><span style=\"font-family: verdana,geneva;font-size: small\">\u00d5ppetegevuse kavandamisel v\u00f5ib t\u00f5mmata paralleele filmi loomisega, kus \u00f5petaja on kui stsenarist, kellel on k\u00fcll visioon sellest, mis toimuma hakkab, kuid tulemus s\u00fcnnib paljude osaliste koost\u00f6\u00f6s.<\/span><\/p>\n<p><span style=\"font-family: verdana,geneva;font-size: small\">Sellel veebilehel oleme eristanud raamstsenaariumid, \u00f5pistsenaariumid ja lisaks veel \u00f5pilood.<\/span><\/p>\n<ul>\n<li><span style=\"font-family: verdana,geneva;font-size: small\">Raamstsenaarium annab ette laiad raamid\u00a0\u2013 see on erinevaid \u00f5ppemeetodeid tervikuks koondava \u00f5petamise viisi teoreetiline kirjeldus. Kirjeldus sisaldab seda,\u00a0 milliseid eesm\u00e4rke niisugune l\u00e4henemine t\u00e4idab, mida on vaja silmas pidada selle ettevalmistamisel, l\u00e4biviimisel, millised p\u00f5him\u00f5tteliselt erinevad v\u00f5imalused selle teostamiseks on, milline on teoreetiline taust jne. Oleme siin lehek\u00fcljel v\u00e4lja pakkunud <span style=\"font-family: verdana,geneva;font-size: small\">kolm <\/span>raamstsenaariumi: reisi\u00f5pe,<span style=\"font-family: verdana,geneva;font-size: small\"> <\/span>teemap\u00f5hine \u00f5pe ja protsessdraama.<\/span><\/li>\n<li><span style=\"font-family: verdana,geneva;font-size: small\" data-mce-mark=\"1\">\u00d5pistsenaarium kirjeldab, kuidas rakendada raamstsenaariumi \u00fchel konkreetsel teemal (nt \u201cReisi\u00f5pe Peipsi veerel\u201d, \u201cPaabel Eestis\u201d jt). See on \u00f5ppet\u00f6\u00f6 praktiline kirjeldus koos vajaminevate \u00f5ppevahenditega, olgu nendeks t\u00f6\u00f6lehed, viited veebip\u00f5histele materjalidele ja muu vajalik.<\/span><\/li>\n<li><span style=\"font-family: verdana,geneva;font-size: small\">\u00d5pilugu on refleksioon sellest, kuidas \u00f5petaja on \u00f5pistsenaariumi kohandanud konkreetse \u00f5pper\u00fchma jaoks, arvestades paikkondlikku erip\u00e4ra ja teisi \u00f5ppeprotsessi m\u00f5jutavaid tegureid. See v\u00f5ib olla kirjalik, audio- v\u00f5i videojutustus enda tehtud kohandustest ja refleksioonist; mis t\u00f6\u00f6tas konkreetses \u00f5pper\u00fchmas ja mis mitte, milliseid ideid j\u00e4rgmisel korral tasuks kaaluda.<\/span><\/li>\n<\/ul>\n","protected":false},"excerpt":{"rendered":"<p>Selle veebilehe looja on Tartu \u00dclikooli humanitaar- ja sotsiaalainete arendusr\u00fchm. Koost\u00f6\u00f6s toredate\u00a0 \u00f5petajatega on valminud m\u00f5ned n\u00fc\u00fcdisaegsest \u00f5pik\u00e4situsest l\u00e4htuvad ja riikliku \u00f5ppekava eesm\u00e4rkide saavutamist toetavad raam- ja \u00f5pistsenaariumid. Pakume need v\u00e4lja, et neid koolides katsetada, nende \u00fcle arutada ja neid &#8230;<\/p>\n","protected":false},"author":31,"featured_media":0,"parent":0,"menu_order":0,"comment_status":"closed","ping_status":"closed","template":"","meta":{"_acf_changed":false,"inline_featured_image":false,"footnotes":""},"class_list":["post-25","page","type-page","status-publish","hentry"],"acf":[],"_links":{"self":[{"href":"https:\/\/sisu.ut.ee\/opistsenaariumid\/wp-json\/wp\/v2\/pages\/25","targetHints":{"allow":["GET"]}}],"collection":[{"href":"https:\/\/sisu.ut.ee\/opistsenaariumid\/wp-json\/wp\/v2\/pages"}],"about":[{"href":"https:\/\/sisu.ut.ee\/opistsenaariumid\/wp-json\/wp\/v2\/types\/page"}],"author":[{"embeddable":true,"href":"https:\/\/sisu.ut.ee\/opistsenaariumid\/wp-json\/wp\/v2\/users\/31"}],"replies":[{"embeddable":true,"href":"https:\/\/sisu.ut.ee\/opistsenaariumid\/wp-json\/wp\/v2\/comments?post=25"}],"version-history":[{"count":1,"href":"https:\/\/sisu.ut.ee\/opistsenaariumid\/wp-json\/wp\/v2\/pages\/25\/revisions"}],"predecessor-version":[{"id":296,"href":"https:\/\/sisu.ut.ee\/opistsenaariumid\/wp-json\/wp\/v2\/pages\/25\/revisions\/296"}],"wp:attachment":[{"href":"https:\/\/sisu.ut.ee\/opistsenaariumid\/wp-json\/wp\/v2\/media?parent=25"}],"curies":[{"name":"wp","href":"https:\/\/api.w.org\/{rel}","templated":true}]}}