{"id":24,"date":"2024-04-04T03:19:37","date_gmt":"2024-04-04T00:19:37","guid":{"rendered":"https:\/\/sisu.ut.ee\/opistsenaariumid\/turvalisus\/"},"modified":"2024-04-04T03:22:00","modified_gmt":"2024-04-04T00:22:00","slug":"turvalisus","status":"publish","type":"page","link":"https:\/\/sisu.ut.ee\/opistsenaariumid\/turvalisus\/","title":{"rendered":"Turvalisus"},"content":{"rendered":"<p style=\"text-align: right\">Selle \u00f5pistsenaariumi autorid on Lemme Randmaa ja Mari-Liis Nummert.<\/p>\n<p>Antud \u00f5pistsenaarium on m\u00f5eldud kasutamiseks II ja III kooliastme \u00f5pilastega. \u00d5ppet\u00f6\u00f6 l\u00f5puks oskab \u00f5pilane selgitada oma s\u00f5nadega, milliseid kokkuleppeid vajame, et end turvaliselt tunda. Stsenaariumi l\u00e4bimise k\u00e4igus leitakse ettepanekuid koolikeskkonna turvalisemaks muutmiseks.\u00a0<\/p>\n<p>\u00d5ppetegevused:\u00a0<\/p>\n<p><\/p><div class=\"accordion mb-3\">\n        <div class=\"accordion-item accordion-item--white\">\n        <h2 class=\"accordion-header\" id=\"accordion-69ee5603c98aa-heading\">\n            <button class=\"accordion-button collapsed\" type=\"button\" data-bs-toggle=\"collapse\" data-bs-target=\"#accordion-69ee5603c98aa-collapse\" aria-expanded=\"true\" aria-controls=\"accordion-69ee5603c98aa-collapse\">H\u00e4\u00e4lestus<\/button>\n        <\/h2>\n        <div id=\"accordion-69ee5603c98aa-collapse\" class=\"accordion-collapse collapse\" aria-labelledby=\"accordion-69ee5603c98aa-heading\">\n            <div class=\"accordion-body\"> <span style=\"text-decoration: underline\">Rada <\/span>\n<ul>\n<li>\u00d5pilased jagunevad paarikaupa: \u00fchel \u00f5pilasel seotakse silmad kinni ja teisel on silmad lahti<\/li>\n<li>Paari eesm\u00e4rgiks on liikuda v\u00e4ikesel trajektooril m\u00f6\u00f6da koolikoridori nii, et \u00fcks partneritest juhib teist<\/li>\n<\/ul>\n<p><span style=\"text-decoration: underline\">Arutelu klassis <\/span><\/p>\n<ul>\n<li>Kas on kerge kedagi usaldada?<\/li>\n<li>Mida on vaja selleks, et seda harjutust turvaliselt sooritada?<\/li>\n<li>Mis tundus ebaturvaline?<\/li>\n<li>Millised kokkulepped peavad olema kahe paarilise vahel, et harjutus oleks m\u00f5lema jaoks turvaline? <\/li><\/ul><\/div>\n        <\/div>\n        <\/div>\n    <\/div>\n\n<p><\/p><div class=\"accordion mb-3\">\n        <div class=\"accordion-item accordion-item--white\">\n        <h2 class=\"accordion-header\" id=\"accordion-69ee5603c98b2-heading\">\n            <button class=\"accordion-button collapsed\" type=\"button\" data-bs-toggle=\"collapse\" data-bs-target=\"#accordion-69ee5603c98b2-collapse\" aria-expanded=\"true\" aria-controls=\"accordion-69ee5603c98b2-collapse\">Teemak\u00e4sitlus<\/button>\n        <\/h2>\n        <div id=\"accordion-69ee5603c98b2-collapse\" class=\"accordion-collapse collapse\" aria-labelledby=\"accordion-69ee5603c98b2-heading\">\n            <div class=\"accordion-body\"> <span style=\"text-decoration: underline\">Grupit\u00f6\u00f6 \u201cMina turvalise koolikeskkonna loojana\u201d <\/span>\n<ul>\n<li>\u00d5pilased jagunevad kolme r\u00fchma: turvaline tund, turvaline vahetund, turvaline koolip\u00e4ev (<span style=\"text-decoration: underline\"><a href=\"https:\/\/docs.google.com\/document\/d\/1pxwtI0WPu2cYA-qI-dvItIlsoQMqyywbbV5oZXacoYQ\/edit?usp=sharing\" target=\"_blank\" rel=\"noopener\">vt lisa 1<\/a><\/span>)<\/li>\n<li>\u00d5pilased s\u00f5nastavad turvalise koolikeskkonna tunnused<\/li>\n<li>K\u00f5ik grupid esitlevad oma t\u00f6\u00f6 tulemusi ja toovad klassis v\u00e4lja 3 ettepanekut, kuidas muuta tund\/vahetund\/koolip\u00e4ev k\u00f5igi jaoks turvalisemaks<\/li>\n<li>Klassi ettepanekud edastatakse kooli \u00f5pilasomavalitsusele ja koolijuhile<\/li><\/ul><\/div>\n        <\/div>\n        <\/div>\n    <\/div>\n\n<p><\/p><div class=\"accordion mb-3\">\n        <div class=\"accordion-item accordion-item--white\">\n        <h2 class=\"accordion-header\" id=\"accordion-69ee5603c98b4-heading\">\n            <button class=\"accordion-button collapsed\" type=\"button\" data-bs-toggle=\"collapse\" data-bs-target=\"#accordion-69ee5603c98b4-collapse\" aria-expanded=\"true\" aria-controls=\"accordion-69ee5603c98b4-collapse\">Refleksioon<\/button>\n        <\/h2>\n        <div id=\"accordion-69ee5603c98b4-collapse\" class=\"accordion-collapse collapse\" aria-labelledby=\"accordion-69ee5603c98b4-heading\">\n            <div class=\"accordion-body\"> <span style=\"text-decoration: underline\">Isiklik lubadus <\/span>\n<p>Iga \u00f5pilane valib \u00fche esitletud ettepanekutest, millest lubab ise kinni pidada ja p\u00f5hjendab klassikaaslastele, miks ta just seda ettepanekut oluliseks pidas. <\/p><\/div>\n        <\/div>\n        <\/div>\n    <\/div>\u00a0\n<p>Antud \u00f5pistsenaarium ja selle juurde kuuluvad lisad on leitavad Google Docs dokumendina\u00a0<span style=\"text-decoration: underline\"><a href=\"https:\/\/docs.google.com\/document\/d\/16jGXZJiGNlbdV3kDkdUU1QfLcWxyWrcBmAg16smfqM4\/edit?usp=sharing\" target=\"_blank\" rel=\"noopener\">siit<\/a><\/span>.<\/p>\n","protected":false},"excerpt":{"rendered":"<p>Selle \u00f5pistsenaariumi autorid on Lemme Randmaa ja Mari-Liis Nummert. Antud \u00f5pistsenaarium on m\u00f5eldud kasutamiseks II ja III kooliastme \u00f5pilastega. \u00d5ppet\u00f6\u00f6 l\u00f5puks oskab \u00f5pilane selgitada oma s\u00f5nadega, milliseid kokkuleppeid vajame, et end turvaliselt tunda. Stsenaariumi l\u00e4bimise k\u00e4igus leitakse ettepanekuid koolikeskkonna turvalisemaks &#8230;<\/p>\n","protected":false},"author":31,"featured_media":0,"parent":0,"menu_order":0,"comment_status":"closed","ping_status":"closed","template":"","meta":{"_acf_changed":false,"inline_featured_image":false,"footnotes":""},"class_list":["post-24","page","type-page","status-publish","hentry"],"acf":[],"_links":{"self":[{"href":"https:\/\/sisu.ut.ee\/opistsenaariumid\/wp-json\/wp\/v2\/pages\/24","targetHints":{"allow":["GET"]}}],"collection":[{"href":"https:\/\/sisu.ut.ee\/opistsenaariumid\/wp-json\/wp\/v2\/pages"}],"about":[{"href":"https:\/\/sisu.ut.ee\/opistsenaariumid\/wp-json\/wp\/v2\/types\/page"}],"author":[{"embeddable":true,"href":"https:\/\/sisu.ut.ee\/opistsenaariumid\/wp-json\/wp\/v2\/users\/31"}],"replies":[{"embeddable":true,"href":"https:\/\/sisu.ut.ee\/opistsenaariumid\/wp-json\/wp\/v2\/comments?post=24"}],"version-history":[{"count":1,"href":"https:\/\/sisu.ut.ee\/opistsenaariumid\/wp-json\/wp\/v2\/pages\/24\/revisions"}],"predecessor-version":[{"id":297,"href":"https:\/\/sisu.ut.ee\/opistsenaariumid\/wp-json\/wp\/v2\/pages\/24\/revisions\/297"}],"wp:attachment":[{"href":"https:\/\/sisu.ut.ee\/opistsenaariumid\/wp-json\/wp\/v2\/media?parent=24"}],"curies":[{"name":"wp","href":"https:\/\/api.w.org\/{rel}","templated":true}]}}