{"id":22,"date":"2024-04-04T03:19:37","date_gmt":"2024-04-04T00:19:37","guid":{"rendered":"https:\/\/sisu.ut.ee\/opistsenaariumid\/sallivus\/"},"modified":"2024-04-04T03:22:00","modified_gmt":"2024-04-04T00:22:00","slug":"sallivus","status":"publish","type":"page","link":"https:\/\/sisu.ut.ee\/opistsenaariumid\/sallivus\/","title":{"rendered":"Sallivus"},"content":{"rendered":"<p style=\"text-align: right\">Selle \u00f5pistsenaariumi autor on Tiina Teppo.\u00a0<\/p>\n<p>Antud \u00f5pistsenaarium on m\u00f5eldud kasutamiseks II ja III kooliastme \u00f5pilastega. \u00d5ppet\u00f6\u00f6 k\u00e4igus selgitab \u00f5pilane, mida t\u00e4hendab sallivus, arutleb milliseid olukordi ta salliks ja miks ning teadvustab oma eelarvamusi- ja hoiakuid erinevate inimgruppide ja olukordade osas.\u00a0<\/p>\n<p>\u00d5ppetegevused:<\/p>\n<p><\/p><div class=\"accordion mb-3\">\n        <div class=\"accordion-item accordion-item--white\">\n        <h2 class=\"accordion-header\" id=\"accordion-69ee6e140d6d7-heading\">\n            <button class=\"accordion-button collapsed\" type=\"button\" data-bs-toggle=\"collapse\" data-bs-target=\"#accordion-69ee6e140d6d7-collapse\" aria-expanded=\"true\" aria-controls=\"accordion-69ee6e140d6d7-collapse\">H\u00e4\u00e4lestus<\/button>\n        <\/h2>\n        <div id=\"accordion-69ee6e140d6d7-collapse\" class=\"accordion-collapse collapse\" aria-labelledby=\"accordion-69ee6e140d6d7-heading\">\n            <div class=\"accordion-body\"> <span style=\"text-decoration: underline\">S\u00f5naraamat <\/span>\n<ul>\n<li>\u00d5pilased seletavad m\u00f5istet \u201cSallivus\u201d<\/li>\n<li>S\u00f5naliiki muutes (sallima) leitakse vastands\u00f5na ja t\u00e4henduselt vahepealne tegus\u00f5na<\/li>\n<li>\u00d5pilaste seletusi v\u00f5rreldakse s\u00f5naraamatus tooduga (EKSS 5 2009: 57) <\/li><\/ul><\/div>\n        <\/div>\n        <\/div>\n    <\/div>\n\n<p><\/p><div class=\"accordion mb-3\">\n        <div class=\"accordion-item accordion-item--white\">\n        <h2 class=\"accordion-header\" id=\"accordion-69ee6e140d6dd-heading\">\n            <button class=\"accordion-button collapsed\" type=\"button\" data-bs-toggle=\"collapse\" data-bs-target=\"#accordion-69ee6e140d6dd-collapse\" aria-expanded=\"true\" aria-controls=\"accordion-69ee6e140d6dd-collapse\">Teemak\u00e4sitlus<\/button>\n        <\/h2>\n        <div id=\"accordion-69ee6e140d6dd-collapse\" class=\"accordion-collapse collapse\" aria-labelledby=\"accordion-69ee6e140d6dd-heading\">\n            <div class=\"accordion-body\"> <span style=\"text-decoration: underline\">Sallivuse sall <\/span>\n<ul>\n<li>\u00d5pilased jagunevad r\u00fchmadeks, iga r\u00fchm saab t\u00f6\u00f6juhendi ja sallimustri (<span style=\"text-decoration: underline\"><a href=\"https:\/\/docs.google.com\/document\/d\/1c9wf03PrAxuKE8R2rl9TMUIDauWrk1LC2HLpfa5YcxY\/edit?usp=sharing\" target=\"_blank\" rel=\"noopener\">vt lisa 1<\/a><\/span>)<\/li>\n<li>R\u00fchmat\u00f6\u00f6na tuleb \u00f5pilastel \u201ckududa sallivuse sall\u201d olukordadest ja inimgruppide kirjeldustest, mida oleksite valmis sallima<\/li>\n<li>Arutelu klassis:<\/li>\n<ul>\n<li>Kui pikk on \u00fche v\u00f5i teise r\u00fchma sall?<\/li>\n<li>Milliste j\u00e4reldusteni j\u00f5uti r\u00fchmaarutelus ja kuidas p\u00f5hjendati \u00fche v\u00f5i teise mustri salli kudumist\/sealt v\u00e4lja harutamist?<\/li>\n<li>Kuidas teadvustada eelarvamusi ja v\u00e4ltida sildistamist? <\/li><\/ul><\/ul><\/div>\n        <\/div>\n        <\/div>\n    <\/div>\n\n\n<p><\/p><div class=\"accordion mb-3\">\n        <div class=\"accordion-item accordion-item--white\">\n        <h2 class=\"accordion-header\" id=\"accordion-69ee6e140d6e0-heading\">\n            <button class=\"accordion-button collapsed\" type=\"button\" data-bs-toggle=\"collapse\" data-bs-target=\"#accordion-69ee6e140d6e0-collapse\" aria-expanded=\"true\" aria-controls=\"accordion-69ee6e140d6e0-collapse\">Refleksioon<\/button>\n        <\/h2>\n        <div id=\"accordion-69ee6e140d6e0-collapse\" class=\"accordion-collapse collapse\" aria-labelledby=\"accordion-69ee6e140d6e0-heading\">\n            <div class=\"accordion-body\"> <span style=\"text-decoration: underline\">Juhtm\u00f5tte s\u00f5nastamine <\/span>\n<p>\u00d5pilased l\u00f5petavad lause: \u201cT\u00e4nase tunni juhtm\u00f5te on\u2026\u201d <\/p><\/div>\n        <\/div>\n        <\/div>\n    <\/div>\u00a0\n<p>Antud \u00f5pistsenaarium ja selle juurde kuuluvad lisad on leitavad Google Docs dokumendina\u00a0<span style=\"text-decoration: underline\"><a href=\"https:\/\/docs.google.com\/document\/d\/1oTPCSzBsmqf5hu8C2XmAsX5XMJdP6r_LBBPEmwxpVog\/edit?usp=sharing\" target=\"_blank\" rel=\"noopener\">siit<\/a><\/span>.\u00a0<\/p>\n","protected":false},"excerpt":{"rendered":"<p>Selle \u00f5pistsenaariumi autor on Tiina Teppo.\u00a0 Antud \u00f5pistsenaarium on m\u00f5eldud kasutamiseks II ja III kooliastme \u00f5pilastega. \u00d5ppet\u00f6\u00f6 k\u00e4igus selgitab \u00f5pilane, mida t\u00e4hendab sallivus, arutleb milliseid olukordi ta salliks ja miks ning teadvustab oma eelarvamusi- ja hoiakuid erinevate inimgruppide ja olukordade &#8230;<\/p>\n","protected":false},"author":31,"featured_media":0,"parent":0,"menu_order":0,"comment_status":"closed","ping_status":"closed","template":"","meta":{"_acf_changed":false,"inline_featured_image":false,"footnotes":""},"class_list":["post-22","page","type-page","status-publish","hentry"],"acf":[],"_links":{"self":[{"href":"https:\/\/sisu.ut.ee\/opistsenaariumid\/wp-json\/wp\/v2\/pages\/22","targetHints":{"allow":["GET"]}}],"collection":[{"href":"https:\/\/sisu.ut.ee\/opistsenaariumid\/wp-json\/wp\/v2\/pages"}],"about":[{"href":"https:\/\/sisu.ut.ee\/opistsenaariumid\/wp-json\/wp\/v2\/types\/page"}],"author":[{"embeddable":true,"href":"https:\/\/sisu.ut.ee\/opistsenaariumid\/wp-json\/wp\/v2\/users\/31"}],"replies":[{"embeddable":true,"href":"https:\/\/sisu.ut.ee\/opistsenaariumid\/wp-json\/wp\/v2\/comments?post=22"}],"version-history":[{"count":1,"href":"https:\/\/sisu.ut.ee\/opistsenaariumid\/wp-json\/wp\/v2\/pages\/22\/revisions"}],"predecessor-version":[{"id":299,"href":"https:\/\/sisu.ut.ee\/opistsenaariumid\/wp-json\/wp\/v2\/pages\/22\/revisions\/299"}],"wp:attachment":[{"href":"https:\/\/sisu.ut.ee\/opistsenaariumid\/wp-json\/wp\/v2\/media?parent=22"}],"curies":[{"name":"wp","href":"https:\/\/api.w.org\/{rel}","templated":true}]}}