{"id":20,"date":"2024-04-04T03:19:37","date_gmt":"2024-04-04T00:19:37","guid":{"rendered":"https:\/\/sisu.ut.ee\/opistsenaariumid\/ausus\/"},"modified":"2024-04-04T03:22:00","modified_gmt":"2024-04-04T00:22:00","slug":"ausus","status":"publish","type":"page","link":"https:\/\/sisu.ut.ee\/opistsenaariumid\/ausus\/","title":{"rendered":"Ausus"},"content":{"rendered":"<p style=\"text-align: right\">Selle \u00f5pistsenaariumi autor on Lemme Randma.<\/p>\n<p>Antud \u00f5pistsenaarium on m\u00f5eldud kasutamiseks II ja III kooliastme \u00f5pilastega. \u00d5ppet\u00f6\u00f6 k\u00e4igus m\u00f5tiskleb \u00f5pilane, mis on ausus ja milline on aus inimene, lisaks arutleb, mis on tema jaoks ausa k\u00e4itumise n\u00e4itajad.\u00a0<\/p>\n<p>\u00d5ppetegevused:\u00a0<\/p>\n<p><\/p><div class=\"accordion mb-3\">\n        <div class=\"accordion-item accordion-item--white\">\n        <h2 class=\"accordion-header\" id=\"accordion-69ee56044e086-heading\">\n            <button class=\"accordion-button collapsed\" type=\"button\" data-bs-toggle=\"collapse\" data-bs-target=\"#accordion-69ee56044e086-collapse\" aria-expanded=\"true\" aria-controls=\"accordion-69ee56044e086-collapse\">H\u00e4\u00e4lestus<\/button>\n        <\/h2>\n        <div id=\"accordion-69ee56044e086-collapse\" class=\"accordion-collapse collapse\" aria-labelledby=\"accordion-69ee56044e086-heading\">\n            <div class=\"accordion-body\"> <span style=\"text-decoration: underline\">Lugu \u201cKolm s\u00f5ela\u201d<\/span>\u00a0\n<ul>\n<li>\u00d5petaja loeb \u00f5pilastele ette loo \u201cKolm s\u00f5ela\u201d (<span style=\"text-decoration: underline\"><a href=\"https:\/\/docs.google.com\/document\/d\/1k4YHE_2hYC5scbs98-bw6IrX6JtrQEyuL6zL-OijpK4\/edit?usp=sharing\" target=\"_blank\" rel=\"noopener\">vt lisa 1<\/a><\/span>)<\/li>\n<li>\u00d5pilane arutab pinginaabriga ja hiljem \u00fcle klassi, mida selle looga tahetakse \u00f6elda<\/li>\n<\/ul>\n<p><span style=\"text-decoration: underline\">V\u00e4\u00e4rtuste joon<\/span>\u00a0<\/p>\n<ul>\n<li>\u00d5petaja loeb \u00f5pilastele ette v\u00e4ite \u201cAusus on usalduse alus. Usaldus on k\u00f5ikide suhete aluseks.\u201d<\/li>\n<li>\u00d5pilased otsustavad kui oluliseks nad seda v\u00e4idet oma elus peavad ja paigutavad end klassis seistes v\u00e4\u00e4rtuste joonele (t\u00e4iesti ebaoluline-v\u00e4ga oluline) <\/li><\/ul><\/div>\n        <\/div>\n        <\/div>\n    <\/div>\n\n<p><\/p><div class=\"accordion mb-3\">\n        <div class=\"accordion-item accordion-item--white\">\n        <h2 class=\"accordion-header\" id=\"accordion-69ee56044e08c-heading\">\n            <button class=\"accordion-button collapsed\" type=\"button\" data-bs-toggle=\"collapse\" data-bs-target=\"#accordion-69ee56044e08c-collapse\" aria-expanded=\"true\" aria-controls=\"accordion-69ee56044e08c-collapse\">Teemak\u00e4sitlus<\/button>\n        <\/h2>\n        <div id=\"accordion-69ee56044e08c-collapse\" class=\"accordion-collapse collapse\" aria-labelledby=\"accordion-69ee56044e08c-heading\">\n            <div class=\"accordion-body\"> <span style=\"text-decoration: underline\">M\u00f5istekaart \u201cAusus\u201d<\/span>\u00a0\n<ul>\n<li>\u00d5pilased jagunevad r\u00fchmadesse (4-5 liiget)<\/li>\n<li>\u00d5pilased panevad kirja k\u00f5ik aususega seotud m\u00e4rks\u00f5nad<\/li>\n<\/ul>\n<p><span style=\"text-decoration: underline\">Klassiarutelu<\/span>\u00a0<\/p>\n<ul>\n<li>Mis on ausus?<\/li>\n<li>Mida t\u00e4hendab mitteausus?<\/li>\n<li>Kas ausus ja valetamine on vastands\u00f5nad?<\/li>\n<li>Mis vahet on t\u00f5el ja valel? Kuidas neid eristada?<\/li>\n<li>Kuidas oled ennast tundnud, kui Sinuga ei ole aus oldud?<\/li>\n<li>Kus kohast l\u00f5peb ausus ja algab minu isiklik m\u00f5tteruum, mida ma ei pea jagama?<\/li>\n<\/ul>\n<p><\/p><\/div>\n        <\/div>\n        <\/div>\n    <\/div>\n<p><\/p><div class=\"accordion mb-3\">\n        <div class=\"accordion-item accordion-item--white\">\n        <h2 class=\"accordion-header\" id=\"accordion-69ee56044e08f-heading\">\n            <button class=\"accordion-button collapsed\" type=\"button\" data-bs-toggle=\"collapse\" data-bs-target=\"#accordion-69ee56044e08f-collapse\" aria-expanded=\"true\" aria-controls=\"accordion-69ee56044e08f-collapse\">Refleksioon<\/button>\n        <\/h2>\n        <div id=\"accordion-69ee56044e08f-collapse\" class=\"accordion-collapse collapse\" aria-labelledby=\"accordion-69ee56044e08f-heading\">\n            <div class=\"accordion-body\"><span style=\"text-decoration: underline\">Vanas\u00f5na m\u00f5testamine<\/span>\u00a0\n<p>\u00d5pilane paneb kirja ja jagab pinginaabriga, mida t\u00e4hendab tema jaoks vanas\u00f5na \u201eMeest s\u00f5nast, h\u00e4rga sarvest.\u201c <\/p><\/div>\n        <\/div>\n        <\/div>\n    <\/div>\u00a0\n<p>Antud \u00f5pistsenaarium ja selle juurde kuuluvad lisad on leitavad Google Docs dokumendina\u00a0<span style=\"text-decoration: underline\"><a href=\"https:\/\/docs.google.com\/document\/d\/1coXGupVDk86uHlBecHQLmlHE8JcoeQ9J3W4Yz7JPouM\/edit?usp=sharing\" target=\"_blank\" rel=\"noopener\">siit<\/a><\/span>.<\/p>\n","protected":false},"excerpt":{"rendered":"<p>Selle \u00f5pistsenaariumi autor on Lemme Randma. Antud \u00f5pistsenaarium on m\u00f5eldud kasutamiseks II ja III kooliastme \u00f5pilastega. \u00d5ppet\u00f6\u00f6 k\u00e4igus m\u00f5tiskleb \u00f5pilane, mis on ausus ja milline on aus inimene, lisaks arutleb, mis on tema jaoks ausa k\u00e4itumise n\u00e4itajad.\u00a0 \u00d5ppetegevused:\u00a0 H\u00e4\u00e4lestus Lugu &#8230;<\/p>\n","protected":false},"author":31,"featured_media":0,"parent":0,"menu_order":0,"comment_status":"closed","ping_status":"closed","template":"","meta":{"_acf_changed":false,"inline_featured_image":false,"footnotes":""},"class_list":["post-20","page","type-page","status-publish","hentry"],"acf":[],"_links":{"self":[{"href":"https:\/\/sisu.ut.ee\/opistsenaariumid\/wp-json\/wp\/v2\/pages\/20","targetHints":{"allow":["GET"]}}],"collection":[{"href":"https:\/\/sisu.ut.ee\/opistsenaariumid\/wp-json\/wp\/v2\/pages"}],"about":[{"href":"https:\/\/sisu.ut.ee\/opistsenaariumid\/wp-json\/wp\/v2\/types\/page"}],"author":[{"embeddable":true,"href":"https:\/\/sisu.ut.ee\/opistsenaariumid\/wp-json\/wp\/v2\/users\/31"}],"replies":[{"embeddable":true,"href":"https:\/\/sisu.ut.ee\/opistsenaariumid\/wp-json\/wp\/v2\/comments?post=20"}],"version-history":[{"count":1,"href":"https:\/\/sisu.ut.ee\/opistsenaariumid\/wp-json\/wp\/v2\/pages\/20\/revisions"}],"predecessor-version":[{"id":301,"href":"https:\/\/sisu.ut.ee\/opistsenaariumid\/wp-json\/wp\/v2\/pages\/20\/revisions\/301"}],"wp:attachment":[{"href":"https:\/\/sisu.ut.ee\/opistsenaariumid\/wp-json\/wp\/v2\/media?parent=20"}],"curies":[{"name":"wp","href":"https:\/\/api.w.org\/{rel}","templated":true}]}}