{"id":19,"date":"2024-04-04T03:19:37","date_gmt":"2024-04-04T00:19:37","guid":{"rendered":"https:\/\/sisu.ut.ee\/opistsenaariumid\/hoolivus\/"},"modified":"2024-04-04T03:22:00","modified_gmt":"2024-04-04T00:22:00","slug":"hoolivus","status":"publish","type":"page","link":"https:\/\/sisu.ut.ee\/opistsenaariumid\/hoolivus\/","title":{"rendered":"Hoolivus"},"content":{"rendered":"<p style=\"text-align: right\">Selle \u00f5pistsenaariumi\u00a0autor on Piret Siivelt.\u00a0<\/p>\n<p>Antud \u00f5pistsenaarium on m\u00f5eldud kasutamiseks II ja III kooliastmel \u00f5pilastega. \u00d5ppet\u00f6\u00f6 l\u00f5puks oskab \u00f5pilane selgitada oma s\u00f5nadega, mis on hoolivus ja milline on hooliv inimene ning on r\u00fchmat\u00f6\u00f6na koostanud heategevusprojekti kavandi, mida on v\u00f5imalik ka ellu viia.\u00a0<\/p>\n<p>\u00d5ppetegevused:<\/p>\n<p><\/p><div class=\"accordion mb-3\">\n        <div class=\"accordion-item accordion-item--white\">\n        <h2 class=\"accordion-header\" id=\"accordion-69ee56054ebe1-heading\">\n            <button class=\"accordion-button collapsed\" type=\"button\" data-bs-toggle=\"collapse\" data-bs-target=\"#accordion-69ee56054ebe1-collapse\" aria-expanded=\"true\" aria-controls=\"accordion-69ee56054ebe1-collapse\">H\u00e4\u00e4lestus<\/button>\n        <\/h2>\n        <div id=\"accordion-69ee56054ebe1-collapse\" class=\"accordion-collapse collapse\" aria-labelledby=\"accordion-69ee56054ebe1-heading\">\n            <div class=\"accordion-body\">\n<p><span style=\"text-decoration: underline\">Ajur\u00fcnnak<\/span>:\u00a0<\/p>\n<ul>\n<li>Mis on hoolivus?<\/li>\n<li>Miks on hoolivus oluline?<\/li>\n<li>Kes ja miks v\u00f5ivad vajada meie abi?<\/li>\n<\/ul>\n<p>\u00d5pilaste heategevusprojektid Eestis\u00a0<a href=\"#\" data-bs-toggle=\"modal\" data-bs-target=\"#popup-modal\" data-title=\"(vt infot)\" data-content=' \u00d5petaja valib erinevat sorti heategevuse n\u00e4itlikustamiseks \u00fche \u00f5pilaste l\u00e4biviidud heategevusprojekti Eestis.&lt;\/p&gt;\n&lt;p&gt;N\u00e4iteks:&amp;nbsp;&lt;br \/&gt;&lt;a href=\"https:\/\/www.youtube.com\/watch?v=NmKLVu3yn3o\" target=\"_blank\" rel=\"noopener\"&gt;&lt;span style=\"text-decoration: underline\"&gt;https:\/\/www.youtube.com\/watch?v=NmKLVu3yn3o&lt;\/span&gt;&lt;br \/&gt;&lt;\/a&gt;&lt;span style=\"text-decoration: underline\"&gt;&lt;a href=\"http:\/\/vana.khk.ee\/uldinfo\/uudised\/heategevusprojekt-imelised-joulud-viis-taas-roomu-lastele-ja-eakatele\" target=\"_blank\" rel=\"noopener\"&gt;http:\/\/vana.khk.ee\/uldinfo\/uudised\/heategevusprojekt-imelised-joulud-viis-taas-roomu-lastele-ja-eakatele&lt;\/a&gt;&lt;\/span&gt;&amp;nbsp;&lt;br \/&gt;&lt;span style=\"text-decoration: underline\"&gt;&lt;a href=\"http:\/\/www.heategevusfond.ee\/heategu-kaalus-opilaste-kingipakid-ules\" target=\"_blank\" rel=\"noopener\"&gt;http:\/\/www.heategevusfond.ee\/heategu-kaalus-opilaste-kingipakid-ules&lt;\/a&gt;&lt;\/span&gt;&amp;nbsp;&lt;br \/&gt;jt'>(vt infot)<\/a><\/p>\n<p><\/p><\/div>\n        <\/div>\n        <\/div>\n    <\/div>\n<p><\/p><div class=\"accordion mb-3\">\n        <div class=\"accordion-item accordion-item--white\">\n        <h2 class=\"accordion-header\" id=\"accordion-69ee56054ebe8-heading\">\n            <button class=\"accordion-button collapsed\" type=\"button\" data-bs-toggle=\"collapse\" data-bs-target=\"#accordion-69ee56054ebe8-collapse\" aria-expanded=\"true\" aria-controls=\"accordion-69ee56054ebe8-collapse\">Teemak\u00e4sitlus<\/button>\n        <\/h2>\n        <div id=\"accordion-69ee56054ebe8-collapse\" class=\"accordion-collapse collapse\" aria-labelledby=\"accordion-69ee56054ebe8-heading\">\n            <div class=\"accordion-body\"> <span style=\"text-decoration: underline\">Heategevusprojekti kavand<\/span>\n\n<ul>\n<li>\u00d5pilased jagunevad meeskondadesse ja tutvuvad \u00f5petaja jagatud projekti p\u00f5hjaga (<span style=\"text-decoration: underline\"><a href=\"https:\/\/docs.google.com\/document\/d\/1SnOZhStgTTBKbhR7nyorqzhl933g6_2JoB9MyQIqBZ0\/edit?usp=sharing\" target=\"_blank\" rel=\"noopener\">vt lisa 1<\/a><\/span>).<\/li>\n<li>\u00d5pilased valivad v\u00e4lja koolisisese- v\u00f5i v\u00e4lise heategevuse valdkonna, millele projektis keskenduda soovivad.<\/li>\n<li>\u00d5pilased loovad meeskonnas esialgse heategevusprojekti kava. <\/li><\/ul><\/div>\n        <\/div>\n        <\/div>\n    <\/div>\n\n<p><\/p><div class=\"accordion mb-3\">\n        <div class=\"accordion-item accordion-item--white\">\n        <h2 class=\"accordion-header\" id=\"accordion-69ee56054ebeb-heading\">\n            <button class=\"accordion-button collapsed\" type=\"button\" data-bs-toggle=\"collapse\" data-bs-target=\"#accordion-69ee56054ebeb-collapse\" aria-expanded=\"true\" aria-controls=\"accordion-69ee56054ebeb-collapse\">Refleksioon<\/button>\n        <\/h2>\n        <div id=\"accordion-69ee56054ebeb-collapse\" class=\"accordion-collapse collapse\" aria-labelledby=\"accordion-69ee56054ebeb-heading\">\n            <div class=\"accordion-body\"> <span style=\"text-decoration: underline\">Kavandite tagasisidestamine<\/span>\n\n<p>\u00d5petaja esitab \u00fcle klassi k\u00fcsimused, millele iga meeskond peab oma projekti kavandit vaadeldes vastama. J\u00e4rgneb kokkuv\u00f5ttev arutelu klassis:<\/p>\n<ul>\n<li>Miks valisite just selle teema oma heategevusprojekti jaoks?<\/li>\n<li>Mis muutub paremaks p\u00e4rast projekti elluviimist?<\/li>\n<li>Kuidas jagasite \u00fclesandeid r\u00fchma sees? Kes vastutab mille eest?<\/li>\n<li>Millised ohud v\u00f5ivad projekti elluviimisel ette tulla ja kuidas neid v\u00e4ltida?<\/li>\n<\/ul>\n<p>P\u00e4rast tagasisidestamist lepitakse kokku j\u00e4rgmised tunnid, mil meeskonnad teevad vahekokkuv\u00f5tteid heategevusprojekti ettevalmistamisest. Heategevusprojekti l\u00f5petamisel v\u00f5iks meeskond tutvustada oma projekti tulemusi ka klassis v\u00f5i koolis laiemalt.<\/p><\/div>\n        <\/div>\n        <\/div>\n    <\/div>\u00a0\n<p>Antud \u00f5pistsenaarium ja selle juurde kuuluvad lisad on leitavad Google Docs dokumendina <span style=\"text-decoration: underline\"><a href=\"https:\/\/docs.google.com\/document\/d\/1_uv4oWaVU9y-02XhY95-Lk9qHkQGj6ZP397dXydAJ1M\/edit?usp=sharing\" target=\"_blank\" rel=\"noopener\">siit<\/a><\/span>.<\/p>\n","protected":false},"excerpt":{"rendered":"<p>Selle \u00f5pistsenaariumi\u00a0autor on Piret Siivelt.\u00a0 Antud \u00f5pistsenaarium on m\u00f5eldud kasutamiseks II ja III kooliastmel \u00f5pilastega. \u00d5ppet\u00f6\u00f6 l\u00f5puks oskab \u00f5pilane selgitada oma s\u00f5nadega, mis on hoolivus ja milline on hooliv inimene ning on r\u00fchmat\u00f6\u00f6na koostanud heategevusprojekti kavandi, mida on v\u00f5imalik ka &#8230;<\/p>\n","protected":false},"author":31,"featured_media":0,"parent":0,"menu_order":0,"comment_status":"closed","ping_status":"closed","template":"","meta":{"_acf_changed":false,"inline_featured_image":false,"footnotes":""},"class_list":["post-19","page","type-page","status-publish","hentry"],"acf":[],"_links":{"self":[{"href":"https:\/\/sisu.ut.ee\/opistsenaariumid\/wp-json\/wp\/v2\/pages\/19","targetHints":{"allow":["GET"]}}],"collection":[{"href":"https:\/\/sisu.ut.ee\/opistsenaariumid\/wp-json\/wp\/v2\/pages"}],"about":[{"href":"https:\/\/sisu.ut.ee\/opistsenaariumid\/wp-json\/wp\/v2\/types\/page"}],"author":[{"embeddable":true,"href":"https:\/\/sisu.ut.ee\/opistsenaariumid\/wp-json\/wp\/v2\/users\/31"}],"replies":[{"embeddable":true,"href":"https:\/\/sisu.ut.ee\/opistsenaariumid\/wp-json\/wp\/v2\/comments?post=19"}],"version-history":[{"count":1,"href":"https:\/\/sisu.ut.ee\/opistsenaariumid\/wp-json\/wp\/v2\/pages\/19\/revisions"}],"predecessor-version":[{"id":302,"href":"https:\/\/sisu.ut.ee\/opistsenaariumid\/wp-json\/wp\/v2\/pages\/19\/revisions\/302"}],"wp:attachment":[{"href":"https:\/\/sisu.ut.ee\/opistsenaariumid\/wp-json\/wp\/v2\/media?parent=19"}],"curies":[{"name":"wp","href":"https:\/\/api.w.org\/{rel}","templated":true}]}}