{"id":8,"date":"2024-04-03T23:07:23","date_gmt":"2024-04-03T20:07:23","guid":{"rendered":"https:\/\/sisu.ut.ee\/opiobjekt\/allikad\/"},"modified":"2024-04-03T23:07:26","modified_gmt":"2024-04-03T20:07:26","slug":"allikad","status":"publish","type":"page","link":"https:\/\/sisu.ut.ee\/opiobjekt\/allikad\/","title":{"rendered":"Allikad"},"content":{"rendered":"<ul>\n<li style=\"line-height: 1.5\"><span style=\"line-height: 1.5\">e-\u00d5ppe Arenduskeskus (EITSA), e-\u00f5ppe kvaliteedi t\u00f6\u00f6r\u00fchm. Koostajad Villems, A.,\u00a0<span>Pilt, L., Marandi, T., Rogalevit\u0161, V., Plank, T., Varendi, M., Kampus, E., Puusaar, M., Dremljuga-Telk, M.)\u00a0<\/span>(2012). Juhend kvaliteetse \u00f5piobjekti loomiseks\u00a0[URL]\u00a0<a href=\"http:\/\/www.e-ope.ee\/kvaliteet\/opiobjekt\" target=\"_blank\" rel=\"noopener\">http:\/\/www.e-ope.ee\/kvaliteet\/opiobjekt<\/a><br><\/span><\/li>\n<li style=\"line-height: 1.5\"><span style=\"line-height: 1.5\">Northrup, P. (ed). Learning Objects for Instruction: Design and Evaluation 2007, IGI Global, pt.1 \u201cAn Abridged History of Learning Objects\u201d [URL] <\/span><a style=\"line-height: 1.5\" href=\"http:\/\/www.igi-global.com\/viewtitle.aspx?titleid=25528&amp;sender=6a0ab439-2042-4658-b021-629da28c43ea\" target=\"_blank\" rel=\"noopener\">http:\/\/www.igi-global.com\/viewtitle.aspx?titleid=25528&amp;sender=6a0ab439-2042-4658-b021-629da28c43ea<\/a><span style=\"line-height: 1.5\"> (02.04.2012)<\/span><\/li>\n<li style=\"line-height: 1.5\"><span style=\"line-height: 1.5\"><\/span><span style=\"line-height: 1.5\">Mimirinis, M. &amp; Dafoulas, G. A. (2005). Enriching a Pedagogical Model for the Implementation of a Virtual Training Environment. \u2013 Proceedings of the 5th IEEE International Conference on Advanced Learning Technologies (ICALT 2005), 5\u20138 July, Kaohsiung, Taiwan.<\/span><\/li>\n<\/ul>\n<p><span>\u00a0<\/span><\/p>\n","protected":false},"excerpt":{"rendered":"<p>e-\u00d5ppe Arenduskeskus (EITSA), e-\u00f5ppe kvaliteedi t\u00f6\u00f6r\u00fchm. Koostajad Villems, A.,\u00a0Pilt, L., Marandi, T., Rogalevit\u0161, V., Plank, T., Varendi, M., Kampus, E., Puusaar, M., Dremljuga-Telk, M.)\u00a0(2012). Juhend kvaliteetse \u00f5piobjekti loomiseks\u00a0[URL]\u00a0http:\/\/www.e-ope.ee\/kvaliteet\/opiobjekt Northrup, P. (ed). Learning Objects for Instruction: Design and Evaluation 2007, IGI &#8230;<\/p>\n","protected":false},"author":6,"featured_media":0,"parent":0,"menu_order":0,"comment_status":"closed","ping_status":"closed","template":"","meta":{"_acf_changed":false,"inline_featured_image":false,"footnotes":""},"class_list":["post-8","page","type-page","status-publish","hentry"],"acf":[],"_links":{"self":[{"href":"https:\/\/sisu.ut.ee\/opiobjekt\/wp-json\/wp\/v2\/pages\/8","targetHints":{"allow":["GET"]}}],"collection":[{"href":"https:\/\/sisu.ut.ee\/opiobjekt\/wp-json\/wp\/v2\/pages"}],"about":[{"href":"https:\/\/sisu.ut.ee\/opiobjekt\/wp-json\/wp\/v2\/types\/page"}],"author":[{"embeddable":true,"href":"https:\/\/sisu.ut.ee\/opiobjekt\/wp-json\/wp\/v2\/users\/6"}],"replies":[{"embeddable":true,"href":"https:\/\/sisu.ut.ee\/opiobjekt\/wp-json\/wp\/v2\/comments?post=8"}],"version-history":[{"count":1,"href":"https:\/\/sisu.ut.ee\/opiobjekt\/wp-json\/wp\/v2\/pages\/8\/revisions"}],"predecessor-version":[{"id":47,"href":"https:\/\/sisu.ut.ee\/opiobjekt\/wp-json\/wp\/v2\/pages\/8\/revisions\/47"}],"wp:attachment":[{"href":"https:\/\/sisu.ut.ee\/opiobjekt\/wp-json\/wp\/v2\/media?parent=8"}],"curies":[{"name":"wp","href":"https:\/\/api.w.org\/{rel}","templated":true}]}}