{"id":7,"date":"2024-04-03T23:07:23","date_gmt":"2024-04-03T20:07:23","guid":{"rendered":"https:\/\/sisu.ut.ee\/opiobjekt\/4-kavandamise-etapp\/"},"modified":"2024-04-09T20:35:02","modified_gmt":"2024-04-09T17:35:02","slug":"4-kavandamise-etapp","status":"publish","type":"page","link":"https:\/\/sisu.ut.ee\/opiobjekt\/4-kavandamise-etapp\/","title":{"rendered":"2.2. Terviklikkus"},"content":{"rendered":"<p><span data-mce-mark=\"1\">Terviklikkus\u00a0(ingl <em>self contained<\/em>) t\u00e4hendab seda, et\u00a0\u00f5piobjekt on \u00fche konkreetse teema omandamiseks loodud\u00a0<\/span><span data-mce-mark=\"1\">ning on tervenisti selle teema teenistuses. \u00d5piobjekti kohta k\u00e4ib \u00fctlus: nii palju kui vajalik, aga nii v\u00e4he kui v\u00f5imalik. See t\u00e4hendab, et k\u00f5ik vajalik peab sisalduma \u00f5piobjekti sees, k\u00f5ik mittevajalik tuleb igal juhul v\u00e4lja j\u00e4tta. \u00d5piobjekt ei ole seotud kohustuslike v\u00e4liste \u00f5piobjektidega ning \u00f5piobjektist v\u00e4ljaspool asuvate muude \u00f5ppematerjalidega. \u00d5piobjekti saab seostada teiste teemadega alles siis, kui me \u00f5piobjektidest e-kursuse moodustame \u2013 see aga on juba \u00f5piobjekti kasutamise, mitte \u00f5piobjekti loomise k\u00fcsimus.<\/span><\/p>\n\n\n\n<p><span data-mce-mark=\"1\">Iga \u00f5piobjekti peab saama kasutada \u00f5ppet\u00f6\u00f6s eraldiseisvalt, s\u00f5ltumata teistest materjalidest v\u00f5i teistest \u00f5piobjektidest. Tavalisest mistahes e-kursuse \u00fche teema \u00f5ppematerjalist eristab \u00f5piobjekti see, et me ei saa teha viiteid eelnevatele (ega ka mitte j\u00e4rgnevatele) \u00f5ppetundidele, k\u00e4sitletud teemadele ega \u00f5ppematerjalidele. \u00d5piobjekt v\u00f5ib teenida \u00f5ppeprotsessis ka muid eesm\u00e4rke kui \u00f5piobjekti kirjelduses v\u00e4ljendatu, kuid see s\u00f5ltub juba \u00f5petajast, kes seda \u00f5piobjekti oma \u00f5ppeaines kasutab ja \u00f5piobjekti konkreetsest kasutamise viisist.<\/span><\/p>\n\n\n\n<h2 class=\"wp-block-heading\">Kuidas suhtuda \u00f5piobjekti loomisel eelteadmistesse?<\/h2>\n\n\n\n<p>\u00dckski \u00f5petatav teadmine ei ole ju sisuliselt s\u00f5ltumatu \u2013 ta vajab arusaamiseks ja oskuste omandamiseks eelteadmisi ja -oskusi. Kuna erinevatel sihtr\u00fchmadel v\u00f5ivad olla v\u00e4ga erinevad eelteadmised, siis jagatakse vajalikud eelteadmised\/oskused kahte klassi: esimesse kuuluvad need eelteadmised\/oskused, mida ei ole v\u00f5imalik selgitada loodava \u00f5piobjekti sees \u2013 need kirjeldatakse \u00f5piobjekti metaandmetes kui vajalikud eelteadmised antud \u00f5piobjektiga t\u00f6\u00f6tamiseks. Teise klassi moodutavad sellised eelteadmised, mida saab esitada \u00f5piobjekti sees just sellises mahus, nagu neid vajatakse ja neid ei kirjeldata metaandmetes vajalike eelteadmistena. Selliste eelteadmiste toomine \u00f5piobjekti sees on oluline kordamise m\u00f5ttes.<\/p>\n\n\n\n<p>N\u00e4ited, mida teema selgitamisel kasutada, peaks p\u00f5hinema \u00fcldarusaadaval ainesel, mitte \u00fche kitsa sihtr\u00fchma erialase teadmise temaatikal. N\u00e4iteks, kui \u00f5piobjekt k\u00e4sitleb uurimist\u00f6\u00f6 kirjutamist, ei tohiks n\u00e4ited olla ei IT-spetsiifilisest ega ka mitte s\u00fcvameditsiini valdkonnast, kuid v\u00f5ib kasutada m\u00f5lema valdkonna \u00fcldarusaadavaid n\u00e4iteid.<\/p>\n\n\n\n<p>Kuna \u00f5piobjekt peab tagama \u00f5piv\u00e4ljundite saavutamise iseseisval \u00f5ppimisel, siis peaks \u00f5piobjekt sisaldama aktiiv\u00f5ppe elemente, mille abil \u00f5ppija saaks teemast arusaamist ja omandatud oskusi kontrollida: automaatse tagasisidega m\u00f5tlemis\u00fclesandeid, teste, simulatsioone jne.<\/p>\n\n\n\n<div id=\"accordion\" class=\"accordion\">\n<h3><a href=\"#\">\u00d5piobjekti \u201cPositsioonilised arvus\u00fcsteemid\u201d\u00a0anal\u00fc\u00fcs terviklikkuse seisukohast<\/a><\/h3>\n<div>\n<ul>\n<li>\u00d5piobjekt peaks olema loodud \u00fche konkreetse teema omandamiseks. Antud \u00f5piobjekt sisaldab kolme teemat, vt info \u00f5piobjekti avalehel ning \u00f5piobjekti sisukorda: <a href=\"http:\/\/dspace.utlib.ee\/dspace\/bitstream\/handle\/10062\/22560\/index.html\" target=\"_blank\" rel=\"noopener\">http:\/\/dspace.utlib.ee\/dspace\/bitstream\/handle\/10062\/22560\/index.html<\/a><\/li>\n<li>\u00d5piv\u00e4ljundite saavutamiseks vajalik sisu sisaldub \u00fcldjuhul \u00f5piobjekti sees ega ole seotud \u00f5piobjekti v\u00e4liste materjalidega. Terviklikkuse seisukohast esineb puuduj\u00e4\u00e4ke, kuna osa sisu aveneb \u00f5piobjekti v\u00e4lisel veebilehel: binaarm\u00e4ng. Video on You Tube\u00b4ist vistutatud (embed koodiga sisestatud). Videofail ei paikne \u00f5piobjekti sees:\u00a0<a href=\"http:\/\/dspace.utlib.ee\/dspace\/bitstream\/handle\/10062\/22560\/kahendssteem.html\" target=\"_blank\" rel=\"noopener\">http:\/\/dspace.utlib.ee\/dspace\/bitstream\/handle\/10062\/22560\/kahendssteem.html<\/a><\/li>\n<li>\u00d5piobjekti abil on \u00f5ppijal v\u00f5imalik saavutada selles kirjeldatud \u00f5piv\u00e4ljundeid ja kontrollida nende saavutamist \u00fclesannete ja enesekontrollitestide abil. \u00d5piobjekti \u00f5piv\u00e4ljundid on toodud \u00f5piobjekti avalehel. \u00d5piv\u00e4ljundite saavutamiseks vajalik sisu on olemas ning \u00f5ppija saab \u00f5piv\u00e4ljundite saavutamist kontrollida \u00fclesannete ja testide abil. \u00dclesannete puhul esitatakse eXeLearning N\u00e4ita\/peida rakenduse abil \u00fclesanne, \u00f5ppija peab m\u00f5tlema ja vastuse leidma ning <em>Kliki siia<\/em> nupu abil saab \u00f5iget vastust vaadata ja v\u00f5rdlemise teel enda leitud vastuse \u00f5igsuses veenduda.<\/li>\n<\/ul>\n<\/div>\n<\/div>\n\n\n\n<figure class=\"wp-block-table is-style-stripes\"><table class=\"table table-hover\"><tbody><tr><td> <p>M\u00f5tle enda loodud v\u00f5i loodavale \u00f5piobjektile. Kas see vastab k\u00f5igile allpool loetletud kriteeriumitele? Tegemist on tingimustega, millele vastamine garanteerib terviklikkuse.<\/p><ul><li>\u00d5piobjekt on loodud \u00fche konkreetse teema omandamiseks;<\/li> <li>\u00d5piv\u00e4ljundite saavutamiseks vajalik sisu sisaldub \u00f5piobjekti sees, mitte ei ole seotud \u00f5piobjekti v\u00e4liste materjalidega (internetis leiduv materjal, kirjastatud raamat jne);<\/li> <li>\u00d5piobjekti abil on \u00f5ppijal v\u00f5imalik saavutada selles kirjeldatud \u00f5piv\u00e4ljundeid ja kontrollida nende saavutamist \u00fclesannete ja enesekontrollitestide abil.<\/li> <span style=\"font-family: inherit; font-size: inherit; font-weight: inherit; text-align: var(--bs-body-text-align);\"> <\/span><\/ul><\/td><\/tr><\/tbody><\/table><\/figure>\n","protected":false},"excerpt":{"rendered":"<p>Terviklikkus\u00a0(ingl self contained) t\u00e4hendab seda, et\u00a0\u00f5piobjekt on \u00fche konkreetse teema omandamiseks loodud\u00a0ning on tervenisti selle teema teenistuses. \u00d5piobjekti kohta k\u00e4ib \u00fctlus: nii palju kui vajalik, aga nii v\u00e4he kui v\u00f5imalik. See t\u00e4hendab, et k\u00f5ik vajalik peab sisalduma \u00f5piobjekti sees, k\u00f5ik &#8230;<\/p>\n","protected":false},"author":6,"featured_media":0,"parent":0,"menu_order":0,"comment_status":"closed","ping_status":"closed","template":"","meta":{"_acf_changed":false,"inline_featured_image":false,"footnotes":""},"class_list":["post-7","page","type-page","status-publish","hentry"],"acf":[],"_links":{"self":[{"href":"https:\/\/sisu.ut.ee\/opiobjekt\/wp-json\/wp\/v2\/pages\/7","targetHints":{"allow":["GET"]}}],"collection":[{"href":"https:\/\/sisu.ut.ee\/opiobjekt\/wp-json\/wp\/v2\/pages"}],"about":[{"href":"https:\/\/sisu.ut.ee\/opiobjekt\/wp-json\/wp\/v2\/types\/page"}],"author":[{"embeddable":true,"href":"https:\/\/sisu.ut.ee\/opiobjekt\/wp-json\/wp\/v2\/users\/6"}],"replies":[{"embeddable":true,"href":"https:\/\/sisu.ut.ee\/opiobjekt\/wp-json\/wp\/v2\/comments?post=7"}],"version-history":[{"count":3,"href":"https:\/\/sisu.ut.ee\/opiobjekt\/wp-json\/wp\/v2\/pages\/7\/revisions"}],"predecessor-version":[{"id":62,"href":"https:\/\/sisu.ut.ee\/opiobjekt\/wp-json\/wp\/v2\/pages\/7\/revisions\/62"}],"wp:attachment":[{"href":"https:\/\/sisu.ut.ee\/opiobjekt\/wp-json\/wp\/v2\/media?parent=7"}],"curies":[{"name":"wp","href":"https:\/\/api.w.org\/{rel}","templated":true}]}}