{"id":65,"date":"2024-04-09T20:38:07","date_gmt":"2024-04-09T17:38:07","guid":{"rendered":"https:\/\/sisu.ut.ee\/opiobjekt\/?page_id=65"},"modified":"2024-04-09T20:38:07","modified_gmt":"2024-04-09T17:38:07","slug":"testi-ennast","status":"publish","type":"page","link":"https:\/\/sisu.ut.ee\/opiobjekt\/testi-ennast\/","title":{"rendered":"Testi ennast"},"content":{"rendered":"<div id=\"watupro_quiz\" class=\"quiz-area single-page-quiz\">\n<p id=\"submittingExam1\" style=\"display:none;text-align:center;\"><img loading=\"lazy\" decoding=\"async\" src=\"https:\/\/sisu.ut.ee\/wp-content\/plugins\/watupro\/img\/loading.gif\" width=\"16\" height=\"16\"><\/p>\n\n<div class=\"watupro-exam-description\" id=\"description-quiz-1\"><p><span data-mce-mark=\"1\">Test koosneb neljast k\u00fcsimusest, mis on kas valikvastustega (\u00fcks v\u00f5i mitu \u00f5iget vastust) v\u00f5i r\u00fchmitamise k\u00fcsimused. <\/span><\/p>\n<p><span data-mce-mark=\"1\">Testi sooritades saad teada, kas oled k\u00e4esoleva \u00f5piobjekti \u00f5piv\u00e4ljundid omandanud. Testi eba\u00f5nnestumisel tutvu veelkord materjalidega ja proovi uuesti.<\/span><\/p>\n<p><span data-mce-mark=\"1\">Testi saad sooritada piiramatu arv kordi.<\/span><\/p>\n<p><span data-mce-mark=\"1\">\u00a0<\/span><\/p>\n<\/div>\n\n<form action=\"\" method=\"post\" class=\"quiz-form\" id=\"quiz-1\" enctype=\"multipart\/form-data\">\n<div class=\"watu-question \" id=\"question-1\" style=\";\"><div id=\"questionWrap-1\" class=\"  watupro-required-1 watupro-question-id-1\">\n\t\t\t<div class=\"question-content\"><div><p><span id=\"docs-internal-guid-2415cbb6-c456-97d4-2e99-fb90d16aded7\"><span id=\"docs-internal-guid-2415cbb6-c456-97d4-2e99-fb90d16aded7\">Millne allj\u00e4rgnevatest definitsioonidest vastab k\u00f5ige paremini \u00a0k\u00e4esoleva materjali kontekstis \u00f5piobjekti definitsioonile?<strong><span id=\"docs-internal-guid-2415cbb6-c456-97d4-2e99-fb90d16aded7\"><br><\/span><\/strong><\/span><\/span><\/p><\/div><input type=\"hidden\" name=\"question_id[]\" id=\"qID_1\" value=\"1\" class=\"watupro-question-id\"><input type=\"hidden\" id=\"answerType1\" class=\"answerTypeCnt1\" value=\"radio\"><input type=\"hidden\" id=\"watupro-required-question-1\"><!-- end question-content--><\/div><div class=\"question-choices watupro-choices-columns \" id=\"questionChoices1\"><div class=\"watupro-question-choice  \" dir=\"auto\"><input type=\"radio\" name=\"answer-1[]\" id=\"answer-id-1\" class=\"answer   answerof-1 \" value=\"1\"><label for=\"answer-id-1\" id=\"answer-label-1\" class=\" answer\"><span><p><span id=\"docs-internal-guid-2415cbb6-c457-d9f5-ab31-dcd4afc46089\"><span>\u00d5piobjekt on digitaalne v\u00f5i mittedigitaalne \u00f5ppematerjal, mis on taaskasutatav, terviklik, toetab \u00f5ppimist ja vastab tehnilistele standarditele.<\/span><\/span><\/p><\/span><\/label><\/div><div class=\"watupro-question-choice  \" dir=\"auto\"><input type=\"radio\" name=\"answer-1[]\" id=\"answer-id-2\" class=\"answer   answerof-1 \" value=\"2\"><label for=\"answer-id-2\" id=\"answer-label-2\" class=\" answer\"><span><p><span id=\"docs-internal-guid-2415cbb6-c457-bc09-f734-5e1b4b30542c\"><span>\u00d5piobjekt on digitaalne interaktiivne \u00f5ppematerjal, mis on kasutatav \u00fche sihtr\u00fchma poolt konkreetses \u00f5ppeaines ning mis toetab selle \u00f5ppeaine \u00f5piv\u00e4ljundite saavutamist.<\/span><\/span><\/p><\/span><\/label><\/div><div class=\"watupro-question-choice  \" dir=\"auto\"><input type=\"radio\" name=\"answer-1[]\" id=\"answer-id-3\" class=\"answer   answerof-1 \" value=\"3\"><label for=\"answer-id-3\" id=\"answer-label-3\" class=\" answer\"><span><p><span id=\"docs-internal-guid-2415cbb6-c457-a045-808a-d551048ad8ec\"><span>\u00d5piobjekt on digitaalne interaktiivne \u00f5ppematerjal, mis on taaskasutatav, terviklik, toetab \u00f5ppimist ja vastab tehnilistele standarditele. <\/span><\/span><\/p><\/span><\/label><\/div><div class=\"watupro-question-choice  \" dir=\"auto\"><input type=\"radio\" name=\"answer-1[]\" id=\"answer-id-4\" class=\"answer   answerof-1 \" value=\"4\"><label for=\"answer-id-4\" id=\"answer-label-4\" class=\" answer\"><span><p><span id=\"docs-internal-guid-2415cbb6-c457-7b35-b093-6b711ff263d6\"><span>\u00d5piobjekt on mistahes digitaalne \u00f5ppematerjal, mis toetab \u00f5ppijate iseseisvat \u00f5ppimist.<\/span><\/span><\/p><\/span><\/label><\/div><div class=\"watupro-question-choice  \" dir=\"auto\"><input type=\"radio\" name=\"answer-1[]\" id=\"answer-id-5\" class=\"answer   answerof-1 \" value=\"5\"><label for=\"answer-id-5\" id=\"answer-label-5\" class=\" answer\"><span><p><span id=\"docs-internal-guid-2415cbb6-c457-5013-c27d-51306cb033a1\"><span>\u00d5piobjekt on digitaalne tehnilistele standarditele vastav \u00f5ppematerjal, mida saab kasutada levinumate operatsioonis\u00fcsteemide ning tarkvaradega, olenemata kasutatavast \u00f5pikeskkonnast.<\/span><\/span><\/p><\/span><\/label><\/div><!-- end question-choices--><\/div><!-- end questionWrap--><\/div><\/div><div class=\"watu-question \" id=\"question-2\" style=\";\"><div id=\"questionWrap-2\" class=\"  watupro-required-2 watupro-question-id-2\">\n\t\t\t<div class=\"question-content\"><div><p><span id=\"docs-internal-guid-2415cbb6-c458-a9b1-cc84-31ece91a886e\"><span>Kes on \u00f5piobjektide kasutajad?<\/span><\/span><\/p><\/div><input type=\"hidden\" name=\"question_id[]\" id=\"qID_2\" value=\"2\" class=\"watupro-question-id\"><input type=\"hidden\" id=\"answerType2\" class=\"answerTypeCnt2\" value=\"radio\"><input type=\"hidden\" id=\"watupro-required-question-2\"><!-- end question-content--><\/div><div class=\"question-choices watupro-choices-columns \" id=\"questionChoices2\"><div class=\"watupro-question-choice  \" dir=\"auto\"><input type=\"radio\" name=\"answer-2[]\" id=\"answer-id-6\" class=\"answer   answerof-2 \" value=\"6\"><label for=\"answer-id-6\" id=\"answer-label-6\" class=\" answer\"><span><p><span id=\"docs-internal-guid-2415cbb6-c45a-5fe9-d376-4afc1a2af06c\"><span>ainult \u00f5ppijad<\/span><\/span><\/p><\/span><\/label><\/div><div class=\"watupro-question-choice  \" dir=\"auto\"><input type=\"radio\" name=\"answer-2[]\" id=\"answer-id-7\" class=\"answer   answerof-2 \" value=\"7\"><label for=\"answer-id-7\" id=\"answer-label-7\" class=\" answer\"><span><p><span id=\"docs-internal-guid-2415cbb6-c45a-3fda-01de-c457e8f05c9f\"><span>\u00f5ppijad ja \u00f5petajad\/\u00f5ppej\u00f5ud<\/span><\/span><\/p><\/span><\/label><\/div><div class=\"watupro-question-choice  \" dir=\"auto\"><input type=\"radio\" name=\"answer-2[]\" id=\"answer-id-8\" class=\"answer   answerof-2 \" value=\"8\"><label for=\"answer-id-8\" id=\"answer-label-8\" class=\" answer\"><span><p><span id=\"docs-internal-guid-2415cbb6-c45a-22e2-f016-3c2436c76062\"><span>ainult \u00f5petajad\/\u00f5ppej\u00f5ud<\/span><\/span><\/p><\/span><\/label><\/div><div class=\"watupro-question-choice  \" dir=\"auto\"><input type=\"radio\" name=\"answer-2[]\" id=\"answer-id-9\" class=\"answer   answerof-2 \" value=\"9\"><label for=\"answer-id-9\" id=\"answer-label-9\" class=\" answer\"><span><p><span id=\"docs-internal-guid-2415cbb6-c45a-0274-8dfd-328e5093e420\"><span>\u00f5petajad\/\u00f5ppej\u00f5ud ja haridusametnikud<\/span><\/span><\/p><\/span><\/label><\/div><!-- end question-choices--><\/div><!-- end questionWrap--><\/div><\/div><div class=\"watu-question \" id=\"question-3\" style=\";\"><div id=\"questionWrap-3\" class=\"  watupro-required-3 watupro-question-id-3\">\n\t\t\t<div class=\"question-content\"><div><p><span id=\"docs-internal-guid-2415cbb6-c45d-152f-5493-6e05f30e2dd3\"><span>Millised allj\u00e4rgnevatest tunnustest v\u00e4listavad \u00f5ppematerjali \u00f5piobjektiks olemise?<\/span><\/span><\/p><\/div><input type=\"hidden\" name=\"question_id[]\" id=\"qID_3\" value=\"3\" class=\"watupro-question-id\"><input type=\"hidden\" id=\"answerType3\" class=\"answerTypeCnt3\" value=\"checkbox\"><input type=\"hidden\" id=\"watupro-required-question-3\"><!-- end question-content--><\/div><div class=\"question-choices watupro-choices-columns \" id=\"questionChoices3\"><div class=\"watupro-question-choice  \" dir=\"auto\"><input type=\"checkbox\" name=\"answer-3[]\" id=\"answer-id-10\" class=\"answer   answerof-3 \" value=\"10\"><label for=\"answer-id-10\" id=\"answer-label-10\" class=\" answer\"><span><p><span id=\"docs-internal-guid-2415cbb6-c45e-d2e9-10c1-5552a8d6c089\"><span>materjal on kasutatav paljudes \u00f5ppeainetes<\/span><\/span><\/p><\/span><\/label><\/div><div class=\"watupro-question-choice  \" dir=\"auto\"><input type=\"checkbox\" name=\"answer-3[]\" id=\"answer-id-11\" class=\"answer   answerof-3 \" value=\"11\"><label for=\"answer-id-11\" id=\"answer-label-11\" class=\" answer\"><span><p><span id=\"docs-internal-guid-2415cbb6-c45e-a122-2068-de5f379ca6d8\"><span>materjali p\u00f5hisisu osas on rohkesti viidatud \u00f5piobjekti v\u00e4listele internetiallikatele, mis \u00a0teatud aja m\u00f6\u00f6dudes ei pruugi enam k\u00e4ttesaadavad olla<\/span><\/span><\/p><\/span><\/label><\/div><div class=\"watupro-question-choice  \" dir=\"auto\"><input type=\"checkbox\" name=\"answer-3[]\" id=\"answer-id-12\" class=\"answer   answerof-3 \" value=\"12\"><label for=\"answer-id-12\" id=\"answer-label-12\" class=\" answer\"><span><p><span id=\"docs-internal-guid-2415cbb6-c45e-7cd3-22e9-1cfc46b3b087\"><span>materjali saab l\u00e4bida iseseisvalt ning vajalik pole \u00f5petajapoolne juhendamine v\u00f5i auditoorsel t\u00f6\u00f6l osalemine<\/span><\/span><\/p><\/span><\/label><\/div><div class=\"watupro-question-choice  \" dir=\"auto\"><input type=\"checkbox\" name=\"answer-3[]\" id=\"answer-id-13\" class=\"answer   answerof-3 \" value=\"13\"><label for=\"answer-id-13\" id=\"answer-label-13\" class=\" answer\"><span><p><span id=\"docs-internal-guid-2415cbb6-c45e-6614-f0dd-3c8cb9aefd8c\"><span>materjal sisaldab ainult teksti ning puuduvad n\u00e4ited, \u00fclesanded iseseisvaks harjutamiseks \u00a0ning v\u00f5imalus enesekontrolliks<\/span><\/span><\/p><\/span><\/label><\/div><div class=\"watupro-question-choice  \" dir=\"auto\"><input type=\"checkbox\" name=\"answer-3[]\" id=\"answer-id-14\" class=\"answer   answerof-3 \" value=\"14\"><label for=\"answer-id-14\" id=\"answer-label-14\" class=\" answer\"><span><p><span id=\"docs-internal-guid-2415cbb6-c45e-344d-574f-f4e8cfa61f21\"><span>materjali kasutamine on v\u00f5imalik erinevate operatsioonis\u00fcsteemidega ja erinevatel platvormidel (personaal- ja tahvelarvutitel, mobiilidel)<\/span><\/span><\/p><\/span><\/label><\/div><!-- end question-choices--><\/div><!-- end questionWrap--><\/div><\/div><div class=\"watu-question \" id=\"question-4\" style=\";\"><div id=\"questionWrap-4\" class=\"  watupro-required-4 watupro-question-id-4\">\n\t\t\t<div class=\"question-content\"><p>R\u00fchmita tunnused sobivate \u00f5piobjekti omaduste alla!<\/p><div class=\"question-choices\"><table class=\"question-choices watupro-matrix-droppable\" id=\"watuPROMatrixDroppable_4\"><tr><td class=\"watupro-matrix-left-cell\">\u00dcks teema, terviklik materjal, minimaalselt v\u00e4lisseoseid<\/td>\n\t\t\t\t\t\t<td class=\"watupro-matrix-right-cell watuPRODroppable4\" id=\"watuPRODroppableCell15\"><div class=\"question-choices\"><div class=\"watupro-matrix-right\"><div id=\"watuproNMatrixSelection-0-0\" class=\" watupro-matrix-draggable watupro-nmatrix-answer-0\" onclick=\"WatuPROINMatrix.sel(this, 'watuPRODroppableCell15', 0);return false;\">\u00d5ppimist toetav<!--WTPMD586a49f63bedc73cf36a7412bc439d158--><p class=\"watupro-nmatrix-unselect\">Unselect<\/p><\/div><div id=\"watuproNMatrixSelection-0-1\" class=\" watupro-matrix-draggable watupro-nmatrix-answer-1\" onclick=\"WatuPROINMatrix.sel(this, 'watuPRODroppableCell15', 1);return false;\">Taaskasutatav<!--WTPMD51c8c54822bed2afb78ec826988ab0ae5--><p class=\"watupro-nmatrix-unselect\">Unselect<\/p><\/div><div id=\"watuproNMatrixSelection-0-2\" class=\" watupro-matrix-draggable watupro-nmatrix-answer-2\" onclick=\"WatuPROINMatrix.sel(this, 'watuPRODroppableCell15', 2);return false;\">\u00dchilduv<!--WTPMD5b533b284e6d6086916bedc34e8320053--><p class=\"watupro-nmatrix-unselect\">Unselect<\/p><\/div><div id=\"watuproNMatrixSelection-0-3\" class=\" watupro-matrix-draggable watupro-nmatrix-answer-3\" onclick=\"WatuPROINMatrix.sel(this, 'watuPRODroppableCell15', 3);return false;\">Terviklik<!--WTPMD5070275e18a3a3c31de389996cc4a5b8a--><p class=\"watupro-nmatrix-unselect\">Unselect<\/p><\/div><\/div><\/div><input type=\"hidden\" class=\"answerof-4 watupro-nmatrix-answer-field\" id=\"field-watuPRODroppableCell15\" name=\"matrix-left-15\" value=\"\"><\/td><\/tr><tr><td class=\"watupro-matrix-left-cell\">\u00dclesehitus toetab \u00f5piv\u00e4ljundeid, iseseisvalt l\u00e4bitav, juhendav ja tagasisidestav, interaktiivne, illustreeritud<\/td>\n\t\t\t\t\t\t<td class=\"watupro-matrix-right-cell watuPRODroppable4\" id=\"watuPRODroppableCell16\"><div class=\"question-choices\"><div class=\"watupro-matrix-right\"><div id=\"watuproNMatrixSelection-1-0\" class=\" watupro-matrix-draggable watupro-nmatrix-answer-0\" onclick=\"WatuPROINMatrix.sel(this, 'watuPRODroppableCell16', 0);return false;\">\u00d5ppimist toetav<!--WTPMD586a49f63bedc73cf36a7412bc439d158--><p class=\"watupro-nmatrix-unselect\">Unselect<\/p><\/div><div id=\"watuproNMatrixSelection-1-1\" class=\" watupro-matrix-draggable watupro-nmatrix-answer-1\" onclick=\"WatuPROINMatrix.sel(this, 'watuPRODroppableCell16', 1);return false;\">Taaskasutatav<!--WTPMD51c8c54822bed2afb78ec826988ab0ae5--><p class=\"watupro-nmatrix-unselect\">Unselect<\/p><\/div><div id=\"watuproNMatrixSelection-1-2\" class=\" watupro-matrix-draggable watupro-nmatrix-answer-2\" onclick=\"WatuPROINMatrix.sel(this, 'watuPRODroppableCell16', 2);return false;\">\u00dchilduv<!--WTPMD5b533b284e6d6086916bedc34e8320053--><p class=\"watupro-nmatrix-unselect\">Unselect<\/p><\/div><div id=\"watuproNMatrixSelection-1-3\" class=\" watupro-matrix-draggable watupro-nmatrix-answer-3\" onclick=\"WatuPROINMatrix.sel(this, 'watuPRODroppableCell16', 3);return false;\">Terviklik<!--WTPMD5070275e18a3a3c31de389996cc4a5b8a--><p class=\"watupro-nmatrix-unselect\">Unselect<\/p><\/div><\/div><\/div><input type=\"hidden\" class=\"answerof-4 watupro-nmatrix-answer-field\" id=\"field-watuPRODroppableCell16\" name=\"matrix-left-16\" value=\"\"><\/td><\/tr><tr><td class=\"watupro-matrix-left-cell\">Erinevate sihtr\u00fchmade jaoks, erinevates \u00f5ppeainetes kasutatav<\/td>\n\t\t\t\t\t\t<td class=\"watupro-matrix-right-cell watuPRODroppable4\" id=\"watuPRODroppableCell17\"><div class=\"question-choices\"><div class=\"watupro-matrix-right\"><div id=\"watuproNMatrixSelection-2-0\" class=\" watupro-matrix-draggable watupro-nmatrix-answer-0\" onclick=\"WatuPROINMatrix.sel(this, 'watuPRODroppableCell17', 0);return false;\">\u00d5ppimist toetav<!--WTPMD586a49f63bedc73cf36a7412bc439d158--><p class=\"watupro-nmatrix-unselect\">Unselect<\/p><\/div><div id=\"watuproNMatrixSelection-2-1\" class=\" watupro-matrix-draggable watupro-nmatrix-answer-1\" onclick=\"WatuPROINMatrix.sel(this, 'watuPRODroppableCell17', 1);return false;\">Taaskasutatav<!--WTPMD51c8c54822bed2afb78ec826988ab0ae5--><p class=\"watupro-nmatrix-unselect\">Unselect<\/p><\/div><div id=\"watuproNMatrixSelection-2-2\" class=\" watupro-matrix-draggable watupro-nmatrix-answer-2\" onclick=\"WatuPROINMatrix.sel(this, 'watuPRODroppableCell17', 2);return false;\">\u00dchilduv<!--WTPMD5b533b284e6d6086916bedc34e8320053--><p class=\"watupro-nmatrix-unselect\">Unselect<\/p><\/div><div id=\"watuproNMatrixSelection-2-3\" class=\" watupro-matrix-draggable watupro-nmatrix-answer-3\" onclick=\"WatuPROINMatrix.sel(this, 'watuPRODroppableCell17', 3);return false;\">Terviklik<!--WTPMD5070275e18a3a3c31de389996cc4a5b8a--><p class=\"watupro-nmatrix-unselect\">Unselect<\/p><\/div><\/div><\/div><input type=\"hidden\" class=\"answerof-4 watupro-nmatrix-answer-field\" id=\"field-watuPRODroppableCell17\" name=\"matrix-left-17\" value=\"\"><\/td><\/tr><tr><td class=\"watupro-matrix-left-cell\">Tehnilistele standarditele vastav, erinevates \u00f5pikeskkondades kasutatav, erinevate operatsioonis\u00fcsteemidega kasutatav, erinevate tarkvaradega kasutatav<\/td>\n\t\t\t\t\t\t<td class=\"watupro-matrix-right-cell watuPRODroppable4\" id=\"watuPRODroppableCell18\"><div class=\"question-choices\"><div class=\"watupro-matrix-right\"><div id=\"watuproNMatrixSelection-3-0\" class=\" watupro-matrix-draggable watupro-nmatrix-answer-0\" onclick=\"WatuPROINMatrix.sel(this, 'watuPRODroppableCell18', 0);return false;\">\u00d5ppimist toetav<!--WTPMD586a49f63bedc73cf36a7412bc439d158--><p class=\"watupro-nmatrix-unselect\">Unselect<\/p><\/div><div id=\"watuproNMatrixSelection-3-1\" class=\" watupro-matrix-draggable watupro-nmatrix-answer-1\" onclick=\"WatuPROINMatrix.sel(this, 'watuPRODroppableCell18', 1);return false;\">Taaskasutatav<!--WTPMD51c8c54822bed2afb78ec826988ab0ae5--><p class=\"watupro-nmatrix-unselect\">Unselect<\/p><\/div><div id=\"watuproNMatrixSelection-3-2\" class=\" watupro-matrix-draggable watupro-nmatrix-answer-2\" onclick=\"WatuPROINMatrix.sel(this, 'watuPRODroppableCell18', 2);return false;\">\u00dchilduv<!--WTPMD5b533b284e6d6086916bedc34e8320053--><p class=\"watupro-nmatrix-unselect\">Unselect<\/p><\/div><div id=\"watuproNMatrixSelection-3-3\" class=\" watupro-matrix-draggable watupro-nmatrix-answer-3\" onclick=\"WatuPROINMatrix.sel(this, 'watuPRODroppableCell18', 3);return false;\">Terviklik<!--WTPMD5070275e18a3a3c31de389996cc4a5b8a--><p class=\"watupro-nmatrix-unselect\">Unselect<\/p><\/div><\/div><\/div><input type=\"hidden\" class=\"answerof-4 watupro-nmatrix-answer-field\" id=\"field-watuPRODroppableCell18\" name=\"matrix-left-18\" value=\"\"><\/td><\/tr><\/table><\/div><input type=\"hidden\" name=\"question_id[]\" id=\"qID_4\" value=\"4\" class=\"watupro-question-id\"><input type=\"hidden\" id=\"answerType4\" class=\"answerTypeCnt4\" value=\"nmatrix\"><input type=\"hidden\" id=\"watupro-required-question-4\"><!-- end question-content--><\/div><!-- end questionWrap--><\/div><\/div><div style=\"display:none\" id=\"question-5\">\n\t<div class=\"question-content\">\n\t\t<img loading=\"lazy\" decoding=\"async\" src=\"https:\/\/sisu.ut.ee\/wp-content\/plugins\/watupro\/img\/loading.gif\" width=\"16\" height=\"16\" alt=\"Loading...\" title=\"Loading...\">\u00a0Loading...\t<\/div>\n<\/div>\n\n<br>\n\t\n\t\t\t<div class=\"watupro_buttons flex \" id=\"watuPROButtons1\">\n\t\t  <div id=\"prev-question\" style=\"display:none;\"><input type=\"button\" value=\"&lt; Previous\" onclick=\"WatuPRO.nextQuestion(event, 'previous');\"><\/div>\t\t  \t\t  \t\t   \n\t\t   \t  \t\t<div><input type=\"button\" name=\"action\" class=\"watupro-submit-button\" onclick=\"WatuPRO.submitResult(event)\" id=\"action-button\" value=\"Vaata tulemusi\">\n\t\t<\/div>\n\t\t<\/div>\n\t\t\n\t<input type=\"hidden\" name=\"quiz_id\" value=\"1\" id=\"watuPROExamID\">\n\t<input type=\"hidden\" name=\"start_time\" id=\"startTime\" value=\"2026-04-17 19:50:24\">\n\t<input type=\"hidden\" name=\"start_timestamp\" id=\"startTimeStamp\" value=\"1776455424\">\n\t<input type=\"hidden\" name=\"question_ids\" value=\"\">\n\t<input type=\"hidden\" name=\"watupro_questions\" value=\"1:1,2,3,4,5 | 2:6,7,8,9 | 3:10,11,12,13,14 | 4:15,16,17,18\">\n\t<input type=\"hidden\" name=\"no_ajax\" value=\"0\">\t\t\t<\/form>\n\t<p>\u00a0<\/p>\n<\/div>\n\n<script type=\"text\/javascript\">\n\/\/jQuery(document).ready(function(){\ndocument.addEventListener(\"DOMContentLoaded\", function(event) { \t\nvar question_ids = \"1,2,3,4\";\nWatuPROSettings[1] = {};\nWatuPRO.qArr = question_ids.split(',');\nWatuPRO.exam_id = 1;\t    \nWatuPRO.post_id = 65;\nWatuPRO.store_progress = 0;\nWatuPRO.curCatPage = 1;\nWatuPRO.requiredIDs=\"0,1,2,3,4\".split(\",\");\nWatuPRO.hAppID = \"0.08256800 1776444624\";\nvar url = \"https:\/\/sisu.ut.ee\/wp-content\/plugins\/watupro\/show_exam.php\";\nWatuPRO.examMode = 1;\nWatuPRO.siteURL=\"https:\/\/sisu.ut.ee\/opiobjekt\/wp-admin\/admin-ajax.php\";\nWatuPRO.emailIsNotRequired = 0;\nWatuPRO.perDecade = 10;\nWatuPROIntel.init(1);\nWatuPRO.inCategoryPages=1;});    \t \n<\/script>\n\n","protected":false},"excerpt":{"rendered":"","protected":false},"author":6,"featured_media":0,"parent":0,"menu_order":0,"comment_status":"closed","ping_status":"closed","template":"","meta":{"_acf_changed":false,"inline_featured_image":false,"footnotes":""},"class_list":["post-65","page","type-page","status-publish","hentry"],"acf":[],"_links":{"self":[{"href":"https:\/\/sisu.ut.ee\/opiobjekt\/wp-json\/wp\/v2\/pages\/65","targetHints":{"allow":["GET"]}}],"collection":[{"href":"https:\/\/sisu.ut.ee\/opiobjekt\/wp-json\/wp\/v2\/pages"}],"about":[{"href":"https:\/\/sisu.ut.ee\/opiobjekt\/wp-json\/wp\/v2\/types\/page"}],"author":[{"embeddable":true,"href":"https:\/\/sisu.ut.ee\/opiobjekt\/wp-json\/wp\/v2\/users\/6"}],"replies":[{"embeddable":true,"href":"https:\/\/sisu.ut.ee\/opiobjekt\/wp-json\/wp\/v2\/comments?post=65"}],"version-history":[{"count":1,"href":"https:\/\/sisu.ut.ee\/opiobjekt\/wp-json\/wp\/v2\/pages\/65\/revisions"}],"predecessor-version":[{"id":66,"href":"https:\/\/sisu.ut.ee\/opiobjekt\/wp-json\/wp\/v2\/pages\/65\/revisions\/66"}],"wp:attachment":[{"href":"https:\/\/sisu.ut.ee\/opiobjekt\/wp-json\/wp\/v2\/media?parent=65"}],"curies":[{"name":"wp","href":"https:\/\/api.w.org\/{rel}","templated":true}]}}