{"id":5,"date":"2024-04-03T23:07:23","date_gmt":"2024-04-03T20:07:23","guid":{"rendered":"https:\/\/sisu.ut.ee\/opiobjekt\/2-ulevaade-opiobjekti-loomise-etappidest\/"},"modified":"2024-04-09T20:32:32","modified_gmt":"2024-04-09T17:32:32","slug":"2-ulevaade-opiobjekti-loomise-etappidest","status":"publish","type":"page","link":"https:\/\/sisu.ut.ee\/opiobjekt\/2-ulevaade-opiobjekti-loomise-etappidest\/","title":{"rendered":"2. \u00d5piobjekti omadused"},"content":{"rendered":"<p><span data-mce-mark=\"1\">\u00d5piobjekti iseloomustavad allj\u00e4rgnevad omadused (vt joonis 2):<\/span><\/p>\n<ul>\n<li><strong><span style=\"line-height: 1.5;\" data-mce-mark=\"1\">Taaskasutatav<\/span><\/strong><span style=\"line-height: 1.5;\" data-mce-mark=\"1\"> \u2013 \u00f5piobjekti saavad kasutada erinevad sihtr\u00fchmad mitmesuguste \u00f5ppeainete raames s\u00f5ltumata ajast ja kohast. Taaskasutatavust toetab olulisel m\u00e4\u00e4ral tehniline universaalsus ehk levinumate tehniliste standardite j\u00e4rgimine;<\/span><\/li>\n<li><strong><span style=\"line-height: 1.5;\" data-mce-mark=\"1\">Terviklik<\/span><\/strong><span style=\"line-height: 1.5;\" data-mce-mark=\"1\"> \u2013 \u00f5piobjekt on \u00fche konkreetse teema omandamiseks loodud \u00f5ppematerjal, mis aitab saavutada ja kontrollida \u00f5piv\u00e4ljundite saavutamist ning mille p\u00f5hisisu paikneb \u00a0\u00f5piobjekti sees, mitte \u00f5piobjekti v\u00e4listel veebilehek\u00fclgedel (sisaldab minimaalselt v\u00e4lisseoseid). Terviklikkus tagab selle, et \u00f5piobjekt sisaldab eneses kogu vajaliku materjali ning on kestvam ajas;<\/span><\/li>\n<li><strong><span style=\"line-height: 1.5;\" data-mce-mark=\"1\">\u00d5ppimist toetav<\/span><\/strong><span style=\"line-height: 1.5;\" data-mce-mark=\"1\"> \u2013 \u00f5piobjekt toetab oma sisult ja \u00fclesehituselt \u00f5piv\u00e4ljundite saavutamist, olles juhendav, illustreeritud, interaktiivne, tagasisidet andev ja erinevate \u00f5pistiilidega \u00f5ppijatele iseseisvaks l\u00e4bimiseks sobiv;<\/span><\/li>\n<li><strong>\u00dchilduv<\/strong> \u2013 \u00f5piobjekt on tehnilistele standarditele vastav ja seda on v\u00f5imalik kasutada levinumate operatsioonis\u00fcsteemide ning tarkvaradega, olenemata kasutatavast \u00f5pikeskkonnast.<\/li>\n<\/ul>\n<p><img loading=\"lazy\" decoding=\"async\" width=\"915\" height=\"697\" class=\"alignnone wp-image-17\" style=\"margin-right: auto; margin-left: auto;\" title=\"oo_omadused3.png\" src=\"https:\/\/sisu.ut.ee\/wp-content\/uploads\/sites\/7\/oo_omadused3.png\" alt=\"oo_omadused3.png\" srcset=\"https:\/\/sisu.ut.ee\/wp-content\/uploads\/sites\/7\/oo_omadused3.png 915w, https:\/\/sisu.ut.ee\/wp-content\/uploads\/sites\/7\/oo_omadused3-300x229.png 300w, https:\/\/sisu.ut.ee\/wp-content\/uploads\/sites\/7\/oo_omadused3-768x585.png 768w\" sizes=\"auto, (max-width: 915px) 100vw, 915px\"><\/p>\n<p style=\"text-align: center;\"><strong>Joonis 2. \u00d5piobjekti omadused<\/strong><\/p>\n<p>Kui \u00f5ppematerjal vastab k\u00f5igile neile \u00fclalnimetatud tingimustele, siis on tegemist \u00f5piobjektiga. Nimetatud omadused tagavad \u00f5piobjekti suurema kasutajaskonna ja t\u00f5stavad selle kasutegurit.<\/p>\n<div id=\"accordion\" class=\"accordion\">\n<h3><a href=\"#\">Mille poolest erineb \u00f5piobjekt Sinu arvates muust digitaalsest \u00f5ppematerjalist?<\/a><\/h3>\n<div>Tavaline \u00f5ppematerjal on tihti \u00fche \u00f5ppeaine keskne, loodud v\u00e4ga kitsale sihtr\u00fchmale (nt tehno\u00f6koloogia III kursuse \u00fcli\u00f5pilased) ja on tihedalt seotud selle \u00f5ppeaine kontektsiga. \u00d5ppematerjal ei ole \u00fcldjuhul avalikult k\u00e4ttesaadav laiemale kasutajaskonnale. Samuti ei ole seda sisuliselt luues arvestatud laia sihtr\u00fchmaga.Tegemist ei ole \u00f5piobjektiga, kui puudub \u00fcks v\u00f5i mitu j\u00e4rgmistest tunnustest: taaskasutatav, terviklik, \u00f5ppimist toetav, \u00fchilduv. N\u00e4iteks pole tegemist \u00f5piobjektiga, kui\n<ul>\n<li>materjal on kasutatav ainult\u00a0\u00fches konkreetses \u00f5ppeaines\u00a0(pole taaskasutatav),<\/li>\n<li>materjali p\u00f5hisisu osas on rohkesti viidatud \u00f5piobjekti kohustuslikele v\u00e4listele internetiallikatele, mis\u00a0teatud aja m\u00f6\u00f6dudes ei pruugi enam k\u00e4ttesaadavad olla (pole terviklik),<\/li>\n<li>materjal sisaldab ainult teksti ning puuduvad n\u00e4ited, \u00fclesanded iseseisvaks harjutamiseks ning v\u00f5imalus enesekontrolliks (pole \u00f5ppimist toetav),<\/li>\n<li>materjali ei saa l\u00e4bida iseseisvalt, vaid on vajalik \u00f5petajapoolne juhendamine v\u00f5i auditoorsel t\u00f6\u00f6l osalemine (pole \u00f5ppimist toetav),<\/li>\n<li>materjal avaneb vaid \u00fche teatud veebilehitsejaga (pole \u00fchilduv).<\/li>\n<\/ul>\n<\/div>\n<\/div>\n<table class=\"table table-hover\" style=\"width: 100%; background-color: #e3ddd9;\" border=\"0\" align=\"center\">\n<tbody>\n<tr>\n<td><\/td>\n<td>M\u00f5tle, millisele teemale oleks Sinu \u00f5ppeaines m\u00f5ttekas luua \u00f5piobjekt? Vali v\u00e4lja \u00f5ppematerjal, mis seda teemat k\u00e4sitleb. Milliste sihtr\u00fchmade poolt oleks see \u00f5ppematerjal kasutatav? Milliseid teadmisi v\u00f5i oskusi peaks \u00f5ppija selle \u00a0materjali l\u00e4bimise j\u00e4rel \u00a0omama?<\/td>\n<\/tr>\n<\/tbody>\n<\/table>\n<p>J\u00e4rgnevalt vaatame \u00f5piobjekti omadusi l\u00e4hemalt.<\/p>\n","protected":false},"excerpt":{"rendered":"<p>\u00d5piobjekti iseloomustavad allj\u00e4rgnevad omadused (vt joonis 2): Taaskasutatav \u2013 \u00f5piobjekti saavad kasutada erinevad sihtr\u00fchmad mitmesuguste \u00f5ppeainete raames s\u00f5ltumata ajast ja kohast. Taaskasutatavust toetab olulisel m\u00e4\u00e4ral tehniline universaalsus ehk levinumate tehniliste standardite j\u00e4rgimine; Terviklik \u2013 \u00f5piobjekt on \u00fche konkreetse teema omandamiseks &#8230;<\/p>\n","protected":false},"author":6,"featured_media":0,"parent":0,"menu_order":0,"comment_status":"closed","ping_status":"closed","template":"","meta":{"_acf_changed":false,"inline_featured_image":false,"footnotes":""},"class_list":["post-5","page","type-page","status-publish","hentry"],"acf":[],"_links":{"self":[{"href":"https:\/\/sisu.ut.ee\/opiobjekt\/wp-json\/wp\/v2\/pages\/5","targetHints":{"allow":["GET"]}}],"collection":[{"href":"https:\/\/sisu.ut.ee\/opiobjekt\/wp-json\/wp\/v2\/pages"}],"about":[{"href":"https:\/\/sisu.ut.ee\/opiobjekt\/wp-json\/wp\/v2\/types\/page"}],"author":[{"embeddable":true,"href":"https:\/\/sisu.ut.ee\/opiobjekt\/wp-json\/wp\/v2\/users\/6"}],"replies":[{"embeddable":true,"href":"https:\/\/sisu.ut.ee\/opiobjekt\/wp-json\/wp\/v2\/comments?post=5"}],"version-history":[{"count":2,"href":"https:\/\/sisu.ut.ee\/opiobjekt\/wp-json\/wp\/v2\/pages\/5\/revisions"}],"predecessor-version":[{"id":58,"href":"https:\/\/sisu.ut.ee\/opiobjekt\/wp-json\/wp\/v2\/pages\/5\/revisions\/58"}],"wp:attachment":[{"href":"https:\/\/sisu.ut.ee\/opiobjekt\/wp-json\/wp\/v2\/media?parent=5"}],"curies":[{"name":"wp","href":"https:\/\/api.w.org\/{rel}","templated":true}]}}