{"id":3,"date":"2024-04-03T23:07:23","date_gmt":"2024-04-03T20:07:23","guid":{"rendered":"https:\/\/sisu.ut.ee\/opiobjekt\/avaleht-6\/"},"modified":"2024-04-03T23:07:26","modified_gmt":"2024-04-03T20:07:26","slug":"avaleht-6","status":"publish","type":"page","link":"https:\/\/sisu.ut.ee\/opiobjekt\/","title":{"rendered":"Sissejuhatus"},"content":{"rendered":"<p>\n\t<img loading=\"lazy\" decoding=\"async\" width=\"200\" height=\"245\" class=\"alignnone wp-image-13\" style=\"float: right;margin: 5px\" src=\"https:\/\/sisu.ut.ee\/wp-content\/uploads\/sites\/7\/oo-mees.png\" title=\"oo-mees.png\" alt=\"oo-mees.png\">K\u00e4esoleva \u00f5piobjekti eesm\u00e4rgiks on selgitada kasutajale \u00f5piobjekti olemust, omadusi ja kasutusv\u00f5imalusi.\n<\/p>\n<p>\n\t<span>\u00d5piobjekti sihtr\u00fchmaks on \u00fcldhariduse, kutse\u00f5ppeasutuste ja k\u00f5rgkoolide \u00f5petajad ning haridustehnoloogid, kes n\u00f5ustavad \u00f5petajaid \u00f5piobjektide loomisel. Selle \u00f5piobjekti l\u00e4bimiseks ei ole vaja spetsiifilisi eelteadmisi, kuid materjali omandamine kulgeb kergemini, kui Sul on olemas varasem kokkupuude \u00f5petamise ja \u00f5ppematerjalide koostamisega.<\/span>\n<\/p>\n<p>\n\t<span>\u00d5piobjekt on m\u00f5eldud iseseisvaks l\u00e4bimiseks. Loe \u00f5ppematerjali ja lahenda selles kirjeldatud \u00fclesanded, mis aitavad Sul materjali omandamist hinnata. \u00d5piobjekti l\u00e4bit\u00f6\u00f6tamiseks kulub Sul aega ligikaudu 4<\/span><span> akadeemilist <\/span><span>tundi.<\/span>\n<\/p>\n<p>\n\t<span>Materjal on koostatud Eesti Infotehnoloogia Sihtasutuse e-\u00d5ppe Arenduskeskuse juhtimisel t\u00f6\u00f6tava e-\u00f5ppe kvaliteedi t\u00f6\u00f6r\u00fchma poolt 2012.a. loodud juhendmaterjali \u201c<\/span><a data-url=\"https:\/\/www.digar.ee\/arhiiv\/nlib-digar:119480\" href=\"https:\/\/www.digar.ee\/arhiiv\/nlib-digar:119480\" target=\"_blank\" title=\"\" rel=\"noopener\">Juhend kvaliteetse \u00f5piobjekti loomiseks<\/a><span>\u201d p\u00f5hjal.<\/span>\n<\/p>\n<p>\n\t<span>\u00d5piobjekti l\u00e4binud \u00f5ppija:<\/span>\n<\/p>\n<ul>\n<li>\n\t\t<span>defineerib \u00f5piobjekti m\u00f5iste<\/span>\n\t<\/li>\n<li>\n\t\t<span>kirjeldab \u00f5piobjekti omadusi ja <\/span><span>eristab \u00f5piobjekti muudest digitaalsetest \u00f5ppematerjalidest<\/span>\n\t<\/li>\n<li>\n\t\t<span>anal\u00fc\u00fcsib oma loodava\/loodud \u00f5piobjekti vastavust \u00f5piobjekti kohustuslikele omadustele<\/span>\n\t<\/li>\n<\/ul>\n<p>\n\tEdukat \u00f5ppimist!\n<\/p>\n<h2 style=\"text-align: center\">\n\t2013<br>\n<\/h2>\n","protected":false},"excerpt":{"rendered":"<p>K\u00e4esoleva \u00f5piobjekti eesm\u00e4rgiks on selgitada kasutajale \u00f5piobjekti olemust, omadusi ja kasutusv\u00f5imalusi. \u00d5piobjekti sihtr\u00fchmaks on \u00fcldhariduse, kutse\u00f5ppeasutuste ja k\u00f5rgkoolide \u00f5petajad ning haridustehnoloogid, kes n\u00f5ustavad \u00f5petajaid \u00f5piobjektide loomisel. Selle \u00f5piobjekti l\u00e4bimiseks ei ole vaja spetsiifilisi eelteadmisi, kuid materjali omandamine kulgeb kergemini, kui &#8230;<\/p>\n","protected":false},"author":6,"featured_media":0,"parent":0,"menu_order":0,"comment_status":"closed","ping_status":"closed","template":"","meta":{"_acf_changed":false,"inline_featured_image":false,"footnotes":""},"class_list":["post-3","page","type-page","status-publish","hentry"],"acf":[],"_links":{"self":[{"href":"https:\/\/sisu.ut.ee\/opiobjekt\/wp-json\/wp\/v2\/pages\/3","targetHints":{"allow":["GET"]}}],"collection":[{"href":"https:\/\/sisu.ut.ee\/opiobjekt\/wp-json\/wp\/v2\/pages"}],"about":[{"href":"https:\/\/sisu.ut.ee\/opiobjekt\/wp-json\/wp\/v2\/types\/page"}],"author":[{"embeddable":true,"href":"https:\/\/sisu.ut.ee\/opiobjekt\/wp-json\/wp\/v2\/users\/6"}],"replies":[{"embeddable":true,"href":"https:\/\/sisu.ut.ee\/opiobjekt\/wp-json\/wp\/v2\/comments?post=3"}],"version-history":[{"count":2,"href":"https:\/\/sisu.ut.ee\/opiobjekt\/wp-json\/wp\/v2\/pages\/3\/revisions"}],"predecessor-version":[{"id":75,"href":"https:\/\/sisu.ut.ee\/opiobjekt\/wp-json\/wp\/v2\/pages\/3\/revisions\/75"}],"wp:attachment":[{"href":"https:\/\/sisu.ut.ee\/opiobjekt\/wp-json\/wp\/v2\/media?parent=3"}],"curies":[{"name":"wp","href":"https:\/\/api.w.org\/{rel}","templated":true}]}}