{"id":11,"date":"2024-04-03T23:07:23","date_gmt":"2024-04-03T20:07:23","guid":{"rendered":"https:\/\/sisu.ut.ee\/opiobjekt\/24-uhilduvus-ingl-k-portability\/"},"modified":"2024-04-09T20:36:44","modified_gmt":"2024-04-09T17:36:44","slug":"24-uhilduvus-ingl-k-portability","status":"publish","type":"page","link":"https:\/\/sisu.ut.ee\/opiobjekt\/24-uhilduvus-ingl-k-portability\/","title":{"rendered":"2.4. \u00dchilduvus"},"content":{"rendered":"<p><span data-mce-mark=\"1\">\u00dchilduvus (ingl <em>portability<\/em>)\u00a0t\u00e4hendab, et <\/span><span data-mce-mark=\"1\">\u00f5piobjekt on tehnilistele standarditele vastav ja seda on v\u00f5imalik kasutada levinumate operatsioonis\u00fcsteemide ja tarkvaradega <\/span><span data-mce-mark=\"1\">(veebilehitsejatega, <a id=\"jpopup-810\" class=\"jpopup_dialog\" title=\"multimeediumim\u00e4ngijatega\" href=\"#\">multimeediumim\u00e4ngijatega<\/a><span id=\"jpopup-810\" class=\"jpopup\">Nt audio ja video m\u00e4ngimine Windows Media Player\u00b4i ja Quick Time\u00b4iga, flashi m\u00e4ngimine Flash Player\u00b4iga<span id=\"jwidth_400\" class=\"jpopup-810_width\"><\/span><span id=\"jheight_100\" class=\"jpopup-810_height\"><\/span><\/span>) ning\u00a0<\/span><span data-mce-mark=\"1\">olenemata kasutatavast \u00f5pikeskkonnast. \u00dchilduvus tagab v\u00f5imaluse t\u00f5sta kord loodud \u00f5piobjekti vajadusel \u00fcmber \u00fchest \u00f5pikeskkonnast teise. <\/span><\/p>\n\n\n\n<p><span data-mce-mark=\"1\">\u00dchilduvuse tagamise teeb keeruliseks standardite paljusus ja tehniliste vahendite pidev areng. Kui lihtsat teksti ja piltidega veebilehte suudavad korrektselt n\u00e4idata k\u00f5ik v\u00e4hegi arvestatavad veebilehitsejad, siis n\u00e4iteks testide standardeid on palju ja nad pole omavahel alati \u00fchilduvad.\u00a0<\/span><\/p>\n\n\n\n<p>\u00d5piobjekti interaktiivsete harjutuste\/\u00fclesannete lisamisel tuleb arvesta seda, et \u00f5piobjekt peab olema kasutatav ka tahvelarvutites.<\/p>\n\n\n\n<figure class=\"wp-block-table is-style-stripes\"><table class=\"table table-hover\"><tbody><tr><td> <p>N\u00e4iteks vedamise t\u00fc\u00fcpi harjutustes\u00a0<em>(drag and drop<\/em>) on kasutajal vaja vedada hiirega objekte \u00f5igesse kohta. S\u00f5rmega vedamisel on aga tahvelarvutites teine funktsioon \u2013 lehe kerimine. Kui siiski on vajadus lisada vedamise t\u00fc\u00fcpi harjutusi, siis tuleks sellise \u00fclesandet\u00fc\u00fcbi juures m\u00e4rkida, et see ei t\u00f6\u00f6ta puutetundliku ekraaniga arvutites ja nutitelefonides.<span style=\"font-family: inherit; font-size: inherit; font-weight: inherit; text-align: var(--bs-body-text-align);\"> <\/span><\/p><p>Vaata n\u00e4iteks \u00f5piobjektis \u201c\u00dcmberp\u00f6\u00f6ratud auditoorium\u201d\u00a0<em>drag and drop\u00a0<\/em>\u00fclesannet: <a href=\"http:\/\/sisu.ut.ee\/auditoorium\/node\/649\/take\" target=\"_blank\" rel=\"noopener\">http:\/\/sisu.ut.ee\/auditoorium\/node\/649\/take<\/a>. V\u00f5imaluse korral proovi seda \u00fclesannet sooritada tahvelarvutis v\u00f5i nutitelefonis, veendumaks selle mittet\u00f6\u00f6tamises nende seadetega.<\/p><\/td><\/tr><\/tbody><\/table><\/figure>\n\n\n\n<p><span id=\"docs-internal-guid-2415cbb6-c451-b113-33ad-9ddee13f16bd\">Materjalide loomiseks \u00fcldtuntud vahendeid kasutades garanteerime vastavuse standarditele ja sellega koos ka \u00fchilduvuse. Vahendit valides tuleb m\u00f5elda ka \u00f5piobjekti t\u00e4iendamis- ja parandamisv\u00f5imalustele.<\/span><\/p>\n\n\n\n<div id=\"accordion\" class=\"accordion\">\n<h3><a href=\"#\">\u00d5piobjekti \u201cPositsioonilised arvus\u00fcsteemid\u201d\u00a0anal\u00fc\u00fcs \u00fchilduvuse seisukohast<\/a><\/h3>\n<div>\n<ul>\n<li><span style=\"line-height: 1.5;\">\u00d5piobjekti \u201c<a href=\"http:\/\/dspace.utlib.ee\/dspace\/bitstream\/handle\/10062\/22560\/index.html\" target=\"_blank\" rel=\"noopener\">Positsioonilised arvus\u00fcsteemid<\/a>\u201d kasutamine on v\u00f5imalik erinevate operatsioonis\u00fcsteemidega, erinevate tarkvaradega ja erinevatel platvormidel (personaal- ja tahvelarvutitel, mobiilidel). <\/span><\/li>\n<li><span style=\"line-height: 1.5;\">\u00d5piobjekt on teostatud eXeLearning tarkvara kasutades ning eksporditud veebilehestikuna (vastavus veebistandarditele). eXeLearning v\u00f5imaldab ka eksportimist SCORM-sisupaketina, kuid antud juhul pole seda v\u00f5imalust kasutatud.<\/span><\/li>\n<\/ul>\n<\/div>\n<\/div>\n\n\n\n<figure class=\"wp-block-table is-style-stripes\"><table class=\"table table-hover\"><tbody><tr><td> <p>M\u00f5tle enda loodud v\u00f5i loodavale \u00f5piobjektile. Kas see vastab k\u00f5igile allpool loetletud kriteeriumitele? Tegemist on tingimustega, millele vastamine garanteerib \u00fchilduvuse.<\/p><ul> <li><span style=\"line-height: 1.5;\">\u00d5piobjekt on <\/span><span style=\"line-height: 1.5;\">kasutatav levinumate operatsioonis\u00fcsteemide ja tarkvaradega<\/span><span style=\"line-height: 1.5;\"> (veebilehitsejatega, multimeediumim\u00e4ngijatega, \u00f5pikeskkondades).<\/span><\/li> <li><span style=\"line-height: 1.5;\">\u00d5piobjekt <\/span><span style=\"line-height: 1.5;\">vastab tehnilistele standarditele (nt veebistandardid (XHTML, CSS jne) ja sisupaketi standarditele (SCORM, IMS, AICC))<\/span><span style=\"line-height: 1.5;\">, mis v\u00f5imaldavad seda kasutada erinevates \u00f5pikeskkondades. Materjalide loomiseks \u00fcldtuntud vahendeid kasutades garanteerime vastavuse standarditele ja sellega koos ka \u00fchilduvuse.<\/span><\/li><span style=\"font-family: inherit; font-size: inherit; font-weight: inherit; text-align: var(--bs-body-text-align);\"> <\/span><\/ul><\/td><\/tr><\/tbody><\/table><\/figure>\n","protected":false},"excerpt":{"rendered":"<p>\u00dchilduvus (ingl portability)\u00a0t\u00e4hendab, et \u00f5piobjekt on tehnilistele standarditele vastav ja seda on v\u00f5imalik kasutada levinumate operatsioonis\u00fcsteemide ja tarkvaradega (veebilehitsejatega, multimeediumim\u00e4ngijategaNt audio ja video m\u00e4ngimine Windows Media Player\u00b4i ja Quick Time\u00b4iga, flashi m\u00e4ngimine Flash Player\u00b4iga) ning\u00a0olenemata kasutatavast \u00f5pikeskkonnast. \u00dchilduvus tagab v\u00f5imaluse &#8230;<\/p>\n","protected":false},"author":6,"featured_media":0,"parent":0,"menu_order":0,"comment_status":"closed","ping_status":"closed","template":"","meta":{"_acf_changed":false,"inline_featured_image":false,"footnotes":""},"class_list":["post-11","page","type-page","status-publish","hentry"],"acf":[],"_links":{"self":[{"href":"https:\/\/sisu.ut.ee\/opiobjekt\/wp-json\/wp\/v2\/pages\/11","targetHints":{"allow":["GET"]}}],"collection":[{"href":"https:\/\/sisu.ut.ee\/opiobjekt\/wp-json\/wp\/v2\/pages"}],"about":[{"href":"https:\/\/sisu.ut.ee\/opiobjekt\/wp-json\/wp\/v2\/types\/page"}],"author":[{"embeddable":true,"href":"https:\/\/sisu.ut.ee\/opiobjekt\/wp-json\/wp\/v2\/users\/6"}],"replies":[{"embeddable":true,"href":"https:\/\/sisu.ut.ee\/opiobjekt\/wp-json\/wp\/v2\/comments?post=11"}],"version-history":[{"count":2,"href":"https:\/\/sisu.ut.ee\/opiobjekt\/wp-json\/wp\/v2\/pages\/11\/revisions"}],"predecessor-version":[{"id":64,"href":"https:\/\/sisu.ut.ee\/opiobjekt\/wp-json\/wp\/v2\/pages\/11\/revisions\/64"}],"wp:attachment":[{"href":"https:\/\/sisu.ut.ee\/opiobjekt\/wp-json\/wp\/v2\/media?parent=11"}],"curies":[{"name":"wp","href":"https:\/\/api.w.org\/{rel}","templated":true}]}}