{"id":45,"date":"2024-04-04T00:22:05","date_gmt":"2024-04-04T00:22:05","guid":{"rendered":"https:\/\/sisu.ut.ee\/opikasitus\/7-nuudisaegse-opikasituse-rakendamine\/"},"modified":"2024-04-18T17:14:22","modified_gmt":"2024-04-18T14:14:22","slug":"7-nuudisaegse-opikasituse-rakendamine","status":"publish","type":"page","link":"https:\/\/sisu.ut.ee\/opikasitus\/7-nuudisaegse-opikasituse-rakendamine\/","title":{"rendered":"7. N\u00fc\u00fcdisaegse \u00f5pik\u00e4situse rakendamine"},"content":{"rendered":"<p><span style=\"font-size: large;\"><strong>Aga kuidas neid teadmisi n\u00fc\u00fcdisaegsest \u00f5pik\u00e4situsest ka p\u00e4riselt rakendada? Kuidas olla ennastjuhtiv ja kogu elu \u00f5ppiv \u00f5ppija? Kuidas \u00f5petajana n\u00fc\u00fcdisaegse \u00f5pik\u00e4situse elemente oma \u00f5petamisse tuua?<\/strong><\/span><\/p>\n\n\n\n<p>Nendele k\u00fcsimustele ei ole ainu\u00f5iget vastust \u2013 ei ole \u00fchte konkreetset liikumisteed v\u00f5i samm-sammulist tegevuskava. K\u00e4esolev peat\u00fckk sisaldab kogemuslugusid nii \u00f5petajatelt kui ka \u00f5ppijatelt. Lugude jaotus \u00f5petajate ja \u00f5ppijate omadeks on aga isegi m\u00f5neti vale. Ka \u00f5petajate lugudes on palju juttu nende endi \u00f5ppimisest \u2013 n\u00e4iteks uute \u00f5ppemeetodite avastamisest ja oma kogemusest \u00f5ppimisest. K\u00f5ik lood on inspireerivad ja pakuvad ideid nii n\u00fc\u00fcdisaegseks \u00f5ppimiseks kui ka \u00f5petamiseks.\u00a0<\/p>\n\n\n\n<p>Lisaks on siin peat\u00fckis paar teadusartiklit, mis uurivad, mil m\u00e4\u00e4ral on n\u00fc\u00fcdisaegne \u00f5pik\u00e4situs Eesti koolides rakendunud ja annavad soovitusi \u00f5ppijatele ja \u00f5petajatele.<\/p>\n","protected":false},"excerpt":{"rendered":"<p>Aga kuidas neid teadmisi n\u00fc\u00fcdisaegsest \u00f5pik\u00e4situsest ka p\u00e4riselt rakendada? Kuidas olla ennastjuhtiv ja kogu elu \u00f5ppiv \u00f5ppija? Kuidas \u00f5petajana n\u00fc\u00fcdisaegse \u00f5pik\u00e4situse elemente oma \u00f5petamisse tuua? Nendele k\u00fcsimustele ei ole ainu\u00f5iget vastust \u2013 ei ole \u00fchte konkreetset liikumisteed v\u00f5i samm-sammulist tegevuskava. &#8230;<\/p>\n","protected":false},"author":104,"featured_media":0,"parent":0,"menu_order":0,"comment_status":"closed","ping_status":"closed","template":"","meta":{"_acf_changed":false,"inline_featured_image":false,"footnotes":""},"class_list":["post-45","page","type-page","status-publish","hentry"],"acf":[],"_links":{"self":[{"href":"https:\/\/sisu.ut.ee\/opikasitus\/wp-json\/wp\/v2\/pages\/45","targetHints":{"allow":["GET"]}}],"collection":[{"href":"https:\/\/sisu.ut.ee\/opikasitus\/wp-json\/wp\/v2\/pages"}],"about":[{"href":"https:\/\/sisu.ut.ee\/opikasitus\/wp-json\/wp\/v2\/types\/page"}],"author":[{"embeddable":true,"href":"https:\/\/sisu.ut.ee\/opikasitus\/wp-json\/wp\/v2\/users\/104"}],"replies":[{"embeddable":true,"href":"https:\/\/sisu.ut.ee\/opikasitus\/wp-json\/wp\/v2\/comments?post=45"}],"version-history":[{"count":2,"href":"https:\/\/sisu.ut.ee\/opikasitus\/wp-json\/wp\/v2\/pages\/45\/revisions"}],"predecessor-version":[{"id":341,"href":"https:\/\/sisu.ut.ee\/opikasitus\/wp-json\/wp\/v2\/pages\/45\/revisions\/341"}],"wp:attachment":[{"href":"https:\/\/sisu.ut.ee\/opikasitus\/wp-json\/wp\/v2\/media?parent=45"}],"curies":[{"name":"wp","href":"https:\/\/api.w.org\/{rel}","templated":true}]}}