{"id":39,"date":"2024-04-04T00:22:04","date_gmt":"2024-04-04T00:22:04","guid":{"rendered":"https:\/\/sisu.ut.ee\/opikasitus\/51-naited-ja-selgitused\/"},"modified":"2024-04-18T17:12:51","modified_gmt":"2024-04-18T14:12:51","slug":"51-naited-ja-selgitused","status":"publish","type":"page","link":"https:\/\/sisu.ut.ee\/opikasitus\/51-naited-ja-selgitused\/","title":{"rendered":"5.1 N\u00e4ited ja selgitused"},"content":{"rendered":"<p><a title=\"\" href=\"https:\/\/www.youtube.com\/watch?v=srluw013FLQ&amp;feature=em-upload_owner\" target=\"_blank\" rel=\"noopener\" data-url=\"https:\/\/www.youtube.com\/watch?v=srluw013FLQ&amp;feature=em-upload_owner\">Videos<\/a>\u00a0r\u00e4\u00e4gib Margus Pedaste n\u00fc\u00fcdisaegse \u00f5pik\u00e4situse mudelist \u2013 selle loomisest, komponentidest ja kasutamisest.<\/p>\n\n\n\n<figure class=\"wp-block-table\"><table class=\"table table-hover\"><tbody><tr><td>\n<p style=\"text-align: center;\"><strong>M\u00d5TLEMISEKS<\/strong><\/p>\n<p>Milleks on Sinu arvates \u00f5ppimise ja \u00f5petamise kohta vaja teooriaid ja mudeleid?<\/p>\n<\/td><\/tr><\/tbody><\/table><\/figure>\n","protected":false},"excerpt":{"rendered":"<p>Videos\u00a0r\u00e4\u00e4gib Margus Pedaste n\u00fc\u00fcdisaegse \u00f5pik\u00e4situse mudelist \u2013 selle loomisest, komponentidest ja kasutamisest. M\u00d5TLEMISEKS Milleks on Sinu arvates \u00f5ppimise ja \u00f5petamise kohta vaja teooriaid ja mudeleid?<\/p>\n","protected":false},"author":104,"featured_media":0,"parent":0,"menu_order":0,"comment_status":"closed","ping_status":"closed","template":"","meta":{"_acf_changed":false,"inline_featured_image":false,"footnotes":""},"class_list":["post-39","page","type-page","status-publish","hentry"],"acf":[],"_links":{"self":[{"href":"https:\/\/sisu.ut.ee\/opikasitus\/wp-json\/wp\/v2\/pages\/39","targetHints":{"allow":["GET"]}}],"collection":[{"href":"https:\/\/sisu.ut.ee\/opikasitus\/wp-json\/wp\/v2\/pages"}],"about":[{"href":"https:\/\/sisu.ut.ee\/opikasitus\/wp-json\/wp\/v2\/types\/page"}],"author":[{"embeddable":true,"href":"https:\/\/sisu.ut.ee\/opikasitus\/wp-json\/wp\/v2\/users\/104"}],"replies":[{"embeddable":true,"href":"https:\/\/sisu.ut.ee\/opikasitus\/wp-json\/wp\/v2\/comments?post=39"}],"version-history":[{"count":2,"href":"https:\/\/sisu.ut.ee\/opikasitus\/wp-json\/wp\/v2\/pages\/39\/revisions"}],"predecessor-version":[{"id":336,"href":"https:\/\/sisu.ut.ee\/opikasitus\/wp-json\/wp\/v2\/pages\/39\/revisions\/336"}],"wp:attachment":[{"href":"https:\/\/sisu.ut.ee\/opikasitus\/wp-json\/wp\/v2\/media?parent=39"}],"curies":[{"name":"wp","href":"https:\/\/api.w.org\/{rel}","templated":true}]}}