{"id":292,"date":"2024-04-18T16:42:32","date_gmt":"2024-04-18T13:42:32","guid":{"rendered":"https:\/\/sisu.ut.ee\/opikasitus\/6-3-enesehindamise-test\/"},"modified":"2024-04-18T16:42:32","modified_gmt":"2024-04-18T13:42:32","slug":"6-3-enesehindamise-test","status":"publish","type":"page","link":"https:\/\/sisu.ut.ee\/opikasitus\/6-3-enesehindamise-test\/","title":{"rendered":"6.3 Enesehindamise test"},"content":{"rendered":"<div id=\"watupro_quiz\" class=\"quiz-area single-page-quiz\">\n<p id=\"submittingExam6\" style=\"display:none;text-align:center;\"><img loading=\"lazy\" decoding=\"async\" src=\"https:\/\/sisu.ut.ee\/wp-content\/plugins\/watupro\/img\/loading.gif\" width=\"16\" height=\"16\"><\/p>\n\n<div class=\"watupro-exam-description\" id=\"description-quiz-6\"><p>See, mida ja kuidas me hindame, m\u00f5jutab v\u00e4ga tugevalt seda, mida ja kuidas \u00f5ppijad \u00f5pivad. Sinu \u00fclesandeks on kirjelduste seast \u00fcles leida need hindamisviisid, mis toetavad n\u00fc\u00fcdisaegset \u00f5pik\u00e4situst.<\/p>\n<\/div>\n\n<form action=\"\" method=\"post\" class=\"quiz-form\" id=\"quiz-6\" enctype=\"multipart\/form-data\">\n<div class=\"watu-question \" id=\"question-1\" style=\";\"><div id=\"questionWrap-1\" class=\"  watupro-required-4 watupro-question-id-4\">\n\t\t\t<div class=\"question-content\"><div><p><span>See, mida ja kuidas me hindame, m\u00f5jutab v\u00e4ga tugevalt seda, mida ja kuidas \u00f5ppijad \u00f5pivad. M\u00e4rgi j\u00e4rgnevate kirjelduste seast \u00e4ra need hindamisviisid, mis toetavad n\u00fc\u00fcdisaegset \u00f5pik\u00e4situst.<\/span><\/p><\/div><input type=\"hidden\" name=\"question_id[]\" id=\"qID_1\" value=\"4\" class=\"watupro-question-id\"><input type=\"hidden\" id=\"answerType4\" class=\"answerTypeCnt1\" value=\"checkbox\"><input type=\"hidden\" id=\"watupro-required-question-4\"><!-- end question-content--><\/div><div class=\"question-choices watupro-choices-columns \" id=\"questionChoices4\"><div class=\"watupro-question-choice  \" dir=\"auto\"><input type=\"checkbox\" name=\"answer-4[]\" id=\"answer-id-14\" class=\"answer   answerof-4 \" value=\"14\"><label for=\"answer-id-14\" id=\"answer-label-14\" class=\" answer\"><span><p><span>Ajalootunnis said \u00f5pilased \u00fclesandeks pidada n\u00e4dal aega p\u00e4evikut kui \u00fcks 1890ndatel elav naissoost talunik.<\/span><\/p><\/span><\/label><\/div><div class=\"watupro-question-choice  \" dir=\"auto\"><input type=\"checkbox\" name=\"answer-4[]\" id=\"answer-id-13\" class=\"answer   answerof-4 \" value=\"13\"><label for=\"answer-id-13\" id=\"answer-label-13\" class=\" answer\"><span><p><span>\u00d5petaja annab \u00f5pilastele matemaatika\u00fclesande ning palub \u00f5pilastel \u00e4ra t\u00e4ita kaks kastikest: \u00fchte tuleb kirjutada \u00fclesande lahendus ning teise oma m\u00f5ttek\u00e4ik.<\/span><\/p><\/span><\/label><\/div><div class=\"watupro-question-choice  \" dir=\"auto\"><input type=\"checkbox\" name=\"answer-4[]\" id=\"answer-id-19\" class=\"answer   answerof-4 \" value=\"19\"><label for=\"answer-id-19\" id=\"answer-label-19\" class=\" answer\"><span><p><span>\u00d5pilased tegid ette\u00fctlust. Iga\u00fcks sai hindamiseks \u00fche oma klassikaaslase t\u00f6\u00f6. \u00d5petaja n\u00e4itas tahvlil \u00f5igeid vastuseid ning \u00f5pilased parandasid selle j\u00e4rgi kaaslase t\u00f6\u00f6d.<\/span><\/p><\/span><\/label><\/div><div class=\"watupro-question-choice  \" dir=\"auto\"><input type=\"checkbox\" name=\"answer-4[]\" id=\"answer-id-17\" class=\"answer   answerof-4 \" value=\"17\"><label for=\"answer-id-17\" id=\"answer-label-17\" class=\" answer\"><span><p><span>\u00d5ppej\u00f5ud loeb l\u00e4bi tudengite esseed ning saadab igale \u00fcli\u00f5pilasele e-mailile saadud punktide arvu.<\/span><\/p><\/span><\/label><\/div><div class=\"watupro-question-choice  \" dir=\"auto\"><input type=\"checkbox\" name=\"answer-4[]\" id=\"answer-id-20\" class=\"answer   answerof-4 \" value=\"20\"><label for=\"answer-id-20\" id=\"answer-label-20\" class=\" answer\"><span><p><span>Aine l\u00e4bimiseks tuleb tudengitel 4-liikmelistes r\u00fchmades kirjalikult vastata k\u00fcmnele k\u00fcsimusele.<\/span><\/p><\/span><\/label><\/div><div class=\"watupro-question-choice  \" dir=\"auto\"><input type=\"checkbox\" name=\"answer-4[]\" id=\"answer-id-18\" class=\"answer   answerof-4 \" value=\"18\"><label for=\"answer-id-18\" id=\"answer-label-18\" class=\" answer\"><span><p><span>Peale iga teema l\u00e4bimist koostavad \u00f5pilased selle kohta k\u00fcsimused, mida \u00f5petaja kasutab kontrollt\u00f6\u00f6s.<\/span><\/p><\/span><\/label><\/div><div class=\"watupro-question-choice  \" dir=\"auto\"><input type=\"checkbox\" name=\"answer-4[]\" id=\"answer-id-16\" class=\"answer   answerof-4 \" value=\"16\"><label for=\"answer-id-16\" id=\"answer-label-16\" class=\" answer\"><span><p><span>Lapsevanem vaatab \u00fcle lapse lahendatud \u00fclesande ning t\u00f5mbab ringi \u00fcmber vigadele, kuid ei paranda neid.<\/span><\/p><\/span><\/label><\/div><div class=\"watupro-question-choice  \" dir=\"auto\"><input type=\"checkbox\" name=\"answer-4[]\" id=\"answer-id-15\" class=\"answer   answerof-4 \" value=\"15\"><label for=\"answer-id-15\" id=\"answer-label-15\" class=\" answer\"><span><p><span>\u00dcli\u00f5pilastel tuleb 4-liikmelistes r\u00fchmades osaleda debatis. Kaks r\u00fchmaliiget peavad ette valmistama pooltargumendid ning kaks r\u00fchmaliiget esitavad vastuargumente.<\/span><\/p><\/span><\/label><\/div><!-- end question-choices--><\/div><!-- end questionWrap--><\/div><\/div><div style=\"display:none\" id=\"question-2\">\n\t<div class=\"question-content\">\n\t\t<img loading=\"lazy\" decoding=\"async\" src=\"https:\/\/sisu.ut.ee\/wp-content\/plugins\/watupro\/img\/loading.gif\" width=\"16\" height=\"16\" alt=\"Loading...\" title=\"Loading...\">\u00a0Loading...\t<\/div>\n<\/div>\n\n<br>\n\t\n\t\t\t<div class=\"watupro_buttons flex \" id=\"watuPROButtons6\">\n\t\t  <div id=\"prev-question\" style=\"display:none;\"><input type=\"button\" value=\"&lt; Previous\" onclick=\"WatuPRO.nextQuestion(event, 'previous');\"><\/div>\t\t  \t\t  \t\t   \n\t\t   \t  \t\t<div><input type=\"button\" name=\"action\" class=\"watupro-submit-button\" onclick=\"WatuPRO.submitResult(event)\" id=\"action-button\" value=\"View Results\">\n\t\t<\/div>\n\t\t<\/div>\n\t\t\n\t<input type=\"hidden\" name=\"quiz_id\" value=\"6\" id=\"watuPROExamID\">\n\t<input type=\"hidden\" name=\"start_time\" id=\"startTime\" value=\"2026-04-14 22:36:33\">\n\t<input type=\"hidden\" name=\"start_timestamp\" id=\"startTimeStamp\" value=\"1776206193\">\n\t<input type=\"hidden\" name=\"question_ids\" value=\"\">\n\t<input type=\"hidden\" name=\"watupro_questions\" value=\"4:14,13,19,17,20,18,16,15\">\n\t<input type=\"hidden\" name=\"no_ajax\" value=\"0\">\t\t\t<\/form>\n\t<p>\u00a0<\/p>\n<\/div>\n\n<script type=\"text\/javascript\">\n\/\/jQuery(document).ready(function(){\ndocument.addEventListener(\"DOMContentLoaded\", function(event) { \t\nvar question_ids = \"4\";\nWatuPROSettings[6] = {};\nWatuPRO.qArr = question_ids.split(',');\nWatuPRO.exam_id = 6;\t    \nWatuPRO.post_id = 292;\nWatuPRO.store_progress = 1;\nWatuPRO.curCatPage = 1;\nWatuPRO.requiredIDs=\"0,4\".split(\",\");\nWatuPRO.hAppID = \"0.07023400 1776195393\";\nvar url = \"https:\/\/sisu.ut.ee\/wp-content\/plugins\/watupro\/show_exam.php\";\nWatuPRO.examMode = 1;\nWatuPRO.siteURL=\"https:\/\/sisu.ut.ee\/opikasitus\/wp-admin\/admin-ajax.php\";\nWatuPRO.emailIsNotRequired = 0;\nWatuPRO.perDecade = 10;\nWatuPROIntel.init(6);\nWatuPRO.inCategoryPages=1;});    \t \n<\/script>\n\n","protected":false},"excerpt":{"rendered":"","protected":false},"author":3,"featured_media":0,"parent":0,"menu_order":0,"comment_status":"closed","ping_status":"closed","template":"","meta":{"_acf_changed":false,"inline_featured_image":false,"footnotes":""},"class_list":["post-292","page","type-page","status-publish","hentry"],"acf":[],"_links":{"self":[{"href":"https:\/\/sisu.ut.ee\/opikasitus\/wp-json\/wp\/v2\/pages\/292","targetHints":{"allow":["GET"]}}],"collection":[{"href":"https:\/\/sisu.ut.ee\/opikasitus\/wp-json\/wp\/v2\/pages"}],"about":[{"href":"https:\/\/sisu.ut.ee\/opikasitus\/wp-json\/wp\/v2\/types\/page"}],"author":[{"embeddable":true,"href":"https:\/\/sisu.ut.ee\/opikasitus\/wp-json\/wp\/v2\/users\/3"}],"replies":[{"embeddable":true,"href":"https:\/\/sisu.ut.ee\/opikasitus\/wp-json\/wp\/v2\/comments?post=292"}],"version-history":[{"count":0,"href":"https:\/\/sisu.ut.ee\/opikasitus\/wp-json\/wp\/v2\/pages\/292\/revisions"}],"wp:attachment":[{"href":"https:\/\/sisu.ut.ee\/opikasitus\/wp-json\/wp\/v2\/media?parent=292"}],"curies":[{"name":"wp","href":"https:\/\/api.w.org\/{rel}","templated":true}]}}