{"id":289,"date":"2024-04-18T16:41:36","date_gmt":"2024-04-18T13:41:36","guid":{"rendered":"https:\/\/sisu.ut.ee\/opikasitus\/3-3-enesehindamise-test\/"},"modified":"2024-04-18T16:41:36","modified_gmt":"2024-04-18T13:41:36","slug":"3-3-enesehindamise-test","status":"publish","type":"page","link":"https:\/\/sisu.ut.ee\/opikasitus\/3-3-enesehindamise-test\/","title":{"rendered":"3.3 Enesehindamise test"},"content":{"rendered":"<div id=\"watupro_quiz\" class=\"quiz-area single-page-quiz\">\n<p id=\"submittingExam3\" style=\"display:none;text-align:center;\"><img loading=\"lazy\" decoding=\"async\" src=\"https:\/\/sisu.ut.ee\/wp-content\/plugins\/watupro\/img\/loading.gif\" width=\"16\" height=\"16\"><\/p>\n\n\n\n<form action=\"\" method=\"post\" class=\"quiz-form\" id=\"quiz-3\" enctype=\"multipart\/form-data\">\n<div class=\"watu-question \" id=\"question-1\" style=\";\"><div id=\"questionWrap-1\" class=\"  watupro-required-2 watupro-question-id-2\">\n\t\t\t<div class=\"question-content\"><div><p><span>Milline j\u00e4rgnevatest kirjeldustest vastab n\u00fc\u00fcdisaegsele \u00f5pik\u00e4situsele, peegeldades selle kolme p\u00f5hiprintsiipi?<\/span><\/p><\/div><input type=\"hidden\" name=\"question_id[]\" id=\"qID_1\" value=\"2\" class=\"watupro-question-id\"><input type=\"hidden\" id=\"answerType2\" class=\"answerTypeCnt1\" value=\"radio\"><input type=\"hidden\" id=\"watupro-required-question-2\"><!-- end question-content--><\/div><div class=\"question-choices watupro-choices-columns \" id=\"questionChoices2\"><div class=\"watupro-question-choice  \" dir=\"auto\"><input type=\"radio\" name=\"answer-2[]\" id=\"answer-id-8\" class=\"answer   answerof-2 \" value=\"8\"><label for=\"answer-id-8\" id=\"answer-label-8\" class=\" answer\"><span><p><span>\u00d5ppimine ise on k\u00f5ige olulisemaks \u00f5pieesm\u00e4rgiks. \u00d5petaja kontrollib \u00f5ppijate \u00f5ppimist. \u00d5ppijad j\u00e4rgivad \u00f5petaja juhiseid. \u00d5ppijad \u00f5pivad enamasti \u00fcksi.<\/span><\/p><\/span><\/label><\/div><div class=\"watupro-question-choice  \" dir=\"auto\"><input type=\"radio\" name=\"answer-2[]\" id=\"answer-id-12\" class=\"answer   answerof-2 \" value=\"12\"><label for=\"answer-id-12\" id=\"answer-label-12\" class=\" answer\"><span><p><span>\u00d5ppimise eesm\u00e4rgiks on omandada konkreetsed teadmised ja oskused. \u00d5petaja mudeldab ja \u00f5ppijad j\u00e4ljendavad. \u00d5ppijad \u00f5pivad enamasti \u00fcksteisega koost\u00f6\u00f6d tehes.<\/span><\/p><\/span><\/label><\/div><div class=\"watupro-question-choice  \" dir=\"auto\"><input type=\"radio\" name=\"answer-2[]\" id=\"answer-id-10\" class=\"answer   answerof-2 \" value=\"10\"><label for=\"answer-id-10\" id=\"answer-label-10\" class=\" answer\"><span><p><span>\u00d5ppimine ise on k\u00f5ige olulisemaks \u00f5pieesm\u00e4rgiks. \u00d5petaja mudeldab ja \u00f5ppijad j\u00e4ljendavad. \u00d5ppijate vahel on palju v\u00f5istlemist.<\/span><\/p><\/span><\/label><\/div><div class=\"watupro-question-choice  \" dir=\"auto\"><input type=\"radio\" name=\"answer-2[]\" id=\"answer-id-9\" class=\"answer   answerof-2 \" value=\"9\"><label for=\"answer-id-9\" id=\"answer-label-9\" class=\" answer\"><span><p><span>\u00d5ppimise eesm\u00e4rgiks on omandada konkreetsed teadmised ja oskused. \u00d5ppijad on ennastjuhtivad, \u00f5petaja on juhendaja ja suunaja rollis. \u00d5ppijate vahel on palju v\u00f5istlemist.<\/span><\/p><\/span><\/label><\/div><div class=\"watupro-question-choice  \" dir=\"auto\"><input type=\"radio\" name=\"answer-2[]\" id=\"answer-id-11\" class=\"answer   answerof-2 \" value=\"11\"><label for=\"answer-id-11\" id=\"answer-label-11\" class=\" answer\"><span><p><span>\u00d5ppimine ise on k\u00f5ige olulisemaks \u00f5pieesm\u00e4rgiks. \u00d5ppijad on ennastjuhtivad, \u00f5petaja on juhendaja ja suunaja rollis. \u00d5ppijad \u00f5pivad enamasti \u00fcksteisega koost\u00f6\u00f6d tehes.<\/span><\/p><\/span><\/label><\/div><div class=\"watupro-question-choice  \" dir=\"auto\"><input type=\"radio\" name=\"answer-2[]\" id=\"answer-id-7\" class=\"answer   answerof-2 \" value=\"7\"><label for=\"answer-id-7\" id=\"answer-label-7\" class=\" answer\"><span><p><span>\u00d5ppimise eesm\u00e4rgiks on omandada konkreetsed teadmised ja oskused. \u00d5petaja kontrollib \u00f5ppijate \u00f5ppimist. \u00d5ppijad j\u00e4rgivad \u00f5petaja juhiseid. \u00d5ppijate vahel on palju v\u00f5istlemist.<\/span><\/p><\/span><\/label><\/div><!-- end question-choices--><\/div><!-- end questionWrap--><\/div><\/div><div class=\"watu-question \" id=\"question-2\" style=\";\"><div id=\"questionWrap-2\" class=\"   watupro-question-id-3\">\n\t\t\t<div class=\"question-content\"><blockquote>\n<p>Testis on l\u00fchikesed kirjeldused \u00f5petamisest ja \u00f5ppimisest. Sinu \u00fclesandeks on leida \u00fcles see kirjeldus, mis vastab n\u00fc\u00fcdisaegse \u00f5pik\u00e4situse p\u00f5hiprintsiipidele.<\/p>\n<\/blockquote>\n<input type=\"hidden\" name=\"question_id[]\" id=\"qID_2\" value=\"3\" class=\"watupro-question-id\"><input type=\"hidden\" id=\"answerType3\" class=\"answerTypeCnt2\" value=\"gaps\"><!-- end question-content--><\/div><!-- end questionWrap--><\/div><\/div><div style=\"display:none\" id=\"question-3\">\n\t<div class=\"question-content\">\n\t\t<img loading=\"lazy\" decoding=\"async\" src=\"https:\/\/sisu.ut.ee\/wp-content\/plugins\/watupro\/img\/loading.gif\" width=\"16\" height=\"16\" alt=\"Loading...\" title=\"Loading...\">\u00a0Loading...\t<\/div>\n<\/div>\n\n<br>\n\t\n\t\t\t<div class=\"watupro_buttons flex \" id=\"watuPROButtons3\">\n\t\t  <div id=\"prev-question\" style=\"display:none;\"><input type=\"button\" value=\"&lt; Previous\" onclick=\"WatuPRO.nextQuestion(event, 'previous');\"><\/div>\t\t  \t\t  \t\t   \n\t\t   \t  \t\t<div><input type=\"button\" name=\"action\" class=\"watupro-submit-button\" onclick=\"WatuPRO.submitResult(event)\" id=\"action-button\" value=\"View Results\">\n\t\t<\/div>\n\t\t<\/div>\n\t\t\n\t<input type=\"hidden\" name=\"quiz_id\" value=\"3\" id=\"watuPROExamID\">\n\t<input type=\"hidden\" name=\"start_time\" id=\"startTime\" value=\"2026-04-14 19:02:36\">\n\t<input type=\"hidden\" name=\"start_timestamp\" id=\"startTimeStamp\" value=\"1776193356\">\n\t<input type=\"hidden\" name=\"question_ids\" value=\"\">\n\t<input type=\"hidden\" name=\"watupro_questions\" value=\"2:8,12,10,9,11,7 | 3:\">\n\t<input type=\"hidden\" name=\"no_ajax\" value=\"0\">\t\t\t<\/form>\n\t<p>\u00a0<\/p>\n<\/div>\n\n<script type=\"text\/javascript\">\n\/\/jQuery(document).ready(function(){\ndocument.addEventListener(\"DOMContentLoaded\", function(event) { \t\nvar question_ids = \"2,3\";\nWatuPROSettings[3] = {};\nWatuPRO.qArr = question_ids.split(',');\nWatuPRO.exam_id = 3;\t    \nWatuPRO.post_id = 289;\nWatuPRO.store_progress = 1;\nWatuPRO.curCatPage = 1;\nWatuPRO.requiredIDs=\"0,2\".split(\",\");\nWatuPRO.hAppID = \"0.17811200 1776182556\";\nvar url = \"https:\/\/sisu.ut.ee\/wp-content\/plugins\/watupro\/show_exam.php\";\nWatuPRO.examMode = 1;\nWatuPRO.siteURL=\"https:\/\/sisu.ut.ee\/opikasitus\/wp-admin\/admin-ajax.php\";\nWatuPRO.emailIsNotRequired = 0;\nWatuPRO.perDecade = 10;\nWatuPROIntel.init(3);\nWatuPRO.inCategoryPages=1;});    \t \n<\/script>\n\n","protected":false},"excerpt":{"rendered":"","protected":false},"author":3,"featured_media":0,"parent":0,"menu_order":0,"comment_status":"closed","ping_status":"closed","template":"","meta":{"_acf_changed":false,"inline_featured_image":false,"footnotes":""},"class_list":["post-289","page","type-page","status-publish","hentry"],"acf":[],"_links":{"self":[{"href":"https:\/\/sisu.ut.ee\/opikasitus\/wp-json\/wp\/v2\/pages\/289","targetHints":{"allow":["GET"]}}],"collection":[{"href":"https:\/\/sisu.ut.ee\/opikasitus\/wp-json\/wp\/v2\/pages"}],"about":[{"href":"https:\/\/sisu.ut.ee\/opikasitus\/wp-json\/wp\/v2\/types\/page"}],"author":[{"embeddable":true,"href":"https:\/\/sisu.ut.ee\/opikasitus\/wp-json\/wp\/v2\/users\/3"}],"replies":[{"embeddable":true,"href":"https:\/\/sisu.ut.ee\/opikasitus\/wp-json\/wp\/v2\/comments?post=289"}],"version-history":[{"count":0,"href":"https:\/\/sisu.ut.ee\/opikasitus\/wp-json\/wp\/v2\/pages\/289\/revisions"}],"wp:attachment":[{"href":"https:\/\/sisu.ut.ee\/opikasitus\/wp-json\/wp\/v2\/media?parent=289"}],"curies":[{"name":"wp","href":"https:\/\/api.w.org\/{rel}","templated":true}]}}