{"id":27,"date":"2024-04-04T00:22:03","date_gmt":"2024-04-04T00:22:03","guid":{"rendered":"https:\/\/sisu.ut.ee\/opikasitus\/naited-ja-selgitused\/"},"modified":"2024-04-19T11:08:54","modified_gmt":"2024-04-19T08:08:54","slug":"naited-ja-selgitused","status":"publish","type":"page","link":"https:\/\/sisu.ut.ee\/opikasitus\/naited-ja-selgitused\/","title":{"rendered":"1.1 N\u00e4ited ja selgitused"},"content":{"rendered":"<p><\/p>\n\n\n<p><strong>12 INIMESE KOGEMUSED<\/strong><\/p>\n\n\n\n<p>Mis soodustab elukestvat \u00f5pet ja mis p\u00e4rsib? Mis tingib vajaduse juurde \u00f5ppida ja \u00fcmber \u00f5ppida? Kuidas uusi oskusi omandada? Loe M\u00e4nniste (2014) artiklit, mis arutleb just nende k\u00fcsimuste \u00fcle, toetudes 12 n\u00f5ukogudeaegse k\u00f5rgharidusega inimese kogemusele.\u00a0<\/p>\n\n\n\n<div class=\"wp-block-group attached-files-group is-layout-constrained wp-block-group-is-layout-constrained\">\n<div class=\"wp-block-file\"><a id=\"wp-block-file--media-46747bec-57e8-4eea-9ae2-264454addd3f\" href=\"https:\/\/sisu.ut.ee\/wp-content\/uploads\/sites\/211\/manniste_2014_noukogudeaegse_korgharidusega_keskealised_siirdeaja_elukestva_oppe_keskkonnas.pdf\" target=\"_blank\" rel=\"noreferrer noopener\">M\u00e4nniste (2014). N\u00f5ukogudeaegse k\u00f5rgharidusega keskealised siirdeaja elukestva \u00f5ppe keskkonnas<\/a><\/div>\n<\/div>\n","protected":false},"excerpt":{"rendered":"<p>12 INIMESE KOGEMUSED Mis soodustab elukestvat \u00f5pet ja mis p\u00e4rsib? Mis tingib vajaduse juurde \u00f5ppida ja \u00fcmber \u00f5ppida? Kuidas uusi oskusi omandada? Loe M\u00e4nniste (2014) artiklit, mis arutleb just nende k\u00fcsimuste \u00fcle, toetudes 12 n\u00f5ukogudeaegse k\u00f5rgharidusega inimese kogemusele.\u00a0<\/p>\n","protected":false},"author":104,"featured_media":0,"parent":0,"menu_order":0,"comment_status":"closed","ping_status":"closed","template":"","meta":{"_acf_changed":false,"inline_featured_image":false,"footnotes":""},"class_list":["post-27","page","type-page","status-publish","hentry"],"acf":[],"_links":{"self":[{"href":"https:\/\/sisu.ut.ee\/opikasitus\/wp-json\/wp\/v2\/pages\/27","targetHints":{"allow":["GET"]}}],"collection":[{"href":"https:\/\/sisu.ut.ee\/opikasitus\/wp-json\/wp\/v2\/pages"}],"about":[{"href":"https:\/\/sisu.ut.ee\/opikasitus\/wp-json\/wp\/v2\/types\/page"}],"author":[{"embeddable":true,"href":"https:\/\/sisu.ut.ee\/opikasitus\/wp-json\/wp\/v2\/users\/104"}],"replies":[{"embeddable":true,"href":"https:\/\/sisu.ut.ee\/opikasitus\/wp-json\/wp\/v2\/comments?post=27"}],"version-history":[{"count":3,"href":"https:\/\/sisu.ut.ee\/opikasitus\/wp-json\/wp\/v2\/pages\/27\/revisions"}],"predecessor-version":[{"id":364,"href":"https:\/\/sisu.ut.ee\/opikasitus\/wp-json\/wp\/v2\/pages\/27\/revisions\/364"}],"wp:attachment":[{"href":"https:\/\/sisu.ut.ee\/opikasitus\/wp-json\/wp\/v2\/media?parent=27"}],"curies":[{"name":"wp","href":"https:\/\/api.w.org\/{rel}","templated":true}]}}