{"id":14,"date":"2024-04-04T00:22:03","date_gmt":"2024-04-04T00:22:03","guid":{"rendered":"https:\/\/sisu.ut.ee\/opikasitus\/nuudisaegne-opikasitus\/"},"modified":"2024-04-18T16:26:26","modified_gmt":"2024-04-18T13:26:26","slug":"nuudisaegne-opikasitus","status":"publish","type":"page","link":"https:\/\/sisu.ut.ee\/opikasitus\/nuudisaegne-opikasitus\/","title":{"rendered":"N\u00fc\u00fcdisaegne \u00f5pik\u00e4situs"},"content":{"rendered":"<p class=\"has-extra-large-font-size\"><strong>Eesm\u00e4rk ja \u00f5piv\u00e4ljundid<\/strong><\/p>\n\n\n\n<p><strong>Kursuse eesm\u00e4rgiks<\/strong>\u00a0on anda osalejatele \u00fclevaade n\u00fc\u00fcdisaegsest \u00f5pik\u00e4situsest ehk sellest, mis on n\u00fc\u00fcdisaegse arusaama j\u00e4rgi \u00f5ppimine, millised on selle eesm\u00e4rgid, meetodid ja erinevate osapoolte rollid \u00f5ppeprotsessis.\u00a0<strong>\u00d5piv\u00e4ljundid<\/strong>\u00a0on j\u00e4rgnevad: kursuse l\u00e4binu teab n\u00fc\u00fcdisaegse \u00f5ppimise ja \u00f5petamise p\u00f5hiprintsiipe, oskab hinnata ja v\u00f5rrelda \u00fcldlevinud ning n\u00fc\u00fcdisaegset k\u00e4situst \u00f5ppimisest ja \u00f5petamisest, oskab ennast kui \u00f5ppijat anal\u00fc\u00fcsida ning teab n\u00fc\u00fcdisaegse \u00f5pik\u00e4situse rakendamise p\u00f5him\u00f5tteid.<\/p>\n\n\n\n<p class=\"has-extra-large-font-size\"><strong>\u00d5pijuhis<\/strong><\/p>\n\n\n\n<p>Kursus on t\u00e4ielikult veebip\u00f5hine. Kursuse \u00f5ppematerjalid on sisu.ut.ee lehek\u00fcljel. Moodle.ut.ee lehel toimub \u00fclesannete sooritamine ning \u00f5ppej\u00f5udude ja kaas\u00f5ppijatega suhtlemine.\u00a0<\/p>\n\n\n\n<p>Kursusel selgitatakse n\u00fc\u00fcdisaegse \u00f5pik\u00e4situse vajalikkust ning kirjeldatakse selle p\u00f5hiprintsiipe. Kursusel on seitse teemat:\u00a0<\/p>\n\n\n\n<ol class=\"wp-block-list\">\n<li>\u00d5ppimise kolm suurt sihti t\u00e4nap\u00e4eval<\/li>\n\n\n\n<li>\u00d5ppimise viisid<\/li>\n\n\n\n<li>N\u00fc\u00fcdisaegse \u00f5pik\u00e4situse p\u00f5hiprintsiibid<\/li>\n\n\n\n<li>\u00d5petajakesksest \u00f5ppijakeskse \u00f5petamiseni<\/li>\n\n\n\n<li>N\u00fc\u00fcdisaegse \u00f5pik\u00e4situse mudel<\/li>\n\n\n\n<li>Hindamine n\u00fc\u00fcdisaegses \u00f5pik\u00e4situses<\/li>\n\n\n\n<li>N\u00fc\u00fcdisaegse \u00f5pik\u00e4situse rakendamine<\/li>\n<\/ol>\n\n\n\n<p>Oluline on l\u00e4bida teemasid etteantud j\u00e4rjekorras. Iga teema kohta on sisu.ut.ee lehel<\/p>\n\n\n\n<ul class=\"wp-block-list\">\n<li>\u00fclevaatlikud tekstid;<\/li>\n\n\n\n<li>videod ja n\u00e4ited;<\/li>\n\n\n\n<li>m\u00f5tte\u00fclesanded;<\/li>\n\n\n\n<li>enesehindamiseks testid;<\/li>\n\n\n\n<li>soovitused lisalugemiseks.<\/li>\n<\/ul>\n\n\n\n<p>Soovitame teemaga tutvumist alustada teema esilehel oleva \u00fclevaatliku teksti lugemisest. Selgituste ja n\u00e4idete lehel olev materjal toetab eelneva teksti m\u00f5istmist. Ka m\u00f5tte\u00fclesannete sooritamine on iga teema puhul oluline. Enesehindamiseks on sisu.ut.ee lehel valikvastustega testid, mis on k\u00fcll vabatahtlikud, kuid aitavad Sul hinnata oma arusaamist igast teemast. T\u00e4iendavaid selgitusi teemade kohta leiad lisalugemise lehel toodud allikatest.\u00a0<\/p>\n\n\n\n<p>Iga teema kohta on moodle.ut.ee lehel \u00fclesanne. Lisaks on v\u00f5imalus osaleda foorumiaruteludes.\u00a0\u00dclesanded ja foorumiarutelud on osa \u00f5ppimisest \u2013 need aitavad k\u00e4sitletavat teemat m\u00f5ista, v\u00f5imaldavad rakendada n\u00fc\u00fcdisaegset \u00f5pik\u00e4situst ja ennast kui \u00f5ppijat anal\u00fc\u00fcsida.\u00a0<\/p>\n\n\n\n<p>Ennastjuhtiva \u00f5ppijana saad paljuski ise otsustada, millistes \u00f5pitegevustes Sa osaled. Kursuse l\u00e4bimiseks tuleb Sul t\u00e4ita 1.-6. teema \u00fclesannetest v\u00e4hemalt neli ning viimane \u2013 7. \u00fclesanne. 1.-6. \u00fclesandele antud vastustest teeme kursuse jooksul kokkuv\u00f5tteid ning anname \u00fcldist tagasisidet. Igale \u00f5ppijale anname individuaalset tagasisidet kursuse l\u00f5pus \u2013 fookus on viimasel \u00fclesandel, kuid v\u00f5tame tagasisidestamisel arvesse ka varasematele \u00fclesannetele antud vastuseid. Kursuse l\u00e4bimine toimub arvestatud\/ mittearvestatud p\u00f5him\u00f5ttel. Kursuse l\u00f5petajatele v\u00e4ljastatakse digitaalsel kujul tunnistus.<\/p>\n\n\n\n<p>Kursuse maht on 2 EAP ehk 52 tundi.\u00a0<strong>Kursus toimub ajavahemikul 17.09.2018 kuni 31.10.2018.\u00a0<\/strong>Arvestuslikult on \u00fche teema l\u00e4bimiseks umbes \u00fcks n\u00e4dal.\u00a0V\u00f5id valida aga endale sobiva kursuse l\u00e4bimise tempo. Erandiks on 3. \u00fclesanne, mis h\u00f5lmab koost\u00f6\u00f6d ja n\u00f5uab fikseeritud kuup\u00e4evi\u00a0(\u00fclesannet saab lahendada 24.09 \u2013 14.10). \u00a0<\/p>\n\n\n\n<p>Oleme v\u00e4ga t\u00e4nulikud, kui v\u00f5tad kursuse l\u00e4bimise j\u00e4rgselt aja m\u00f5tlemaks\u00a0kursuse \u00fclesehitusele, sisule, omandatud teadmistele ja oskustele ning annad meile tagasisidet kursuse parendamiseks. Tagasiside k\u00fcsimustik on moodle.ut.ee lehel. Tagasiside on aga oodatud ka nendelt, kes vaid sisu.ut.ee lehel materjalidega tutvuvad \u2013 saatke oma m\u00f5tted ja ettepanekud kursuse kohta e-mailile\u00a0<a href=\"mailto:anni.tamm@ut.ee\">anni.tamm@ut.ee<\/a>.\u00a0<\/p>\n","protected":false},"excerpt":{"rendered":"<p>Eesm\u00e4rk ja \u00f5piv\u00e4ljundid Kursuse eesm\u00e4rgiks\u00a0on anda osalejatele \u00fclevaade n\u00fc\u00fcdisaegsest \u00f5pik\u00e4situsest ehk sellest, mis on n\u00fc\u00fcdisaegse arusaama j\u00e4rgi \u00f5ppimine, millised on selle eesm\u00e4rgid, meetodid ja erinevate osapoolte rollid \u00f5ppeprotsessis.\u00a0\u00d5piv\u00e4ljundid\u00a0on j\u00e4rgnevad: kursuse l\u00e4binu teab n\u00fc\u00fcdisaegse \u00f5ppimise ja \u00f5petamise p\u00f5hiprintsiipe, oskab hinnata ja &#8230;<\/p>\n","protected":false},"author":104,"featured_media":0,"parent":0,"menu_order":0,"comment_status":"closed","ping_status":"closed","template":"","meta":{"_acf_changed":false,"inline_featured_image":false,"footnotes":""},"class_list":["post-14","page","type-page","status-publish","hentry"],"acf":[],"_links":{"self":[{"href":"https:\/\/sisu.ut.ee\/opikasitus\/wp-json\/wp\/v2\/pages\/14","targetHints":{"allow":["GET"]}}],"collection":[{"href":"https:\/\/sisu.ut.ee\/opikasitus\/wp-json\/wp\/v2\/pages"}],"about":[{"href":"https:\/\/sisu.ut.ee\/opikasitus\/wp-json\/wp\/v2\/types\/page"}],"author":[{"embeddable":true,"href":"https:\/\/sisu.ut.ee\/opikasitus\/wp-json\/wp\/v2\/users\/104"}],"replies":[{"embeddable":true,"href":"https:\/\/sisu.ut.ee\/opikasitus\/wp-json\/wp\/v2\/comments?post=14"}],"version-history":[{"count":4,"href":"https:\/\/sisu.ut.ee\/opikasitus\/wp-json\/wp\/v2\/pages\/14\/revisions"}],"predecessor-version":[{"id":280,"href":"https:\/\/sisu.ut.ee\/opikasitus\/wp-json\/wp\/v2\/pages\/14\/revisions\/280"}],"wp:attachment":[{"href":"https:\/\/sisu.ut.ee\/opikasitus\/wp-json\/wp\/v2\/media?parent=14"}],"curies":[{"name":"wp","href":"https:\/\/api.w.org\/{rel}","templated":true}]}}