{"id":12,"date":"2024-04-04T00:22:02","date_gmt":"2024-04-04T00:22:02","guid":{"rendered":"https:\/\/sisu.ut.ee\/opikasitus\/avaleht\/"},"modified":"2024-04-18T16:23:20","modified_gmt":"2024-04-18T13:23:20","slug":"avaleht","status":"publish","type":"page","link":"https:\/\/sisu.ut.ee\/opikasitus\/","title":{"rendered":"Avaleht"},"content":{"rendered":"<h2 style=\"text-align: center;\">Tere tulemast n\u00fc\u00fcdisaegse \u00f5pik\u00e4situse e-kursusele!<\/h2>\n<p>Mida t\u00e4hendab s\u00f5napaar n\u00fc\u00fcdisaegne \u00f5pik\u00e4situs?<\/p>\n<p>Viimast s\u00f5na \u2013 \u00f5pik\u00e4situst \u2013 on lihtsam defineerida: \u201e<em>arusaam \u00f5ppimise olemusest, eesm\u00e4rkidest, meetoditest ja erinevate osapoolte rollist \u00f5ppeprotsessis<\/em>\u201c (Eesti elukestva \u00f5ppe strateegia 2020, 2014).<\/p>\n<blockquote><p>Kuidas m\u00f5ista aga \u00f5pik\u00e4situse n\u00fc\u00fcdisaegsust?<\/p>\n<p>Miks \u00fcldse on vaja, et \u00f5pik\u00e4situs oleks n\u00fc\u00fcdisaegne \u2013 kas senised praktikad siis ei sobi?<\/p><\/blockquote>\n<p>Nendele ja ka mitmetele teistele selle teemaga haakuvatele k\u00fcsimustele saab antud kursusel vastuse. Kursus annab l\u00fchi\u00fclevaate n\u00fc\u00fcdisaegse \u00f5pik\u00e4situse olemusest ja vajalikkusest ning sobib nii \u00f5petajatele, lapsevanematele kui ka t\u00e4iskasvanud \u00f5ppijatele, kel antud teema vastu huvi on.<\/p>\n","protected":false},"excerpt":{"rendered":"<p>Tere tulemast n\u00fc\u00fcdisaegse \u00f5pik\u00e4situse e-kursusele! Mida t\u00e4hendab s\u00f5napaar n\u00fc\u00fcdisaegne \u00f5pik\u00e4situs? Viimast s\u00f5na \u2013 \u00f5pik\u00e4situst \u2013 on lihtsam defineerida: \u201earusaam \u00f5ppimise olemusest, eesm\u00e4rkidest, meetoditest ja erinevate osapoolte rollist \u00f5ppeprotsessis\u201c (Eesti elukestva \u00f5ppe strateegia 2020, 2014). Kuidas m\u00f5ista aga \u00f5pik\u00e4situse n\u00fc\u00fcdisaegsust? Miks &#8230;<\/p>\n","protected":false},"author":104,"featured_media":0,"parent":0,"menu_order":0,"comment_status":"closed","ping_status":"closed","template":"","meta":{"_acf_changed":false,"inline_featured_image":false,"footnotes":""},"class_list":["post-12","page","type-page","status-publish","hentry"],"acf":[],"_links":{"self":[{"href":"https:\/\/sisu.ut.ee\/opikasitus\/wp-json\/wp\/v2\/pages\/12","targetHints":{"allow":["GET"]}}],"collection":[{"href":"https:\/\/sisu.ut.ee\/opikasitus\/wp-json\/wp\/v2\/pages"}],"about":[{"href":"https:\/\/sisu.ut.ee\/opikasitus\/wp-json\/wp\/v2\/types\/page"}],"author":[{"embeddable":true,"href":"https:\/\/sisu.ut.ee\/opikasitus\/wp-json\/wp\/v2\/users\/104"}],"replies":[{"embeddable":true,"href":"https:\/\/sisu.ut.ee\/opikasitus\/wp-json\/wp\/v2\/comments?post=12"}],"version-history":[{"count":4,"href":"https:\/\/sisu.ut.ee\/opikasitus\/wp-json\/wp\/v2\/pages\/12\/revisions"}],"predecessor-version":[{"id":273,"href":"https:\/\/sisu.ut.ee\/opikasitus\/wp-json\/wp\/v2\/pages\/12\/revisions\/273"}],"wp:attachment":[{"href":"https:\/\/sisu.ut.ee\/opikasitus\/wp-json\/wp\/v2\/media?parent=12"}],"curies":[{"name":"wp","href":"https:\/\/api.w.org\/{rel}","templated":true}]}}