{"id":99,"date":"2024-04-04T07:15:59","date_gmt":"2024-04-04T04:15:59","guid":{"rendered":"https:\/\/sisu.ut.ee\/ope\/oponent-ja-eelretsensent\/"},"modified":"2025-05-16T11:33:30","modified_gmt":"2025-05-16T08:33:30","slug":"oponent-ja-eelretsensent","status":"publish","type":"page","link":"https:\/\/sisu.ut.ee\/ope\/oponent-ja-eelretsensent\/","title":{"rendered":"III.5.3. Oponent ja eelretsensent"},"content":{"rendered":"<p style=\"text-align: justify;\"><strong><a id=\"131\" name=\"131\"><\/a><br>\n131. <\/strong>Doktorit\u00f6\u00f6 oponendiks ja eelretsensendiks saab m\u00e4\u00e4rata asjaomase eriala rahvusvaheliselt tunnustatud teadlase, kellel on doktorikraad v\u00f5i sellele vastav kvalifikatsioon ning kellel ei teki selle \u00fclesande t\u00e4itmisel huvide konflikti. V\u00e4hemalt \u00fcks doktorit\u00f6\u00f6 oponent peab olema v\u00e4ljastpoolt Eestit. N\u00f5ukogu ettepanekul ja teadusprorektori otsusel v\u00f5ivad p\u00f5hjendatud juhtudel k\u00f5ik oponendid olla Eestist, kuid mitte Tartu \u00dclikoolist. Doktorit\u00f6\u00f6 oponendiks v\u00f5ib olla ka eelretsensent.<\/p>\n<p><\/p><div class=\"accordion mb-3\">\n        <div class=\"accordion-item accordion-item--white\">\n        <h2 class=\"accordion-header\" id=\"accordion-69d50a8e44eae-heading\">\n            <button class=\"accordion-button collapsed\" type=\"button\" data-bs-toggle=\"collapse\" data-bs-target=\"#accordion-69d50a8e44eae-collapse\" aria-expanded=\"true\" aria-controls=\"accordion-69d50a8e44eae-collapse\">Juhend loa taotlemiseks<\/button>\n        <\/h2>\n        <div id=\"accordion-69d50a8e44eae-collapse\" class=\"accordion-collapse collapse\" aria-labelledby=\"accordion-69d50a8e44eae-heading\">\n            <div class=\"accordion-body\">\n<p><span class=\"TextRun SCXW224112998 BCX0\" lang=\"ET-EE\" xml:lang=\"ET-EE\" data-contrast=\"auto\"><span class=\"NormalTextRun SCXW224112998 BCX0\">Juhend<\/span><span class=\"NormalTextRun SCXW224112998 BCX0\"> doktori\u00f5ppe eeskirja punkti 131 alusel<\/span><span class=\"NormalTextRun SCXW224112998 BCX0\"> loa taotlemiseks, et k\u00f5ik doktorit\u00f6\u00f6 oponendid v\u00f5ivad olla Eestist, v.a Tartu \u00dclikoolist<\/span><\/span><span class=\"EOP SCXW224112998 BCX0\" data-ccp-props=\"{}\">\u00a0<\/span><\/p>\n<ol>\n<li><span data-contrast=\"auto\"> Selleks, et saada luba k\u00f5igi doktorit\u00f6\u00f6 oponentide m\u00e4\u00e4ramiseks Eestist, v.a Tartu \u00dclikoolist, peab doktorikraadi andev n\u00f5ukogu tegema teadusprorektorile vastava ettepaneku. Ettepanekus tuleb v\u00e4lja tuua<\/span><\/li>\n<\/ol>\n<ul>\n<li style=\"list-style-type: none;\">\n<ul>\n<li data-leveltext=\"-\" data-font=\"Aptos\" data-listid=\"1\" data-list-defn-props='{\"335551671\":0,\"335552541\":1,\"335559685\":720,\"335559991\":360,\"469769226\":\"Aptos\",\"469769242\":[8226],\"469777803\":\"left\",\"469777804\":\"-\",\"469777815\":\"hybridMultilevel\"}' aria-setsize=\"-1\" data-aria-posinset=\"0\" data-aria-level=\"1\"><span data-contrast=\"auto\">doktorikraadi taotleja nimi,\u00a0<\/span><span data-ccp-props=\"{}\">\u00a0<\/span><\/li>\n<li data-leveltext=\"-\" data-font=\"Aptos\" data-listid=\"1\" data-list-defn-props='{\"335551671\":0,\"335552541\":1,\"335559685\":720,\"335559991\":360,\"469769226\":\"Aptos\",\"469769242\":[8226],\"469777803\":\"left\",\"469777804\":\"-\",\"469777815\":\"hybridMultilevel\"}' aria-setsize=\"-1\" data-aria-posinset=\"0\" data-aria-level=\"1\"><span data-contrast=\"auto\">doktorit\u00f6\u00f6 pealkiri,<\/span><span data-ccp-props=\"{}\">\u00a0<\/span><\/li>\n<li data-leveltext=\"-\" data-font=\"Aptos\" data-listid=\"1\" data-list-defn-props='{\"335551671\":0,\"335552541\":1,\"335559685\":720,\"335559991\":360,\"469769226\":\"Aptos\",\"469769242\":[8226],\"469777803\":\"left\",\"469777804\":\"-\",\"469777815\":\"hybridMultilevel\"}' aria-setsize=\"-1\" data-aria-posinset=\"0\" data-aria-level=\"1\"><span data-contrast=\"auto\">v\u00f5imalik oponent v\u00f5i oponendid koos institutsionaalse kuuluvusega,\u00a0<\/span><span data-ccp-props=\"{}\">\u00a0<\/span><\/li>\n<li data-leveltext=\"-\" data-font=\"Aptos\" data-listid=\"1\" data-list-defn-props='{\"335551671\":0,\"335552541\":1,\"335559685\":720,\"335559991\":360,\"469769226\":\"Aptos\",\"469769242\":[8226],\"469777803\":\"left\",\"469777804\":\"-\",\"469777815\":\"hybridMultilevel\"}' aria-setsize=\"-1\" data-aria-posinset=\"0\" data-aria-level=\"1\"><span data-contrast=\"auto\">p\u00f5hjendus oponendi v\u00f5i oponentide valiku kohta koos selgitusega, miks ei saa doktorit\u00f6\u00f6le kutsuda oponenti v\u00e4ljastpoolt Eestit.\u00a0<\/span><span data-ccp-props=\"{}\">\u00a0<\/span><\/li>\n<\/ul>\n<\/li>\n<\/ul>\n<p style=\"padding-left: 40px;\"><span data-contrast=\"auto\">N\u00f5ukogu protokollist peab selguma h\u00e4\u00e4letustulemus. Otsuse vastuv\u00f5tmise ja h\u00e4\u00e4le\u00f5iguse kohta vt <\/span><a href=\"https:\/\/sisu.ut.ee\/ope\/doktorikraadi-andev-noukogu\/\" target=\"_blank\" rel=\"noopener\"><span data-contrast=\"none\">doktori\u00f5ppe eeskirja punkte 99\u2013101<\/span><\/a><span data-contrast=\"auto\">.\u00a0<\/span><span data-ccp-props='{\"335551550\":6,\"335551620\":6}'>\u00a0<\/span><\/p>\n<ol start=\"2\">\n<li><span data-contrast=\"auto\"> Doktorikraadi andva n\u00f5ukogu ettepaneku alusel (esitada teadusprorektorile DHISi kaudu protokolli v\u00e4ljav\u00f5te) vormistab teadusprorektor korralduse, millega ta annab loa, et k\u00f5ik doktorit\u00f6\u00f6 oponendid v\u00f5ivad olla Eestist, v.a Tartu \u00dclikoolist, v\u00f5i siis keeldub loa andmisest.<\/span><\/li><\/ol><\/div>\n        <\/div>\n        <\/div>\n    <\/div>\n\n<p style=\"text-align: justify;\"><b>131<sup>1<\/sup>.\u00a0<\/b>Oponenti ja retsensenti loetakse huvide konfliktis olevaks, kui nad on doktorikraadi taotleja v\u00f5i tema juhendajaga seotud isikud <a title=\"\" href=\"https:\/\/www.riigiteataja.ee\/akt\/113042021004?leiaKehtiv#para7\" target=\"_blank\" rel=\"noopener\" data-url=\"https:\/\/www.riigiteataja.ee\/akt\/113042021004?leiaKehtiv#para7\">korruptsioonivastase seaduse t\u00e4henduses<\/a>, neil on v\u00f5i on olnud juhendaja ja juhendatava suhe v\u00f5i nad on viimase kaheksa aasta jooksul avaldanud v\u00f5i avaldamiseks esitanud \u00fchiseid publikatsioone v\u00f5i osalenud \u00fchise teadusprojekti t\u00e4itmises. P\u00f5hjendatud juhtudel v\u00f5ib n\u00f5ukogu lubada erisusi.<\/p>\n","protected":false},"excerpt":{"rendered":"<p>131. Doktorit\u00f6\u00f6 oponendiks ja eelretsensendiks saab m\u00e4\u00e4rata asjaomase eriala rahvusvaheliselt tunnustatud teadlase, kellel on doktorikraad v\u00f5i sellele vastav kvalifikatsioon ning kellel ei teki selle \u00fclesande t\u00e4itmisel huvide konflikti. V\u00e4hemalt \u00fcks doktorit\u00f6\u00f6 oponent peab olema v\u00e4ljastpoolt Eestit. N\u00f5ukogu ettepanekul ja teadusprorektori &#8230;<\/p>\n","protected":false},"author":228,"featured_media":0,"parent":0,"menu_order":0,"comment_status":"closed","ping_status":"closed","template":"","meta":{"_acf_changed":false,"inline_featured_image":false,"footnotes":""},"class_list":["post-99","page","type-page","status-publish","hentry"],"acf":[],"_links":{"self":[{"href":"https:\/\/sisu.ut.ee\/ope\/wp-json\/wp\/v2\/pages\/99","targetHints":{"allow":["GET"]}}],"collection":[{"href":"https:\/\/sisu.ut.ee\/ope\/wp-json\/wp\/v2\/pages"}],"about":[{"href":"https:\/\/sisu.ut.ee\/ope\/wp-json\/wp\/v2\/types\/page"}],"author":[{"embeddable":true,"href":"https:\/\/sisu.ut.ee\/ope\/wp-json\/wp\/v2\/users\/228"}],"replies":[{"embeddable":true,"href":"https:\/\/sisu.ut.ee\/ope\/wp-json\/wp\/v2\/comments?post=99"}],"version-history":[{"count":7,"href":"https:\/\/sisu.ut.ee\/ope\/wp-json\/wp\/v2\/pages\/99\/revisions"}],"predecessor-version":[{"id":1861,"href":"https:\/\/sisu.ut.ee\/ope\/wp-json\/wp\/v2\/pages\/99\/revisions\/1861"}],"wp:attachment":[{"href":"https:\/\/sisu.ut.ee\/ope\/wp-json\/wp\/v2\/media?parent=99"}],"curies":[{"name":"wp","href":"https:\/\/api.w.org\/{rel}","templated":true}]}}