{"id":98,"date":"2024-04-04T07:15:58","date_gmt":"2024-04-04T04:15:58","guid":{"rendered":"https:\/\/sisu.ut.ee\/ope\/noukogu-otsused\/"},"modified":"2025-05-19T16:35:45","modified_gmt":"2025-05-19T13:35:45","slug":"noukogu-otsused","status":"publish","type":"page","link":"https:\/\/sisu.ut.ee\/ope\/noukogu-otsused\/","title":{"rendered":"III.5.2. N\u00f5ukogu otsused"},"content":{"rendered":"<p style=\"text-align: justify;\"><strong><br>\n124. <\/strong>N\u00f5ukogu esimees korraldab kolme t\u00f6\u00f6p\u00e4eva jooksul alates <a title=\"\" href=\"https:\/\/sisu.ut.ee\/ope\/doktorikraadi-taotleja-esitatavad-dokumendid?lang=et#122\" target=\"_blank\" rel=\"noopener\" data-url=\"https:\/\/sisu.ut.ee\/ope\/doktorikraadi-taotleja-esitatavad-dokumendid?lang=et#122\">punktis 122<\/a> nimetatud dokumentide saamisest nende edastamise akadeemilisele sekret\u00e4rile, kes hindab esitatud materjalide vastavust eeskirja n\u00f5uetele, kaasates selleks vajaduse korral eksperte. Akadeemiline sekret\u00e4r esitab n\u00f5ukogule oma kirjaliku seisukoha kaheksa t\u00f6\u00f6p\u00e4eva jooksul.<\/p>\n<p style=\"text-align: justify;\"><strong style=\"font-size: revert;\"><a id=\"125\" name=\"125\"><\/a><\/strong><strong>125.<\/strong> N\u00f5ukogu v\u00f5tab kuue n\u00e4dala jooksul p\u00e4rast doktorikraadi taotleja esitatud dokumentide saamist vastu \u00fche j\u00e4rgmistest otsustest:<\/p>\n<p style=\"text-align: justify; margin-left: 40px;\"><strong>125.1. <\/strong>lubab doktorit\u00f6\u00f6 kaitsmisele;<br>\n<strong>125.2.<\/strong> saadab doktorit\u00f6\u00f6 eelretsenseerimisele;<br>\n<strong>125.3. <\/strong>puuduste korral n\u00f5uab doktorit\u00f6\u00f6 \u00fcmbert\u00f6\u00f6tamist ja parandamist ning v\u00f5tab seej\u00e4rel vastu uue otsuse;<br>\n<strong>125.4.<\/strong> ei luba doktorit\u00f6\u00f6d kaitsmisele.<\/p>\n<p style=\"text-align: justify;\"><strong>126.<\/strong> Eelretsensioonide saabumisel v\u00f5tab n\u00f5ukogu vastu \u00fche j\u00e4rgmistest otsustest:<\/p>\n<p style=\"text-align: justify; margin-left: 40px;\"><strong>126.1.<\/strong> lubab doktorit\u00f6\u00f6 kaitsmisele;<br>\n<strong>126.2.<\/strong> puuduste korral n\u00f5uab doktorit\u00f6\u00f6 \u00fcmbert\u00f6\u00f6tamist ja parandamist ning v\u00f5tab seej\u00e4rel vastu uue otsuse;<br>\n<strong>126.3. <\/strong>ei luba doktorit\u00f6\u00f6d kaitsmisele.<\/p>\n<p style=\"text-align: justify;\"><strong>127. <\/strong>Doktorit\u00f6\u00f6 kaitsmisele lubamise otsusega kinnitab n\u00f5ukogu, et doktorit\u00f6\u00f6 vastab <a title=\"\" href=\"https:\/\/sisu.ut.ee\/ope\/doktoritoo-uldised-nouded\/#III.4.1\" target=\"_blank\" rel=\"noopener\" data-url=\"https:\/\/sisu.ut.ee\/ope\/doktorit%C3%B6%C3%B6-%C3%BCldised-n%C3%B5uded?lang=et#III.4.1\">alapeat\u00fckis III.4<\/a> s\u00e4testatud n\u00f5uetele ja doktorikraadi taotleja v\u00e4\u00e4rib eduka kaitsmise korral doktorikraadi.<\/p>\n<p style=\"text-align: justify;\"><strong style=\"font-size: revert;\"><a id=\"128\" name=\"128\"><\/a><\/strong><strong>128.<\/strong> Eeskirja punktides 125.3, 125.4, 126.2 ja 126.3 nimetatud otsus peab sisaldama p\u00f5hjendust.<\/p>\n<p style=\"text-align: justify;\"><strong>129.<\/strong> Kui n\u00f5ukogu otsustab lubada doktorit\u00f6\u00f6 kaitsmisele, m\u00e4\u00e4rab ta samas ka doktorit\u00f6\u00f6 oponendi(d), kaitsmise aja ja koha ning vajaduse korral n\u00f5ukogu lisaliikmed.<\/p>\n<p style=\"text-align: justify;\"><strong>130.<\/strong> Doktorit\u00f6\u00f6 kaitsmisele lubamise koosoleku protokoll sisaldab lisaks protokolli n\u00f5uetekohastele vormielementidele ka otsustus\u00f5iguslike n\u00f5ukogu liikmete nimesid koos teaduskraadidega, h\u00e4\u00e4letamistulemusi, doktorikraadi taotleja nime, doktorit\u00f6\u00f6 pealkirja eesti keeles ja keeles, milles doktorit\u00f6\u00f6 on kirjutatud, v\u00f5i eestikeelse doktorit\u00f6\u00f6 puhul pealkirja eesti ja inglise keeles, juhendaja(te), oponendi v\u00f5i oponentide ning n\u00f5ukogu lisaliikmete m\u00e4\u00e4ramise korral nende nimesid koos teaduskraadide ning institutsionaalse kuuluvusega, kaitsmise aega ja kohta ning taotletava kraadi t\u00e4pset nimetust.<\/p>\n","protected":false},"excerpt":{"rendered":"<p>124. N\u00f5ukogu esimees korraldab kolme t\u00f6\u00f6p\u00e4eva jooksul alates punktis 122 nimetatud dokumentide saamisest nende edastamise akadeemilisele sekret\u00e4rile, kes hindab esitatud materjalide vastavust eeskirja n\u00f5uetele, kaasates selleks vajaduse korral eksperte. Akadeemiline sekret\u00e4r esitab n\u00f5ukogule oma kirjaliku seisukoha kaheksa t\u00f6\u00f6p\u00e4eva jooksul. 125. &#8230;<\/p>\n","protected":false},"author":228,"featured_media":0,"parent":0,"menu_order":0,"comment_status":"closed","ping_status":"closed","template":"","meta":{"_acf_changed":false,"inline_featured_image":false,"footnotes":""},"class_list":["post-98","page","type-page","status-publish","hentry"],"acf":[],"_links":{"self":[{"href":"https:\/\/sisu.ut.ee\/ope\/wp-json\/wp\/v2\/pages\/98","targetHints":{"allow":["GET"]}}],"collection":[{"href":"https:\/\/sisu.ut.ee\/ope\/wp-json\/wp\/v2\/pages"}],"about":[{"href":"https:\/\/sisu.ut.ee\/ope\/wp-json\/wp\/v2\/types\/page"}],"author":[{"embeddable":true,"href":"https:\/\/sisu.ut.ee\/ope\/wp-json\/wp\/v2\/users\/228"}],"replies":[{"embeddable":true,"href":"https:\/\/sisu.ut.ee\/ope\/wp-json\/wp\/v2\/comments?post=98"}],"version-history":[{"count":4,"href":"https:\/\/sisu.ut.ee\/ope\/wp-json\/wp\/v2\/pages\/98\/revisions"}],"predecessor-version":[{"id":1890,"href":"https:\/\/sisu.ut.ee\/ope\/wp-json\/wp\/v2\/pages\/98\/revisions\/1890"}],"wp:attachment":[{"href":"https:\/\/sisu.ut.ee\/ope\/wp-json\/wp\/v2\/media?parent=98"}],"curies":[{"name":"wp","href":"https:\/\/api.w.org\/{rel}","templated":true}]}}