{"id":96,"date":"2024-04-04T07:15:58","date_gmt":"2024-04-04T04:15:58","guid":{"rendered":"https:\/\/sisu.ut.ee\/ope\/patentide-patenditaotluste-ja-rakenduslike-lahenduste-nouded\/"},"modified":"2024-04-16T15:33:25","modified_gmt":"2024-04-16T12:33:25","slug":"patentide-patenditaotluste-ja-rakenduslike-lahenduste-nouded","status":"publish","type":"page","link":"https:\/\/sisu.ut.ee\/ope\/patentide-patenditaotluste-ja-rakenduslike-lahenduste-nouded\/","title":{"rendered":"III.4.5. Patentide, patenditaotluste ja rakenduslike lahenduste n\u00f5uded"},"content":{"rendered":"<p style=\"text-align: justify;\"><strong><br>\n<a id=\"120\" name=\"120\"><\/a>120. <\/strong>Doktorit\u00f6\u00f6s sisalduva uurimist\u00f6\u00f6 tulemuste avaldamisega teaduspublikatsioonidena loetakse samav\u00e4\u00e4rseks<\/p>\n<p style=\"text-align: justify; margin-left: 40px;\"><strong>120.1. <\/strong>patendid, mis on registreeritud regioonis v\u00f5i riigis, kus leiutise patentsuse kohta on tehtud ekspertiis;<\/p>\n<p style=\"text-align: justify; margin-left: 40px;\"><strong>120.2.<\/strong> esitatud patenditaotlused, juhul kui neile on lisatud rahvusvahelise patenditaotluse korral rahvusvahelise otsingu teinud patendiameti positiivne kirjalik arvamus ja riigisisese patenditaotluse korral regionaalse v\u00f5i riikliku patendiameti positiivne otsus leiutise patentsuse kohta;<\/p>\n<p style=\"text-align: justify;\"><\/p><div class=\"accordion mb-3\">\n        <div class=\"accordion-item accordion-item--white\">\n        <h2 class=\"accordion-header\" id=\"accordion-69e0dc76ea7ec-heading\">\n            <button class=\"accordion-button collapsed\" type=\"button\" data-bs-toggle=\"collapse\" data-bs-target=\"#accordion-69e0dc76ea7ec-collapse\" aria-expanded=\"true\" aria-controls=\"accordion-69e0dc76ea7ec-collapse\">Lisainfo<\/button>\n        <\/h2>\n        <div id=\"accordion-69e0dc76ea7ec-collapse\" class=\"accordion-collapse collapse\" aria-labelledby=\"accordion-69e0dc76ea7ec-heading\">\n            <div class=\"accordion-body\">Positiivne otsus leiutise patentsuse kohta t\u00e4hendab seda, et allesj\u00e4\u00e4va materjaliga (patendikaitsega) on v\u00f5imalik edasi liikuda. Ekspertiisi esimeses faasis\u00a0on tavap\u00e4rane, et ekspert esitab vastuv\u00e4iteid, see ei ole punktiga 120.2.\u00a0vastuolus.\n<p style=\"text-align: justify;\">Juhul, kui eksperdi vastuv\u00e4ited on peamistes n\u00f5udluspunktides, siis enamasti ei ole patendikaitsega v\u00f5imalik edasi liikuda. Sellisel juhul ei ole tegemist positiivse otsusega.<\/p>\n<p style=\"text-align: justify;\">Vajadusel on v\u00f5imalik k\u00fcsida ettev\u00f5tlus- ja innovatsioonikeskuse patendivoliniku arvamust.\u00a0<\/p><\/div>\n        <\/div>\n        <\/div>\n    <\/div>\n<p style=\"text-align: justify; margin-left: 40px;\"><strong>120.3.<\/strong> rakenduslik lahendus, n\u00e4iteks insener-tehniline v\u00f5i tarkvaralahendus, mida on positiivselt retsenseerinud kaks n\u00f5ukogu m\u00e4\u00e4ratud s\u00f5ltumatut rahvusvaheliselt tunnustatud eksperti.<\/p>\n<p style=\"text-align: justify;\"><\/p><div class=\"accordion mb-3\">\n        <div class=\"accordion-item accordion-item--white\">\n        <h2 class=\"accordion-header\" id=\"accordion-69e0dc76ea7f2-heading\">\n            <button class=\"accordion-button collapsed\" type=\"button\" data-bs-toggle=\"collapse\" data-bs-target=\"#accordion-69e0dc76ea7f2-collapse\" aria-expanded=\"true\" aria-controls=\"accordion-69e0dc76ea7f2-collapse\">Lisainfo<\/button>\n        <\/h2>\n        <div id=\"accordion-69e0dc76ea7f2-collapse\" class=\"accordion-collapse collapse\" aria-labelledby=\"accordion-69e0dc76ea7f2-heading\">\n            <div class=\"accordion-body\">Rakendusliku lahenduse puhul peab t\u00f6\u00f6 sisaldama originaalset komponenti ning selle teaduslikku taset peab olema v\u00f5imalik hinnata. Objekti m\u00e4\u00e4ratlemisel v\u00f5ib n\u00f5ukogu konsulteerida ettev\u00f5tlus- ja innovatsioonikeskuse spetsialistidega.\n<p style=\"text-align: justify;\">Rakendusliku lahenduse retsenseerimise korraldab doktorikraadi andev n\u00f5ukogu vastavalt <a title=\"\" href=\"https:\/\/sisu.ut.ee\/ope\/n%C3%B5ukogu-otsused\" target=\"_blank\" rel=\"noopener\" data-url=\"https:\/\/sisu.ut.ee\/ope\/n%C3%B5ukogu-otsused\"><span style=\"color: #0099ff;\">punktidele 125.2. ja 126<\/span><\/a>.\u00a0<\/p><\/div>\n        <\/div>\n        <\/div>\n    <\/div>\n<p style=\"text-align: justify;\">\n<\/p>","protected":false},"excerpt":{"rendered":"<p>120. Doktorit\u00f6\u00f6s sisalduva uurimist\u00f6\u00f6 tulemuste avaldamisega teaduspublikatsioonidena loetakse samav\u00e4\u00e4rseks 120.1. patendid, mis on registreeritud regioonis v\u00f5i riigis, kus leiutise patentsuse kohta on tehtud ekspertiis; 120.2. esitatud patenditaotlused, juhul kui neile on lisatud rahvusvahelise patenditaotluse korral rahvusvahelise otsingu teinud patendiameti positiivne &#8230;<\/p>\n","protected":false},"author":228,"featured_media":0,"parent":0,"menu_order":0,"comment_status":"closed","ping_status":"closed","template":"","meta":{"_acf_changed":false,"inline_featured_image":false,"footnotes":""},"class_list":["post-96","page","type-page","status-publish","hentry"],"acf":[],"_links":{"self":[{"href":"https:\/\/sisu.ut.ee\/ope\/wp-json\/wp\/v2\/pages\/96","targetHints":{"allow":["GET"]}}],"collection":[{"href":"https:\/\/sisu.ut.ee\/ope\/wp-json\/wp\/v2\/pages"}],"about":[{"href":"https:\/\/sisu.ut.ee\/ope\/wp-json\/wp\/v2\/types\/page"}],"author":[{"embeddable":true,"href":"https:\/\/sisu.ut.ee\/ope\/wp-json\/wp\/v2\/users\/228"}],"replies":[{"embeddable":true,"href":"https:\/\/sisu.ut.ee\/ope\/wp-json\/wp\/v2\/comments?post=96"}],"version-history":[{"count":3,"href":"https:\/\/sisu.ut.ee\/ope\/wp-json\/wp\/v2\/pages\/96\/revisions"}],"predecessor-version":[{"id":1425,"href":"https:\/\/sisu.ut.ee\/ope\/wp-json\/wp\/v2\/pages\/96\/revisions\/1425"}],"wp:attachment":[{"href":"https:\/\/sisu.ut.ee\/ope\/wp-json\/wp\/v2\/media?parent=96"}],"curies":[{"name":"wp","href":"https:\/\/api.w.org\/{rel}","templated":true}]}}