{"id":92,"date":"2024-04-04T07:15:58","date_gmt":"2024-04-04T04:15:58","guid":{"rendered":"https:\/\/sisu.ut.ee\/ope\/doktoritoo-tervikliku-teaduspublikatsioonide-kogumina\/"},"modified":"2025-05-19T16:24:29","modified_gmt":"2025-05-19T13:24:29","slug":"doktoritoo-tervikliku-teaduspublikatsioonide-kogumina","status":"publish","type":"page","link":"https:\/\/sisu.ut.ee\/ope\/doktoritoo-tervikliku-teaduspublikatsioonide-kogumina\/","title":{"rendered":"III.4.2. Doktorit\u00f6\u00f6 tervikliku teaduspublikatsioonide kogumina"},"content":{"rendered":"<p style=\"text-align: justify;\"><strong><br>\n107. <\/strong>Terviklik teaduspublikatsioonide kogum peab vastama <a title=\"\" href=\"https:\/\/sisu.ut.ee\/ope\/doktoritoo-ulesehitus\/#121\" target=\"_blank\" rel=\"noopener\" data-url=\"https:\/\/sisu.ut.ee\/ope\/doktorit%C3%B6%C3%B6-%C3%BClesehitus?lang=et#121\">punktis 121<\/a> esitatud n\u00f5uetele ja koosneb kolmest teadusartiklist ja katuspeat\u00fckist, kui k\u00e4esolevas eeskirjas pole s\u00e4testatud teisiti.<\/p>\n<p style=\"text-align: justify;\"><strong>108. <\/strong>Tervikliku teaduspublikatsioonide kogumi<\/p>\n<p style=\"text-align: justify; margin-left: 40px;\"><strong>108.1.<\/strong> katuspeat\u00fckk peab vastama <a title=\"\" href=\"https:\/\/sisu.ut.ee\/ope\/teaduspublikatsioonide-ja-katuspeatuki-nouded\/#118\" target=\"_blank\" rel=\"noopener\" data-url=\"https:\/\/sisu.ut.ee\/ope\/teaduspublikatsioonide-ja-katuspeat%C3%BCki-n%C3%B5uded?lang=et#118\">punktis 118<\/a> esitatud n\u00f5uetele;<br>\n<strong><a id=\"108.2\" name=\"108.2\"><\/a>108.2. <\/strong>kolm teadusartiklit peavad olema eelretsenseeritud ja avaldamiseks vastu v\u00f5etud <a title=\"\" href=\"https:\/\/sisu.ut.ee\/ope\/teaduspublikatsioonide-ja-katuspeatuki-nouded\/#116.1\" target=\"_blank\" rel=\"noopener\" data-url=\"https:\/\/sisu.ut.ee\/ope\/teaduspublikatsioonide-ja-katuspeat%C3%BCki-n%C3%B5uded?lang=et#116.1\">punktides\u00a0116.1 v\u00f5i 116.2<\/a> kirjeldatud v\u00e4ljaannetes. N\u00f5ukogu p\u00f5hjendatud otsusel v\u00f5ib kolmest artiklist \u00fcks olla positiivselt eelretsenseeritud n\u00f5ukogu valitud kahe s\u00f5ltumatu rahvusvaheliselt tunnustatud teadlase poolt.<\/p>\n<p style=\"text-align: justify;\"><\/p><div class=\"accordion mb-3\">\n        <div class=\"accordion-item accordion-item--white\">\n        <h2 class=\"accordion-header\" id=\"accordion-69dbac9fe4277-heading\">\n            <button class=\"accordion-button collapsed\" type=\"button\" data-bs-toggle=\"collapse\" data-bs-target=\"#accordion-69dbac9fe4277-collapse\" aria-expanded=\"true\" aria-controls=\"accordion-69dbac9fe4277-collapse\">Lisainfo<\/button>\n        <\/h2>\n        <div id=\"accordion-69dbac9fe4277-collapse\" class=\"accordion-collapse collapse\" aria-labelledby=\"accordion-69dbac9fe4277-heading\">\n            <div class=\"accordion-body\">Teadusartikli retsenseerimise korraldab doktorikraadi andev n\u00f5ukogu vastavalt <a title=\"\" href=\"https:\/\/sisu.ut.ee\/ope\/noukogu-otsused\/\" target=\"_blank\" rel=\"noopener\" data-url=\"https:\/\/sisu.ut.ee\/ope\/n%C3%B5ukogu-otsused\"><span style=\"color: #0099ff;\">punktidele 125.2\u00a0ja 126<\/span><\/a>.\u00a0Retsensioon peab olema samav\u00e4\u00e4rne k\u00f5rge kvaliteediga teadusajakirja retsensiooniga.\u00a0<\/div>\n        <\/div>\n        <\/div>\n    <\/div>\n<p style=\"text-align: justify;\"><strong>109. <\/strong>Terviklik teaduspublikatsioonide kogum v\u00f5ib koosneda ka<\/p>\n<p style=\"text-align: justify; margin-left: 40px;\"><strong>109.1.<\/strong> <a title=\"\" href=\"https:\/\/sisu.ut.ee\/ope\/teaduspublikatsioonide-ja-katuspeatuki-nouded\/#118\" target=\"_blank\" rel=\"noopener\" data-url=\"https:\/\/sisu.ut.ee\/ope\/teaduspublikatsioonide-ja-katuspeat%C3%BCki-n%C3%B5uded?lang=et#118\">punktis 118<\/a> esitatud n\u00f5uetele vastavast katuspeat\u00fckist ja<br>\n<strong>109.2.<\/strong> v\u00e4hemalt \u00fchest <a title=\"\" href=\"https:\/\/sisu.ut.ee\/ope\/teaduspublikatsioonide-ja-katuspeatuki-nouded\/#116.1\" target=\"_blank\" rel=\"noopener\" data-url=\"https:\/\/sisu.ut.ee\/ope\/teaduspublikatsioonide-ja-katuspeat%C3%BCki-n%C3%B5uded?lang=et#116.1\">punktidele 116.1 v\u00f5i 116.2<\/a> vastavast publikatsioonist ning v\u00e4hemalt kahest leiutise patendist v\u00f5i patenditaotlusest;<br>\n<strong>109.3.<\/strong> v\u00e4hemalt kahest <a title=\"\" href=\"https:\/\/sisu.ut.ee\/ope\/teaduspublikatsioonide-ja-katuspeatuki-nouded\/#116.1\" target=\"_blank\" rel=\"noopener\" data-url=\"https:\/\/sisu.ut.ee\/ope\/teaduspublikatsioonide-ja-katuspeat%C3%BCki-n%C3%B5uded?lang=et#116.1\">punktidele 116.1 v\u00f5i 116.2<\/a> vastavast publikatsioonist ning v\u00e4hemalt \u00fchest patendist, patenditaotlusest v\u00f5i rakenduslikust lahendusest.<\/p>\n<p style=\"text-align: justify;\"><strong>110. <\/strong>Doktorikraadi taotleja peab olema v\u00e4hemalt \u00fche teaduspublikatsiooni juhtiv v\u00f5i ainus autor.<\/p>\n<p style=\"text-align: justify;\"><strong>111.<\/strong> Kui publikatsioonil, leiutisel v\u00f5i rakenduslikul lahendusel on mitu autorit v\u00f5i doktorit\u00f6\u00f6 moodustab osa \u00fchisuurimusest, peab doktorikraadi taotleja panus selle valmimisse olema oluline ja doktorit\u00f6\u00f6s \u00fcksikasjalikult kirjeldatud.<\/p>\n<p style=\"text-align: justify;\"><\/p><div class=\"accordion mb-3\">\n        <div class=\"accordion-item accordion-item--white\">\n        <h2 class=\"accordion-header\" id=\"accordion-69dbac9fe428c-heading\">\n            <button class=\"accordion-button collapsed\" type=\"button\" data-bs-toggle=\"collapse\" data-bs-target=\"#accordion-69dbac9fe428c-collapse\" aria-expanded=\"true\" aria-controls=\"accordion-69dbac9fe428c-collapse\">Juhendid<\/button>\n        <\/h2>\n        <div id=\"accordion-69dbac9fe428c-collapse\" class=\"accordion-collapse collapse\" aria-labelledby=\"accordion-69dbac9fe428c-heading\">\n            <div class=\"accordion-body\">Hea tava kohaselt tuleb kaasautoreid uurimist\u00f6\u00f6 doktorit\u00f6\u00f6s kasutamisest teavitada. Juhul, kui doktori\u00f5ppes \u00f5ppija soovib \u00fchispublikatsiooni doktorit\u00f6\u00f6s esmaavaldada, tuleb k\u00f5ikidelt kaasautoritelt v\u00f5tta kirjalik n\u00f5usolek.\n<p style=\"text-align: justify;\">\u00dche publikatsiooni kasutamine mitmes doktorit\u00f6\u00f6s on p\u00f5him\u00f5tteliselt lubatud, l\u00f5pliku otsuse teeb kraadi andev n\u00f5ukogu.\u00a0\u00a0<\/p><\/div>\n        <\/div>\n        <\/div>\n    <\/div>\n<p style=\"text-align: justify;\"><strong>112. <\/strong>N\u00f5ukogul on \u00f5igus lubada kaalutletud ja p\u00f5hjendatud otsuse alusel teaduspublikatsioonide kogumina vormistatud doktorit\u00f6\u00f6 kaitsmisele ka siis, kui sellesse kuulub punktis 107 n\u00f5utust v\u00e4hem teaduspublikatsioone, kuid v\u00e4hemalt \u00fcks neist sisaldab rahvusvaheliselt silmapaistval tasemel teadust\u00f6\u00f6d, millel on selgelt n\u00e4htav ja arusaadav, eriala teaduslikku maailmapilti muutev tulemus, ning doktorikraadi taotleja on publikatsiooni juhtiv v\u00f5i ainus autor.<\/p>\n<p style=\"text-align: justify;\"><\/p><div class=\"accordion mb-3\">\n        <div class=\"accordion-item accordion-item--white\">\n        <h2 class=\"accordion-header\" id=\"accordion-69dbac9fe428f-heading\">\n            <button class=\"accordion-button collapsed\" type=\"button\" data-bs-toggle=\"collapse\" data-bs-target=\"#accordion-69dbac9fe428f-collapse\" aria-expanded=\"true\" aria-controls=\"accordion-69dbac9fe428f-collapse\">Lisainfo<\/button>\n        <\/h2>\n        <div id=\"accordion-69dbac9fe428f-collapse\" class=\"accordion-collapse collapse\" aria-labelledby=\"accordion-69dbac9fe428f-heading\">\n            <div class=\"accordion-body\">Punktis 112\u00a0kirjeldatud juhtumi \u00fcle otsustamiseks konsulteerib doktori\u00f5ppes \u00f5ppija juhendaja doktorikraadi andva n\u00f5ukoguga. N\u00f5ukogu positiivne tagasiside on aluseks doktorikraadi taotleja poolt n\u00f5ukogule dokumentide esitamiseks vastavalt <a title=\"\" href=\"https:\/\/sisu.ut.ee\/ope\/doktorikraadi-taotleja-esitatavad-dokumendid#122\" target=\"_blank\" rel=\"noopener\" data-url=\"https:\/\/sisu.ut.ee\/ope\/doktorikraadi-taotleja-esitatavad-dokumendid#122\"><span style=\"color: #0099ff;\">punktile 122<\/span><\/a>.\u00a0N\u00f5ukogu otsus erandi lubamise kohta tehakse koos kaitsmisele lubamise otsusega (<a title=\"\" href=\"https:\/\/sisu.ut.ee\/ope\/n%C3%B5ukogu-otsused#125\" target=\"_blank\" rel=\"noopener\" data-url=\"https:\/\/sisu.ut.ee\/ope\/n%C3%B5ukogu-otsused#125\" data-wplink-edit=\"true\"><span style=\"color: #0099ff;\">punkt 125<\/span><\/a>)\u00a0<\/div>\n        <\/div>\n        <\/div>\n    <\/div>\n","protected":false},"excerpt":{"rendered":"<p>107. Terviklik teaduspublikatsioonide kogum peab vastama punktis 121 esitatud n\u00f5uetele ja koosneb kolmest teadusartiklist ja katuspeat\u00fckist, kui k\u00e4esolevas eeskirjas pole s\u00e4testatud teisiti. 108. Tervikliku teaduspublikatsioonide kogumi 108.1. katuspeat\u00fckk peab vastama punktis 118 esitatud n\u00f5uetele; 108.2. kolm teadusartiklit peavad olema eelretsenseeritud &#8230;<\/p>\n","protected":false},"author":228,"featured_media":0,"parent":0,"menu_order":0,"comment_status":"closed","ping_status":"closed","template":"","meta":{"_acf_changed":false,"inline_featured_image":false,"footnotes":""},"class_list":["post-92","page","type-page","status-publish","hentry"],"acf":[],"_links":{"self":[{"href":"https:\/\/sisu.ut.ee\/ope\/wp-json\/wp\/v2\/pages\/92","targetHints":{"allow":["GET"]}}],"collection":[{"href":"https:\/\/sisu.ut.ee\/ope\/wp-json\/wp\/v2\/pages"}],"about":[{"href":"https:\/\/sisu.ut.ee\/ope\/wp-json\/wp\/v2\/types\/page"}],"author":[{"embeddable":true,"href":"https:\/\/sisu.ut.ee\/ope\/wp-json\/wp\/v2\/users\/228"}],"replies":[{"embeddable":true,"href":"https:\/\/sisu.ut.ee\/ope\/wp-json\/wp\/v2\/comments?post=92"}],"version-history":[{"count":5,"href":"https:\/\/sisu.ut.ee\/ope\/wp-json\/wp\/v2\/pages\/92\/revisions"}],"predecessor-version":[{"id":1884,"href":"https:\/\/sisu.ut.ee\/ope\/wp-json\/wp\/v2\/pages\/92\/revisions\/1884"}],"wp:attachment":[{"href":"https:\/\/sisu.ut.ee\/ope\/wp-json\/wp\/v2\/media?parent=92"}],"curies":[{"name":"wp","href":"https:\/\/api.w.org\/{rel}","templated":true}]}}