{"id":89,"date":"2024-04-04T07:15:58","date_gmt":"2024-04-04T04:15:58","guid":{"rendered":"https:\/\/sisu.ut.ee\/ope\/doktorikraadi-andev-noukogu\/"},"modified":"2026-02-10T12:51:08","modified_gmt":"2026-02-10T10:51:08","slug":"doktorikraadi-andev-noukogu","status":"publish","type":"page","link":"https:\/\/sisu.ut.ee\/ope\/doktorikraadi-andev-noukogu\/","title":{"rendered":"III.2. Doktorikraadi andev n\u00f5ukogu"},"content":{"rendered":"<p><strong><br>94. <\/strong>Doktorikraad antakse senati kinnitatud doktori\u00f5ppe programmi, sealhulgas \u00fchis\u00f5ppekava alusel.<\/p>\n\n\n\n<p><strong>95. <\/strong>Doktorikraadi andva n\u00f5ukogu (edaspidi: n\u00f5ukogu) m\u00e4\u00e4rab doktori\u00f5ppe programmi kinnitamisel v\u00f5i muutmisel senat. N\u00f5ukogu koosseis avaldatakse \u00fclikooli veebilehel. N\u00f5ukokku peab alaliselt kuuluma v\u00e4hemalt kuus doktorikraadi v\u00f5i vastava kvalifikatsiooniga liiget. Doktorikraadi andmise \u00f5iguse v\u00f5ib anda<\/p>\n\n\n\n\n\n\n<p style=\"padding-left: 40px;\"><strong>95.1. <\/strong>valdkonna n\u00f5ukogule;<br><strong>95.2.<\/strong> instituudi n\u00f5ukogule;<br><strong>95.3. <\/strong>mitme valdkonna v\u00f5i instituudi n\u00f5ukogu ettepanekul moodustatud \u00fchisn\u00f5ukogule;<br><strong>95.4. <\/strong>\u00fchis\u00f5ppekava v\u00f5i \u00fchisjuhendamiseks s\u00f5lmitud koost\u00f6\u00f6lepingu alusel moodustatud k\u00f5rgkoolide \u00fchisn\u00f5ukogule.<\/p>\n<p>\n\n\n<\/p>\n\n\n<p><strong>96.<\/strong> Punktis 95.3 nimetatud \u00fchisn\u00f5ukogu koosseisu kinnitab teadusprorektor. Punktis 95.4 nimetatud \u00fchisn\u00f5ukogu moodustatakse \u00fchis\u00f5ppekava koost\u00f6\u00f6lepingus v\u00f5i \u00fchisjuhendamiseks s\u00f5lmitud koost\u00f6\u00f6lepingus kokku lepitud korras.<\/p>\n\n\n\n<p><strong>97.<\/strong> Konkreetse doktorit\u00f6\u00f6 kaitsmiseks v\u00f5ib n\u00f5ukogu oma koosseisu laiendada lisaliikme(te)ga, kellel on doktorikraad v\u00f5i sellele vastav kvalifikatsioon. Doktorikraadi andmise otsustamisel loetakse oponent v\u00f5i oponendid n\u00f5ukogu lisaliikmeteks.<\/p>\n\n\n\n<p><strong>98. <\/strong>Valdkonna n\u00f5ukogu kehtestab oma valdkonnas doktorikraadi andmise t\u00e4iendavad tingimused, mis sisaldavad dokumentide esitamise n\u00f5udeid, sealhulgas esitatava doktorit\u00f6\u00f6 eksemplaride arvu, ning kaitsmise korraldamise ja kaitsmisel h\u00e4\u00e4letamise korda ning v\u00f5ivad sisaldada lisatingimusi <a title=\"\" href=\"https:\/\/sisu.ut.ee\/ope\/doktoritoo-tervikliku-teaduspublikatsioonide-kogumina\/#108.2\" target=\"_blank\" rel=\"noopener\" data-url=\"https:\/\/sisu.ut.ee\/ope\/doktorit%C3%B6%C3%B6-tervikliku-teaduspublikatsioonide-kogumina?lang=et#108.2\">punktis 108.2<\/a> nimetatud kolmanda teaduspublikatsiooni avaldamise ja <a title=\"\" href=\"https:\/\/sisu.ut.ee\/ope\/teaduspublikatsioonide-ja-katuspeatuki-nouded\/#:~:text=ja%201.2)%3B-,116.2.,-artiklid%20ja%20peatukid\" target=\"_blank\" rel=\"noopener\" data-url=\"https:\/\/sisu.ut.ee\/ope\/teaduspublikatsioonide-ja-katuspeat%C3%BCki-n%C3%B5uded#:~:text=ja%201.2)%3B-,116.2.,-artiklid%20ja%20peat%C3%BCkid\">punktis 116.2<\/a> nimetatud ETIS-e klassifikatsiooniga 3.2 teaduspublikatsiooni kohta. Valdkonna n\u00f5ukogu juhindub doktorikraadi andmise t\u00e4iendavate tingimuste kehtestamisel eeskirjas doktorit\u00f6\u00f6 n\u00f5uete, kaitsmisele lubamise ja kaitsmise kohta s\u00e4testatust. Valdkonna n\u00f5ukogu koosk\u00f5lastab doktorikraadi andmise t\u00e4iendavate tingimuste kavandi \u00fclikooli sees asjaajamiseeskirjas s\u00e4testatud korras.<\/p>\n\n\n<div class=\"accordion-block mb-3\">\n\t\t<div class=\"accordion \" id=\"accordion-accordion-69d950d837bc1\">\n\t\t\t\t\t\t\t<div class=\"accordion-item accordion-item--white\">\n\t\t\t\t\t<h2 class=\"accordion-header\" id=\"accordion-69d950d837bc1-heading-1\">\n\t\t\t\t\t\t<button class=\"accordion-button collapsed\" type=\"button\" data-bs-toggle=\"collapse\" data-bs-target=\"#accordion-69d950d837bc1-collapse-1\" aria-expanded=\"true\" aria-controls=\"accordion-69d950d837bc1-collapse-1\">\n\t\t\t\t\t\t\tValdkonna doktorikraadi andmise t\u00e4iendavad tingimused\n\t\t\t\t\t\t<\/button>\n\t\t\t\t\t<\/h2>\n\t\t\t\t\t<div id=\"accordion-69d950d837bc1-collapse-1\" class=\"accordion-collapse collapse \" aria-labelledby=\"accordion-69d950d837bc1-heading-1\">\n\t\t\t\t\t\t<div class=\"accordion-body\">\n\t\t\t\t\t\t\t<ul>\n<li><a href=\"https:\/\/humanitaarteadused.ut.ee\/sites\/default\/files\/2024-09\/Doktorikraadi_andmise_taiendavad_tingimused_HVs-1.pdf\" target=\"_blank\" rel=\"noopener\">Humanitaarteaduste ja kunstide valdkond<\/a><\/li>\n<li><a href=\"https:\/\/sisu.ut.ee\/wp-content\/uploads\/sites\/500\/SV-doktorioppes-oppijate-atesteerimise-kord_EST_16.10.2025.pdf\" target=\"_blank\" rel=\"noopener\">Sotsiaalteaduste valdkond<\/a><\/li>\n<li><a href=\"https:\/\/sisu.ut.ee\/wp-content\/uploads\/sites\/500\/LT_doktorikraadi_taiendavad_tingimused_14_11.pdf\" target=\"_blank\" rel=\"noopener\">Loodus- ja t\u00e4ppisteaduste valdkond<\/a><\/li>\n<li><a href=\"https:\/\/sisu.ut.ee\/wp-content\/uploads\/sites\/500\/Kaitsmiskord-2024-MV_04102024.pdf\" target=\"_blank\" rel=\"noopener\">Meditsiiniteaduste valdkond<\/a><\/li>\n<\/ul>\n<p>\u00a0<\/p>\n\n\t\t\t\t\t\t<\/div>\n\t\t\t\t\t<\/div>\n\t\t\t\t<\/div>\n\t\t\t\t\t<\/div>\n\t<\/div>\n\n\n<p><\/p><div class=\"accordion mb-3\">\n        <div class=\"accordion-item accordion-item--white\">\n        <h2 class=\"accordion-header\" id=\"accordion-69d950d838677-heading\">\n            <button class=\"accordion-button collapsed\" type=\"button\" data-bs-toggle=\"collapse\" data-bs-target=\"#accordion-69d950d838677-collapse\" aria-expanded=\"true\" aria-controls=\"accordion-69d950d838677-collapse\">Hea tava<\/button>\n        <\/h2>\n        <div id=\"accordion-69d950d838677-collapse\" class=\"accordion-collapse collapse\" aria-labelledby=\"accordion-69d950d838677-heading\">\n            <div class=\"accordion-body\"><a title=\"\" href=\"https:\/\/ut.ee\/sites\/default\/files\/inline-files\/doktorioppe_hea_tava.pdf\" target=\"_blank\" rel=\"noopener\" data-url=\"https:\/\/ut.ee\/sites\/default\/files\/inline-files\/doktorioppe_hea_tava.pdf\"><span style=\"color: #0099ff;\">Doktori\u00f5ppe heast tavast<\/span><\/a> leiab soovituslikud tegevusjuhised n\u00f5ukogule.\u00a0<\/div>\n        <\/div>\n        <\/div>\n    <\/div>\n\n\n\n<p><strong>99. <\/strong>Doktorit\u00f6\u00f6ga seotud k\u00fcsimuste otsustamisel osalevad n\u00f5ukogu liikmed, kellel on doktorikraad v\u00f5i sellele vastav kvalifikatsioon. Juhendaja(te)l ei ole \u00f5igust nendes k\u00fcsimustes h\u00e4\u00e4letada ega koosolekut juhatada. N\u00f5ukogu liikmetel, kellel puudub doktorikraad v\u00f5i sellele vastav kvalifikatsioon, on doktorit\u00f6\u00f6ga seotud k\u00fcsimuste arutamisel s\u00f5na\u00f5igus, kuid otsustamisel nad ei osale. <a>K\u00e4esolevas punktis nimetatud piirangud ei kohaldu n\u00f5ukogu otsuste vastuv\u00f5tmisel punktides <\/a><a href=\"https:\/\/sisu.ut.ee\/ope\/uhisjuhendamise-lepingu-solmimine\/#:~:text=vastavuse%20kontrollimiseks%20%C3%B5ppeosakonnale.-,160.,-Kui%20%C3%BChisjuhendamise%20lepingus\" data-type=\"link\" data-id=\"https:\/\/sisu.ut.ee\/ope\/uhisjuhendamise-lepingu-solmimine\/#:~:text=vastavuse%20kontrollimiseks%20%C3%B5ppeosakonnale.-,160.,-Kui%20%C3%BChisjuhendamise%20lepingus\" target=\"_blank\" rel=\"noreferrer noopener\">160<\/a><a> ja <\/a><a href=\"https:\/\/sisu.ut.ee\/ope\/uhisjuhendamise-lepingu-solmimine\/#:~:text=doktorikraadi%20andev%20n%C3%B5ukogu.-,161.,-Kui%20%C3%BChisjuhendamise%20lepingus\" data-type=\"link\" data-id=\"https:\/\/sisu.ut.ee\/ope\/uhisjuhendamise-lepingu-solmimine\/#:~:text=doktorikraadi%20andev%20n%C3%B5ukogu.-,161.,-Kui%20%C3%BChisjuhendamise%20lepingus\" target=\"_blank\" rel=\"noreferrer noopener\">161<\/a><a> s\u00e4testatud juhtudel.<\/a><\/p>\n\n\n\n<p><strong>100.<\/strong> Kaitsmisel on n\u00f5ukogu otsustusv\u00f5imeline, kui koos lisaliikmetega on kohal v\u00e4hemalt kuus otsustus\u00f5iguslikku liiget. Muude doktorit\u00f6\u00f6ga seotud k\u00fcsimuste korral on n\u00f5ukogu otsustusv\u00f5imeline, kui koosolekust v\u00f5tab osa \u00fcle poole otsustus\u00f5iguslikest n\u00f5ukogu liikmetest.<\/p>\n\n\n\n<p><strong>101.<\/strong> N\u00f5ukogu otsus doktorit\u00f6\u00f6ga seotud k\u00fcsimustes on vastu v\u00f5etud, kui selle poolt h\u00e4\u00e4letab enam kui pool koosolekul osalevatest otsustus\u00f5iguslikest n\u00f5ukogu liikmetest, kuid v\u00e4hemalt neli liiget.<\/p>\n\n\n\n<p><strong>102. <\/strong>Kui n\u00f5ukogu koosseis v\u00f5i tegevus ei vasta eeskirjale, v\u00f5ib senat n\u00f5ukogult doktorikraadide andmise \u00f5iguse \u00e4ra v\u00f5tta ja m\u00e4\u00e4rata uue n\u00f5ukogu.<\/p>\n","protected":false},"excerpt":{"rendered":"<p>94. Doktorikraad antakse senati kinnitatud doktori\u00f5ppe programmi, sealhulgas \u00fchis\u00f5ppekava alusel. 95. Doktorikraadi andva n\u00f5ukogu (edaspidi: n\u00f5ukogu) m\u00e4\u00e4rab doktori\u00f5ppe programmi kinnitamisel v\u00f5i muutmisel senat. N\u00f5ukogu koosseis avaldatakse \u00fclikooli veebilehel. N\u00f5ukokku peab alaliselt kuuluma v\u00e4hemalt kuus doktorikraadi v\u00f5i vastava kvalifikatsiooniga liiget. Doktorikraadi &#8230;<\/p>\n","protected":false},"author":228,"featured_media":0,"parent":0,"menu_order":0,"comment_status":"closed","ping_status":"closed","template":"","meta":{"_acf_changed":false,"inline_featured_image":false,"footnotes":""},"class_list":["post-89","page","type-page","status-publish","hentry"],"acf":[],"_links":{"self":[{"href":"https:\/\/sisu.ut.ee\/ope\/wp-json\/wp\/v2\/pages\/89","targetHints":{"allow":["GET"]}}],"collection":[{"href":"https:\/\/sisu.ut.ee\/ope\/wp-json\/wp\/v2\/pages"}],"about":[{"href":"https:\/\/sisu.ut.ee\/ope\/wp-json\/wp\/v2\/types\/page"}],"author":[{"embeddable":true,"href":"https:\/\/sisu.ut.ee\/ope\/wp-json\/wp\/v2\/users\/228"}],"replies":[{"embeddable":true,"href":"https:\/\/sisu.ut.ee\/ope\/wp-json\/wp\/v2\/comments?post=89"}],"version-history":[{"count":8,"href":"https:\/\/sisu.ut.ee\/ope\/wp-json\/wp\/v2\/pages\/89\/revisions"}],"predecessor-version":[{"id":1966,"href":"https:\/\/sisu.ut.ee\/ope\/wp-json\/wp\/v2\/pages\/89\/revisions\/1966"}],"wp:attachment":[{"href":"https:\/\/sisu.ut.ee\/ope\/wp-json\/wp\/v2\/media?parent=89"}],"curies":[{"name":"wp","href":"https:\/\/api.w.org\/{rel}","templated":true}]}}