{"id":87,"date":"2024-04-04T07:15:57","date_gmt":"2024-04-04T04:15:57","guid":{"rendered":"https:\/\/sisu.ut.ee\/ope\/eksmatrikuleerimine-0\/"},"modified":"2025-05-19T16:20:17","modified_gmt":"2025-05-19T13:20:17","slug":"eksmatrikuleerimine-0","status":"publish","type":"page","link":"https:\/\/sisu.ut.ee\/ope\/eksmatrikuleerimine-0\/","title":{"rendered":"II.6. Eksmatrikuleerimine"},"content":{"rendered":"<p style=\"text-align: justify;\"><strong><br>\n87. <\/strong>Doktorant eksmatrikuleeritakse \u00fclikooli algatusel teadusprorektori korraldusega teadusprodekaani v\u00f5i finantsjuhi esildise v\u00f5i doktorikraadi andva n\u00f5ukogu otsuse alusel j\u00e4rgmistel p\u00f5hjustel:<\/p>\n<p style=\"text-align: justify; margin-left: 40px;\"><strong>87.1. <\/strong>doktori\u00f5ppe programmi t\u00e4ies mahus t\u00e4itmisel;<br>\n<strong>87.2. <\/strong>\u00f5ppe l\u00f5pukuup\u00e4eva m\u00f6\u00f6dumisel;<br>\n<strong>87.3.<\/strong> edasij\u00f5udmatuse t\u00f5ttu:<\/p>\n<p style=\"text-align: justify; margin-left: 40px; padding-left: 40px;\"><strong>87.3.1. <\/strong>doktorandi negatiivsel atesteerimisel v\u00f5i atesteerimata j\u00e4tmisel;<br>\n<strong>87.3.2. <\/strong><a title=\"\" href=\"https:\/\/sisu.ut.ee\/ope\/ii551-atesteerimiskomisjoni-otsused-alates-20222023-oppeaastast-avatud-doktorioppe-programmide\/#79.2\" target=\"_blank\" rel=\"noopener\" data-url=\"https:\/\/sisu.ut.ee\/ope\/ii551-atesteerimiskomisjoni-otsused-alates-20222023-%C3%B5ppeaastast-avatud-doktori%C3%B5ppe-programmide?lang=et#79.2\">punktis 79.2<\/a> nimetatud t\u00e4iendava t\u00e4htajaga n\u00f5ustumisest teatamata j\u00e4tmisel v\u00f5i sellest keeldumisel;<br>\n<strong>87.3.3.<\/strong> \u00fches \u00f5ppeaines neljal korral negatiivse eksamitulemuse saamisel;<br>\n<strong><a id=\"87.3.4\" name=\"87.3.4\"><\/a>87.3.4.<\/strong> korduskaitsmise j\u00e4rel kraadi andmata j\u00e4tmisel;<\/p>\n<p style=\"text-align: justify; margin-left: 40px;\"><strong>87.4.<\/strong> esimese aasta doktorandi puhul <a title=\"\" href=\"https:\/\/sisu.ut.ee\/ope\/individuaalplaan?lang=et#53\" target=\"_blank\" rel=\"noopener\" data-url=\"https:\/\/sisu.ut.ee\/ope\/individuaalplaan?lang=et#53\">punktis 53<\/a> nimetatud perioodiplaani esitamata j\u00e4tmisel;<br>\n<strong>87.5.<\/strong> doktorandi immatrikuleerimisel teise \u00f5ppekava v\u00f5i doktori\u00f5ppe programmi alusel;<br>\n<strong>87.6.<\/strong> \u00f5ppetasu tasumata j\u00e4tmisel \u00f5ppekulude h\u00fcvitamise tingimustes ja korras kehtestatud t\u00e4htp\u00e4evaks;<br>\n<strong>87.7. <\/strong>doktorandi \u00f5ppekoha rahastamise lepingu l\u00f5ppemisel, juhul kui see oli s\u00f5lmitud kogu \u00f5ppeajaks ja teadusprodekaan ei otsusta p\u00f5hjendatud juhul teisiti;<br>\n<strong>87.8.<\/strong> nooremteaduri kogu \u00f5ppeajaks s\u00f5lmitud t\u00f6\u00f6lepingu l\u00f5ppemisel, kui teadusprodekaan ei otsusta p\u00f5hjendatud juhul teisiti;<br>\n<strong>87.9.<\/strong> doktori\u00f5ppe programmi v\u00f5i eriala sulgemisel, kui doktorant ei avalda sulgemise hetkeks soovi j\u00e4tkata \u00f5ppimist teise doktori\u00f5ppe programmi v\u00f5i eriala alusel;<br>\n<strong>87.10<\/strong>. \u00fchis\u00f5ppekava v\u00f5i piiri\u00fclese \u00fchis\u00f5ppekava p\u00f5him\u00f5tetega \u00f5ppekava alusel \u00f5ppiva doktorandi eksmatrikuleerimisel \u00fchis\u00f5ppekava koordineerivast \u00fclikoolist;<br>\n<strong>87.11.<\/strong> v\u00e4lisriigis eelmise \u00f5ppeastme l\u00f5petanud doktorandi puhul eelmist haridustaset t\u00f5endavate dokumentide esitamata j\u00e4tmisel vastuv\u00f5tueeskirjas kehtestatud t\u00e4htp\u00e4evaks;<br>\n<strong>87.11<sup>1<\/sup>.\u00a0<\/strong>v\u00e4lisdoktorandi puhul, kes ei ole Euroopa Liidu v\u00f5i Euroopa Majanduspiirkonna liikmesriikide ega \u0160veitsi kodanik, Eestis viibimise seadusliku aluse puudumise t\u00f5ttu, kui teadusprodekaan ei otsusta p\u00f5hjendatud juhul teisiti;<br>\n<strong>87.12.<\/strong> teadusprorektori otsuse alusel v\u00e4\u00e4ritu k\u00e4itumise t\u00f5ttu allj\u00e4rgnevatel juhtudel:<\/p>\n<p style=\"text-align: justify; margin-left: 80px;\"><strong><a id=\"87.12.1\" name=\"87.12.1\"><\/a>87.12.1<\/strong>. akadeemilise petturluse korral;<br>\n<strong>87.12.2.<\/strong> doktorandina tahtlikult toimepandud kuriteo eest s\u00fc\u00fcdim\u00f5istva kohtuotsuse j\u00f5ustumisel;<br>\n<strong>87.12.3.<\/strong> dokumentide v\u00f5ltsimisel;<br>\n<strong>87.12.4.<\/strong> \u00fcldtunnustatud k\u00e4itumisnormide v\u00f5i akadeemiliste tavade vastu olulisel m\u00e4\u00e4ral eksimisel.<\/p>\n<p style=\"text-align: justify;\"><strong>88. <\/strong>\u00dclikooli algatusel toimuv eksmatrikuleerimine vormistatakse \u00fcldjuhul kolme n\u00e4dala jooksul alates punktis 87 s\u00e4testatud s\u00fcndmuse toimumisest. Eksmatrikuleerimine punkti 87.3.3 alusel vormistatakse selle semestri l\u00f5puks, mil saadi viimane negatiivne tulemus. Punkti 87.5 alusel toimuv eksmatrikuleerimine vormistatakse enne uuele \u00f5ppekohale immatrikuleerimist. Punkti 87.6 alusel toimuv eksmatrikuleerimine vormistatakse seitsme n\u00e4dala jooksul taseme\u00f5ppekulude h\u00fcvitamise tingimustes ja korras kehtestatud t\u00e4htp\u00e4eva m\u00f6\u00f6dumisest arvates. Kui doktorant on vaidlustanud eksmatrikuleerimise aluseks oleva \u00fclikooli otsuse, siis eksmatrikuleerimise vormistamise t\u00e4htaja kulgemine peatub vaidluse lahendamise ajaks.<\/p>\n<p style=\"text-align: justify;\"><strong>89. <\/strong>Doktorant eksmatrikuleeritakse omal algatusel tema avalduse alusel teadusprorektori korraldusega. \u00dclikoolil on \u00f5igus k\u00fcsida avalduse esitamise p\u00f5hjust ja koosk\u00f5lastada avaldus juhendaja ja doktori\u00f5ppe programmi eriala juhi eesm\u00e4rgiga pakkuda doktorandile n\u00f5ustamist.<\/p>\n<p style=\"text-align: justify;\"><strong>90.<\/strong> Pooltest s\u00f5ltumatutel asjaoludel eksmatrikuleeritakse doktorant teadusprorektori korraldusega teadusprodekaani esildise alusel j\u00e4rgmistel juhtudel:<\/p>\n<p style=\"text-align: justify; margin-left: 40px;\"><strong>90.1.<\/strong> kohus on m\u00e4\u00e4ranud \u00fcli\u00f5pilasele piiratud teov\u00f5ime t\u00f5ttu eestkostja;<br>\n<strong>90.2.<\/strong> \u00fcli\u00f5pilase surma korral.<\/p>\n","protected":false},"excerpt":{"rendered":"<p>87. Doktorant eksmatrikuleeritakse \u00fclikooli algatusel teadusprorektori korraldusega teadusprodekaani v\u00f5i finantsjuhi esildise v\u00f5i doktorikraadi andva n\u00f5ukogu otsuse alusel j\u00e4rgmistel p\u00f5hjustel: 87.1. doktori\u00f5ppe programmi t\u00e4ies mahus t\u00e4itmisel; 87.2. \u00f5ppe l\u00f5pukuup\u00e4eva m\u00f6\u00f6dumisel; 87.3. edasij\u00f5udmatuse t\u00f5ttu: 87.3.1. doktorandi negatiivsel atesteerimisel v\u00f5i atesteerimata j\u00e4tmisel; 87.3.2. &#8230;<\/p>\n","protected":false},"author":228,"featured_media":0,"parent":0,"menu_order":0,"comment_status":"closed","ping_status":"closed","template":"","meta":{"_acf_changed":false,"inline_featured_image":false,"footnotes":""},"class_list":["post-87","page","type-page","status-publish","hentry"],"acf":[],"_links":{"self":[{"href":"https:\/\/sisu.ut.ee\/ope\/wp-json\/wp\/v2\/pages\/87","targetHints":{"allow":["GET"]}}],"collection":[{"href":"https:\/\/sisu.ut.ee\/ope\/wp-json\/wp\/v2\/pages"}],"about":[{"href":"https:\/\/sisu.ut.ee\/ope\/wp-json\/wp\/v2\/types\/page"}],"author":[{"embeddable":true,"href":"https:\/\/sisu.ut.ee\/ope\/wp-json\/wp\/v2\/users\/228"}],"replies":[{"embeddable":true,"href":"https:\/\/sisu.ut.ee\/ope\/wp-json\/wp\/v2\/comments?post=87"}],"version-history":[{"count":5,"href":"https:\/\/sisu.ut.ee\/ope\/wp-json\/wp\/v2\/pages\/87\/revisions"}],"predecessor-version":[{"id":1881,"href":"https:\/\/sisu.ut.ee\/ope\/wp-json\/wp\/v2\/pages\/87\/revisions\/1881"}],"wp:attachment":[{"href":"https:\/\/sisu.ut.ee\/ope\/wp-json\/wp\/v2\/media?parent=87"}],"curies":[{"name":"wp","href":"https:\/\/api.w.org\/{rel}","templated":true}]}}