{"id":85,"date":"2024-04-04T07:15:57","date_gmt":"2024-04-04T04:15:57","guid":{"rendered":"https:\/\/sisu.ut.ee\/ope\/kordusatesteerimine-ja-atesteerimisotsuse-vaidlustamine\/"},"modified":"2024-04-16T15:17:49","modified_gmt":"2024-04-16T12:17:49","slug":"kordusatesteerimine-ja-atesteerimisotsuse-vaidlustamine","status":"publish","type":"page","link":"https:\/\/sisu.ut.ee\/ope\/kordusatesteerimine-ja-atesteerimisotsuse-vaidlustamine\/","title":{"rendered":"II.5.6. Kordusatesteerimine ja atesteerimisotsuse vaidlustamine"},"content":{"rendered":"<p style=\"text-align: justify;\"><strong><br>\n82. <\/strong>Kui doktori\u00f5ppes \u00f5ppija j\u00e4etakse punkti <a title=\"\" href=\"https:\/\/sisu.ut.ee\/ope\/ii551-atesteerimiskomisjoni-otsused-alates-20222023-oppeaastast-avatud-doktorioppe-programmide\/#79.4\" target=\"_blank\" rel=\"noopener\" data-url=\"https:\/\/sisu.ut.ee\/ope\/ii551-atesteerimiskomisjoni-otsused-alates-20222023-%C3%B5ppeaastast-avatud-doktori%C3%B5ppe-programmide?lang=et#79.4\">79.4<\/a> v\u00f5i <a title=\"\" href=\"https:\/\/sisu.ut.ee\/ope\/ii552-atesteerimiskomisjoni-otsused-enne-20222023-oppeaastat-avatud-doktorioppekavade-alusel\/#81.4\" target=\"_blank\" rel=\"noopener\" data-url=\"https:\/\/sisu.ut.ee\/ope\/ii552-atesteerimiskomisjoni-otsused-enne-20222023-%C3%B5ppeaastat-avatud-doktori%C3%B5ppekavade-alusel?lang=et#81.4\">81.4<\/a> kohaselt atesteerimata, on atesteerimiskomisjonil \u00f5igus lubada ta kordusatesteerimisele, kui dokumentide esitamata j\u00e4tmisel v\u00f5i koosolekult puudumisel olid m\u00f5juvad p\u00f5hjused. T\u00f5end m\u00f5juva p\u00f5hjuse kohta esitatakse atesteerimiskomisjonile viie t\u00f6\u00f6p\u00e4eva jooksul alates atesteerimiskoosoleku toimumisest v\u00f5i viivitamata p\u00e4rast m\u00f5juva p\u00f5hjuse \u00e4ralangemist.<\/p>\n<p style=\"text-align: justify;\"><strong>83. <\/strong>Kui doktorandile on m\u00e4\u00e4ratud <a title=\"\" href=\"https:\/\/sisu.ut.ee\/ope\/ii551-atesteerimiskomisjoni-otsused-alates-20222023-oppeaastast-avatud-doktorioppe-programmide\/#79.2\" target=\"_blank\" rel=\"noopener\" data-url=\"https:\/\/sisu.ut.ee\/ope\/ii551-atesteerimiskomisjoni-otsused-alates-20222023-%C3%B5ppeaastast-avatud-doktori%C3%B5ppe-programmide?lang=et#79.2\">punktis 79.2<\/a> nimetatud t\u00e4iendav t\u00e4htaeg t\u00f6\u00f6tulemuste parandamiseks, toimub selle m\u00f6\u00f6dumisel kordusatesteerimine.<\/p>\n<p style=\"text-align: justify;\"><strong>84. <\/strong>Kui atesteerimisel on rikutud k\u00e4esolevat eeskirja v\u00f5i valdkonna atesteerimiskorda, v\u00f5ib teadusprorektor atesteerimisotsuse t\u00fchistada ja kohustada atesteerimiskomisjoni atesteerima doktori\u00f5ppes \u00f5ppijat uuesti 14 p\u00e4eva jooksul p\u00e4rast otsuse t\u00fchistamist.<\/p>\n<p style=\"text-align: justify;\"><strong>85. <\/strong>Kui doktori\u00f5ppes \u00f5ppija ei n\u00f5ustu atesteerimiskomisjoni otsusega, on tal \u00f5igus esitada teadusprodekaanile kirjalik apellatsioon seitsme p\u00e4eva jooksul p\u00e4rast atesteerimiskomisjoni otsuse teatavakstegemist. Teadusprodekaan kutsub apellatsiooni l\u00e4bivaatamiseks kokku uues koosseisus atesteerimiskomisjoni viie t\u00f6\u00f6p\u00e4eva jooksul p\u00e4rast apellatsiooni saamist. Komisjon lahendab apellatsiooni seitsme t\u00f6\u00f6p\u00e4eva jooksul alates komisjoni kokkukutsumisest. Komisjoni koosolek protokollitakse ja selle otsuse saab vaidlustada, esitades 30 p\u00e4eva jooksul alates otsuse teatavakstegemisest uue apellatsiooni \u00f5ppekorralduseeskirja <a title=\"\" href=\"https:\/\/sisu.ut.ee\/ope\/oppekorraldusega-seonduvate-otsuste-vaidlustamine\/#153\" target=\"_blank\" rel=\"noopener\" data-url=\"https:\/\/sisu.ut.ee\/ope\/%C3%B5ppekorraldusega-seonduvate-otsuste-vaidlustamine?lang=et#153\">punktis 153<\/a> nimetatud vaidluskomisjonile, kes lahendab apellatsiooni \u00f5ppekorralduseeskirjas s\u00e4testatud korras.<\/p>\n<p style=\"text-align: justify;\"><strong>86. <\/strong>Kui apellatsioon on esitatud atesteerimisel teadust\u00f6\u00f6 eest antud ainepunktide arvu vaidlustamiseks, on eeskirja punktis 85 nimetatud atesteerimiskomisjonil, mille on moodustanud teadusprodekaan, \u00f5igus j\u00e4tta teadust\u00f6\u00f6 eest antud ainepunktide arv samaks, suurendada v\u00f5i v\u00e4hendada seda. \u00d5ppekorralduseeskirja <a title=\"\" href=\"https:\/\/sisu.ut.ee\/ope\/oppekorraldusega-seonduvate-otsuste-vaidlustamine\/#153\" target=\"_blank\" rel=\"noopener\" data-url=\"https:\/\/sisu.ut.ee\/ope\/%C3%B5ppekorraldusega-seonduvate-otsuste-vaidlustamine?lang=et#153\">punktis 153<\/a> nimetatud vaidluskomisjonil ei ole \u00f5igust atesteerimisel teadust\u00f6\u00f6 eest antud ainepunktide arvu muuta.<\/p>\n","protected":false},"excerpt":{"rendered":"<p>82. Kui doktori\u00f5ppes \u00f5ppija j\u00e4etakse punkti 79.4 v\u00f5i 81.4 kohaselt atesteerimata, on atesteerimiskomisjonil \u00f5igus lubada ta kordusatesteerimisele, kui dokumentide esitamata j\u00e4tmisel v\u00f5i koosolekult puudumisel olid m\u00f5juvad p\u00f5hjused. T\u00f5end m\u00f5juva p\u00f5hjuse kohta esitatakse atesteerimiskomisjonile viie t\u00f6\u00f6p\u00e4eva jooksul alates atesteerimiskoosoleku toimumisest v\u00f5i &#8230;<\/p>\n","protected":false},"author":228,"featured_media":0,"parent":0,"menu_order":0,"comment_status":"closed","ping_status":"closed","template":"","meta":{"_acf_changed":false,"inline_featured_image":false,"footnotes":""},"class_list":["post-85","page","type-page","status-publish","hentry"],"acf":[],"_links":{"self":[{"href":"https:\/\/sisu.ut.ee\/ope\/wp-json\/wp\/v2\/pages\/85","targetHints":{"allow":["GET"]}}],"collection":[{"href":"https:\/\/sisu.ut.ee\/ope\/wp-json\/wp\/v2\/pages"}],"about":[{"href":"https:\/\/sisu.ut.ee\/ope\/wp-json\/wp\/v2\/types\/page"}],"author":[{"embeddable":true,"href":"https:\/\/sisu.ut.ee\/ope\/wp-json\/wp\/v2\/users\/228"}],"replies":[{"embeddable":true,"href":"https:\/\/sisu.ut.ee\/ope\/wp-json\/wp\/v2\/comments?post=85"}],"version-history":[{"count":3,"href":"https:\/\/sisu.ut.ee\/ope\/wp-json\/wp\/v2\/pages\/85\/revisions"}],"predecessor-version":[{"id":1418,"href":"https:\/\/sisu.ut.ee\/ope\/wp-json\/wp\/v2\/pages\/85\/revisions\/1418"}],"wp:attachment":[{"href":"https:\/\/sisu.ut.ee\/ope\/wp-json\/wp\/v2\/media?parent=85"}],"curies":[{"name":"wp","href":"https:\/\/api.w.org\/{rel}","templated":true}]}}