{"id":84,"date":"2024-04-04T07:15:57","date_gmt":"2024-04-04T04:15:57","guid":{"rendered":"https:\/\/sisu.ut.ee\/ope\/atesteerimiskomisjoni-otsused\/"},"modified":"2024-04-16T11:10:09","modified_gmt":"2024-04-16T08:10:09","slug":"atesteerimiskomisjoni-otsused","status":"publish","type":"page","link":"https:\/\/sisu.ut.ee\/ope\/atesteerimiskomisjoni-otsused\/","title":{"rendered":"II.5.5. Atesteerimiskomisjoni otsused"},"content":{"rendered":"<p style=\"text-align: justify;\"><strong><br>\n76. <\/strong>Atesteerimiskomisjon teeb doktori\u00f5ppes \u00f5ppija esitatud materjalide ja atesteerimiskoosoleku tulemuste p\u00f5hjal atesteerimisotsuse. Otsus tehakse \u00f5ppeinfos\u00fcsteemis teatavaks nelja t\u00f6\u00f6p\u00e4eva jooksul atesteerimiskoosoleku toimumisest.<\/p>\n<p style=\"text-align: justify;\"><strong>77.<\/strong> Atesteerimiskomisjon annab doktori\u00f5ppes \u00f5ppijale individuaalplaani t\u00e4itmise ja parandamise soovitusi.<\/p>\n<p style=\"text-align: justify;\"><strong>78.<\/strong> Atesteerimiskomisjon algatab esitatud materjalide ja kujundatud hinnangu p\u00f5hjal vajaduse korral tegevuse doktori\u00f5ppes \u00f5ppija edasij\u00f5udmise parandamiseks.<\/p>\n<p style=\"text-align: justify;\">\n<\/p>","protected":false},"excerpt":{"rendered":"<p>76. Atesteerimiskomisjon teeb doktori\u00f5ppes \u00f5ppija esitatud materjalide ja atesteerimiskoosoleku tulemuste p\u00f5hjal atesteerimisotsuse. Otsus tehakse \u00f5ppeinfos\u00fcsteemis teatavaks nelja t\u00f6\u00f6p\u00e4eva jooksul atesteerimiskoosoleku toimumisest. 77. Atesteerimiskomisjon annab doktori\u00f5ppes \u00f5ppijale individuaalplaani t\u00e4itmise ja parandamise soovitusi. 78. Atesteerimiskomisjon algatab esitatud materjalide ja kujundatud hinnangu p\u00f5hjal &#8230;<\/p>\n","protected":false},"author":228,"featured_media":0,"parent":0,"menu_order":0,"comment_status":"closed","ping_status":"closed","template":"","meta":{"_acf_changed":false,"inline_featured_image":false,"footnotes":""},"class_list":["post-84","page","type-page","status-publish","hentry"],"acf":[],"_links":{"self":[{"href":"https:\/\/sisu.ut.ee\/ope\/wp-json\/wp\/v2\/pages\/84","targetHints":{"allow":["GET"]}}],"collection":[{"href":"https:\/\/sisu.ut.ee\/ope\/wp-json\/wp\/v2\/pages"}],"about":[{"href":"https:\/\/sisu.ut.ee\/ope\/wp-json\/wp\/v2\/types\/page"}],"author":[{"embeddable":true,"href":"https:\/\/sisu.ut.ee\/ope\/wp-json\/wp\/v2\/users\/228"}],"replies":[{"embeddable":true,"href":"https:\/\/sisu.ut.ee\/ope\/wp-json\/wp\/v2\/comments?post=84"}],"version-history":[{"count":2,"href":"https:\/\/sisu.ut.ee\/ope\/wp-json\/wp\/v2\/pages\/84\/revisions"}],"predecessor-version":[{"id":1372,"href":"https:\/\/sisu.ut.ee\/ope\/wp-json\/wp\/v2\/pages\/84\/revisions\/1372"}],"wp:attachment":[{"href":"https:\/\/sisu.ut.ee\/ope\/wp-json\/wp\/v2\/media?parent=84"}],"curies":[{"name":"wp","href":"https:\/\/api.w.org\/{rel}","templated":true}]}}