{"id":81,"date":"2024-04-04T07:15:57","date_gmt":"2024-04-04T04:15:57","guid":{"rendered":"https:\/\/sisu.ut.ee\/ope\/atesteerimiskomisjon\/"},"modified":"2025-05-19T16:10:51","modified_gmt":"2025-05-19T13:10:51","slug":"atesteerimiskomisjon","status":"publish","type":"page","link":"https:\/\/sisu.ut.ee\/ope\/atesteerimiskomisjon\/","title":{"rendered":"II.5.2. Atesteerimiskomisjon"},"content":{"rendered":"<p style=\"text-align: justify;\"><strong><br>\n66. <\/strong>Teadusprodekaan kinnitab atesteerimiskomisjoni koosseisu v\u00e4hemalt kaheksa t\u00f6\u00f6p\u00e4eva enne atesteerimist.<\/p>\n<p style=\"text-align: justify;\"><strong>67. <\/strong>Atesteerimiskomisjon on v\u00e4hemalt kolmeliikmeline ja selle liikmetel on doktorikraad v\u00f5i sellele vastav kvalifikatsioon. Kui \u00f5ppekava v\u00f5i doktori\u00f5ppe programmi eriala haldab instituut, on v\u00e4hemalt \u00fcks komisjoni liige v\u00e4ljastpoolt instituuti.<\/p>\n<p style=\"text-align: justify;\"><strong>68.<\/strong> Atesteerimiskomisjon on otsustusv\u00f5imeline, kui selle koosolekul osaleb v\u00e4hemalt kolm selle h\u00e4\u00e4le\u00f5iguslikku liiget. Atesteerimiskomisjoni liige on kohustatud h\u00e4\u00e4letamisel osalema, v\u00e4lja arvatud punktis 69 nimetatud juhul. Komisjoni liige ei v\u00f5i h\u00e4\u00e4letamisel j\u00e4\u00e4da erapooletuks. Otsus on vastu v\u00f5etud, kui selle poolt h\u00e4\u00e4letab \u00fcle poole koosolekul osalevatest h\u00e4\u00e4le\u00f5iguslikest komisjoni liikmetest.<\/p>\n<p style=\"text-align: justify;\"><strong>69.<\/strong> Kui atesteerimiskomisjoni liige on m\u00f5ne atesteeritava juhendaja v\u00f5i <a title=\"\" href=\"https:\/\/www.riigiteataja.ee\/akt\/113042021004?leiaKehtiv#para7\" target=\"_blank\" rel=\"noopener\" data-url=\"https:\/\/www.riigiteataja.ee\/akt\/113042021004?leiaKehtiv#para7\">seotud isik<\/a>\u00a0korruptsioonivastase seaduse t\u00e4henduses, taandab ta end selle atesteeritava puhul atesteerimisotsuse langetamisest ja otsustamisel osalejate arv v\u00e4heneb \u00fche v\u00f5rra.<\/p>\n","protected":false},"excerpt":{"rendered":"<p>66. Teadusprodekaan kinnitab atesteerimiskomisjoni koosseisu v\u00e4hemalt kaheksa t\u00f6\u00f6p\u00e4eva enne atesteerimist. 67. Atesteerimiskomisjon on v\u00e4hemalt kolmeliikmeline ja selle liikmetel on doktorikraad v\u00f5i sellele vastav kvalifikatsioon. Kui \u00f5ppekava v\u00f5i doktori\u00f5ppe programmi eriala haldab instituut, on v\u00e4hemalt \u00fcks komisjoni liige v\u00e4ljastpoolt instituuti. 68. &#8230;<\/p>\n","protected":false},"author":228,"featured_media":0,"parent":0,"menu_order":0,"comment_status":"closed","ping_status":"closed","template":"","meta":{"_acf_changed":false,"inline_featured_image":false,"footnotes":""},"class_list":["post-81","page","type-page","status-publish","hentry"],"acf":[],"_links":{"self":[{"href":"https:\/\/sisu.ut.ee\/ope\/wp-json\/wp\/v2\/pages\/81","targetHints":{"allow":["GET"]}}],"collection":[{"href":"https:\/\/sisu.ut.ee\/ope\/wp-json\/wp\/v2\/pages"}],"about":[{"href":"https:\/\/sisu.ut.ee\/ope\/wp-json\/wp\/v2\/types\/page"}],"author":[{"embeddable":true,"href":"https:\/\/sisu.ut.ee\/ope\/wp-json\/wp\/v2\/users\/228"}],"replies":[{"embeddable":true,"href":"https:\/\/sisu.ut.ee\/ope\/wp-json\/wp\/v2\/comments?post=81"}],"version-history":[{"count":3,"href":"https:\/\/sisu.ut.ee\/ope\/wp-json\/wp\/v2\/pages\/81\/revisions"}],"predecessor-version":[{"id":1855,"href":"https:\/\/sisu.ut.ee\/ope\/wp-json\/wp\/v2\/pages\/81\/revisions\/1855"}],"wp:attachment":[{"href":"https:\/\/sisu.ut.ee\/ope\/wp-json\/wp\/v2\/media?parent=81"}],"curies":[{"name":"wp","href":"https:\/\/api.w.org\/{rel}","templated":true}]}}