{"id":80,"date":"2024-04-04T07:15:57","date_gmt":"2024-04-04T04:15:57","guid":{"rendered":"https:\/\/sisu.ut.ee\/ope\/atesteerimise-ajakava\/"},"modified":"2025-05-19T16:08:28","modified_gmt":"2025-05-19T13:08:28","slug":"atesteerimise-ajakava","status":"publish","type":"page","link":"https:\/\/sisu.ut.ee\/ope\/atesteerimise-ajakava\/","title":{"rendered":"II.5.1. Atesteerimise ajakava"},"content":{"rendered":"<p style=\"text-align: justify;\"><strong><br>\n<a id=\"60\" name=\"60\"><\/a>60. <\/strong>Atesteerimist korraldatakse v\u00e4hemalt kaks korda \u00f5ppeaastas: enne s\u00fcgissemestri algust ja enne kevadsemestri algust. Teadusprodekaan m\u00e4\u00e4rab oma korraldusega j\u00e4rgmise semestri atesteerimise kuup\u00e4evad akadeemilises kalendris kehtestatud t\u00e4htp\u00e4evaks. Atesteerimise kuup\u00e4evad avaldatakse valdkonna veebilehel.<\/p>\n<p style=\"text-align: justify;\"><strong>61. <\/strong>Doktoranti atesteeritakse p\u00e4rast immatrikuleerimist \u00fche \u00f5pitud semestri m\u00f6\u00f6dumisel, seej\u00e4rel kahe \u00f5pitud semestri m\u00f6\u00f6dumisel ja edaspidi \u00fcks kord \u00f5ppeaastas, kui viimasest atesteerimisest on m\u00f6\u00f6dunud \u00fcks nominaalne \u00f5ppeaasta (kaks \u00f5pitud semestrit).<\/p>\n<p style=\"text-align: justify;\"><strong>62. <\/strong>Atesteerimine v\u00f5ib toimuda viimasest atesteerimisest l\u00fchema perioodi m\u00f6\u00f6dumisel<\/p>\n<p style=\"text-align: justify; margin-left: 40px;\"><strong>62.1. <\/strong>doktori\u00f5ppes \u00f5ppija taotluse alusel teadusprodekaani otsusel. Teadusprodekaan v\u00f5tab otsuse tegemisel arvesse doktori\u00f5ppe programmi eriala juhi seisukoha;<br>\n<strong>62.2.<\/strong> doktori\u00f5ppe programmi eriala juhi ettepaneku alusel teadusprodekaani p\u00f5hjendatud otsusel;<br>\n<strong>62.3.<\/strong> atesteerimiskomisjoni otsusel <a href=\"https:\/\/sisu.ut.ee\/ope\/ii551-atesteerimiskomisjoni-otsused-alates-20222023-oppeaastast-avatud-doktorioppe-programmide\/#:~:text=doktori%C3%B5ppes%20%C3%B5ppija%20positiivselt%3B-,79.2.,-m%C3%A4%C3%A4rata%20t%C3%B6%C3%B6tulemuste%20parandamiseks\" target=\"_blank\" rel=\"noopener\">punktis 79.2<\/a> s\u00e4testatud juhul.<\/p>\n<p style=\"text-align: justify;\"><strong><a id=\"63\" name=\"63\"><\/a>63. <\/strong>Kui nooremteadur on enam kui poole atesteerimisperioodist viibinud t\u00f6\u00f6v\u00f5imetuslehel, v\u00f5ib teda tema taotluse alusel atesteerida viimasest atesteerimisest pikema perioodi m\u00f6\u00f6dumisel. Atesteerimisperioodi pikendamise otsuse teeb doktori\u00f5ppe programmi eriala juht.<\/p>\n<p style=\"text-align: justify;\"><strong>64. <\/strong>Doktoranti ei atesteerita, kui tema doktoriope on peatatud v\u00f5i kui ta on akadeemilisel puhkusel.<\/p>\n<p style=\"text-align: justify;\"><strong>65.<\/strong> Doktori\u00f5ppe programmi t\u00e4itvat eksterni atesteeritakse kahe \u00f5pitud semestri m\u00f6\u00f6dumisel.<\/p>\n","protected":false},"excerpt":{"rendered":"<p>60. Atesteerimist korraldatakse v\u00e4hemalt kaks korda \u00f5ppeaastas: enne s\u00fcgissemestri algust ja enne kevadsemestri algust. Teadusprodekaan m\u00e4\u00e4rab oma korraldusega j\u00e4rgmise semestri atesteerimise kuup\u00e4evad akadeemilises kalendris kehtestatud t\u00e4htp\u00e4evaks. Atesteerimise kuup\u00e4evad avaldatakse valdkonna veebilehel. 61. Doktoranti atesteeritakse p\u00e4rast immatrikuleerimist \u00fche \u00f5pitud semestri m\u00f6\u00f6dumisel, &#8230;<\/p>\n","protected":false},"author":228,"featured_media":0,"parent":0,"menu_order":0,"comment_status":"closed","ping_status":"closed","template":"","meta":{"_acf_changed":false,"inline_featured_image":false,"footnotes":""},"class_list":["post-80","page","type-page","status-publish","hentry"],"acf":[],"_links":{"self":[{"href":"https:\/\/sisu.ut.ee\/ope\/wp-json\/wp\/v2\/pages\/80","targetHints":{"allow":["GET"]}}],"collection":[{"href":"https:\/\/sisu.ut.ee\/ope\/wp-json\/wp\/v2\/pages"}],"about":[{"href":"https:\/\/sisu.ut.ee\/ope\/wp-json\/wp\/v2\/types\/page"}],"author":[{"embeddable":true,"href":"https:\/\/sisu.ut.ee\/ope\/wp-json\/wp\/v2\/users\/228"}],"replies":[{"embeddable":true,"href":"https:\/\/sisu.ut.ee\/ope\/wp-json\/wp\/v2\/comments?post=80"}],"version-history":[{"count":6,"href":"https:\/\/sisu.ut.ee\/ope\/wp-json\/wp\/v2\/pages\/80\/revisions"}],"predecessor-version":[{"id":1876,"href":"https:\/\/sisu.ut.ee\/ope\/wp-json\/wp\/v2\/pages\/80\/revisions\/1876"}],"wp:attachment":[{"href":"https:\/\/sisu.ut.ee\/ope\/wp-json\/wp\/v2\/media?parent=80"}],"curies":[{"name":"wp","href":"https:\/\/api.w.org\/{rel}","templated":true}]}}