{"id":76,"date":"2024-04-04T07:15:56","date_gmt":"2024-04-04T04:15:56","guid":{"rendered":"https:\/\/sisu.ut.ee\/ope\/vaba-oppekoha-taitmine\/"},"modified":"2024-04-16T10:54:24","modified_gmt":"2024-04-16T07:54:24","slug":"vaba-oppekoha-taitmine","status":"publish","type":"page","link":"https:\/\/sisu.ut.ee\/ope\/vaba-oppekoha-taitmine\/","title":{"rendered":"II.3. Vaba \u00f5ppekoha t\u00e4itmine"},"content":{"rendered":"<p style=\"text-align: justify;\"><strong><br>\n27. <\/strong>Vaba \u00f5ppekoht t\u00e4idetakse <a title=\"\" href=\"https:\/\/sisu.ut.ee\/ope\/vaba-oppekoha-taitmine-0\" target=\"_blank\" rel=\"noopener\" data-url=\"https:\/\/sisu.ut.ee\/ope\/vaba-oppekoha-taitmine-0\">\u00f5ppekorralduseeskirjas s\u00e4testatud tingimustel ja korras<\/a>, v\u00f5ttes arvesse j\u00e4rgmisi erisusi:<\/p>\n<p style=\"text-align: justify; margin-left: 40px;\"><strong>27.1. <\/strong>vaba \u00f5ppekoht t\u00e4idetakse kandideerija\u00a0<a title=\"\" href=\"https:\/\/adr.ut.ee\/?page=pub_get_ttxt_dokv_file&amp;pid=125174&amp;lang=est&amp;u=20220824074800&amp;desktop=57835&amp;r_url=%2F%3Fpage%3Dpub_list_dynobj%26pid%3D%26tid%3D70993%26u%3D20220824074800\" target=\"_blank\" rel=\"noopener\" data-url=\"https:\/\/adr.ut.ee\/?page=pub_get_ttxt_dokv_file&amp;pid=125174&amp;lang=est&amp;u=20220824074800&amp;desktop=57835&amp;r_url=%2F%3Fpage%3Dpub_list_dynobj%26pid%3D%26tid%3D70993%26u%3D20220824074800\">avalduse<\/a>\u00a0ja teadusprodekaani esildise alusel teadusprorektori korraldusega, v\u00f5ttes arvesse, et kui \u00f5ppekoht eeldab nooremteaduri ametikohale asumist, peab selle t\u00e4itmiseks olema saavutatud kokkulepe t\u00f6\u00f6lepingu tingimustes;<\/p>\n<p style=\"text-align: justify; margin-left: 40px;\"><strong>27.2. <\/strong>vaba \u00f5ppekoha t\u00e4itmiseks v\u00f5ib konkursi v\u00e4lja kuulutada kogu \u00f5ppeaasta jooksul. Vabale \u00f5ppekohale kandideerijaid hindab atesteerimiskomisjon valdkonna n\u00f5ukogu kehtestatud korras, juhindudes eeskirjas atesteerimise kohta s\u00e4testatust;<\/p>\n<p style=\"text-align: justify; margin-left: 40px;\"><strong>27.3. <\/strong>vabale \u00f5ppekohale ei saa kandideerida isik, kes on samalt \u00f5ppekavalt eksmatrikuleeritud kaheksa-aastase \u00f5ppeaja \u00fcletamise t\u00f5ttu v\u00f5i kes on \u00fclikoolist kuni kaks aastat tagasi eksmatrikuleeritud v\u00e4\u00e4ritu k\u00e4itumise p\u00e4rast.<\/p>\n<p style=\"text-align: justify;\">\n<\/p>","protected":false},"excerpt":{"rendered":"<p>27. Vaba \u00f5ppekoht t\u00e4idetakse \u00f5ppekorralduseeskirjas s\u00e4testatud tingimustel ja korras, v\u00f5ttes arvesse j\u00e4rgmisi erisusi: 27.1. vaba \u00f5ppekoht t\u00e4idetakse kandideerija\u00a0avalduse\u00a0ja teadusprodekaani esildise alusel teadusprorektori korraldusega, v\u00f5ttes arvesse, et kui \u00f5ppekoht eeldab nooremteaduri ametikohale asumist, peab selle t\u00e4itmiseks olema saavutatud kokkulepe t\u00f6\u00f6lepingu tingimustes; &#8230;<\/p>\n","protected":false},"author":228,"featured_media":0,"parent":0,"menu_order":0,"comment_status":"closed","ping_status":"closed","template":"","meta":{"_acf_changed":false,"inline_featured_image":false,"footnotes":""},"class_list":["post-76","page","type-page","status-publish","hentry"],"acf":[],"_links":{"self":[{"href":"https:\/\/sisu.ut.ee\/ope\/wp-json\/wp\/v2\/pages\/76","targetHints":{"allow":["GET"]}}],"collection":[{"href":"https:\/\/sisu.ut.ee\/ope\/wp-json\/wp\/v2\/pages"}],"about":[{"href":"https:\/\/sisu.ut.ee\/ope\/wp-json\/wp\/v2\/types\/page"}],"author":[{"embeddable":true,"href":"https:\/\/sisu.ut.ee\/ope\/wp-json\/wp\/v2\/users\/228"}],"replies":[{"embeddable":true,"href":"https:\/\/sisu.ut.ee\/ope\/wp-json\/wp\/v2\/comments?post=76"}],"version-history":[{"count":3,"href":"https:\/\/sisu.ut.ee\/ope\/wp-json\/wp\/v2\/pages\/76\/revisions"}],"predecessor-version":[{"id":1357,"href":"https:\/\/sisu.ut.ee\/ope\/wp-json\/wp\/v2\/pages\/76\/revisions\/1357"}],"wp:attachment":[{"href":"https:\/\/sisu.ut.ee\/ope\/wp-json\/wp\/v2\/media?parent=76"}],"curies":[{"name":"wp","href":"https:\/\/api.w.org\/{rel}","templated":true}]}}