{"id":75,"date":"2024-04-04T07:15:56","date_gmt":"2024-04-04T04:15:56","guid":{"rendered":"https:\/\/sisu.ut.ee\/ope\/juhendamine\/"},"modified":"2025-05-19T15:12:45","modified_gmt":"2025-05-19T12:12:45","slug":"juhendamine","status":"publish","type":"page","link":"https:\/\/sisu.ut.ee\/ope\/juhendamine\/","title":{"rendered":"II.2. Juhendamine"},"content":{"rendered":"<p style=\"text-align: justify;\"><span lang=\"ET\"><span style=\"line-height: 107%;\"><strong>21.\u00a0<\/strong><\/span><\/span>Valdkonna n\u00f5ukogu otsusega v\u00f5i valdkonna n\u00f5ukogu otsusel doktori\u00f5ppe programmi eriala haldava instituudi n\u00f5ukogu otsusega m\u00e4\u00e4ratakse enne doktorandi immatrikuleerimist juhendaja(d), sealhulgas vastutav juhendaja, ja kinnitatakse doktorit\u00f6\u00f6 teema. Juhendaja\u00a0m\u00e4\u00e4ramiseks on vajalik juhendaja n\u00f5usolek. Vastutav juhendaja esitab n\u00f5ukogule doktorit\u00f6\u00f6 teema eesti ja inglise keeles ning doktorit\u00f6\u00f6 kirjutamise keeles, kui see on muu kui eesti v\u00f5i inglise keel, ning doktorit\u00f6\u00f6 liigitamiseks kuni kolm <a title=\"\" href=\"https:\/\/www.etis.ee\/Portal\/Classifiers\/Index\/26?\" target=\"_blank\" rel=\"noopener\" data-url=\"https:\/\/www.etis.ee\/Portal\/Classifiers\/Index\/26?\">valdkondliku klassifikaatori<\/a>\u00a0<em>Common European Research Classification Scheme<\/em> alusel m\u00e4\u00e4ratud eriala<\/p>\n<p style=\"text-align: justify;\"><\/p><div class=\"accordion mb-3\">\n        <div class=\"accordion-item accordion-item--white\">\n        <h2 class=\"accordion-header\" id=\"accordion-69d5370da201f-heading\">\n            <button class=\"accordion-button collapsed\" type=\"button\" data-bs-toggle=\"collapse\" data-bs-target=\"#accordion-69d5370da201f-collapse\" aria-expanded=\"true\" aria-controls=\"accordion-69d5370da201f-collapse\">Hea tava<\/button>\n        <\/h2>\n        <div id=\"accordion-69d5370da201f-collapse\" class=\"accordion-collapse collapse\" aria-labelledby=\"accordion-69d5370da201f-heading\">\n            <div class=\"accordion-body\">Juhendaja m\u00e4\u00e4ramise p\u00f5him\u00f5tted leiad <a title=\"\" href=\"https:\/\/ut.ee\/sites\/default\/files\/inline-files\/doktorioppe_hea_tava.pdf\" target=\"_blank\" rel=\"noopener\" data-url=\"https:\/\/ut.ee\/sites\/default\/files\/inline-files\/doktorioppe_hea_tava.pdf\"><span style=\"color: #0099ff;\">doktori\u00f5ppe hea tava<\/span><\/a> punktist I.3. <\/div>\n        <\/div>\n        <\/div>\n    <\/div>\n<p style=\"text-align: justify;\"><strong>22. <\/strong>Eksternile m\u00e4\u00e4ratakse juhendaja(d), sealhulgas vastutav juhendaja, enne eksterniks arvamist valdkonna n\u00f5ukogu otsusega v\u00f5i valdkonna n\u00f5ukogu otsusel doktori\u00f5ppe programmi eriala haldava instituudi n\u00f5ukogu otsusega.<\/p>\n<p style=\"text-align: justify;\"><strong>23. <\/strong>Doktori\u00f5ppes \u00f5ppija juhendajal peab olema doktorikraad. P\u00f5hjendatud juhtudel v\u00f5ib \u00fcheks juhendajaks m\u00e4\u00e4rata oma ala juhtiva praktiku s\u00f5ltumata doktorikraadi olemasolust.<\/p>\n<p style=\"text-align: justify;\"><strong>24. <\/strong>Vastutav juhendaja peab olema t\u00f6\u00f6lepingu alusel \u00fclikooliga seotud, v\u00e4lja arvatud juhul, kui doktori\u00f5ppe korraldamiseks s\u00f5lmitud asutustevahelises koost\u00f6\u00f6lepingus s\u00e4testatakse teisiti. Sel juhul peab \u00fclikooliga olema t\u00f6\u00f6lepingu alusel seotud v\u00e4hemalt \u00fcks juhendaja.<\/p>\n<p style=\"text-align: justify;\"><strong>25. <\/strong>Doktori\u00f5ppes \u00f5ppija, juhendaja(te) ja \u00fclikooli vahel s\u00f5lmitakse \u00fche kuu jooksul p\u00e4rast doktorandi immatrikuleerimist v\u00f5i eksterniks arvamist <a title=\"\" href=\"https:\/\/dok.ut.ee\/wd\/?page=pub_view_dynobj&amp;pid=125450&amp;tid=70993&amp;u=20231208113014&amp;desktop=57835&amp;r_url=%2Fwd%2F%3Fpage%3Dpub_list_dynobj%26pid%3D57864%26tid%3D70993%26u%3D20231208113014\" target=\"_blank\" rel=\"noopener\" data-url=\"https:\/\/dok.ut.ee\/wd\/?page=pub_view_dynobj&amp;pid=125450&amp;tid=70993&amp;u=20231208113014&amp;desktop=57835&amp;r_url=%2Fwd%2F%3Fpage%3Dpub_list_dynobj%26pid%3D57864%26tid%3D70993%26u%3D20231208113014\">juhendamiskokkulepe<\/a>. Kui eksternina \u00f5ppimist j\u00e4tkatakse vahetult p\u00e4rast \u00f5ppimise perioodi, mille kohta on s\u00f5lmitud juhendamiskokkulepe ja selle tingimusi ei ole vaja muuta, siis kehtib kokkulepe ka uuel \u00f5ppimise perioodil.<\/p>\n<p style=\"text-align: justify;\"><\/p><div class=\"accordion mb-3\">\n        <div class=\"accordion-item accordion-item--white\">\n        <h2 class=\"accordion-header\" id=\"accordion-69d5370da2025-heading\">\n            <button class=\"accordion-button collapsed\" type=\"button\" data-bs-toggle=\"collapse\" data-bs-target=\"#accordion-69d5370da2025-collapse\" aria-expanded=\"true\" aria-controls=\"accordion-69d5370da2025-collapse\">Hea tava<\/button>\n        <\/h2>\n        <div id=\"accordion-69d5370da2025-collapse\" class=\"accordion-collapse collapse\" aria-labelledby=\"accordion-69d5370da2025-heading\">\n            <div class=\"accordion-body\">Enne juhendamiskokkuleppe s\u00f5lmimist tasub tutvuda soovituslike tegevusjuhistega doktori\u00f5ppes \u00f5ppijale ja juhendajale <a title=\"\" href=\"https:\/\/ut.ee\/sites\/default\/files\/inline-files\/doktorioppe_hea_tava.pdf\" target=\"_blank\" rel=\"noopener\" data-url=\"https:\/\/ut.ee\/sites\/default\/files\/inline-files\/doktorioppe_hea_tava.pdf\"><span style=\"color: #0099ff;\">doktori\u00f5ppe heas tavas<\/span><\/a>.\u00a0<\/div>\n        <\/div>\n        <\/div>\n    <\/div>\n<p style=\"text-align: justify;\"><\/p><div class=\"accordion mb-3\">\n        <div class=\"accordion-item accordion-item--white\">\n        <h2 class=\"accordion-header\" id=\"accordion-69d5370da2028-heading\">\n            <button class=\"accordion-button collapsed\" type=\"button\" data-bs-toggle=\"collapse\" data-bs-target=\"#accordion-69d5370da2028-collapse\" aria-expanded=\"true\" aria-controls=\"accordion-69d5370da2028-collapse\">Korralduslik info<\/button>\n        <\/h2>\n        <div id=\"accordion-69d5370da2028-collapse\" class=\"accordion-collapse collapse\" aria-labelledby=\"accordion-69d5370da2028-heading\">\n            <div class=\"accordion-body\">Lepe s\u00f5lmitakse nii mitmes eksemplaris, kui on leppele allakirjutanuid.\u00a0Igale allakirjutanule j\u00e4\u00e4b \u00fcks eksemplar.\n<p style=\"text-align: justify;\">Juhendamiskokkuleppes tuleb kirja panna, kuidas juhendajad omavahel vastutust ja t\u00f6\u00f6\u00fclesandeid jagavad.<\/p>\n<p style=\"text-align: justify;\">Lepe registreeritakse ja s\u00e4ilitatakse teaduskonna dekanaadis v\u00f5i\u00a0kui dekaan on volitanud instituudi juhi juhendamiskokkuleppeid allkirjastama, siis instituudis, kuhu doktorant on immatrikuleeritud.\u00a0<\/p><\/div>\n        <\/div>\n        <\/div>\n    <\/div>\n<p style=\"text-align: justify;\"><strong>26. <\/strong>Juhendaja kinnitanud n\u00f5ukogul on \u00f5igus m\u00e4\u00e4rata doktori\u00f5ppes \u00f5ppija v\u00f5i juhendaja avalduse alusel uus juhendaja v\u00f5i l\u00f5petada juhendamise kohustus.<\/p>\n\n\n<p><strong>26<sup>1<\/sup>. <\/strong>Punktides 21, 22, 26 nimetatud k\u00fcsimuste otsustamisel osalevad valdkonna v\u00f5i instituudi n\u00f5ukogu liikmed, kellel on doktorikraad v\u00f5i sellele vastav kvalifikatsioon. Juhendaja(te)l ei ole \u00f5igust nendes k\u00fcsimustes h\u00e4\u00e4letada ega koosolekut juhatada. N\u00f5ukogu liikmetel, kellel puudub doktorikraad v\u00f5i sellele vastav kvalifikatsioon, on nende k\u00fcsimuste arutamisel s\u00f5na\u00f5igus, kuid otsustamisel nad ei osale. N\u00f5ukogu otsus nendes k\u00fcsimustes on vastu v\u00f5etud, kui selle poolt h\u00e4\u00e4letab enam kui pool koosolekul osalevatest otsustus\u00f5iguslikest n\u00f5ukogu liikmetest, kuid v\u00e4hemalt neli liiget.<\/p>\n","protected":false},"excerpt":{"rendered":"<p>21.\u00a0Valdkonna n\u00f5ukogu otsusega v\u00f5i valdkonna n\u00f5ukogu otsusel doktori\u00f5ppe programmi eriala haldava instituudi n\u00f5ukogu otsusega m\u00e4\u00e4ratakse enne doktorandi immatrikuleerimist juhendaja(d), sealhulgas vastutav juhendaja, ja kinnitatakse doktorit\u00f6\u00f6 teema. Juhendaja\u00a0m\u00e4\u00e4ramiseks on vajalik juhendaja n\u00f5usolek. Vastutav juhendaja esitab n\u00f5ukogule doktorit\u00f6\u00f6 teema eesti ja inglise &#8230;<\/p>\n","protected":false},"author":228,"featured_media":0,"parent":0,"menu_order":0,"comment_status":"closed","ping_status":"closed","template":"","meta":{"_acf_changed":false,"inline_featured_image":false,"footnotes":""},"class_list":["post-75","page","type-page","status-publish","hentry"],"acf":[],"_links":{"self":[{"href":"https:\/\/sisu.ut.ee\/ope\/wp-json\/wp\/v2\/pages\/75","targetHints":{"allow":["GET"]}}],"collection":[{"href":"https:\/\/sisu.ut.ee\/ope\/wp-json\/wp\/v2\/pages"}],"about":[{"href":"https:\/\/sisu.ut.ee\/ope\/wp-json\/wp\/v2\/types\/page"}],"author":[{"embeddable":true,"href":"https:\/\/sisu.ut.ee\/ope\/wp-json\/wp\/v2\/users\/228"}],"replies":[{"embeddable":true,"href":"https:\/\/sisu.ut.ee\/ope\/wp-json\/wp\/v2\/comments?post=75"}],"version-history":[{"count":7,"href":"https:\/\/sisu.ut.ee\/ope\/wp-json\/wp\/v2\/pages\/75\/revisions"}],"predecessor-version":[{"id":1865,"href":"https:\/\/sisu.ut.ee\/ope\/wp-json\/wp\/v2\/pages\/75\/revisions\/1865"}],"wp:attachment":[{"href":"https:\/\/sisu.ut.ee\/ope\/wp-json\/wp\/v2\/media?parent=75"}],"curies":[{"name":"wp","href":"https:\/\/api.w.org\/{rel}","templated":true}]}}