{"id":74,"date":"2024-04-04T07:15:56","date_gmt":"2024-04-04T04:15:56","guid":{"rendered":"https:\/\/sisu.ut.ee\/ope\/ekstern\/"},"modified":"2025-05-19T15:10:46","modified_gmt":"2025-05-19T12:10:46","slug":"ekstern","status":"publish","type":"page","link":"https:\/\/sisu.ut.ee\/ope\/ekstern\/","title":{"rendered":"II.1.2. Ekstern"},"content":{"rendered":"<p><strong>9. <\/strong>Ekstern on isik, kes ei ole \u00fclikooli doktori\u00f5ppesse immatrikuleeritud, kuid kellel on \u00f5igus t\u00e4ita doktori\u00f5ppe programmi, sealhulgas:<\/p>\n<p><\/p>\n<p style=\"padding-left: 40px;\"><strong>9.1. <\/strong>sooritada eksameid ja arvestusi \u00f5ppeaastas kuni 30 EAP ulatuses ja<br><strong>9.2.<\/strong> teha teadust\u00f6\u00f6d, muu hulgas kaitsta doktorit\u00f6\u00f6d, doktori\u00f5ppe programmis ette n\u00e4htud mahus.<\/p>\n<p> <\/p>\n<p><strong>10. <\/strong>Eksterni staatust v\u00f5ib doktori\u00f5ppes taotleda isik, kellel on magistrikraad v\u00f5i sellele vastav kvalifikatsioon, kelle keeleoskus vastab doktori\u00f5ppe <a title=\"\" href=\"https:\/\/adr.ut.ee\/?page=pub_list_dynobj&amp;desktop=57835&amp;tid=69329&amp;data_only=true&amp;search=Otsi&amp;field_75482_search_type=ANY&amp;field_75482_text_search_value=taseme%C3%B5pe&amp;field_69352_search_value=Kehtib&amp;field_69352_search_type=EQ&amp;field_69352_search_value_type=name\" target=\"_blank\" rel=\"noopener\" data-url=\"https:\/\/adr.ut.ee\/?page=pub_list_dynobj&amp;desktop=57835&amp;tid=69329&amp;data_only=true&amp;search=Otsi&amp;field_75482_search_type=ANY&amp;field_75482_text_search_value=taseme\u00f5pe&amp;field_69352_search_value=Kehtib&amp;field_69352_search_type=EQ&amp;field_69352_search_value_type=name\">vastuv\u00f5tueeskirjas<\/a>\u00a0n\u00f5utud tasemele ning kes on varem \u00f5ppinud sama v\u00f5i sarnase doktori\u00f5ppe programmi alusel. Programm, mille alusel eksternina \u00f5ppima asutakse, peab olema varem t\u00e4idetud v\u00e4hemalt 50% ulatuses, v\u00e4lja arvatud enne 2022\/2023. \u00f5ppeaastat avatud doktori\u00f5ppekava puhul. Programmi t\u00e4itmist hindab enne eksterniks arvamist atesteerimiskomisjon vastavalt k\u00e4esolevale eeskirjale ja valdkonna atesteerimiskorrale.<\/p>\n<p><\/p>\n\n<div class=\"accordion-block mb-3\">\n\t\t<div class=\"accordion \" id=\"accordion-accordion-69d5909018229\">\n\t\t\t\t\t\t\t<div class=\"accordion-item accordion-item--white\">\n\t\t\t\t\t<h2 class=\"accordion-header\" id=\"accordion-69d5909018229-heading-1\">\n\t\t\t\t\t\t<button class=\"accordion-button collapsed\" type=\"button\" data-bs-toggle=\"collapse\" data-bs-target=\"#accordion-69d5909018229-collapse-1\" aria-expanded=\"true\" aria-controls=\"accordion-69d5909018229-collapse-1\">\n\t\t\t\t\t\t\tJuhendid\n\t\t\t\t\t\t<\/button>\n\t\t\t\t\t<\/h2>\n\t\t\t\t\t<div id=\"accordion-69d5909018229-collapse-1\" class=\"accordion-collapse collapse \" aria-labelledby=\"accordion-69d5909018229-heading-1\">\n\t\t\t\t\t\t<div class=\"accordion-body\">\n\t\t\t\t\t\t\t<p><span data-teams=\"true\">Alates 2022\/2023. \u00f5ppeaastast avatud doktori\u00f5ppe programmide alusel saab eksternina \u00f5ppima tulla ainult \u00f5pinguid l\u00f5petama. \u00d5pingute alustamiseks on sobiv nooremteaduri v\u00f5i t\u00f6\u00f6lepinguta doktorandi \u00f5ppekoht. T\u00f6\u00f6lepinguta doktorant v\u00f5iks t\u00fc\u00fcpiliselt olla isik, kes on juba v\u00e4ljaspool \u00fclikooli t\u00f6\u00f6ga h\u00f5ivatud. Eksterniga v\u00f5rreldes on \u00fcli\u00f5pilasel paremad v\u00f5imalused \u00f5ppekava t\u00e4ita, sh taotleda mobiilsustoetusi. Alates 2022\/2023. \u00f5ppeaastast avatud doktori\u00f5ppe programmi alusel eksternina \u00f5ppima asumiseks peab programm varasemalt olema t\u00e4idetud v\u00e4hemalt 50% ulatuses.<\/span><\/p>\n\n\t\t\t\t\t\t<\/div>\n\t\t\t\t\t<\/div>\n\t\t\t\t<\/div>\n\t\t\t\t\t<\/div>\n\t<\/div>\n\n\n<p><\/p>\n<p><strong>11. <\/strong>Eksterni staatuse saamiseks esitab isik teadusprodekaanile <a title=\"\" href=\"https:\/\/ut.ee\/et\/sisu\/oppimine-eksternina\" target=\"_blank\" rel=\"noopener\" data-url=\"https:\/\/ut.ee\/et\/sisu\/oppimine-eksternina\">avalduse<\/a>\u00a0ja <a title=\"\" href=\"https:\/\/adr.ut.ee\/?page=pub_get_ttxt_dokv_file&amp;pid=140548726&amp;lang=est&amp;u=20220824074529&amp;desktop=57835&amp;r_url=%2F%3Fpage%3Dpub_list_dynobj%26pid%3D%26tid%3D70993%26u%3D20220824074529\" target=\"_blank\" rel=\"noopener\" data-url=\"https:\/\/adr.ut.ee\/?page=pub_get_ttxt_dokv_file&amp;pid=140548726&amp;lang=est&amp;u=20220824074529&amp;desktop=57835&amp;r_url=%2F%3Fpage%3Dpub_list_dynobj%26pid%3D%26tid%3D70993%26u%3D20220824074529\">perioodiplaani kavandi<\/a> v\u00f5imaliku juhendaja n\u00f5usolekuga ning eksterni staatuse esmakordsel taotlemisel doktori\u00f5ppe programmi eriala juhi otsusel\u00a0ka <a title=\"\" href=\"https:\/\/dok.ut.ee\/index.php?page=pub_get_ttxt_dokv_file&amp;pid=125886&amp;lang=est&amp;u=20230919141219&amp;desktop=57835&amp;r_url=%2Fwd%2F%3Fpage%3Dpub_list_dynobj%26pid%3D57864%26tid%3D70993%26u%3D20230919141219\" target=\"_blank\" rel=\"noopener\" data-url=\"https:\/\/dok.ut.ee\/index.php?page=pub_get_ttxt_dokv_file&amp;pid=125886&amp;lang=est&amp;u=20230919141219&amp;desktop=57835&amp;r_url=%2Fwd%2F%3Fpage%3Dpub_list_dynobj%26pid%3D57864%26tid%3D70993%26u%3D20230919141219\">individuaalplaani kavandi<\/a>. Teadusprodekaani korraldusega antakse eksterni staatus kuni \u00fcheks \u00f5ppeaastaks.<\/p>\n<p> <\/p>\n<p><strong>12. <\/strong>Teadusprodekaan v\u00f5ib j\u00e4tta avalduse rahuldamata j\u00e4rgmistel juhtudel:<\/p>\n<p> <\/p>\n<p style=\"padding-left: 40px;\"><strong>12.1. <\/strong>\u00fclikoolil ei ole v\u00f5imalik pakkuda sobivat juhendajat;<br><strong>12.2.<\/strong> avalduse esitaja on \u00fclikoolile \u00f5ppetasu v\u00f5lgu;<br><strong>12.3. <\/strong>avalduse esitaja ei ole varem t\u00e4itnud individuaalplaani, sealhulgas on varem negatiivselt atesteeritud v\u00f5i j\u00e4etud atesteerimata;<br><strong>12.4.<\/strong> muul m\u00f5juval p\u00f5hjusel.<\/p>\n<p> <\/p>\n<p><strong>13. <\/strong>Eksterni ja \u00fclikooli suhted m\u00e4\u00e4ratakse kindlaks enne eksterniks arvamist \u00fclikooli ja eksterni vahel s\u00f5lmitava <a title=\"\" href=\"https:\/\/dok.ut.ee\/wd\/?field_100193_search_type=ANY&amp;field_100193_search_values%5b%5d=%C3%95ppet%C3%B6%C3%B6+-+%C3%95ppekulude+h%C3%BCvitamise+lepingud&amp;field_71010_search_type=CO&amp;field_14790199_search_type=CO&amp;field_75460_search_location=1&amp;field_75460_search_type=1&amp;field_75462_search_location=1&amp;field_75462_search_type=1&amp;field_75464_search_location=1&amp;field_75464_search_type=1&amp;search=Otsi&amp;page=list_dynobj&amp;pid=57864&amp;tid=70993&amp;btid=70993\" target=\"_blank\" rel=\"noopener\" data-url=\"https:\/\/dok.ut.ee\/wd\/?field_100193_search_type=ANY&amp;field_100193_search_values%5b%5d=\u00d5ppet\u00f6\u00f6+-+\u00d5ppekulude+h\u00fcvitamise+lepingud&amp;field_71010_search_type=CO&amp;field_14790199_search_type=CO&amp;field_75460_search_location=1&amp;field_75460_search_type=1&amp;field_75462_search_location=1&amp;field_75462_search_type=1&amp;field_75464_search_location=1&amp;field_75464_search_type=1&amp;search=Otsi&amp;page=list_dynobj&amp;pid=57864&amp;tid=70993&amp;btid=70993\">lepinguga<\/a>.<\/p>\n<p> <\/p>\n<p><strong>14.<\/strong> \u00dclikool katkestab eksterni \u00f5pingud teadusprodekaani korraldusega eksterni <a title=\"\" href=\"https:\/\/ut.ee\/et\/sisu\/oppimine-eksternina\" target=\"_blank\" rel=\"noopener\" data-url=\"https:\/\/ut.ee\/et\/sisu\/oppimine-eksternina\">avalduse<\/a> alusel v\u00f5i kui ekstern ei ole t\u00e4itnud \u00fclikooli \u00f5ppekorralduse v\u00f5i sisekorra n\u00f5udeid.<\/p>\n<p><\/p>","protected":false},"excerpt":{"rendered":"<p>9. Ekstern on isik, kes ei ole \u00fclikooli doktori\u00f5ppesse immatrikuleeritud, kuid kellel on \u00f5igus t\u00e4ita doktori\u00f5ppe programmi, sealhulgas: 9.1. sooritada eksameid ja arvestusi \u00f5ppeaastas kuni 30 EAP ulatuses ja9.2. teha teadust\u00f6\u00f6d, muu hulgas kaitsta doktorit\u00f6\u00f6d, doktori\u00f5ppe programmis ette n\u00e4htud mahus. &#8230;<\/p>\n","protected":false},"author":228,"featured_media":0,"parent":0,"menu_order":0,"comment_status":"closed","ping_status":"closed","template":"","meta":{"_acf_changed":false,"inline_featured_image":false,"footnotes":""},"class_list":["post-74","page","type-page","status-publish","hentry"],"acf":[],"_links":{"self":[{"href":"https:\/\/sisu.ut.ee\/ope\/wp-json\/wp\/v2\/pages\/74","targetHints":{"allow":["GET"]}}],"collection":[{"href":"https:\/\/sisu.ut.ee\/ope\/wp-json\/wp\/v2\/pages"}],"about":[{"href":"https:\/\/sisu.ut.ee\/ope\/wp-json\/wp\/v2\/types\/page"}],"author":[{"embeddable":true,"href":"https:\/\/sisu.ut.ee\/ope\/wp-json\/wp\/v2\/users\/228"}],"replies":[{"embeddable":true,"href":"https:\/\/sisu.ut.ee\/ope\/wp-json\/wp\/v2\/comments?post=74"}],"version-history":[{"count":5,"href":"https:\/\/sisu.ut.ee\/ope\/wp-json\/wp\/v2\/pages\/74\/revisions"}],"predecessor-version":[{"id":1863,"href":"https:\/\/sisu.ut.ee\/ope\/wp-json\/wp\/v2\/pages\/74\/revisions\/1863"}],"wp:attachment":[{"href":"https:\/\/sisu.ut.ee\/ope\/wp-json\/wp\/v2\/media?parent=74"}],"curies":[{"name":"wp","href":"https:\/\/api.w.org\/{rel}","templated":true}]}}