{"id":73,"date":"2024-04-04T07:15:56","date_gmt":"2024-04-04T04:15:56","guid":{"rendered":"https:\/\/sisu.ut.ee\/ope\/kulalisdoktorant\/"},"modified":"2025-05-07T12:40:16","modified_gmt":"2025-05-07T09:40:16","slug":"kulalisdoktorant","status":"publish","type":"page","link":"https:\/\/sisu.ut.ee\/ope\/kulalisdoktorant\/","title":{"rendered":"II.1.3. K\u00fclalisdoktorant"},"content":{"rendered":"<p style=\"text-align: justify;\"><strong>15. <\/strong>K\u00fclalisdoktorant on m\u00f5ne teise k\u00f5rgkooli doktorant, kes arvatakse teadusprorektori korraldusega \u00fclikooli \u00f5ppima \u00fcheks semestriks v\u00f5i \u00f5ppeaastaks.<\/p>\n<p style=\"text-align: justify;\"><strong>16. <\/strong>K\u00fclalisdoktorandi staatuse saamiseks esitab isik teadusprorektorile <a title=\"\" href=\"http:\/\/dok.ut.ee\/wd\/?page=pub_list_dynobj&amp;desktop=57835&amp;tid=70993&amp;data_only=true&amp;search=Otsi&amp;field_100193_search_type=ANY&amp;field_100193_text_search_value=ppimine\" target=\"_blank\" rel=\"noopener\" data-url=\"http:\/\/dok.ut.ee\/wd\/?page=pub_list_dynobj&amp;desktop=57835&amp;tid=70993&amp;data_only=true&amp;search=Otsi&amp;field_100193_search_type=ANY&amp;field_100193_text_search_value=ppimine\">avalduse<\/a>, millel on valdkonna teadusprodekaani ja koduk\u00f5rgkooli vastutava isiku n\u00f5usolek. Teadusprodekaan v\u00f5ib j\u00e4tta n\u00f5usoleku andmata, kui avalduse esitaja ei vasta doktori\u00f5ppe programmis v\u00f5i \u00f5ppeaines kehtestatud tingimustele v\u00f5i \u00f5ppet\u00f6\u00f6s osalejate piirarv on t\u00e4is. Teadusprorektori korraldus k\u00fclalisdoktorandiks arvamise kohta ja k\u00fclalisdoktorandi avaldus annavad aluse tema registreerimiseks avaldusel olevatesse \u00f5ppeainetesse \u00f5ppekorralduseeskirja alapeat\u00fcki\u00a0<a title=\"\" href=\"https:\/\/sisu.ut.ee\/ope\/oppeainetesse-registreerumine\" target=\"_blank\" rel=\"noopener\" data-url=\"https:\/\/sisu.ut.ee\/ope\/oppeainetesse-registreerumine\">II.3<\/a> kohaselt.<\/p>\n<p style=\"text-align: justify;\"><strong>17. <\/strong>K\u00fclalisdoktorandina \u00f5ppida soovija peab t\u00f5endama \u00f5ppekeele oskust v\u00e4hemalt Euroopa keele\u00f5ppe raamdokumendis m\u00e4\u00e4ratletud B2-tasemel.<\/p>\n<p style=\"text-align: justify;\"><strong>18. <\/strong>\u00d5ppeaja l\u00f5ppedes v\u00e4ljastab dekanaat k\u00fclalisdoktorandile \u00f5pitulemuste v\u00e4ljav\u00f5tte.<\/p>\n<p style=\"text-align: justify;\"><strong>19. <\/strong>K\u00fclalisdoktorandi \u00f5pinguid v\u00f5ib pikendada teadusprodekaani korraldusega kuni \u00fcheks \u00f5ppeaastaks.<\/p>\n<p style=\"text-align: justify;\"><strong>20. <\/strong>\u00dclikool katkestab k\u00fclalisdoktorandi \u00f5pingud teadusprorektori korraldusega<\/p>\n<p style=\"text-align: justify; margin-left: 40px;\"><strong>20.1. <\/strong>teadusprodekaani esildise alusel, kui kulalisdoktorant ei ole t\u00e4itnud \u00fclikooli \u00f5ppekorralduse v\u00f5i sisekorra n\u00f5udeid;<\/p>\n<p style=\"text-align: justify; margin-left: 40px;\"><strong>20.2.<\/strong> \u00fclikoolidevahelise koost\u00f6\u00f6lepingu l\u00f5ppemisel v\u00f5i<\/p>\n<p style=\"text-align: justify; margin-left: 40px;\"><strong>20.3. <\/strong>k\u00fclalisdoktorandi avalduse alusel.<\/p>\n","protected":false},"excerpt":{"rendered":"<p>15. K\u00fclalisdoktorant on m\u00f5ne teise k\u00f5rgkooli doktorant, kes arvatakse teadusprorektori korraldusega \u00fclikooli \u00f5ppima \u00fcheks semestriks v\u00f5i \u00f5ppeaastaks. 16. K\u00fclalisdoktorandi staatuse saamiseks esitab isik teadusprorektorile avalduse, millel on valdkonna teadusprodekaani ja koduk\u00f5rgkooli vastutava isiku n\u00f5usolek. Teadusprodekaan v\u00f5ib j\u00e4tta n\u00f5usoleku andmata, kui &#8230;<\/p>\n","protected":false},"author":228,"featured_media":0,"parent":0,"menu_order":0,"comment_status":"closed","ping_status":"closed","template":"","meta":{"_acf_changed":false,"inline_featured_image":false,"footnotes":""},"class_list":["post-73","page","type-page","status-publish","hentry"],"acf":[],"_links":{"self":[{"href":"https:\/\/sisu.ut.ee\/ope\/wp-json\/wp\/v2\/pages\/73","targetHints":{"allow":["GET"]}}],"collection":[{"href":"https:\/\/sisu.ut.ee\/ope\/wp-json\/wp\/v2\/pages"}],"about":[{"href":"https:\/\/sisu.ut.ee\/ope\/wp-json\/wp\/v2\/types\/page"}],"author":[{"embeddable":true,"href":"https:\/\/sisu.ut.ee\/ope\/wp-json\/wp\/v2\/users\/228"}],"replies":[{"embeddable":true,"href":"https:\/\/sisu.ut.ee\/ope\/wp-json\/wp\/v2\/comments?post=73"}],"version-history":[{"count":4,"href":"https:\/\/sisu.ut.ee\/ope\/wp-json\/wp\/v2\/pages\/73\/revisions"}],"predecessor-version":[{"id":1842,"href":"https:\/\/sisu.ut.ee\/ope\/wp-json\/wp\/v2\/pages\/73\/revisions\/1842"}],"wp:attachment":[{"href":"https:\/\/sisu.ut.ee\/ope\/wp-json\/wp\/v2\/media?parent=73"}],"curies":[{"name":"wp","href":"https:\/\/api.w.org\/{rel}","templated":true}]}}