{"id":67,"date":"2024-04-04T07:15:55","date_gmt":"2024-04-04T04:15:55","guid":{"rendered":"https:\/\/sisu.ut.ee\/ope\/rakendussatted\/"},"modified":"2024-04-16T16:35:13","modified_gmt":"2024-04-16T13:35:13","slug":"rakendussatted","status":"publish","type":"page","link":"https:\/\/sisu.ut.ee\/ope\/rakendussatted\/","title":{"rendered":"IV. Rakenduss\u00e4tted"},"content":{"rendered":"<p style=\"text-align: justify;\"><strong><br>\n178. <\/strong>Tartu \u00dclikooli senati 28. mai 2021. a m\u00e4\u00e4rusega nr 4 kehtestatud doktori\u00f5ppe eeskiri tunnistatakse kehtetuks.<\/p>\n<p style=\"text-align: justify;\"><strong>179.<\/strong> Enne 2018\/2019. \u00f5ppeaastat immatrikuleeritud \u00fcli\u00f5pilasel on \u00f5igus olla immatrikuleeritud korraga mitme \u00f5ppekava alusel erinevatel k\u00f5rgharidusastmetel.<\/p>\n<p style=\"text-align: justify;\"><strong>180.<\/strong> Eeskirjas doktori\u00f5ppe programmidele viitavad s\u00e4tted kehtivad ka enne 2022\/2023. \u00f5ppeaastat avatud doktori\u00f5ppe \u00f5ppekavade kohta, kui ei ole s\u00e4testatud teisiti.<\/p>\n<p style=\"text-align: justify;\"><strong>181.<\/strong> Enne 2022\/2023. \u00f5ppeaastat avatud doktori\u00f5ppe \u00f5ppekavade programmijuhtidel on doktori\u00f5ppe programmi eriala juhtidele m\u00e4\u00e4ratud \u00f5igused ja kohustused.<\/p>\n<p style=\"text-align: justify;\"><strong>182. <\/strong>2021\/2022. \u00f5ppeaastal toimuvatel atesteerimistel kohaldatakse kuni k\u00e4esoleva eeskirja j\u00f5ustumiseni kehtinud doktori\u00f5ppe eeskirja.<\/p>\n<p style=\"text-align: justify;\"><strong>183.<\/strong> Alates 2022\/2023. \u00f5ppeaastast avatud doktori\u00f5ppe programmide alusel immatrikuleeritud doktorantidel ei ole \u00f5igust saada akadeemilist puhkust ega nominaalse \u00f5ppeaja pikendust v\u00e4lisk\u00f5rgkoolis \u00f5ppimise v\u00f5i riigikeele s\u00fcva\u00f5ppe eest \u00f5ppekorralduseeskirjas s\u00e4testatud korras.<\/p>\n<p style=\"text-align: justify;\"><strong>183<sup>1<\/sup>.\u00a0<\/strong>Valdkonna n\u00f5ukogu kehtestab <a title=\"\" href=\"https:\/\/sisu.ut.ee\/ope\/doktorikraadi-andev-noukogu\/#:~:text=oponendid%20noukogu%20lisaliikmeteks.-,98.,-Valdkonna%20noukogu%20kehtestab\" target=\"_blank\" rel=\"noopener\" data-url=\"https:\/\/sisu.ut.ee\/ope\/doktorikraadi-andev-n%C3%B5ukogu#:~:text=oponendid%20n%C3%B5ukogu%20lisaliikmeteks.-,98.,-Valdkonna%20n%C3%B5ukogu%20kehtestab\">punktis 98<\/a> nimetatud doktorikraadi andmise t\u00e4iendavad tingimused hiljemalt 1. septembriks 2024. Kuni valdkonna doktorikraadi andmise t\u00e4iendavate tingimuste kehtestamiseni kohaldatakse n\u00f5ukogu kodukorra s\u00e4tteid, mis puudutavad dokumentide esitamise n\u00f5udeid, sealhulgas n\u00f5ukogule esitatava doktorit\u00f6\u00f6 eksemplaride arvu, ning kaitsmise korraldamist ja kaitsmisel h\u00e4\u00e4letamist, <a title=\"\" href=\"https:\/\/sisu.ut.ee\/ope\/doktoritoo-tervikliku-teaduspublikatsioonide-kogumina\/#:~:text=118%20esitatud%20nouetele%3B-,108.2.,-kolm%20teadusartiklit%20peavad\" target=\"_blank\" rel=\"noopener\" data-url=\"https:\/\/sisu.ut.ee\/ope\/doktorit%C3%B6%C3%B6-tervikliku-teaduspublikatsioonide-kogumina#:~:text=118%20esitatud%20n%C3%B5uetele%3B-,108.2.,-kolm%20teadusartiklit%20peavad\">punktis 108.2<\/a> nimetatud kolmanda teaduspublikatsiooni avaldamist ja <a title=\"\" href=\"https:\/\/sisu.ut.ee\/ope\/teaduspublikatsioonide-ja-katuspeatuki-nouded\/#:~:text=ja%201.2)%3B-,116.2.,-artiklid%20ja%20peatukid\" target=\"_blank\" rel=\"noopener\" data-url=\"https:\/\/sisu.ut.ee\/ope\/teaduspublikatsioonide-ja-katuspeat%C3%BCki-n%C3%B5uded#:~:text=ja%201.2)%3B-,116.2.,-artiklid%20ja%20peat%C3%BCkid\">punktis 116.2<\/a> nimetatud <a title=\"\" href=\"https:\/\/www.etis.ee\/Portal\/Classifiers\/Index\/28?#:~:text=specific%20research%20publications-,3.2.,-Artiklid\/peat%C3%BCkid%20lisas\" target=\"_blank\" rel=\"noopener\" data-url=\"https:\/\/www.etis.ee\/Portal\/Classifiers\/Index\/28?#:~:text=specific%20research%20publications-,3.2.,-Artiklid\/peat%C3%BCkid%20lisas\">ETIS-e klassifikatsiooniga 3.2<\/a> teaduspublikatsiooni lisatingimusi.<\/p>\n<p style=\"text-align: justify;\"><strong>184. <\/strong>Eeskiri j\u00f5ustub 1. augustil 2022.<\/p>\n","protected":false},"excerpt":{"rendered":"<p>178. Tartu \u00dclikooli senati 28. mai 2021. a m\u00e4\u00e4rusega nr 4 kehtestatud doktori\u00f5ppe eeskiri tunnistatakse kehtetuks. 179. Enne 2018\/2019. \u00f5ppeaastat immatrikuleeritud \u00fcli\u00f5pilasel on \u00f5igus olla immatrikuleeritud korraga mitme \u00f5ppekava alusel erinevatel k\u00f5rgharidusastmetel. 180. Eeskirjas doktori\u00f5ppe programmidele viitavad s\u00e4tted kehtivad ka &#8230;<\/p>\n","protected":false},"author":228,"featured_media":0,"parent":0,"menu_order":0,"comment_status":"closed","ping_status":"closed","template":"","meta":{"_acf_changed":false,"inline_featured_image":false,"footnotes":""},"class_list":["post-67","page","type-page","status-publish","hentry"],"acf":[],"_links":{"self":[{"href":"https:\/\/sisu.ut.ee\/ope\/wp-json\/wp\/v2\/pages\/67","targetHints":{"allow":["GET"]}}],"collection":[{"href":"https:\/\/sisu.ut.ee\/ope\/wp-json\/wp\/v2\/pages"}],"about":[{"href":"https:\/\/sisu.ut.ee\/ope\/wp-json\/wp\/v2\/types\/page"}],"author":[{"embeddable":true,"href":"https:\/\/sisu.ut.ee\/ope\/wp-json\/wp\/v2\/users\/228"}],"replies":[{"embeddable":true,"href":"https:\/\/sisu.ut.ee\/ope\/wp-json\/wp\/v2\/comments?post=67"}],"version-history":[{"count":3,"href":"https:\/\/sisu.ut.ee\/ope\/wp-json\/wp\/v2\/pages\/67\/revisions"}],"predecessor-version":[{"id":1438,"href":"https:\/\/sisu.ut.ee\/ope\/wp-json\/wp\/v2\/pages\/67\/revisions\/1438"}],"wp:attachment":[{"href":"https:\/\/sisu.ut.ee\/ope\/wp-json\/wp\/v2\/media?parent=67"}],"curies":[{"name":"wp","href":"https:\/\/api.w.org\/{rel}","templated":true}]}}