{"id":63,"date":"2024-04-04T07:15:55","date_gmt":"2024-04-04T04:15:55","guid":{"rendered":"https:\/\/sisu.ut.ee\/ope\/atesteerimine-et\/"},"modified":"2025-12-10T17:48:56","modified_gmt":"2025-12-10T15:48:56","slug":"atesteerimine-et","status":"publish","type":"page","link":"https:\/\/sisu.ut.ee\/ope\/atesteerimine-et\/","title":{"rendered":"II.5. Atesteerimine"},"content":{"rendered":"<p style=\"text-align: justify;\"><strong><br>\n56. <\/strong>Atesteerimine on doktori\u00f5ppes \u00f5ppija teadus- ja \u00f5ppet\u00f6\u00f6s edasij\u00f5udmise hindamine atesteerimiskoosolekul. Atesteerimise l\u00e4bimine on doktori\u00f5pingute j\u00e4tkamise eelduseks.<\/p>\n<p style=\"text-align: justify;\"><strong>57.<\/strong> Atesteerimisel hinnatakse doktori\u00f5ppe programmi ja individuaalplaani t\u00e4itmist.<\/p>\n<p style=\"text-align: justify;\"><strong>58. <\/strong>Valdkonna n\u00f5ukogu kehtestab valdkonna atesteerimiskorra, mis sisaldab v\u00e4hemalt:<\/p>\n<p style=\"text-align: justify; margin-left: 40px;\"><strong>58.1.<\/strong> punktis 59 nimetatud kriteeriumite alusel doktorandi edasij\u00f5udmise hindamise n\u00f5udeid;<br>\n<strong>58.2.<\/strong> juhendajate atesteerimiskoosolekule kaasamise n\u00f5udeid;<br>\n<strong>58.3.<\/strong> atesteerimiskomisjoni t\u00f6\u00f6korda;<br>\n<strong>58.4.<\/strong> <a title=\"\" href=\"https:\/\/sisu.ut.ee\/ope\/atesteerimiseks-vajalikud-dokumendid?lang=et#71\" target=\"_blank\" rel=\"noopener\" data-url=\"https:\/\/sisu.ut.ee\/ope\/atesteerimiseks-vajalikud-dokumendid?lang=et#71\">punktis 71<\/a> nimetatud atesteerimiskomisjonile esitatavate lisamaterjalide loetelu ja<br>\n<strong>58.5.<\/strong> vastavalt eeskirja <a title=\"\" href=\"https:\/\/sisu.ut.ee\/ope\/atesteerimiskoosolek-0?lang=et#73\" target=\"_blank\" rel=\"noopener\" data-url=\"https:\/\/sisu.ut.ee\/ope\/atesteerimiskoosolek-0?lang=et#73\">punktile 73<\/a> doktorandi ja juhendaja(te) koost\u00f6\u00f6le tagasiside k\u00fcsimise ja andmise korda.<\/p>\n<p style=\"text-align: justify;\"><\/p><div class=\"accordion mb-3\">\n        <div class=\"accordion-item accordion-item--white\">\n        <h2 class=\"accordion-header\" id=\"accordion-69d508a860a6a-heading\">\n            <button class=\"accordion-button collapsed\" type=\"button\" data-bs-toggle=\"collapse\" data-bs-target=\"#accordion-69d508a860a6a-collapse\" aria-expanded=\"true\" aria-controls=\"accordion-69d508a860a6a-collapse\">Valdkondade atesteerimiskorrad\u00a0<\/button>\n        <\/h2>\n        <div id=\"accordion-69d508a860a6a-collapse\" class=\"accordion-collapse collapse\" aria-labelledby=\"accordion-69d508a860a6a-heading\">\n            <div class=\"accordion-body\"><a title=\"\" href=\"https:\/\/humanitaarteadused.ut.ee\/sites\/default\/files\/2022-09\/HV%20doktori%C3%B5ppes%20%C3%B5ppijate%20atesteerimise%20kord_EST%20%282%29.pdf\" target=\"_blank\" rel=\"noopener\" data-url=\"https:\/\/humanitaarteadused.ut.ee\/sites\/default\/files\/2022-09\/HV%20doktori\u00f5ppes%20\u00f5ppijate%20atesteerimise%20kord_EST%20%282%29.pdf\"><span style=\"color: #0099ff;\">Humanitaarteaduste ja kunstide valdkond<\/span><\/a><br>\n<a title=\"\" href=\"https:\/\/sisu.ut.ee\/wp-content\/uploads\/sites\/500\/SV-doktorioppes-oppijate-atesteerimise-kord_EST_16.10.2025.pdf\" target=\"_blank\" rel=\"noopener\" data-url=\"https:\/\/sotsiaalteadused.ut.ee\/sites\/default\/files\/2022-10\/SV%20doktori\u00f5ppes%20\u00f5ppijate%20atesteerimise%20kord.pdf\"><span style=\"color: #0099ff;\">Sotsiaalteaduste valdkond<\/span><\/a><br>\n<a title=\"\" href=\"http:\/\/meditsiiniteadused.ut.ee\/sites\/default\/files\/2024-09\/Lisa%202.%20MV%20doktorantide%20atesteerimiskord.pdf\" target=\"_blank\" rel=\"noopener\" data-url=\"https:\/\/meditsiiniteadused.ut.ee\/sites\/default\/files\/2022-10\/lisa_1._mv_doktorioppe_atesteerimiskord.pdf\"><span style=\"color: #0099ff;\">Meditsiiniteaduste valdkond<\/span><\/a><br>\n<a title=\"\" href=\"https:\/\/reaalteadused.ut.ee\/sites\/default\/files\/2022-09\/LTT%20atesteerimiskord_kinnitatud-LT-n6uk-08-09-2022.pdf\" target=\"_blank\" rel=\"noopener\" data-url=\"https:\/\/reaalteadused.ut.ee\/sites\/default\/files\/2022-09\/LTT%20atesteerimiskord_kinnitatud-LT-n6uk-08-09-2022.pdf\"><span style=\"color: #0099ff;\">Loodus- ja t\u00e4ppisteaduste valdkond<\/span><\/a><\/div>\n        <\/div>\n        <\/div>\n    <\/div><br>\n<strong>59. <\/strong>Atesteerimiskomisjon hindab vastavalt valdkonna atesteerimiskorrale allj\u00e4rgnevaid kriteeriume:\n<p style=\"text-align: justify; margin-left: 40px;\"><strong>59.1. <\/strong>doktorit\u00f6\u00f6 valmimisaste;<br>\n<strong>59.2.<\/strong> doktorit\u00f6\u00f6ga seotud teemal avaldatud publikatsioonid ja nendega samav\u00e4\u00e4rsed patendid, patenditaotlused v\u00f5i rakenduslikud lahendused, mis on nimetatud eeskirja punktides <a title=\"\" href=\"https:\/\/sisu.ut.ee\/ope\/teaduspublikatsioonide-ja-katuspeat%C3%BCki-n%C3%B5uded?lang=et#116\" target=\"_blank\" rel=\"noopener\" data-url=\"https:\/\/sisu.ut.ee\/ope\/teaduspublikatsioonide-ja-katuspeat%C3%BCki-n%C3%B5uded?lang=et#116\">116<\/a> ja <a title=\"\" href=\"https:\/\/sisu.ut.ee\/ope\/patentide-patenditaotluste-ja-rakenduslike-lahenduste-n%C3%B5uded?lang=et#120\" target=\"_blank\" rel=\"noopener\" data-url=\"https:\/\/sisu.ut.ee\/ope\/patentide-patenditaotluste-ja-rakenduslike-lahenduste-n%C3%B5uded?lang=et#120\">120<\/a>;<br>\n<strong>59.3. <\/strong>osalemine ja esinemine doktorit\u00f6\u00f6ga seotud erialastel \u00fcritustel ning rahvusvaheline \u00f5ppe- ja uurimist\u00f6\u00f6 kogemus;<br>\n<strong>59.4.<\/strong> muu doktorit\u00f6\u00f6ga seotud teadus-, arendus- ja loometegevus;<br>\n<strong>59.5. <\/strong>doktori\u00f5ppe programmi \u00f5piv\u00e4ljundeid t\u00e4itvate \u00fclekantavate oskuste omandamine;<br>\n<strong>59.6. <\/strong>\u00f5ppetegevus ja enese t\u00e4iendamine doktori\u00f5ppe programmi n\u00f5uete kohaselt.<\/p>\n","protected":false},"excerpt":{"rendered":"<p>56. Atesteerimine on doktori\u00f5ppes \u00f5ppija teadus- ja \u00f5ppet\u00f6\u00f6s edasij\u00f5udmise hindamine atesteerimiskoosolekul. Atesteerimise l\u00e4bimine on doktori\u00f5pingute j\u00e4tkamise eelduseks. 57. Atesteerimisel hinnatakse doktori\u00f5ppe programmi ja individuaalplaani t\u00e4itmist. 58. Valdkonna n\u00f5ukogu kehtestab valdkonna atesteerimiskorra, mis sisaldab v\u00e4hemalt: 58.1. punktis 59 nimetatud kriteeriumite alusel &#8230;<\/p>\n","protected":false},"author":228,"featured_media":0,"parent":0,"menu_order":0,"comment_status":"closed","ping_status":"closed","template":"","meta":{"_acf_changed":false,"inline_featured_image":false,"footnotes":""},"class_list":["post-63","page","type-page","status-publish","hentry"],"acf":[],"_links":{"self":[{"href":"https:\/\/sisu.ut.ee\/ope\/wp-json\/wp\/v2\/pages\/63","targetHints":{"allow":["GET"]}}],"collection":[{"href":"https:\/\/sisu.ut.ee\/ope\/wp-json\/wp\/v2\/pages"}],"about":[{"href":"https:\/\/sisu.ut.ee\/ope\/wp-json\/wp\/v2\/types\/page"}],"author":[{"embeddable":true,"href":"https:\/\/sisu.ut.ee\/ope\/wp-json\/wp\/v2\/users\/228"}],"replies":[{"embeddable":true,"href":"https:\/\/sisu.ut.ee\/ope\/wp-json\/wp\/v2\/comments?post=63"}],"version-history":[{"count":5,"href":"https:\/\/sisu.ut.ee\/ope\/wp-json\/wp\/v2\/pages\/63\/revisions"}],"predecessor-version":[{"id":1962,"href":"https:\/\/sisu.ut.ee\/ope\/wp-json\/wp\/v2\/pages\/63\/revisions\/1962"}],"wp:attachment":[{"href":"https:\/\/sisu.ut.ee\/ope\/wp-json\/wp\/v2\/media?parent=63"}],"curies":[{"name":"wp","href":"https:\/\/api.w.org\/{rel}","templated":true}]}}