{"id":62,"date":"2024-04-04T07:15:55","date_gmt":"2024-04-04T04:15:55","guid":{"rendered":"https:\/\/sisu.ut.ee\/ope\/oppetoo-korraldus\/"},"modified":"2025-05-19T15:24:35","modified_gmt":"2025-05-19T12:24:35","slug":"oppetoo-korraldus","status":"publish","type":"page","link":"https:\/\/sisu.ut.ee\/ope\/oppetoo-korraldus\/","title":{"rendered":"\u00d5ppet\u00f6\u00f6 korraldus"},"content":{"rendered":"<h4><strong>II.4.1. \u00dcldised p\u00f5him\u00f5tted<\/strong><\/h4>\n<p><strong>28. <\/strong>Doktori\u00f5ppes \u00f5ppija \u00f5pingute korraldamise eest vastutavad programmijuht, doktori\u00f5ppe programmi eriala juht ja juhendaja(d).<\/p>\n<p><strong>29. <\/strong>V\u00e4lismaale \u00f5ppima v\u00f5i teadust\u00f6\u00f6d tegema siirduv doktorant m\u00e4rgitakse \u00f5ppeinfos\u00fcsteemis tema individuaalplaani v\u00f5i doktori\u00f5ppe programmi eriala juhi kinnitatud \u00f5ppeplaani alusel v\u00e4lismaal \u00f5ppijaks.<\/p>\n<p><strong><a id=\"30\" name=\"30\"><\/a>30.<\/strong>\u00a0Varasemate \u00f5pingute ja t\u00f6\u00f6kogemuse ning \u00f5pingute ajal v\u00e4ljaspool \u00fclikooli saadud \u00f5pi- ja t\u00f6\u00f6kogemuse arvestamist koosk\u00f5las <a href=\"https:\/\/sisu.ut.ee\/ope\/atesteerimiseks-vajalikud-dokumendid\/#:~:text=seda%20soovitakse%20muuta.-,72.,-Kui%20atesteerimisaruandega%20taotletakse\" target=\"_blank\" rel=\"noopener\">punktis 72<\/a> s\u00e4testatuga ning \u00f5pingute ajal \u00fclikooli t\u00e4iendus\u00f5ppes ja muudel \u00fclikooli \u00f5pis\u00fcndmustel osalemise arvestamist taotletakse atesteerimisaruande alusel.<\/p>\n\n\n<p><strong>30<sup>1<\/sup>. <\/strong>Alates 2022\/2023. \u00f5ppeaastast avatud doktori\u00f5ppe programmide puhul v\u00f5ib \u00fclikool arvestada<\/p>\n\n\n<p style=\"padding-left: 40px;\"><strong>30<sup>1<\/sup>.1. <\/strong>varasemaid \u00f5pinguid, \u00f5pingute ajal v\u00e4ljaspool \u00fclikooli saadud \u00f5pikogemust ning \u00f5pingute ajal \u00fclikoolis l\u00e4bitud t\u00e4iendus\u00f5pet ja muudel \u00fclikooli \u00f5pis\u00fcndmustel osalemist \u00f5ppetegevuse mooduli t\u00e4itmisel;<br><strong>30<sup>1<\/sup>.2. <\/strong>varasemat ja \u00f5pingute ajal v\u00e4ljaspool \u00fclikooli saadud t\u00f6\u00f6kogemust teadus-, arendus- ja loometegevuse mooduli \u00f5piv\u00e4ljundi saavutamisel;<br><strong>30<sup>1<\/sup>.3.<\/strong> t\u00e4iendus\u00f5pet ja muid \u00f5pis\u00fcndmusi ning varasemat ja \u00f5pingute ajal v\u00e4ljaspool \u00fclikooli saadud t\u00f6\u00f6kogemust originaalsooritusena.<\/p>\n<p><strong>31. <\/strong>Kui eeskirjas pole s\u00e4testatud teisiti, l\u00e4htutakse varasemate \u00f5pingute ja t\u00f6\u00f6kogemuse arvestamisel (edaspidi: V\u00d5TA)\u00a0<a title=\"\" href=\"https:\/\/sisu.ut.ee\/ope\/uldsatted-0\/\" target=\"_blank\" rel=\"noopener\" data-url=\"https:\/\/sisu.ut.ee\/ope\/varasemate-opingute-ja-tookogemuse-arvestamine\">\u00f5ppekorralduseeskirjas<\/a>\u00a0s\u00e4testatust.<\/p>\n<p><\/p><div class=\"accordion mb-3\">\n        <div class=\"accordion-item accordion-item--white\">\n        <h2 class=\"accordion-header\" id=\"accordion-69d508a5b4ec8-heading\">\n            <button class=\"accordion-button collapsed\" type=\"button\" data-bs-toggle=\"collapse\" data-bs-target=\"#accordion-69d508a5b4ec8-collapse\" aria-expanded=\"true\" aria-controls=\"accordion-69d508a5b4ec8-collapse\">Juhendid<\/button>\n        <\/h2>\n        <div id=\"accordion-69d508a5b4ec8-collapse\" class=\"accordion-collapse collapse\" aria-labelledby=\"accordion-69d508a5b4ec8-heading\">\n            <div class=\"accordion-body\">V\u00d5TA juhendid, kontaktid ja dokumendivormid leiad <a title=\"\" href=\"https:\/\/ut.ee\/et\/sisu\/varasemate-opingute-ja-tookogemuse-arvestamine-vota\" target=\"_blank\" rel=\"noopener\" data-url=\"https:\/\/ut.ee\/et\/sisu\/varasemate-opingute-ja-tookogemuse-arvestamine-vota\">v\u00e4lisveebist<\/a>.<\/div>\n        <\/div>\n        <\/div>\n    <\/div>\n<p><strong>32. <\/strong>Doktorant on \u00f5ppet\u00f6\u00f6st t\u00e4ielikult vabastatud ajal, kui ta osaleb kaitsev\u00e4e \u00f5ppekogunemisel v\u00f5i lisa\u00f5ppekogunemisel v\u00f5i ei saa mobilisatsiooni t\u00f5ttu \u00f5ppet\u00f6\u00f6s osaleda. Sellekohase kutse saamisel on doktorandil kohustus doktori\u00f5ppe programmi eriala juhti ja juhendajaid eemalolekust teavitada.<\/p>","protected":false},"excerpt":{"rendered":"<p>II.4.1. \u00dcldised p\u00f5him\u00f5tted 28. Doktori\u00f5ppes \u00f5ppija \u00f5pingute korraldamise eest vastutavad programmijuht, doktori\u00f5ppe programmi eriala juht ja juhendaja(d). 29. V\u00e4lismaale \u00f5ppima v\u00f5i teadust\u00f6\u00f6d tegema siirduv doktorant m\u00e4rgitakse \u00f5ppeinfos\u00fcsteemis tema individuaalplaani v\u00f5i doktori\u00f5ppe programmi eriala juhi kinnitatud \u00f5ppeplaani alusel v\u00e4lismaal \u00f5ppijaks. 30.\u00a0Varasemate &#8230;<\/p>\n","protected":false},"author":228,"featured_media":0,"parent":0,"menu_order":0,"comment_status":"closed","ping_status":"closed","template":"","meta":{"_acf_changed":false,"inline_featured_image":false,"footnotes":""},"class_list":["post-62","page","type-page","status-publish","hentry"],"acf":[],"_links":{"self":[{"href":"https:\/\/sisu.ut.ee\/ope\/wp-json\/wp\/v2\/pages\/62","targetHints":{"allow":["GET"]}}],"collection":[{"href":"https:\/\/sisu.ut.ee\/ope\/wp-json\/wp\/v2\/pages"}],"about":[{"href":"https:\/\/sisu.ut.ee\/ope\/wp-json\/wp\/v2\/types\/page"}],"author":[{"embeddable":true,"href":"https:\/\/sisu.ut.ee\/ope\/wp-json\/wp\/v2\/users\/228"}],"replies":[{"embeddable":true,"href":"https:\/\/sisu.ut.ee\/ope\/wp-json\/wp\/v2\/comments?post=62"}],"version-history":[{"count":6,"href":"https:\/\/sisu.ut.ee\/ope\/wp-json\/wp\/v2\/pages\/62\/revisions"}],"predecessor-version":[{"id":1869,"href":"https:\/\/sisu.ut.ee\/ope\/wp-json\/wp\/v2\/pages\/62\/revisions\/1869"}],"wp:attachment":[{"href":"https:\/\/sisu.ut.ee\/ope\/wp-json\/wp\/v2\/media?parent=62"}],"curies":[{"name":"wp","href":"https:\/\/api.w.org\/{rel}","templated":true}]}}