{"id":61,"date":"2024-04-04T07:15:55","date_gmt":"2024-04-04T04:15:55","guid":{"rendered":"https:\/\/sisu.ut.ee\/ope\/doktoriope\/"},"modified":"2024-04-15T15:45:44","modified_gmt":"2024-04-15T12:45:44","slug":"doktoriope","status":"publish","type":"page","link":"https:\/\/sisu.ut.ee\/ope\/doktoriope\/","title":{"rendered":"II.1. Doktori\u00f5ppes \u00f5ppijad"},"content":{"rendered":"<p><\/p>\n\n\n\n<p>\u00a0<strong>5.<\/strong> Doktori\u00f5ppes on v\u00f5imalik \u00f5ppida doktorandina, eksternina (edaspidi \u00fchiselt: doktori\u00f5ppes \u00f5ppija) v\u00f5i k\u00fclalisdoktorandina.<\/p>\n","protected":false},"excerpt":{"rendered":"<p>\u00a05. Doktori\u00f5ppes on v\u00f5imalik \u00f5ppida doktorandina, eksternina (edaspidi \u00fchiselt: doktori\u00f5ppes \u00f5ppija) v\u00f5i k\u00fclalisdoktorandina.<\/p>\n","protected":false},"author":228,"featured_media":0,"parent":0,"menu_order":0,"comment_status":"closed","ping_status":"closed","template":"","meta":{"_acf_changed":false,"inline_featured_image":false,"footnotes":""},"class_list":["post-61","page","type-page","status-publish","hentry"],"acf":[],"_links":{"self":[{"href":"https:\/\/sisu.ut.ee\/ope\/wp-json\/wp\/v2\/pages\/61","targetHints":{"allow":["GET"]}}],"collection":[{"href":"https:\/\/sisu.ut.ee\/ope\/wp-json\/wp\/v2\/pages"}],"about":[{"href":"https:\/\/sisu.ut.ee\/ope\/wp-json\/wp\/v2\/types\/page"}],"author":[{"embeddable":true,"href":"https:\/\/sisu.ut.ee\/ope\/wp-json\/wp\/v2\/users\/228"}],"replies":[{"embeddable":true,"href":"https:\/\/sisu.ut.ee\/ope\/wp-json\/wp\/v2\/comments?post=61"}],"version-history":[{"count":3,"href":"https:\/\/sisu.ut.ee\/ope\/wp-json\/wp\/v2\/pages\/61\/revisions"}],"predecessor-version":[{"id":1295,"href":"https:\/\/sisu.ut.ee\/ope\/wp-json\/wp\/v2\/pages\/61\/revisions\/1295"}],"wp:attachment":[{"href":"https:\/\/sisu.ut.ee\/ope\/wp-json\/wp\/v2\/media?parent=61"}],"curies":[{"name":"wp","href":"https:\/\/api.w.org\/{rel}","templated":true}]}}